{"id":22217,"date":"2023-08-25T13:47:54","date_gmt":"2023-08-25T11:47:54","guid":{"rendered":"https:\/\/meremuuseum.ee\/paksmargareeta\/?page_id=22217"},"modified":"2025-10-22T15:44:59","modified_gmt":"2025-10-22T13:44:59","slug":"keelega-merele","status":"publish","type":"page","link":"https:\/\/meremuuseum.ee\/paksmargareeta\/keelega-merele\/","title":{"rendered":"Keelega merele"},"content":{"rendered":"<p><strong>Eesti keele \u00f5ppijale <\/strong><strong>\u201eKeelega merele\u201c\u00a0<\/strong><\/p>\n<p><strong>A1-A2 tase (eesti keelt \u00f5ppivale ja muu emakeelega lapsele)<\/strong><\/p>\n<p><strong>1.- 4. klassi \u00f5pilastele<\/strong><\/p>\n<p><strong>Kestus 60 minutit<\/strong><\/p>\n<p>Muuseumitunnis harjutatakse eesti keelt l\u00e4bi iidse meres\u00f5idu ja m\u00e4nguliste tegevuste sajanditevanuses Paksu Margareeta tornis: tutvustame t\u00e4hteksponaati \u2013 kaubalaeva koge, selle meeskonda ning kaupmeeste tegemisi vanas Tallinnas. Uurime Tallinnat ja sadamat ka torni katuselt (halva ilma korral maketilt).<\/p>\n<p>Keelelise k\u00fclje pealt paneme r\u00f5hku nimi-, tegu- ja omaduss\u00f5nadele ning lausete moodustamisele, samuti rollim\u00e4ngule (kaupmehed-ostjad) ja selle kaudu vestlusv\u00f5imaluse pakkumisele.<\/p>\n<p><strong>M\u00e4rks\u00f5nad<\/strong>: meres\u00f5it, laev, meeskond, iidne Tallinn, kaubandus, keele\u00f5pe, nimi-, tegu- ja omaduss\u00f5nad, lausemoodustus, rollim\u00e4ng<\/p>\n<p><strong>Muuseumitunni \u00f5piv\u00e4ljundid:<\/strong><\/p>\n<ul>\n<li>\u00d5pilane tunneb Eestit kui kodukohta ja teab, et Tallinn on pika ja olulise ajalooga Euroopa linn.<\/li>\n<li>\u00d5pilane teab muuseumi koge kui laeva t\u00e4htsust ja funktsiooni keskajal.<\/li>\n<li>\u00d5pilane oskab nimetada ameteid ajaloolisel laeval ja t\u00e4nap\u00e4eval, ning mis olid nende \u00fclesanded.<\/li>\n<li>\u00d5pilane oskab leida t\u00f6\u00f6vahendeid, mis m\u00f5nele ametile kuulusid.<\/li>\n<li>\u00d5pilane tunneb \u00e4ra keskaegsed ja t\u00e4nap\u00e4evased kaubad, esemed.<\/li>\n<li>\u00d5pilane oskab kasutada tunni raames \u00f5pitud s\u00f5navara: nimis\u00f5nad, tegus\u00f5nad ja omaduss\u00f5nad.<\/li>\n<li>\u00d5pilane moodustab \u00f5pitud s\u00f5navaraga lauseid.<\/li>\n<li>\u00d5pilane proovib ja julgeb kasutada eesti keelt suhtlusolukorras (rollim\u00e4ng).<\/li>\n<\/ul>\n<p><strong>Eesti keel teise keelena \u00f5pitulemused I kooliaste + 4.klass:\u00a0<\/strong><\/p>\n<ul>\n<li>Saab aru lihtsast selgest aeglasest seotud k\u00f5nest.<\/li>\n<li>Kasutab igap\u00e4evaseid viisakusv\u00e4ljendeid.<\/li>\n<li>Kirjeldab ja tutvustab lihtsal viisil inimesi, kohti, asju ja tegevusi.<\/li>\n<li>V\u00e4ljendab ja selgitab l\u00fchidalt oma arvamusi, kavatsusi, vajadusi, meeldimist ja mittemeeldimist.<\/li>\n<li>Suhtleb vestluspartneri toel lihtsamates endale vajalikes ja huvipakkuvates olukordades.<\/li>\n<li>Vastab k\u00fcsimustele, v\u00e4ljendab n\u00f5ustumist v\u00f5i keeldumist.<\/li>\n<li>Valdab tavaolukordades suhtlemisel vajalikku p\u00f5his\u00f5navara.<\/li>\n<li>Kasutab grammatika p\u00f5hitarindeid tuttavas olukorras \u00fcldjoontes arusaadavalt.<\/li>\n<li>H\u00e4\u00e4ldab s\u00f5nu ja lauseid piisavalt selgelt ja arusaadavalt.<\/li>\n<\/ul>\n<p>&nbsp;<\/p>\n<p>Tunni tasu on <strong>10\u00a0eurot<\/strong> \u00f5pilase kohta, \u00fche l\u00e4biviijaga grupi suurus on maksimaalselt 15 \u00f5pilast. Suuremad grupid jagatakse kaheks. Lisainfo: <a href=\"mailto:kristel.bultot@meremuuseum.ee\">kristel.bultot@meremuuseum.ee<\/a><\/p>\n<p>Tundide broneerimine: <a href=\"mailto:booking@meremuuseum.ee\">booking@meremuuseum.ee<\/a> v\u00f5i +372 6 200\u00a0550<\/p>\n<p>&nbsp;<\/p>\n","protected":false},"excerpt":{"rendered":"Eesti keele \u00f5ppijale \u201eKeelega merele\u201c\u00a0 A1-A2 tase (eesti keelt \u00f5ppivale ja muu emakeelega lapsele) 1.- 4. klassi \u00f5pilastele Kestus 60 minutit Muuseumitunnis harjutatakse eesti keelt l\u00e4bi iidse meres\u00f5idu ja m\u00e4nguliste&#8230;","protected":false},"author":5,"featured_media":0,"parent":0,"menu_order":0,"comment_status":"closed","ping_status":"closed","template":"","meta":{"_acf_changed":false,"advgb_blocks_editor_width":"","advgb_blocks_columns_visual_guide":"","footnotes":""},"class_list":["post-22217","page","type-page","status-publish","hentry"],"acf":[],"coauthors":[],"author_meta":{"author_link":"https:\/\/meremuuseum.ee\/paksmargareeta\/blog\/author\/ly\/","display_name":"ly"},"relative_dates":{"created":"Posted 3 aastat ago","modified":"Updated 6 kuud ago"},"absolute_dates":{"created":"Posted on 25. aug. 2023","modified":"Updated on 22. okt. 2025"},"absolute_dates_time":{"created":"Posted on 25. aug. 2023 13:47","modified":"Updated on 22. okt. 2025 15:44"},"featured_img_caption":"","featured_img":false,"series_order":"","_links":{"self":[{"href":"https:\/\/meremuuseum.ee\/paksmargareeta\/wp-json\/wp\/v2\/pages\/22217","targetHints":{"allow":["GET"]}}],"collection":[{"href":"https:\/\/meremuuseum.ee\/paksmargareeta\/wp-json\/wp\/v2\/pages"}],"about":[{"href":"https:\/\/meremuuseum.ee\/paksmargareeta\/wp-json\/wp\/v2\/types\/page"}],"author":[{"embeddable":true,"href":"https:\/\/meremuuseum.ee\/paksmargareeta\/wp-json\/wp\/v2\/users\/5"}],"replies":[{"embeddable":true,"href":"https:\/\/meremuuseum.ee\/paksmargareeta\/wp-json\/wp\/v2\/comments?post=22217"}],"version-history":[{"count":5,"href":"https:\/\/meremuuseum.ee\/paksmargareeta\/wp-json\/wp\/v2\/pages\/22217\/revisions"}],"predecessor-version":[{"id":23450,"href":"https:\/\/meremuuseum.ee\/paksmargareeta\/wp-json\/wp\/v2\/pages\/22217\/revisions\/23450"}],"wp:attachment":[{"href":"https:\/\/meremuuseum.ee\/paksmargareeta\/wp-json\/wp\/v2\/media?parent=22217"}],"curies":[{"name":"wp","href":"https:\/\/api.w.org\/{rel}","templated":true}]}}