{"id":20938,"date":"2021-09-27T09:50:43","date_gmt":"2021-09-27T07:50:43","guid":{"rendered":"https:\/\/meremuuseum.ee\/paksmargareeta\/?page_id=20938"},"modified":"2024-01-15T11:30:38","modified_gmt":"2024-01-15T09:30:38","slug":"viimased-valged-laigud-kaardil","status":"publish","type":"page","link":"https:\/\/meremuuseum.ee\/paksmargareeta\/lapsele-ja-koolile\/muuseumitunnid\/viimased-valged-laigud-kaardil\/","title":{"rendered":"Viimased valged laigud kaardil: pooluste avastamine"},"content":{"rendered":"<p><img decoding=\"async\" width=\"1328\" height=\"917\" class=\"alignnone size-full wp-image-20942\" src=\"https:\/\/meremuuseum.ee\/paksmargareeta\/wp-content\/uploads\/sites\/1\/2021\/09\/Gravuur-purjelaevaga.jpg\" alt=\"\" srcset=\"https:\/\/meremuuseum.ee\/paksmargareeta\/wp-content\/uploads\/sites\/1\/2021\/09\/Gravuur-purjelaevaga.jpg 1328w, https:\/\/meremuuseum.ee\/paksmargareeta\/wp-content\/uploads\/sites\/1\/2021\/09\/Gravuur-purjelaevaga-250x173.jpg 250w, https:\/\/meremuuseum.ee\/paksmargareeta\/wp-content\/uploads\/sites\/1\/2021\/09\/Gravuur-purjelaevaga-700x483.jpg 700w, https:\/\/meremuuseum.ee\/paksmargareeta\/wp-content\/uploads\/sites\/1\/2021\/09\/Gravuur-purjelaevaga-768x530.jpg 768w, https:\/\/meremuuseum.ee\/paksmargareeta\/wp-content\/uploads\/sites\/1\/2021\/09\/Gravuur-purjelaevaga-120x83.jpg 120w\" sizes=\"(max-width: 1328px) 100vw, 1328px\" \/><\/p>\n<ul>\n<li data-leveltext=\"\uf0fc\" data-font=\"Wingdings\" data-listid=\"1\" aria-setsize=\"-1\" data-aria-posinset=\"0\" data-aria-level=\"1\"><span data-contrast=\"auto\">Paksus Margareetas\u00a0<\/span><span data-ccp-props=\"{&quot;201341983&quot;:0,&quot;335559738&quot;:100,&quot;335559739&quot;:120,&quot;335559740&quot;:240}\">\u00a0<\/span><\/li>\n<li data-leveltext=\"\uf0fc\" data-font=\"Wingdings\" data-listid=\"1\" aria-setsize=\"-1\" data-aria-posinset=\"0\" data-aria-level=\"1\"><span data-contrast=\"auto\">7.-12. klass<\/span><span data-ccp-props=\"{&quot;201341983&quot;:0,&quot;335559738&quot;:100,&quot;335559739&quot;:120,&quot;335559740&quot;:240}\">\u00a0<\/span><\/li>\n<li data-leveltext=\"\uf0fc\" data-font=\"Wingdings\" data-listid=\"1\" aria-setsize=\"-1\" data-aria-posinset=\"0\" data-aria-level=\"1\"><span data-contrast=\"auto\">Kestus kuni 90 min<\/span><span data-ccp-props=\"{&quot;201341983&quot;:0,&quot;335559738&quot;:100,&quot;335559739&quot;:120,&quot;335559740&quot;:240}\">\u00a0<\/span><\/li>\n<\/ul>\n<p><b><span data-contrast=\"auto\">Muuseumitunni eesm\u00e4rk on\u00a0<\/span><\/b><span data-contrast=\"auto\">anda kaardilugemise p\u00f5hioskused ja tutvustada polaaralade geograafiat\u00a019. sajandi ja 20. sajandi alguse kuulsate\u00a0balti-saksa\u00a0p\u00e4ritolu maadeavastajate retkede kaudu. Muuseumitunnis tutvuvad \u00f5pilased kaardiprojektsioonide ja moonutustega, v\u00f5rdlevad ajaloolisi kaarte, sh reaalseid ajaloolisi kaarte Eesti Meremuuseumi kogudest, kasutavad maadeavastusi tutvustavaid digilahendusi Paksus Margareetas ning arutlevad pikkade merereiside ohtude \u00fcle. \u00d5pilased t\u00e4iendavad r\u00fchmades ajalooliste ekspeditsioonide kaarte \u2013 m\u00e4\u00e4ravad kaardil objekti koordinaate, otsivad koordinaatide j\u00e4rgi objekti, t\u00e4iendavad legendi, illustreerivad kaarti, m\u00f5\u00f5davad vahemaid kasutades m\u00f5\u00f5tkava jms. Muuseumitund t\u00e4iendab suurep\u00e4raselt 7. klassi ajaloo ja geograafia teemasid, kuid seikluslikud ja silmaringi avardavad tegevused sobivad ka vanemate klasside \u00f5pilastele.\u00a0<\/span><span data-ccp-props=\"{&quot;201341983&quot;:0,&quot;335559738&quot;:100,&quot;335559739&quot;:120,&quot;335559740&quot;:240}\">\u00a0<\/span><\/p>\n<ul>\n<li>Enne muuseumitundi soovitame \u00fcle korrata v\u00f5i tutvuda kaardi\u00f5petuse p\u00f5him\u00f5istetega (m\u00f5\u00f5tkava, legend, jms) ning kuulata Tartu \u00dclikooli kartograafi Taavi Pae <a href=\"https:\/\/novaator.err.ee\/1608392930\/videoloeng-hea-kaart-on-praegu-sama-tahtis-kui-maadeavastuse-aegu\" target=\"_blank\" rel=\"noopener\">l\u00fchiloengut kaartide t\u00e4htsusest<\/a>,<\/li>\n<li>P\u00e4rast muuseumitundi soovitame <a href=\"https:\/\/e-koolikott.ee\/et\/oppematerjal\/30849-Kes-avastab-Antarktika-Lauamang\" target=\"_blank\" rel=\"noopener\">m\u00e4ngida lauam\u00e4ngu \u201eKes avastab Antarktika?\u201c<\/a> (m\u00e4ng kingitakse igale koolile, kes tundi k\u00fclastab) ning Antarktika geograafiat ning uurimissuundi tutvustavat <a href=\"https:\/\/www.lennusadam.eu\/polar\/\" target=\"_blank\" rel=\"noopener\">digim\u00e4ngu \u201eKes tahab saada polaaruurijaks?\u201c<\/a> ning lahendada <a href=\"https:\/\/e-koolikott.ee\/et\/oppematerjal\/31621-Viimased-valged-laigud-kaardil\" target=\"_blank\" rel=\"noopener\">j\u00e4reltegevuse \u00fclesandeid e-koolikoti<\/a>st m\u00e4rks\u00f5na alt \u201eViimased valged laigud.\u201c<\/li>\n<li>Teemaga s\u00fcvitsi tegelemiseks olenemata sellest, kas k\u00fclastate muuseumitundi v\u00f5i mitte, soovitame lugeda Postimehe artiklit Bellingshauseni <a href=\"https:\/\/teadus.postimees.ee\/6569800\/fabian-gottlieb-von-bellingshausen-ja-vene-antarktika-ekspeditsioon\" target=\"_blank\" rel=\"noopener\">Vene Antarktika ekspeditsioonist<\/a>, tutvuda Erki Tammiksaare artikliga <a href=\"https:\/\/www.digar.ee\/viewer\/et\/nlib-digar:195289\/177440\/page\/41\" target=\"_blank\" rel=\"noopener\">&#8220;Vene L\u00f5una-Pooluse ekspeditsiooni p\u00e4rand poliitilistes t\u00f5mbetuultes&#8221;<\/a> (2014 Akadeemias), Go Travel <a href=\"https:\/\/reisikirjad.gotravel.ee\/ajakiri\/go-reisiajakiri-78-juuni-2019\/\" target=\"_blank\" rel=\"noopener\">Antarktika 200 erinumbriga<\/a> (nii eesti kui ka inglise keeles) ning kuulata <a href=\"https:\/\/kuku.postimees.ee\/podcast\/antarktika-200\/43493\" target=\"_blank\" rel=\"noopener\">Kuku-raadio taskuh\u00e4\u00e4lingut Krusensternist ning balti-saksa maadeavastuste ajaloost<\/a>.<\/li>\n<\/ul>\n<p><b><span data-contrast=\"auto\">Riiklike \u00f5ppekavadega koosk\u00f5lalised \u00f5piv\u00e4ljundid<\/span><\/b><span data-ccp-props=\"{&quot;201341983&quot;:0,&quot;335559738&quot;:100,&quot;335559739&quot;:120,&quot;335559740&quot;:240}\">\u00a0<\/span><\/p>\n<p>1) \u00d5pilane oskab kasutada tr\u00fcki- ja arvutikaarte ning teisi allikaid, et leida infot kindla piirkonna kohta:<\/p>\n<ul>\n<li>m\u00e4\u00e4rab suundi kaardil kaardiv\u00f5rgu j\u00e4rgi;<\/li>\n<li>leiab gloobusel ekvaatori, nullmeridiaani (algmeridiaani), polaarjooned ning Arktika ja Antarktika;<\/li>\n<li>teab, millest tulenevad kahem\u00f5\u00f5tmeliste kaartide moonutused.<\/li>\n<\/ul>\n<p>2) V\u00f5rdleb erinevatel ajastutel koostatud kaarte polaaralade kohta:<\/p>\n<ul>\n<li>selgitab, kuidas on kaardistamise p\u00f5him\u00f5tted viimase 500 aasta jooksul muutunud;<\/li>\n<li>teab ja oskab kasutada m\u00f5isteid: geograafiline laius, geograafiline pikkus, koordinaadid, kaardiv\u00f5rk.<\/li>\n<\/ul>\n<p>3) Tunneb polaaralade loodust ja kliimamuutuste m\u00f5ju sellele, oskab toimida j\u00e4tkusuutlikult:<\/p>\n<ul>\n<li>v\u00f5rdleb Arktika ja Antarktika loodust, inimtegevust neil aladel ja selle m\u00f5ju;<\/li>\n<li>teab, kuidas m\u00f5jutavad kliimamuutused polaarpiirkondi ning teab, kuidas toimida j\u00e4tkusuutlikult.<\/li>\n<\/ul>\n<p>4)Tunneb Eestist p\u00e4rit olulisemaid baltisaksa maadeavastajaid ning nimetab m\u00f5ne olulise ekspeditsiooni:<\/p>\n<ul>\n<li>oskab nimetada Maa piirkondi, mis kaardistati hilis-uusajal ja olid n\u00f6 viimased valged laigud kaardil;<\/li>\n<li>anal\u00fc\u00fcsib, miks just polaaralad ja k\u00f5rgm\u00e4estikud on piirkonnad, mis kaardistati k\u00f5ige hiljem.<\/li>\n<\/ul>\n<p><strong>Hind:<\/strong><\/p>\n<p>III kooliaste ja g\u00fcmnaasium 10 \u20ac\/\u00f5pilane<\/p>\n<p><a href=\"https:\/\/meremuuseum.ee\/lennusadam\/lastele-peredele\/muuseumitunnid\/broneeri-muuseumitund\/\" target=\"_blank\" rel=\"noopener noreferrer\">Broneeri muuseumitund<\/a><\/p>\n<p><img decoding=\"async\" width=\"230\" height=\"230\" class=\"alignnone size-full wp-image-21862\" src=\"https:\/\/meremuuseum.ee\/paksmargareeta\/wp-content\/uploads\/sites\/1\/2022\/12\/Murakamargis.png\" alt=\"\" srcset=\"https:\/\/meremuuseum.ee\/paksmargareeta\/wp-content\/uploads\/sites\/1\/2022\/12\/Murakamargis.png 230w, https:\/\/meremuuseum.ee\/paksmargareeta\/wp-content\/uploads\/sites\/1\/2022\/12\/Murakamargis-150x150.png 150w, https:\/\/meremuuseum.ee\/paksmargareeta\/wp-content\/uploads\/sites\/1\/2022\/12\/Murakamargis-120x120.png 120w\" sizes=\"(max-width: 230px) 100vw, 230px\" \/><\/p>\n","protected":false},"excerpt":{"rendered":"Paksus Margareetas\u00a0\u00a0 7.-12. klass\u00a0 Kestus kuni 90 min\u00a0 Muuseumitunni eesm\u00e4rk on\u00a0anda kaardilugemise p\u00f5hioskused ja tutvustada polaaralade geograafiat\u00a019. sajandi ja 20. sajandi alguse kuulsate\u00a0balti-saksa\u00a0p\u00e4ritolu maadeavastajate retkede kaudu. Muuseumitunnis tutvuvad \u00f5pilased kaardiprojektsioonide&#8230;","protected":false},"author":5,"featured_media":0,"parent":16958,"menu_order":0,"comment_status":"closed","ping_status":"closed","template":"","meta":{"_acf_changed":false,"advgb_blocks_editor_width":"","advgb_blocks_columns_visual_guide":"","footnotes":""},"class_list":["post-20938","page","type-page","status-publish","hentry"],"acf":[],"coauthors":[],"author_meta":{"author_link":"https:\/\/meremuuseum.ee\/paksmargareeta\/blog\/author\/ly\/","display_name":"ly"},"relative_dates":{"created":"Posted 5 aastat ago","modified":"Updated 2 aastat ago"},"absolute_dates":{"created":"Posted on 27. sept. 2021","modified":"Updated on 15. jaan. 2024"},"absolute_dates_time":{"created":"Posted on 27. sept. 2021 09:50","modified":"Updated on 15. jaan. 2024 11:30"},"featured_img_caption":"","featured_img":false,"series_order":"","_links":{"self":[{"href":"https:\/\/meremuuseum.ee\/paksmargareeta\/wp-json\/wp\/v2\/pages\/20938","targetHints":{"allow":["GET"]}}],"collection":[{"href":"https:\/\/meremuuseum.ee\/paksmargareeta\/wp-json\/wp\/v2\/pages"}],"about":[{"href":"https:\/\/meremuuseum.ee\/paksmargareeta\/wp-json\/wp\/v2\/types\/page"}],"author":[{"embeddable":true,"href":"https:\/\/meremuuseum.ee\/paksmargareeta\/wp-json\/wp\/v2\/users\/5"}],"replies":[{"embeddable":true,"href":"https:\/\/meremuuseum.ee\/paksmargareeta\/wp-json\/wp\/v2\/comments?post=20938"}],"version-history":[{"count":9,"href":"https:\/\/meremuuseum.ee\/paksmargareeta\/wp-json\/wp\/v2\/pages\/20938\/revisions"}],"predecessor-version":[{"id":22463,"href":"https:\/\/meremuuseum.ee\/paksmargareeta\/wp-json\/wp\/v2\/pages\/20938\/revisions\/22463"}],"up":[{"embeddable":true,"href":"https:\/\/meremuuseum.ee\/paksmargareeta\/wp-json\/wp\/v2\/pages\/16958"}],"wp:attachment":[{"href":"https:\/\/meremuuseum.ee\/paksmargareeta\/wp-json\/wp\/v2\/media?parent=20938"}],"curies":[{"name":"wp","href":"https:\/\/api.w.org\/{rel}","templated":true}]}}