{"id":19008,"date":"2019-10-29T16:42:07","date_gmt":"2019-10-29T14:42:07","guid":{"rendered":"http:\/\/meremuuseum.ee\/paksmargareeta\/?page_id=19008"},"modified":"2026-01-23T16:26:46","modified_gmt":"2026-01-23T14:26:46","slug":"hinnad-ja-tingimused","status":"publish","type":"page","link":"https:\/\/meremuuseum.ee\/paksmargareeta\/hinnad-ja-tingimused\/","title":{"rendered":"S\u00fcnnip\u00e4evapakettide hinnad ja tingimused"},"content":{"rendered":"<h3>S\u00fcnnip\u00e4evapakettide hinnad:<\/h3>\n<ul>\n<li>esmasp\u00e4ev\u2013reede 179 \u20ac.<\/li>\n<li>laup\u00e4ev\u2013p\u00fchap\u00e4ev (k.a riigip\u00fchad) 205 \u20ac.<\/li>\n<\/ul>\n<h3>Tingimused<\/h3>\n<p><strong>Eelbroneerimine<\/strong><br \/>\nS\u00fcnnip\u00e4evaprogrammile palume registreeruda\u00a0<a href=\"https:\/\/meremuuseum.ee\/broneeri-lapse-sunnipaev-paksu-margareetasse\/\">siin<\/a>. Registreerimist loetakse l\u00f5plikuks p\u00e4rast Meremuuseumi kliendihalduri saadetud kirjalikku kinnitust kuup\u00e4eva ja kellaaja sobivuse kohta.<\/p>\n<p><strong>Broneeringu muutmine<\/strong><br \/>\nBroneeringu muudatustest v\u00f5i t\u00fchistamisest palume meile v\u00f5imalikult kiiresti\u00a0kirjalikult\u00a0teada anda, kuid mitte hiljem kui 3 t\u00f6\u00f6p\u00e4eva enne programmi toimumist. Hilisemal muutmisel v\u00f5i t\u00fchistamisel on Meremuuseumil \u00f5igus n\u00f5uda broneeringu eest tasumist t\u00e4ies ulatuses.<\/p>\n<p><strong>Osalejate arv<\/strong><\/p>\n<p>S\u00fcnnip\u00e4evaprogrammi hinnas on sissep\u00e4\u00e4s ja programm kuni 15 lapsele ning kuni kolmele t\u00e4iskasvanule. Lisanduvate t\u00e4iskasvanute puhul tuleb osta muuseumi pilet maksumusega 16 \u20ac.<\/p>\n<p><strong>Kellaaja valik<\/strong><br \/>\nS\u00fcnnip\u00e4eva t\u00e4histamiseks soovitame planeerida\u00a0 2,5-3 tundi. K\u00f5ige hilisem s\u00fcnnip\u00e4eva alguskellaaeg koos s\u00fcnnip\u00e4evalauaga on kell 15.00, ilma toitlustuseta hiljemalt kell 16.00.<\/p>\n<p><strong>Saatjate roll<\/strong><br \/>\nLastega tegeleb s\u00fcnnip\u00e4eva ajal \u00fcks programmijuht.\u00a0 T\u00e4iskasvanud saatjatel palume aidata lastel silma peal hoida, et nad iseseisvalt muuseumisse seiklema ei l\u00e4heks.<\/p>\n<p><strong>Aja planeerimine Paksu Margareetasse tulles<\/strong><br \/>\nSoovitame paksu Margareetasse j\u00f5uda v\u00e4hemalt 15 minutit enne s\u00fcnnip\u00e4evaprogrammi algust. Nii j\u00e4\u00e4b k\u00f5igil aega \u00e4ra panna \u00fcleriided, k\u00fclastada tualetti ning harjuda \u00fcmbritseva keskkonnaga.<\/p>\n<p>NB! Programmi l\u00e4biviijal on \u00f5igus teha programmi kavas muudatusi vastavalt grupi suurusele, laste huvile v\u00f5i muudele asjaoludele.<\/p>\n<p><strong>Toitlustus<\/strong><br \/>\nS\u00fcnnip\u00e4eva on v\u00f5imalik Paksus Margareetas t\u00e4histada koos toitlustusega v\u00f5i ilma. S\u00fcnnip\u00e4evalaua katab Reval Caf\u00e9: minimaalne tellimus on 10 inimesele, eelarvega v\u00e4hemalt 70 \u20ac. Toitlustus toimub \u00f5ppeklassis.<br \/>\nToitlustust saab tellida hiljemalt 3 t\u00f6\u00f6p\u00e4eva enne s\u00fcnnip\u00e4eva toimumist. Hilisemate muudatuste v\u00f5i t\u00fchistamise korral on Meremuuseumil \u00f5igus n\u00f5uda toitlustuse eest tasumist t\u00e4iel m\u00e4\u00e4ral vastavalt eelnevalt kinnitatud inimeste arvule.<br \/>\nOma toidud ei ole Paksus Margareetas lubatud.<\/p>\n<p><strong>Info ja broneeringud:\u00a0<\/strong><a href=\"mailto:booking@meremuuseum.ee\">booking@meremuuseum.ee<\/a>\u00a0v\u00f5i telefonil +372 6 200 550 (E-R kl 9-17, v.a. riigip\u00fchadel).<\/p>\n","protected":false},"excerpt":{"rendered":"S\u00fcnnip\u00e4evapakettide hinnad: esmasp\u00e4ev\u2013reede 179 \u20ac. laup\u00e4ev\u2013p\u00fchap\u00e4ev (k.a riigip\u00fchad) 205 \u20ac. Tingimused Eelbroneerimine S\u00fcnnip\u00e4evaprogrammile palume registreeruda\u00a0siin. Registreerimist loetakse l\u00f5plikuks p\u00e4rast Meremuuseumi kliendihalduri saadetud kirjalikku kinnitust kuup\u00e4eva ja kellaaja sobivuse kohta. Broneeringu&#8230;","protected":false},"author":5,"featured_media":0,"parent":0,"menu_order":0,"comment_status":"closed","ping_status":"closed","template":"","meta":{"_acf_changed":false,"advgb_blocks_editor_width":"","advgb_blocks_columns_visual_guide":"","footnotes":""},"class_list":["post-19008","page","type-page","status-publish","hentry"],"acf":[],"coauthors":[],"author_meta":{"author_link":"https:\/\/meremuuseum.ee\/paksmargareeta\/blog\/author\/ly\/","display_name":"ly"},"relative_dates":{"created":"Posted 6 aastat ago","modified":"Updated 3 kuud ago"},"absolute_dates":{"created":"Posted on 29. okt. 2019","modified":"Updated on 23. jaan. 2026"},"absolute_dates_time":{"created":"Posted on 29. okt. 2019 16:42","modified":"Updated on 23. jaan. 2026 16:26"},"featured_img_caption":"","featured_img":false,"series_order":"","_links":{"self":[{"href":"https:\/\/meremuuseum.ee\/paksmargareeta\/wp-json\/wp\/v2\/pages\/19008","targetHints":{"allow":["GET"]}}],"collection":[{"href":"https:\/\/meremuuseum.ee\/paksmargareeta\/wp-json\/wp\/v2\/pages"}],"about":[{"href":"https:\/\/meremuuseum.ee\/paksmargareeta\/wp-json\/wp\/v2\/types\/page"}],"author":[{"embeddable":true,"href":"https:\/\/meremuuseum.ee\/paksmargareeta\/wp-json\/wp\/v2\/users\/5"}],"replies":[{"embeddable":true,"href":"https:\/\/meremuuseum.ee\/paksmargareeta\/wp-json\/wp\/v2\/comments?post=19008"}],"version-history":[{"count":12,"href":"https:\/\/meremuuseum.ee\/paksmargareeta\/wp-json\/wp\/v2\/pages\/19008\/revisions"}],"predecessor-version":[{"id":23629,"href":"https:\/\/meremuuseum.ee\/paksmargareeta\/wp-json\/wp\/v2\/pages\/19008\/revisions\/23629"}],"wp:attachment":[{"href":"https:\/\/meremuuseum.ee\/paksmargareeta\/wp-json\/wp\/v2\/media?parent=19008"}],"curies":[{"name":"wp","href":"https:\/\/api.w.org\/{rel}","templated":true}]}}