{"id":18881,"date":"2019-10-18T10:29:50","date_gmt":"2019-10-18T08:29:50","guid":{"rendered":"http:\/\/meremuuseum.ee\/paksmargareeta\/?page_id=18881"},"modified":"2024-08-21T12:02:26","modified_gmt":"2024-08-21T10:02:26","slug":"peetri-koge","status":"publish","type":"page","link":"https:\/\/meremuuseum.ee\/paksmargareeta\/lapsele-ja-koolile\/muuseumitunnid\/peetri-koge\/","title":{"rendered":"Peetri koge"},"content":{"rendered":"<p><img decoding=\"async\" width=\"1920\" height=\"1080\" class=\"alignnone size-full wp-image-19056\" src=\"https:\/\/meremuuseum.ee\/paksmargareeta\/wp-content\/uploads\/sites\/1\/2019\/11\/The-Cog.png\" alt=\"\" srcset=\"https:\/\/meremuuseum.ee\/paksmargareeta\/wp-content\/uploads\/sites\/1\/2019\/11\/The-Cog.png 1920w, https:\/\/meremuuseum.ee\/paksmargareeta\/wp-content\/uploads\/sites\/1\/2019\/11\/The-Cog-250x141.png 250w, https:\/\/meremuuseum.ee\/paksmargareeta\/wp-content\/uploads\/sites\/1\/2019\/11\/The-Cog-768x432.png 768w, https:\/\/meremuuseum.ee\/paksmargareeta\/wp-content\/uploads\/sites\/1\/2019\/11\/The-Cog-700x394.png 700w, https:\/\/meremuuseum.ee\/paksmargareeta\/wp-content\/uploads\/sites\/1\/2019\/11\/The-Cog-120x68.png 120w\" sizes=\"(max-width: 1920px) 100vw, 1920px\" \/><\/p>\n<ul>\n<li data-leveltext=\"\uf0fc\" data-font=\"Wingdings\" data-listid=\"1\" aria-setsize=\"-1\" data-aria-posinset=\"0\" data-aria-level=\"1\"><span data-contrast=\"auto\">Paksus Margareetas\u00a0<\/span><span data-ccp-props=\"{&quot;201341983&quot;:0,&quot;335559738&quot;:100,&quot;335559739&quot;:100,&quot;335559740&quot;:240}\">\u00a0<\/span><\/li>\n<li data-leveltext=\"\uf0fc\" data-font=\"Wingdings\" data-listid=\"1\" aria-setsize=\"-1\" data-aria-posinset=\"0\" data-aria-level=\"1\"><span data-contrast=\"auto\">Lasteaiale ja 1-12. klassile<\/span><span data-ccp-props=\"{&quot;201341983&quot;:0,&quot;335559738&quot;:100,&quot;335559739&quot;:100,&quot;335559740&quot;:240}\">\u00a0<\/span><\/li>\n<li data-leveltext=\"\uf0fc\" data-font=\"Wingdings\" data-listid=\"1\" aria-setsize=\"-1\" data-aria-posinset=\"0\" data-aria-level=\"1\">koolieelikud ja 1.-3.klass 60 minutit, 4.-6.klass 75 minutit, 7.-12.klass 90 minutit<\/li>\n<\/ul>\n<p><b><span data-contrast=\"auto\">Muuseumitunni eesm\u00e4rk on tutvuda keskaegse kaubanduse ja Tivoli kvartali ehituse k\u00e4igus p\u00e4evavalgele tulnud kaubalaevaga \u2013 Peetri kogega.\u00a0<\/span><\/b><span data-contrast=\"auto\">Muuseumitunnis uurime kogelt leitud arheoloogilisi leide ning proovime nende abil aru saada, milline keskaegne laevaelu v\u00e4lja n\u00e4gi. Arheoloogia t\u00f6\u00f6v\u00f5tted seovad paeluvalt loodusteadused ja ajaloo uurimise ning tund toetab seel\u00e4bi nii loodusvaldkonna kui ka\u00a0sotsiaalainete \u00f5piv\u00e4ljundeid.\u00a0<\/span><span data-ccp-props=\"{&quot;201341983&quot;:0,&quot;335559739&quot;:120,&quot;335559740&quot;:240}\">\u00a0<\/span><\/p>\n<p><span data-contrast=\"auto\">Tutvume \u00fclevaatlikult ka Tallinna linna ajalooga, hea ilma korral uudistame vanalinna vaadet Paksu Margareeta katuselt. Kuna koge oli kaubalaev, siis keerlevad ka tegevused \u00fchel v\u00f5i teisel moel kaasaegse ja keskaegse kaubanduse v\u00f5rdlemise \u00fcmber \u2013 v\u00f5rreldakse eri ajastute kaupasid, m\u00f5\u00f5t\u00fchikuid ja t\u00f6\u00f6vahendeid. Nooremate \u00f5pilastega katsetame k\u00f6iep\u00f6\u00f6ril t\u00e4htsa t\u00f6\u00f6vahendi, k\u00f6ie, tegemist ning m\u00f5tleme v\u00e4lja k\u00e4ep\u00e4raseid m\u00f5\u00f5t\u00fchikuid.<\/span><\/p>\n<ul>\n<li data-leveltext=\"\uf0fc\" data-font=\"Wingdings\" data-listid=\"2\" aria-setsize=\"-1\" data-aria-posinset=\"0\" data-aria-level=\"1\"><span data-contrast=\"none\">Enne tundi soovitame\u00a0<\/span><span data-contrast=\"auto\">koolieelikutega arutleda, milliseid laevu nad on n\u00e4inud, millistega s\u00f5itnud ning kuidas v\u00f5isid vanaaegsed laevad erineda t\u00e4nap\u00e4evastest.\u202fAlates algklassidest sobib vaadata\u202f<\/span><b><span data-contrast=\"none\">J\u00fcri\u00a0Kuuskemaa\u00a0poolt tehtud\u202f<\/span><\/b><a href=\"https:\/\/www.youtube.com\/watch?v=TTQqTNQ3LLA\" target=\"_blank\" rel=\"noopener\"><b><span data-contrast=\"none\">koge videotutvustus<\/span><\/b><\/a><b><span data-contrast=\"none\">t<\/span><\/b><span data-contrast=\"auto\">\u202f(7:57),\u00a0<\/span><span data-contrast=\"auto\">arheoloog Priit L\u00e4tti videoloengut\u00a0<\/span><b><span data-contrast=\"none\">&#8220;<\/span><\/b><a href=\"https:\/\/www.youtube.com\/watch?v=vgwRqhLxpEI&amp;t=12s\" target=\"_blank\" rel=\"noopener\"><b><span data-contrast=\"none\">Koge t\u00e4htsus keskaegses Tallinnas<\/span><\/b><\/a><b><span data-contrast=\"none\">&#8221;\u00a0<\/span><\/b><span data-contrast=\"none\">(19:57)\u202f<\/span><span data-contrast=\"auto\">\u00a0v\u00f5i\u202f<\/span><b><span data-contrast=\"none\">animatsiooni Paksu Margareeta ajaloost<\/span><\/b><span data-contrast=\"auto\">\u202f(4:18).\u202f5-12. klassi \u00f5pilastel\u202f<\/span><b><span data-contrast=\"none\">soovitame kindlasti lahendada h\u00e4\u00e4lestus\u00fclesandeid<\/span><\/b><span data-contrast=\"auto\">\u202f<\/span><a href=\"https:\/\/app.teachermade.com\/begin\/b69a8d13-c945-4281-a387-d0718a199e17\" target=\"_blank\" rel=\"noopener\"><b><span data-contrast=\"none\">SIIN<\/span><\/b><\/a><span data-contrast=\"auto\">\u202f(eesti keeles) v\u00f5i<\/span><a href=\"https:\/\/app.teachermade.com\/begin\/b86db3fb-0715-44f5-9215-a7053998b51b\" target=\"_blank\" rel=\"noopener\"><b><span data-contrast=\"none\">\u202fSIIN<\/span><\/b><\/a><span data-contrast=\"auto\">\u202f(vene keeles).\u202f<\/span><span data-ccp-props=\"{&quot;134233279&quot;:true,&quot;201341983&quot;:0,&quot;335559685&quot;:454,&quot;335559738&quot;:120,&quot;335559739&quot;:120,&quot;335559740&quot;:240,&quot;335559991&quot;:454,&quot;469777462&quot;:[360],&quot;469777927&quot;:[0],&quot;469777928&quot;:[1]}\">\u00a0<\/span><\/li>\n<li data-leveltext=\"\uf0fc\" data-font=\"Wingdings\" data-listid=\"2\" aria-setsize=\"-1\" data-aria-posinset=\"0\" data-aria-level=\"1\"><span data-contrast=\"none\">P\u00e4rast tundi soovitame nooremate \u00f5pilastega arutleda, millised asjad nende kodus,\u00a0koolis, kodu\u00fcmbruses on vanad ja kuidas me seda teame.\u00a0<\/span><span data-contrast=\"none\">5.-12. klassi \u00f5pilased saavad teadmisi korrata<\/span><b><span data-contrast=\"none\">\u202f<\/span><\/b><a href=\"https:\/\/app.teachermade.com\/begin\/354b6d07-6617-42d2-99e9-90f71d392eb7\" target=\"_blank\" rel=\"noopener\"><b><span data-contrast=\"none\">SIIN<\/span><\/b><\/a><b><span data-contrast=\"none\">\u202f<\/span><\/b><span data-contrast=\"none\">(eesti keeles) v\u00f5i\u202f<\/span><a href=\"https:\/\/app.teachermade.com\/begin\/bbbf171d-d776-4a14-867a-3d926492c8fb\" target=\"_blank\" rel=\"noopener\"><b><span data-contrast=\"none\">SIIN<\/span><\/b><\/a><span data-contrast=\"none\">\u202f(vene keeles).\u202f<\/span><span data-ccp-props=\"{&quot;134233279&quot;:true,&quot;201341983&quot;:0,&quot;335559685&quot;:454,&quot;335559738&quot;:120,&quot;335559739&quot;:120,&quot;335559740&quot;:240,&quot;335559991&quot;:454,&quot;469777462&quot;:[360],&quot;469777927&quot;:[0],&quot;469777928&quot;:[1]}\">\u00a0<\/span><\/li>\n<li data-leveltext=\"\uf0fc\" data-font=\"Wingdings\" data-listid=\"2\" aria-setsize=\"-1\" data-aria-posinset=\"0\" data-aria-level=\"1\"><span data-contrast=\"none\">Teemaga s\u00fcvitsi tegelemiseks olenemata sellest, kas k\u00fclastate muuseumitundi v\u00f5i mitte, leiab lisamaterjale e-koolikotist\u00a0<\/span><a href=\"https:\/\/e-koolikott.ee\/oppematerjal\/30785-Keskaegne-kaubalaev-Peetri-koge\" target=\"_blank\" rel=\"noopener\"><span data-contrast=\"none\">Peetri koge \u00f5ppematerjalide kogust<\/span><\/a><span data-contrast=\"none\">.\u00a0<\/span><span data-ccp-props=\"{&quot;134233279&quot;:true,&quot;201341983&quot;:0,&quot;335559685&quot;:454,&quot;335559738&quot;:120,&quot;335559739&quot;:120,&quot;335559740&quot;:240,&quot;335559991&quot;:454,&quot;469777462&quot;:[360],&quot;469777927&quot;:[0],&quot;469777928&quot;:[1]}\">\u00a0<\/span><\/li>\n<li data-leveltext=\"\uf0fc\" data-font=\"Wingdings\" data-listid=\"2\" aria-setsize=\"-1\" data-aria-posinset=\"0\" data-aria-level=\"1\"><span data-contrast=\"none\">Kohandatud versioon Peetri koge tunnist on osa\u00a0<\/span><a href=\"https:\/\/ajaloomuuseum.ee\/haridus\/pohikoolile3\/meritsi-rikkaks\/\" target=\"_blank\" rel=\"noopener\"><span data-contrast=\"none\">\u201eMeritsi rikkaks\u201c<\/span><\/a><span data-contrast=\"none\"> \u00fchisprogrammist koos Ajaloomuuseumiga. <\/span><span data-ccp-props=\"{&quot;134233279&quot;:true,&quot;201341983&quot;:0,&quot;335559685&quot;:454,&quot;335559738&quot;:120,&quot;335559739&quot;:120,&quot;335559740&quot;:240,&quot;335559991&quot;:454,&quot;469777462&quot;:[360],&quot;469777927&quot;:[0],&quot;469777928&quot;:[1]}\">\u00a0<\/span><\/li>\n<\/ul>\n<p><b><span data-contrast=\"auto\">Riiklike \u00f5ppekavadega koosk\u00f5lalised \u00f5piv\u00e4ljundid<\/span><\/b><span data-ccp-props=\"{&quot;201341983&quot;:0,&quot;335559739&quot;:120,&quot;335559740&quot;:240}\">\u00a0<\/span><\/p>\n<p><b><span data-contrast=\"auto\">Iga muuseumitunnis osalev \u00f5pilane:<\/span><\/b><span data-contrast=\"auto\">\u202f<\/span><span data-ccp-props=\"{&quot;201341983&quot;:0,&quot;335559739&quot;:120,&quot;335559740&quot;:240}\">\u00a0<\/span><\/p>\n<ul>\n<li data-leveltext=\"\uf0b7\" data-font=\"Symbol\" data-listid=\"3\" aria-setsize=\"-1\" data-aria-posinset=\"0\" data-aria-level=\"1\"><span data-contrast=\"auto\">tutvub keskaegse Tallinnaga;<\/span><span data-ccp-props=\"{&quot;201341983&quot;:0,&quot;335559738&quot;:100,&quot;335559739&quot;:100,&quot;335559740&quot;:240}\">\u00a0<\/span><\/li>\n<li data-leveltext=\"\uf0b7\" data-font=\"Symbol\" data-listid=\"3\" aria-setsize=\"-1\" data-aria-posinset=\"0\" data-aria-level=\"1\"><span data-contrast=\"auto\">uurib keskaegselt kaubalaevalt leitud arheoloogilisi leidusid;<\/span><span data-ccp-props=\"{&quot;201341983&quot;:0,&quot;335559738&quot;:100,&quot;335559739&quot;:100,&quot;335559740&quot;:240}\">\u00a0<\/span><\/li>\n<\/ul>\n<ul>\n<li data-leveltext=\"\uf0b7\" data-font=\"Symbol\" data-listid=\"3\" aria-setsize=\"-1\" data-aria-posinset=\"0\" data-aria-level=\"1\"><span data-contrast=\"auto\">v\u00f5rdleb eakohaselt kaas- ja keskaegseid laevu, kaubandust ja eluolu.<\/span><span data-ccp-props=\"{&quot;201341983&quot;:0,&quot;335559738&quot;:100,&quot;335559739&quot;:100,&quot;335559740&quot;:240}\">\u00a0<\/span><\/li>\n<\/ul>\n<p><span data-contrast=\"none\">Lisaks\u00a0eelnevale, koolieelik ja 1. klassi \u00f5pilane:<\/span><span data-ccp-props=\"{&quot;201341983&quot;:0,&quot;335559738&quot;:100,&quot;335559739&quot;:100,&quot;335559740&quot;:240}\">\u00a0<\/span><\/p>\n<ul>\n<li data-leveltext=\"\uf0b7\" data-font=\"Symbol\" data-listid=\"3\" aria-setsize=\"-1\" data-aria-posinset=\"0\" data-aria-level=\"1\"><span data-contrast=\"auto\">v\u00f5rdleb keskaegseid ja t\u00e4nap\u00e4evaseid ameteid;<\/span><span data-ccp-props=\"{&quot;201341983&quot;:0,&quot;335559738&quot;:100,&quot;335559739&quot;:100,&quot;335559740&quot;:240}\">\u00a0<\/span><\/li>\n<li data-leveltext=\"\uf0b7\" data-font=\"Symbol\" data-listid=\"3\" aria-setsize=\"-1\" data-aria-posinset=\"0\" data-aria-level=\"1\"><span data-contrast=\"auto\">r\u00fchmitab esemeid ajatunnuse j\u00e4rgi;<\/span><span data-ccp-props=\"{&quot;201341983&quot;:0,&quot;335559738&quot;:100,&quot;335559739&quot;:100,&quot;335559740&quot;:240}\">\u00a0<\/span><\/li>\n<li data-leveltext=\"\uf0b7\" data-font=\"Symbol\" data-listid=\"3\" aria-setsize=\"-1\" data-aria-posinset=\"0\" data-aria-level=\"1\"><span data-contrast=\"auto\">kirjeldab enda asukohta \u00fcmbritsevate esemete suhtes, orienteerub ruumis;<\/span><span data-ccp-props=\"{&quot;201341983&quot;:0,&quot;335559738&quot;:100,&quot;335559739&quot;:100,&quot;335559740&quot;:240}\">\u00a0<\/span><\/li>\n<\/ul>\n<ul>\n<li data-leveltext=\"\uf0b7\" data-font=\"Symbol\" data-listid=\"3\" aria-setsize=\"-1\" data-aria-posinset=\"0\" data-aria-level=\"1\"><span data-contrast=\"auto\">m\u00f5\u00f5dab esemete pikkust ja kaalu kokkulepitud m\u00f5\u00f5t\u00fchikuga<\/span><i><span data-contrast=\"auto\">;<\/span><\/i><span data-ccp-props=\"{&quot;201341983&quot;:0,&quot;335559738&quot;:100,&quot;335559739&quot;:100,&quot;335559740&quot;:240}\">\u00a0<\/span><\/li>\n<li data-leveltext=\"\uf0b7\" data-font=\"Symbol\" data-listid=\"3\" aria-setsize=\"-1\" data-aria-posinset=\"0\" data-aria-level=\"1\"><span data-contrast=\"auto\">tutvub keskaegsete materjalide ja t\u00f6\u00f6vahenditega, teeb koos klassiga\u00a0k\u00f6iep\u00f6\u00f6ril\u00a0k\u00f6it (k\u00f6it tehakse kuni 4. klassi \u00f5pilastega kui ei ole kokku lepitud teisiti).<\/span><span data-ccp-props=\"{&quot;201341983&quot;:0,&quot;335559738&quot;:100,&quot;335559739&quot;:100,&quot;335559740&quot;:240}\">\u00a0<\/span><\/li>\n<\/ul>\n<p><span data-contrast=\"none\">Lisaks eelnevale, alates 2. klassist \u00f5pilane:<\/span><span data-ccp-props=\"{&quot;201341983&quot;:0,&quot;335559738&quot;:100,&quot;335559739&quot;:100,&quot;335559740&quot;:240}\">\u00a0<\/span><\/p>\n<ul>\n<li data-leveltext=\"\uf0b7\" data-font=\"Symbol\" data-listid=\"3\" aria-setsize=\"-1\" data-aria-posinset=\"0\" data-aria-level=\"1\"><span data-contrast=\"auto\">v\u00f5rdleb kaas- ja keskaegseid m\u00f5\u00f5t\u00fchikuid;<\/span><span data-ccp-props=\"{&quot;201341983&quot;:0,&quot;335559738&quot;:100,&quot;335559739&quot;:100,&quot;335559740&quot;:240}\">\u00a0<\/span><\/li>\n<li data-leveltext=\"\uf0b7\" data-font=\"Symbol\" data-listid=\"3\" aria-setsize=\"-1\" data-aria-posinset=\"0\" data-aria-level=\"1\"><span data-contrast=\"auto\">tutvub lihtsama ajateljega, r\u00fchmitab esemeid ajatunnuse j\u00e4rgi ja paigutab ajateljele pilte muuseumitunni teemaga seotud objektidest.<\/span><span data-ccp-props=\"{&quot;201341983&quot;:0,&quot;335559738&quot;:100,&quot;335559739&quot;:100,&quot;335559740&quot;:240}\">\u00a0<\/span><\/li>\n<\/ul>\n<p><span data-contrast=\"none\">Lisaks eelnevale, alates 5. klassist \u00f5pilane:<\/span><span data-ccp-props=\"{&quot;201341983&quot;:0,&quot;335559738&quot;:100,&quot;335559739&quot;:100,&quot;335559740&quot;:240}\">\u00a0<\/span><\/p>\n<ul>\n<li data-leveltext=\"\uf0b7\" data-font=\"Symbol\" data-listid=\"4\" aria-setsize=\"-1\" data-aria-posinset=\"0\" data-aria-level=\"1\"><span data-contrast=\"auto\">paigutab ajaloolisi objekte ajajoonele kasutades sajandi m\u00f5istet;<\/span><span data-ccp-props=\"{&quot;201341983&quot;:0,&quot;335559738&quot;:100,&quot;335559739&quot;:100,&quot;335559740&quot;:240}\">\u00a0<\/span><\/li>\n<li data-leveltext=\"\uf0b7\" data-font=\"Symbol\" data-listid=\"4\" aria-setsize=\"-1\" data-aria-posinset=\"0\" data-aria-level=\"1\"><span data-contrast=\"auto\">tutvub keskaegsete kaubaartiklitega ja v\u00f5rdleb neid kaasaegsetega;\u00a0<\/span><span data-ccp-props=\"{&quot;201341983&quot;:0,&quot;335559738&quot;:100,&quot;335559739&quot;:100,&quot;335559740&quot;:240}\">\u00a0<\/span><\/li>\n<li data-leveltext=\"\uf0b7\" data-font=\"Symbol\" data-listid=\"4\" aria-setsize=\"-1\" data-aria-posinset=\"0\" data-aria-level=\"1\"><span data-contrast=\"auto\">saab teada, mis on Hansa Liit;<\/span><span data-ccp-props=\"{&quot;201341983&quot;:0,&quot;335559738&quot;:100,&quot;335559739&quot;:100,&quot;335559740&quot;:240}\">\u00a0<\/span><\/li>\n<li data-leveltext=\"\uf0b7\" data-font=\"Symbol\" data-listid=\"4\" aria-setsize=\"-1\" data-aria-posinset=\"0\" data-aria-level=\"1\"><span data-contrast=\"auto\">m\u00f5istab, et m\u00f5\u00f5tmine on v\u00f5rdlemine m\u00f5\u00f5t\u00fchikuga;<\/span><span data-ccp-props=\"{&quot;201341983&quot;:0,&quot;335559738&quot;:100,&quot;335559739&quot;:100,&quot;335559740&quot;:240}\">\u00a0<\/span><\/li>\n<\/ul>\n<ul>\n<li data-leveltext=\"\uf0b7\" data-font=\"Symbol\" data-listid=\"4\" aria-setsize=\"-1\" data-aria-posinset=\"0\" data-aria-level=\"1\"><span data-contrast=\"auto\">v\u00f5rdleb kaas- ja keskaegseid m\u00f5\u00f5t\u00fchikuid;<\/span><span data-ccp-props=\"{&quot;201341983&quot;:0,&quot;335559738&quot;:100,&quot;335559739&quot;:100,&quot;335559740&quot;:240}\">\u00a0<\/span><\/li>\n<li data-leveltext=\"\uf0b7\" data-font=\"Symbol\" data-listid=\"4\" aria-setsize=\"-1\" data-aria-posinset=\"0\" data-aria-level=\"1\"><span data-contrast=\"auto\">koostab laevade lastid vastavalt kaalule ja mahule ning arvutab lastide hinnad;<\/span><span data-ccp-props=\"{&quot;201341983&quot;:0,&quot;335559738&quot;:100,&quot;335559739&quot;:100,&quot;335559740&quot;:240}\">\u00a0<\/span><\/li>\n<li data-leveltext=\"\uf0b7\" data-font=\"Symbol\" data-listid=\"4\" aria-setsize=\"-1\" data-aria-posinset=\"0\" data-aria-level=\"1\"><span data-contrast=\"auto\">tunneb keskajal kasutatud navigatsioonis\u00fcsteeme.<\/span><span data-ccp-props=\"{&quot;201341983&quot;:0,&quot;335559738&quot;:100,&quot;335559739&quot;:100,&quot;335559740&quot;:240}\">\u00a0<\/span><\/li>\n<\/ul>\n<p><span data-contrast=\"none\">Lisaks eelnevale, alates 7. klassist \u00f5pilane:<\/span><span data-ccp-props=\"{&quot;201341983&quot;:0,&quot;335559738&quot;:100,&quot;335559739&quot;:100,&quot;335559740&quot;:240}\">\u00a0<\/span><\/p>\n<ul>\n<li data-leveltext=\"\uf0b7\" data-font=\"Symbol\" data-listid=\"5\" aria-setsize=\"-1\" data-aria-posinset=\"0\" data-aria-level=\"1\"><span data-contrast=\"auto\">v\u00f5rdleb Hansa Liitu t\u00e4nap\u00e4eval loodud liitudega;<\/span><span data-ccp-props=\"{&quot;201341983&quot;:0,&quot;335559738&quot;:100,&quot;335559739&quot;:100,&quot;335559740&quot;:240}\">\u00a0<\/span><\/li>\n<li data-leveltext=\"\uf0b7\" data-font=\"Symbol\" data-listid=\"5\" aria-setsize=\"-1\" data-aria-posinset=\"0\" data-aria-level=\"1\"><span data-contrast=\"auto\">lahendab kaubandusega seotud probleem\u00fclesande;<\/span><span data-ccp-props=\"{&quot;201341983&quot;:0,&quot;335559738&quot;:100,&quot;335559739&quot;:100,&quot;335559740&quot;:240}\">\u00a0<\/span><\/li>\n<li data-leveltext=\"\uf0b7\" data-font=\"Symbol\" data-listid=\"5\" aria-setsize=\"-1\" data-aria-posinset=\"0\" data-aria-level=\"1\"><span data-contrast=\"auto\">tunneb keskaegses Tallinnas liikunud kaupade sortimenti, v\u00f5rdleb seda t\u00e4nap\u00e4evaste kaubaartiklitega;<\/span><span data-ccp-props=\"{&quot;201341983&quot;:0,&quot;335559738&quot;:100,&quot;335559739&quot;:100,&quot;335559740&quot;:240}\">\u00a0<\/span><\/li>\n<li data-leveltext=\"\uf0b7\" data-font=\"Symbol\" data-listid=\"5\" aria-setsize=\"-1\" data-aria-posinset=\"0\" data-aria-level=\"1\"><span data-contrast=\"auto\">tutvub hansamajanduse ajalooga.<\/span><span data-ccp-props=\"{&quot;201341983&quot;:0,&quot;335559738&quot;:100,&quot;335559739&quot;:100,&quot;335559740&quot;:240}\">\u00a0<\/span><\/li>\n<\/ul>\n<p><span data-ccp-props=\"{&quot;201341983&quot;:0,&quot;335559739&quot;:160,&quot;335559740&quot;:254}\">\u00a0<\/span><b><span data-contrast=\"none\">Hind:<\/span><\/b><span data-ccp-props=\"{&quot;201341983&quot;:0,&quot;335559739&quot;:160,&quot;335559740&quot;:254}\">\u00a0<\/span><\/p>\n<p>Koolieelikud 6 \u20ac\/laps<\/p>\n<p><span data-contrast=\"none\">I, II, III kooliaste ja g\u00fcmnaasium 10 \u20ac\/\u00f5pilane<\/span><span data-ccp-props=\"{&quot;201341983&quot;:0,&quot;335559739&quot;:160,&quot;335559740&quot;:254}\">\u00a0<\/span><\/p>\n<p><a href=\"https:\/\/meremuuseum.ee\/lennusadam\/lastele-peredele\/muuseumitunnid\/broneeri-muuseumitund\/\" target=\"_blank\" rel=\"noopener\"><span data-contrast=\"none\">Broneeri muuseumitund<\/span><\/a><span data-ccp-props=\"{&quot;201341983&quot;:0,&quot;335559739&quot;:160,&quot;335559740&quot;:254}\">\u00a0<\/span><\/p>\n<p><img decoding=\"async\" width=\"230\" height=\"230\" class=\"alignnone size-full wp-image-21862\" src=\"https:\/\/meremuuseum.ee\/paksmargareeta\/wp-content\/uploads\/sites\/1\/2022\/12\/Murakamargis.png\" alt=\"\" srcset=\"https:\/\/meremuuseum.ee\/paksmargareeta\/wp-content\/uploads\/sites\/1\/2022\/12\/Murakamargis.png 230w, https:\/\/meremuuseum.ee\/paksmargareeta\/wp-content\/uploads\/sites\/1\/2022\/12\/Murakamargis-150x150.png 150w, https:\/\/meremuuseum.ee\/paksmargareeta\/wp-content\/uploads\/sites\/1\/2022\/12\/Murakamargis-120x120.png 120w\" sizes=\"(max-width: 230px) 100vw, 230px\" \/><\/p>\n","protected":false},"excerpt":{"rendered":"Paksus Margareetas\u00a0\u00a0 Lasteaiale ja 1-12. klassile\u00a0 koolieelikud ja 1.-3.klass 60 minutit, 4.-6.klass 75 minutit, 7.-12.klass 90 minutit Muuseumitunni eesm\u00e4rk on tutvuda keskaegse kaubanduse ja Tivoli kvartali ehituse k\u00e4igus p\u00e4evavalgele tulnud&#8230;","protected":false},"author":5,"featured_media":0,"parent":16958,"menu_order":0,"comment_status":"closed","ping_status":"closed","template":"","meta":{"_acf_changed":false,"advgb_blocks_editor_width":"","advgb_blocks_columns_visual_guide":"","footnotes":""},"class_list":["post-18881","page","type-page","status-publish","hentry"],"acf":[],"coauthors":[],"author_meta":{"author_link":"https:\/\/meremuuseum.ee\/paksmargareeta\/blog\/author\/ly\/","display_name":"ly"},"relative_dates":{"created":"Posted 7 aastat ago","modified":"Updated 2 aastat ago"},"absolute_dates":{"created":"Posted on 18. okt. 2019","modified":"Updated on 21. aug. 2024"},"absolute_dates_time":{"created":"Posted on 18. okt. 2019 10:29","modified":"Updated on 21. aug. 2024 12:02"},"featured_img_caption":"","featured_img":false,"series_order":"","_links":{"self":[{"href":"https:\/\/meremuuseum.ee\/paksmargareeta\/wp-json\/wp\/v2\/pages\/18881","targetHints":{"allow":["GET"]}}],"collection":[{"href":"https:\/\/meremuuseum.ee\/paksmargareeta\/wp-json\/wp\/v2\/pages"}],"about":[{"href":"https:\/\/meremuuseum.ee\/paksmargareeta\/wp-json\/wp\/v2\/types\/page"}],"author":[{"embeddable":true,"href":"https:\/\/meremuuseum.ee\/paksmargareeta\/wp-json\/wp\/v2\/users\/5"}],"replies":[{"embeddable":true,"href":"https:\/\/meremuuseum.ee\/paksmargareeta\/wp-json\/wp\/v2\/comments?post=18881"}],"version-history":[{"count":17,"href":"https:\/\/meremuuseum.ee\/paksmargareeta\/wp-json\/wp\/v2\/pages\/18881\/revisions"}],"predecessor-version":[{"id":22784,"href":"https:\/\/meremuuseum.ee\/paksmargareeta\/wp-json\/wp\/v2\/pages\/18881\/revisions\/22784"}],"up":[{"embeddable":true,"href":"https:\/\/meremuuseum.ee\/paksmargareeta\/wp-json\/wp\/v2\/pages\/16958"}],"wp:attachment":[{"href":"https:\/\/meremuuseum.ee\/paksmargareeta\/wp-json\/wp\/v2\/media?parent=18881"}],"curies":[{"name":"wp","href":"https:\/\/api.w.org\/{rel}","templated":true}]}}