{"id":17083,"date":"2019-01-04T15:32:33","date_gmt":"2019-01-04T13:32:33","guid":{"rendered":"http:\/\/meremuuseum.ee\/paksmargareeta\/?page_id=17083"},"modified":"2022-02-14T08:20:00","modified_gmt":"2022-02-14T06:20:00","slug":"arendusprojekt","status":"publish","type":"page","link":"https:\/\/meremuuseum.ee\/paksmargareeta\/ajaloo-ja-merehuvilisele\/arendusprojekt\/","title":{"rendered":"Arendusprojekt"},"content":{"rendered":"<p><strong>Eesti Meremuuseumi Paksu Margareeta tunnustused: <\/strong><\/p>\n<p><strong>2022 <\/strong>Eesti Turismi- ja Reisifirmade Liit: Aasta turismiobjekt 2021<\/p>\n<p><strong>2021 <\/strong>Euroopa muuseumiakadeemia: III koht Luigi Micheletti auhinna ehk muuseumite parimate praktikate kategoorias<\/p>\n<p><strong>2021<\/strong> \u00dcleeuroopaline konkurss <em>European Design Awards<\/em>: III koht interaktiivsete lahenduste eest<\/p>\n<p><strong>2020 <\/strong>\u00dcleeuroopaline konkurss <em>Heritage in Motion<\/em>: auhind digilahenduste eest parima saavutuse kategoorias<\/p>\n<p><strong>2020<\/strong> J\u00e4tkusuutliku kultuuriturismi konkurss<em>The Destination of Sustainable Cultural Tourism Awards<\/em>: II koht mere-, ranniku- ja veep\u00e4randi kategoorias<\/p>\n<p><strong>2021<\/strong> Eesti Kultuurkapitali rahvakultuuri sihtkapital: muuseumide aasta preemia<\/p>\n<p><strong>2020<\/strong> Eesti muuseumide aastaauhinnad: parim p\u00fcsin\u00e4itus \u201eMeri tornis\u201c, muuseumiarendaja<\/p>\n<p><strong>2020<\/strong> Loovus- ja disainiauhind Kuldmuna: Paksu Margareeta ekspositsiooni graafilise disaini eest (Polaar Studio) ja digilahenduste eest (Platvorm)<\/p>\n<p><strong>2020<\/strong> Tallinna Ettev\u00f5tlusamet: Aasta turismitegu<\/p>\n<p><strong>2020<\/strong> Eesti Pimedate Liit: Aasta tegu<\/p>\n<p><strong>2020<\/strong> Eesti Ehituskonsultatsiooniettev\u00f5tete Liit: Aasta ehitusprojekt<\/p>\n<p><strong><span lang=\"et-EE\">Arendusprojekti ajatelg 2016 &#8211; 2019:<\/span><\/strong><\/p>\n<ul>\n<li><span lang=\"et-EE\">Paksu Margareeta muuseum-k\u00fclastuskeskuse kontseptsioon sai alguse haruldase keskaegse laevavraki, koge leidmisest 2015. aastal Tallinnas Kadriorus.<\/span><\/li>\n<li><span lang=\"et-EE\">2016. aastal asuvad Eesti Meremuuseumi kuraatorid tegema uue p\u00fcsiekspositsiooni loomiseks vajalikku uurimist\u00f6\u00f6d.<\/span><\/li>\n<li><span lang=\"et-EE\">2016. aasta suvel kuulutatakse v\u00e4lja ideekonkurss hoonekompleksile uue arhitektuurilahenduse leidmiseks. Selle v\u00f5idab arhitektuurib\u00fcroo KOKO Arhitektid t\u00f6\u00f6ga \u201eLaine\u201c.<\/span><\/li>\n<li><span lang=\"et-EE\">2017. aastal v\u00f5idab Inphysica Technology sisearhitektuuri konkursi t\u00f6\u00f6ga \u201eVetemaa\u201c.<\/span><\/li>\n<li><span lang=\"et-EE\">2017. aasta s\u00fcgisel alustab avatud hanke v\u00f5itnud Platvorm O\u00dc ekspositsiooni digilahenduste loomisega.<\/span><\/li>\n<li><span lang=\"et-EE\">31. jaanuaril 2018 suletakse p\u00fcsiekspositsioon, mis on olnud avatud alates 1981. aasta aprillist. Algab suur v\u00e4ljakolimine.<\/span><\/li>\n<li><span lang=\"et-EE\">2018. aasta mais otsustab Ettev\u00f5tluse Arendamise Sihtasutus (EAS) toetada projekti \u201ePaksu Margareeta hoonetekompleksi arendamine kaasaegseks perekeskseks muuseum-k\u00fclastuskeskuseks\u201c pereturismi atraktsioonide toetamise meetmest 2,07 miljoni euroga.<\/span><\/li>\n<li><span lang=\"et-EE\">Mais 2018 alustab Polaar O\u00dc kogu ekspositsioonile graafilise identiteedi andmist. <\/span><\/li>\n<li><span lang=\"et-EE\">Juunis 2018 s\u00f5lmitakse ehitusleping ehituse juhtpartneriga Acres O\u00dc. <\/span><\/li>\n<li><span lang=\"et-EE\">S\u00fcgisel 2018 leitakse ehitust\u00f6\u00f6del Paksu Margareeta torni alt <a href=\"https:\/\/meremuuseum.ee\/paksmargareeta\/blog\/2018\/09\/14\/paksu-margareeta-torni-alt-leiti-keskaegseid-muuriosi\/\" target=\"_blank\" rel=\"noopener noreferrer\">keskaegne m\u00fc\u00fcrikatke<\/a> ning sisehoovist <a href=\"https:\/\/meremuuseum.ee\/paksmargareeta\/blog\/2018\/10\/08\/paksu-margareeta-maapou-paljastas-kaks-keskaegset-ehitist\/\" target=\"_blank\" rel=\"noopener noreferrer\">m\u00fc\u00fcrikatke ja kanal<\/a>, mis v\u00f5imaldavad ajaloolastel keskaegse linnakindlustuse k\u00e4sitlust t\u00e4psustada. Leidude eksponeerimiseks tehakse projektimuudatus.<\/span><\/li>\n<li><span lang=\"et-EE\">16. oktoobril 2018 asetatakse koge halli arendusprojekti t\u00e4histav <a href=\"https:\/\/meremuuseum.ee\/paksmargareeta\/blog\/2018\/10\/16\/paksu-margareeta-muuseum-kulastuskeskus-saab-tana-nurgakivi\/\">nurgakivi kapsel<\/a>. Detsembris 2018 leitakse suurt\u00fckitornist tugisammaste allavundeerimise k\u00e4igus Eesti Meremuuseumi ehitamist m\u00e4rkiv <a href=\"https:\/\/meremuuseum.ee\/paksmargareeta\/blog\/2018\/12\/06\/paksust-margareetast-leiti-39-aasta-vanune-ajakapsel\/\" target=\"_blank\" rel=\"noopener noreferrer\">ajakapsel 1979. aastast<\/a>. Kapsel asetatakse torni tugisambasse tagasi.<\/span><\/li>\n<li><span lang=\"et-EE\">Talve hakul 2018 k\u00f5rgus sisehoovis betoontugi, mis oli tulevase t\u00e4hteksponaadi, koge ootel.<br \/>\nAprillis \u00f5nnestus kahep\u00e4evase logistikaoperatsiooni tulemusel transportida koge vrakk Lennusadamas olevast paadihallist vanalinna veerele ning enam kui 26 tonni kaalunud koorem t\u00f5steti \u00fcle linnam\u00fc\u00fcri oma uude asukohta. <\/span><\/li>\n<li><span lang=\"et-EE\">Mais 2019 sai koge saal katusesarikad. <\/span><\/li>\n<li><span lang=\"et-EE\">27. augustil 2019 paigaldati suurt\u00fckitorni lift, mis muutis Paksu Margareeta ainsaks liftiga ligip\u00e4\u00e4setavaks Tallinna vanalinna torniks.<\/span><\/li>\n<li><span lang=\"et-EE\">2. septembril 2019 paigaldati p\u00fcsiekspositsiooni tagasi purjelaeva Triin mast, mille alla asetati laulupeo juubeliaasta meenem\u00fcnt. J\u00e4tkus ekspositsiooni loomine. <\/span><\/li>\n<li><span lang=\"et-EE\">Paksu Margareeta muuseum-k\u00fclastuskeskus taasavati 28. novembril 2019.<br \/>\n<\/span><\/li>\n<\/ul>\n<p><a href=\"https:\/\/meremuuseum.ee\/paksmargareeta\/wp-content\/uploads\/sites\/1\/2020\/12\/PM_t\u00e4nutahvel.pdf\">Arendusprojekti t\u00e4nutahvel (.pdf)<\/a><\/p>\n<p><em>Euroopa Regionaalarengu Fondist kaasrahastatud projekti nimi: Paksu Margareeta hoonetekompleksi arendamine kaasaegseks perekeskseks muuseum-k\u00fclastuskeskuseks<\/em><\/p>\n<p><em>Projekti l\u00fchikirjeldus: Projekti tulemusena avatakse Paks Margareeta kaasaegse perekeskse muuseum-k\u00fclastuskeskusena, mis rikastab Eesti turismimaastikku ja pakub lisamotivatsiooni Tallinna k\u00fclastamiseks peredega reisivatele v\u00e4listuristidele. UNESCO maailmap\u00e4randisse kuuluva Tallinna vanalinna \u00fche ainulaadseima objekti, Paksu Margareeta hoonetekompleksi tegelik potentsiaal olulise maam\u00e4rgina tuuakse linnapildis selgelt esile ning luuakse peredele koos avastamisr\u00f5\u00f5mu pakkuv elamuslik merendusajaloo lugusid jutustav ekspositsioon.<\/em><\/p>\n<p><em>Eesm\u00e4rk ja tulemus: Projekti peamine eesm\u00e4rk on pakkuda peresid \u00fcheskoos merenduse ja laevaehituse p\u00f5nevat maailma avastama kutsuvat k\u00fclastuselamust, et t\u00f5sta Tallinna atraktiivsust pereturismi sihtkohana ja pikendada perega reisivate inimeste Tallinnas viibimise aega.<\/em><\/p>\n<p><em>Toetuse summa: 2\u00a0070\u00a0209,47 eurot<\/em><\/p>\n","protected":false},"excerpt":{"rendered":"Eesti Meremuuseumi Paksu Margareeta tunnustused: 2022 Eesti Turismi- ja Reisifirmade Liit: Aasta turismiobjekt 2021 2021 Euroopa muuseumiakadeemia: III koht Luigi Micheletti auhinna ehk muuseumite parimate praktikate kategoorias 2021 \u00dcleeuroopaline konkurss&#8230;","protected":false},"author":2,"featured_media":0,"parent":17072,"menu_order":1,"comment_status":"closed","ping_status":"closed","template":"","meta":{"_acf_changed":false,"advgb_blocks_editor_width":"","advgb_blocks_columns_visual_guide":"","footnotes":""},"class_list":["post-17083","page","type-page","status-publish","hentry"],"acf":[],"coauthors":[],"author_meta":{"author_link":"https:\/\/meremuuseum.ee\/paksmargareeta\/blog\/author\/reaktiiv-pm\/","display_name":"Reaktiiv Grupp"},"relative_dates":{"created":"Posted 7 aastat ago","modified":"Updated 4 aastat ago"},"absolute_dates":{"created":"Posted on 4. jaan. 2019","modified":"Updated on 14. veebr. 2022"},"absolute_dates_time":{"created":"Posted on 4. jaan. 2019 15:32","modified":"Updated on 14. veebr. 2022 08:20"},"featured_img_caption":"","featured_img":false,"series_order":"","_links":{"self":[{"href":"https:\/\/meremuuseum.ee\/paksmargareeta\/wp-json\/wp\/v2\/pages\/17083","targetHints":{"allow":["GET"]}}],"collection":[{"href":"https:\/\/meremuuseum.ee\/paksmargareeta\/wp-json\/wp\/v2\/pages"}],"about":[{"href":"https:\/\/meremuuseum.ee\/paksmargareeta\/wp-json\/wp\/v2\/types\/page"}],"author":[{"embeddable":true,"href":"https:\/\/meremuuseum.ee\/paksmargareeta\/wp-json\/wp\/v2\/users\/2"}],"replies":[{"embeddable":true,"href":"https:\/\/meremuuseum.ee\/paksmargareeta\/wp-json\/wp\/v2\/comments?post=17083"}],"version-history":[{"count":20,"href":"https:\/\/meremuuseum.ee\/paksmargareeta\/wp-json\/wp\/v2\/pages\/17083\/revisions"}],"predecessor-version":[{"id":21234,"href":"https:\/\/meremuuseum.ee\/paksmargareeta\/wp-json\/wp\/v2\/pages\/17083\/revisions\/21234"}],"up":[{"embeddable":true,"href":"https:\/\/meremuuseum.ee\/paksmargareeta\/wp-json\/wp\/v2\/pages\/17072"}],"wp:attachment":[{"href":"https:\/\/meremuuseum.ee\/paksmargareeta\/wp-json\/wp\/v2\/media?parent=17083"}],"curies":[{"name":"wp","href":"https:\/\/api.w.org\/{rel}","templated":true}]}}