{"id":16963,"date":"2019-01-04T11:22:05","date_gmt":"2019-01-04T09:22:05","guid":{"rendered":"http:\/\/meremuuseum.ee\/paksmargareeta\/?page_id=16963"},"modified":"2026-04-02T08:07:06","modified_gmt":"2026-04-02T06:07:06","slug":"sunnipaevapidu","status":"publish","type":"page","link":"https:\/\/meremuuseum.ee\/paksmargareeta\/lapsele-ja-koolile\/sunnipaevapidu\/","title":{"rendered":"S\u00fcnnip\u00e4evapidu"},"content":{"rendered":"<p>Tutvu Paksu Margareeta s\u00fcnnip\u00e4evaprogrammidega ning tee valik vastavalt s\u00fcnnip\u00e4evalapse ja tema s\u00f5prade soovidele, iseloomule ja vanusele!<\/p>\n<p><strong>SEIKLUSLIK MEREREIS<\/strong><\/p>\n<p><strong>Hansa kaupmeeste mereseiklus<\/strong><\/p>\n<p><strong>8\u201312-aastastele lastele | kuni 15 osalejat<\/strong><\/p>\n<p>Aeg heisata purjed ja asuda teele \u00fcle tormise L\u00e4\u00e4nemere.<br \/>\nSellel s\u00fcnnip\u00e4eval ei olda pealtvaatajad, vaid kehastutakse <strong>keskaegse kaubalaeva meeskonnaks<\/strong>, kelle \u00fclesanne on toimetada v\u00e4\u00e4rtuslik kaup Tallinnast L\u00fcbeckisse.<\/p>\n<p>Lapsed jaotuvad meeskondadeks, saavad rollid (kapten, kaupmees, arvepidaja, meelelahutaja) ning alustavad m\u00e4ngulist merereisi l\u00e4bi Paksu Margareeta muuseumi. Teekonnal tuleb toime tulla <strong>merer\u00f6\u00f6vlite, tormide, kahtlaste kaupmeeste ja ootamatute kokkup\u00f5rgetega<\/strong>, proovile panna nutikus, meeskonnat\u00f6\u00f6 ja kauplemisoskus.<\/p>\n<p>Programmi k\u00e4igus:<\/p>\n<ul>\n<li>pannakse kokku keskaegse kaubalaeva koge mudel<\/li>\n<li>kaubeldakse, kaalutakse ja \u201em\u00fc\u00fcakse\u201c kaupa<\/li>\n<li>lahendatakse seikluslikke \u00fclesandeid ja tehakse koost\u00f6\u00f6d<\/li>\n<li>liigutakse aktiivselt l\u00e4bi muuseumi eri korruste<\/li>\n<\/ul>\n<p>Reisi l\u00f5pus j\u00f5utakse L\u00fcbeckisse, loetakse kokku kaubad ning parima tulemusega meeskonda ootab magus auhind. Loomulikult saavad tunnustuse <strong>k\u00f5ik<\/strong> vaprad meres\u00f5itjad.<\/p>\n<p><strong>Programmi kestus:<\/strong>\u00a075 minutit<br \/>\nLisandub toitlustuse aeg<\/p>\n<p>&nbsp;<\/p>\n<p><strong>Miks valida Mereseikluse s\u00fcnnip\u00e4ev?<\/strong><\/p>\n<ul>\n<li>lapsed liiguvad ja tegutsevad kogu muuseumis, mitte ei istu paigal<\/li>\n<li>programm \u00fchendab m\u00e4ngu, teadmised ja koost\u00f6\u00f6<\/li>\n<li>iga laps saab rolli ja tunneb end vajalikuna<\/li>\n<li>sobib ka v\u00e4ga aktiivsetele lastele<\/li>\n<\/ul>\n<p>&nbsp;<\/p>\n<p><strong>VIIKINGITE V\u00d5LUMAAILM<\/strong><\/p>\n<p><strong>5\u201310-aastastele lastele | kuni 15 osalejat<\/strong><\/p>\n<p>Astume koos viikingite m\u00fc\u00fctilisse maailma.<br \/>\nSellel s\u00fcnnip\u00e4eval saavad lapsed osa <strong>p\u00e4ris seiklusretkest l\u00e4bi Paksu Margareeta<\/strong>, kus muuseum muutub m\u00e4nguliseks maailmaks t\u00e4is hiiglasi, lohesid, trolle ja salap\u00e4raseid ruune.<\/p>\n<p>Programm algab viikingite maailma tutvustusega ning just siis, kui k\u00f5ik tundub rahulik, ilmub v\u00e4lja nuttev lohe \u2013 tema munad on kadunud. Et need p\u00e4\u00e4sta, tuleb lastel jaguneda meeskondadeks, valida pealik ja asuda <strong>\u00fchisele otsinguretkele l\u00e4bi muuseumi eri korruste<\/strong>.<\/p>\n<p>Teekonnal:<\/p>\n<ul>\n<li>meisterdatakse endale \u00f5nnetalisman (viikingi karukihva ehe)<\/li>\n<li>lahendatakse kaarte ja vihjeid kasutades \u00fclesandeid<\/li>\n<li>liigutakse koos l\u00e4bi erinevate \u201emaailmade\u201c<\/li>\n<li>pannakse proovile t\u00e4helepanu, koost\u00f6\u00f6 ja julgus<\/li>\n<\/ul>\n<p>Retke l\u00f5pus leitakse lohe munad, pannakse kokku aardeid ja meisterdatakse iga\u00fchele oma viikingilaev, mille saab endaga kaasa v\u00f5tta. Seiklus l\u00f5peb \u00fchise pidutsemisega \u00f5ppeklassis ning soovi korral j\u00e4\u00e4b aega ka muuseumiga tutvumiseks.<\/p>\n<p><strong>Programmi kestus:<\/strong>\u00a075 minutit<br \/>\nLisandub toitlustuse aeg ja vaba muuseumik\u00fclastus<\/p>\n<p>&nbsp;<\/p>\n<p><strong>Miks valida Viikingite seikluss\u00fcnnip\u00e4ev?<\/strong><\/p>\n<ul>\n<li>programm on selge looga ja eesm\u00e4rgiga<\/li>\n<li>sobib h\u00e4sti ka noorematele lastele<\/li>\n<li>\u00fchendab liikumise, loovuse ja fantaasia<\/li>\n<li>juhendatud ja turvaline, kuid p\u00f5nev<\/li>\n<\/ul>\n<p><strong>Info ja broneeringud:\u00a0<\/strong><a href=\"mailto:booking@meremuuseum.ee\">booking@meremuuseum.ee<\/a>\u00a0v\u00f5i telefonil +372 6 200 550 (E-R kl 9-17, v.a. riigip\u00fchadel).<\/p>\n<p><a href=\"https:\/\/meremuuseum.ee\/broneeri-lapse-sunnipaev-paksu-margareetasse\/\">Broneeri s\u00fcnnip\u00e4ev<\/a><\/p>\n<p><a href=\"https:\/\/meremuuseum.ee\/paksmargareeta\/hinnad-ja-tingimused\/\" target=\"_blank\" rel=\"noopener noreferrer\">Hinnad ja tingimused<\/a><\/p>\n<p><a href=\"https:\/\/meremuuseum.ee\/paksmargareeta\/wp-content\/uploads\/sites\/1\/2021\/12\/Paksu-Margareeta-sunnipaevakutse.pdf\">Paksu Margareeta s\u00fcnnip\u00e4evakutse<\/a><\/p>\n<p><span lang=\"et-EE\">Kas Lennusadamas oled juba s\u00fcnnip\u00e4eva pidanud? <a href=\"https:\/\/meremuuseum.ee\/lennusadam\/laste-sunnipaevad\/\">Vaata l\u00e4hemalt<\/a><\/span><\/p>\n<p><a href=\"https:\/\/meremuuseum.ee\/lennusadam\/wp-content\/uploads\/sites\/4\/2025\/08\/rongilauaraakijaa5bleed3mm2025.pdf\">Telli s\u00fcnnip\u00e4evaks rongis\u00f5it<\/a><\/p>\n<p><iframe title=\"Laste s\u00fcnnip\u00e4evad Eesti Meremuuseumis: Paks Margareeta\" width=\"500\" height=\"281\" src=\"https:\/\/www.youtube.com\/embed\/fWr_RlfUhVw?feature=oembed&#038;enablejsapi=1&#038;origin=https:\/\/meremuuseum.ee\" frameborder=\"0\" allow=\"accelerometer; autoplay; clipboard-write; encrypted-media; gyroscope; picture-in-picture; web-share\" referrerpolicy=\"strict-origin-when-cross-origin\" allowfullscreen><\/iframe><\/p>\n","protected":false},"excerpt":{"rendered":"Tutvu Paksu Margareeta s\u00fcnnip\u00e4evaprogrammidega ning tee valik vastavalt s\u00fcnnip\u00e4evalapse ja tema s\u00f5prade soovidele, iseloomule ja vanusele! SEIKLUSLIK MEREREIS Hansa kaupmeeste mereseiklus 8\u201312-aastastele lastele | kuni 15 osalejat Aeg heisata purjed&#8230;","protected":false},"author":19,"featured_media":0,"parent":16953,"menu_order":2,"comment_status":"closed","ping_status":"closed","template":"","meta":{"_acf_changed":false,"advgb_blocks_editor_width":"","advgb_blocks_columns_visual_guide":"","footnotes":""},"class_list":["post-16963","page","type-page","status-publish","hentry"],"acf":[],"coauthors":[],"author_meta":{"author_link":"https:\/\/meremuuseum.ee\/paksmargareeta\/blog\/author\/anna\/","display_name":"Anna"},"relative_dates":{"created":"Posted 7 aastat ago","modified":"Updated 2 n\u00e4dalat ago"},"absolute_dates":{"created":"Posted on 4. jaan. 2019","modified":"Updated on 2. apr. 2026"},"absolute_dates_time":{"created":"Posted on 4. jaan. 2019 11:22","modified":"Updated on 2. apr. 2026 08:07"},"featured_img_caption":"","featured_img":false,"series_order":"","_links":{"self":[{"href":"https:\/\/meremuuseum.ee\/paksmargareeta\/wp-json\/wp\/v2\/pages\/16963","targetHints":{"allow":["GET"]}}],"collection":[{"href":"https:\/\/meremuuseum.ee\/paksmargareeta\/wp-json\/wp\/v2\/pages"}],"about":[{"href":"https:\/\/meremuuseum.ee\/paksmargareeta\/wp-json\/wp\/v2\/types\/page"}],"author":[{"embeddable":true,"href":"https:\/\/meremuuseum.ee\/paksmargareeta\/wp-json\/wp\/v2\/users\/19"}],"replies":[{"embeddable":true,"href":"https:\/\/meremuuseum.ee\/paksmargareeta\/wp-json\/wp\/v2\/comments?post=16963"}],"version-history":[{"count":57,"href":"https:\/\/meremuuseum.ee\/paksmargareeta\/wp-json\/wp\/v2\/pages\/16963\/revisions"}],"predecessor-version":[{"id":23762,"href":"https:\/\/meremuuseum.ee\/paksmargareeta\/wp-json\/wp\/v2\/pages\/16963\/revisions\/23762"}],"up":[{"embeddable":true,"href":"https:\/\/meremuuseum.ee\/paksmargareeta\/wp-json\/wp\/v2\/pages\/16953"}],"wp:attachment":[{"href":"https:\/\/meremuuseum.ee\/paksmargareeta\/wp-json\/wp\/v2\/media?parent=16963"}],"curies":[{"name":"wp","href":"https:\/\/api.w.org\/{rel}","templated":true}]}}