{"id":16958,"date":"2019-01-04T11:21:43","date_gmt":"2019-01-04T09:21:43","guid":{"rendered":"http:\/\/meremuuseum.ee\/paksmargareeta\/?page_id=16958"},"modified":"2026-04-16T09:19:50","modified_gmt":"2026-04-16T07:19:50","slug":"muuseumitunnid","status":"publish","type":"page","link":"https:\/\/meremuuseum.ee\/paksmargareeta\/lapsele-ja-koolile\/muuseumitunnid\/","title":{"rendered":"Muuseumitunnid"},"content":{"rendered":"<ul>\n<li><strong>Muuseumitund\u00a0 <a href=\"https:\/\/meremuuseum.ee\/paksmargareeta\/lapsele-ja-koolile\/muuseumitunnid\/peetri-koge\/\" target=\"_blank\" rel=\"noopener noreferrer\">Peetri koge<\/a><\/strong><br \/>\nSihtgrupp: eelkool ja I-IV kooliaste<br \/>\nKeel: ei sobi algajale keele\u00f5ppijale. Sobiv eesti keele tase: tugev B1- B2. Algajale soovitame tundi &#8220;Keelega merele&#8221; (1.-4. klass)<\/li>\n<li><strong>Muuseumitund <a href=\"https:\/\/meremuuseum.ee\/paksmargareeta\/lapsele-ja-koolile\/muuseumitunnid\/varav-linna-ja-sadama-vahel\/\" target=\"_blank\" rel=\"noopener noreferrer\">V\u00e4rav linna ja sadama vahel<\/a><\/strong><br \/>\nSihtgrupp: eelkool ja I-II kooliaste<br \/>\nKeel: ei sobi algajale keele\u00f5ppijale. Sobiv eesti keele tase: B1. Algajale keele\u00f5ppijale soovitame tundi &#8220;Keelega merele&#8221; (1.-4. klass)<\/li>\n<li><strong>Muuseumitund <a href=\"https:\/\/meremuuseum.ee\/paksmargareeta\/lapsele-ja-koolile\/muuseumitunnid\/viimased-valged-laigud-kaardil\/\">Viimased valged laigud kaardil<\/a><\/strong><br \/>\nSihtgrupp: III-IV kooliaste<br \/>\nKeel: ei sobi algajale keele\u00f5ppijale. Sobiv eesti keele tase: B2<\/li>\n<li><strong>Muuseumitund <a href=\"https:\/\/meremuuseum.ee\/lennusadam\/sissevaade-teaduri-argipaeva\/\">Sissevaade teaduri argip\u00e4eva<\/a><\/strong><br \/>\nSihtgrupp: III-IV kooliaste<br \/>\nKeel: ei sobi algajale keele\u00f5ppijale. Sobiv eesti keele tase: B2<\/li>\n<li><strong>Eesti \u00f5ppekeelele \u00fcleminekut toetav<\/strong> muuseumitund eesti keele \u00f5ppijale <a href=\"https:\/\/meremuuseum.ee\/paksmargareeta\/keelega-merele\/\">&#8220;Keelega merele&#8221;<\/a>\u00a0<span style=\"font-family: georgia, palatino, serif;\"><span class=\"normaltextrun\">A1-A2 tase (eesti keelt \u00f5ppivale ja muu emakeelega lapsele), <\/span><span class=\"normaltextrun\">1.- 4. klassi \u00f5pilastele<\/span><\/span><\/li>\n<li><strong>Intellektipuudega \u00f5pilastele.<\/strong>\u00a0\u201ePeetri koge\u201c muuseumitunni sugemetega, sensoorse loo meetodil ja lastele meelelisi kogemusi pakkuv programm keskaegse kaupmehe reisist. Tutvume ka muuseumiga ning selles leiduvate m\u00e4ngualadega. Huvi korral palume kirjutada <u><a href=\"mailto:booking@meremuuseum.ee\">booking@meremuuseum.ee<\/a><\/u><\/li>\n<li>Novembrist kuni jaanuarini saab tellida p\u00f5nevat programmi <a href=\"https:\/\/meremuuseum.ee\/paksmargareeta\/lapsele-ja-koolile\/muuseumitunnid\/joulud-merel\/\">&#8220;J\u00f5ulud merel&#8221;<\/a>, mis sobib lasteaia viimasele r\u00fchmale ja\u00a0 1.-6. klassile<\/li>\n<li>Projekti <a href=\"https:\/\/meremuuseum.ee\/koolipaev-puust-punaseks\/\">&#8220;Puust ja punaseks&#8221;<\/a> raames pakume ka muuseumitundi &#8220;Elluj\u00e4\u00e4miseks vajalik&#8221; (5. klassile) ja &#8220;Asja mitu elu&#8221; (6.-8. klassile)<\/li>\n<\/ul>\n<p><strong><span style=\"font-size: 14pt;\"><a href=\"https:\/\/meremuuseum.ee\/paksmargareeta\/lapsele-ja-koolile\/muuseumitunnid\/muuseumitunni-hinnad-ja-tingimused\/\">Hinnad ja tingimused<\/a><\/span><\/strong><\/p>\n<p><span style=\"font-size: 14pt;\"><strong><a href=\"https:\/\/meremuuseum.ee\/lennusadam\/lastele-peredele\/muuseumitunnid\/broneeri-muuseumitund\/\" target=\"_blank\" rel=\"noopener noreferrer\">Broneeri muuseumitund<\/a><\/strong><\/span><\/p>\n<p>Uue Paksu Margareeta ekspositsiooni k\u00fclastuse t\u00e4iendamiseks oleme koondanud m\u00f5ningaid lisategevusi, mida saab kasutada nii enne muuseumitundi h\u00e4\u00e4lestumiseks, kui ka p\u00e4rast &#8211; kordamiseks. Peetri koge tundi toetavaid materjale <a href=\"https:\/\/e-koolikott.ee\/oppematerjal\/30785-Keskaegne-kaubalaev-Peetri-koge\">vaata l\u00e4hemalt e-koolikotist!<\/a>\u00a0Muuseumitunnile V\u00e4rav linna ja sadama vahel leiab samuti<a href=\"https:\/\/e-koolikott.ee\/oppematerjal\/29066-Minu-asi-Eesti-Meremuuseumis\">\u00a0spetsiaalse harjutuse e-koolikotist!<\/a><\/p>\n<p>Veel sobivaid tegevusi, mis toetavad teisi Eesti Meremuuseumi muuseumitunde, leiab e-koolikotist m\u00e4rks\u00f5na alt <a href=\"https:\/\/e-koolikott.ee\/et\/search?q=Meremuuseum&amp;minAdded=2009&amp;maxAdded=2024&amp;sort=relevance\" target=\"_blank\" rel=\"noopener noreferrer\">&#8220;Meremuuseum&#8221;.\u00a0<\/a><\/p>\n<p><span lang=\"et-EE\">Tutvu ka <a href=\"https:\/\/meremuuseum.ee\/lennusadam\/lastele-peredele\/muuseumitunnid\/\">muuseumitundidega Lennusadamas<\/a> ja telli meremuuseumi <a href=\"https:\/\/meremuuseum.ee\/uudiskiri\/\">Infokiri \u00f5petajatele<\/a>.<\/span><\/p>\n<p>&nbsp;<\/p>\n<p><a href=\"https:\/\/meremuuseum.ee\/muuseumitundide-toetusmeetmed-2025-2026\/\"><span style=\"font-size: 14pt;\"><b>MUUSEUMITUNDIDE TOETUSMEETMED 2025\/2026\u00a0<\/b>\u00a0<\/span><\/a><\/p>\n<p><span data-contrast=\"auto\">Muuseumitundides osalemist on v\u00f5imalik rahastada mitmete riiklike ja kohaliku omavalitsusega seotud toetusmeetmete\u00a0abil. Siin lehel on \u00fclevaade\u00a0praegu avatud\u00a0rahastusv\u00f5imalustest.<\/span><span data-ccp-props=\"{}\">\u00a0<\/span><\/p>\n<ul>\n<li aria-setsize=\"-1\" data-leveltext=\"\uf0b7\" data-font=\"Symbol\" data-listid=\"11\" data-list-defn-props=\"{&quot;335552541&quot;:1,&quot;335559683&quot;:0,&quot;335559684&quot;:-2,&quot;335559685&quot;:720,&quot;335559991&quot;:360,&quot;469769226&quot;:&quot;Symbol&quot;,&quot;469769242&quot;:[8226],&quot;469777803&quot;:&quot;left&quot;,&quot;469777804&quot;:&quot;\uf0b7&quot;,&quot;469777815&quot;:&quot;hybridMultilevel&quot;}\" data-aria-posinset=\"1\" data-aria-level=\"1\"><span data-contrast=\"auto\">Liitu\u00a0<\/span><a href=\"https:\/\/meremuuseum.us10.list-manage.com\/subscribe?u=96f4c06e42ca55c661c28b945&amp;id=30f33324f6\"><span data-contrast=\"none\">\u00f5petajate uudiskirjaga<\/span><\/a><span data-contrast=\"auto\">, et olla kursis, kui avaneb m\u00f5ni uus hea v\u00f5imalus!<\/span><span data-ccp-props=\"{}\">\u00a0<\/span><\/li>\n<li aria-setsize=\"-1\" data-leveltext=\"\uf0b7\" data-font=\"Symbol\" data-listid=\"11\" data-list-defn-props=\"{&quot;335552541&quot;:1,&quot;335559683&quot;:0,&quot;335559684&quot;:-2,&quot;335559685&quot;:720,&quot;335559991&quot;:360,&quot;469769226&quot;:&quot;Symbol&quot;,&quot;469769242&quot;:[8226],&quot;469777803&quot;:&quot;left&quot;,&quot;469777804&quot;:&quot;\uf0b7&quot;,&quot;469777815&quot;:&quot;hybridMultilevel&quot;}\" data-aria-posinset=\"2\" data-aria-level=\"1\"><span data-contrast=\"auto\">Tekkinud k\u00fcsimustega palume p\u00f6\u00f6rduda haridusprogrammide kuraatori Kristel\u00a0Bultot\u2019 poole meiliaadressil\u00a0<\/span><a href=\"mailto:kristel.bultot@meremuuseum.ee\"><span data-contrast=\"none\">kristel.bultot@meremuuseum.ee<\/span><\/a><\/li>\n<\/ul>\n","protected":false},"excerpt":{"rendered":"Muuseumitund\u00a0 Peetri koge Sihtgrupp: eelkool ja I-IV kooliaste Keel: ei sobi algajale keele\u00f5ppijale. Sobiv eesti keele tase: tugev B1- B2. Algajale soovitame tundi &#8220;Keelega merele&#8221; (1.-4. klass) Muuseumitund V\u00e4rav linna&#8230;","protected":false},"author":2,"featured_media":0,"parent":16953,"menu_order":1,"comment_status":"closed","ping_status":"closed","template":"","meta":{"_acf_changed":false,"advgb_blocks_editor_width":"","advgb_blocks_columns_visual_guide":"","footnotes":""},"class_list":["post-16958","page","type-page","status-publish","hentry"],"acf":[],"coauthors":[],"author_meta":{"author_link":"https:\/\/meremuuseum.ee\/paksmargareeta\/blog\/author\/reaktiiv-pm\/","display_name":"Reaktiiv Grupp"},"relative_dates":{"created":"Posted 7 aastat ago","modified":"Updated 5 p\u00e4eva ago"},"absolute_dates":{"created":"Posted on 4. jaan. 2019","modified":"Updated on 16. apr. 2026"},"absolute_dates_time":{"created":"Posted on 4. jaan. 2019 11:21","modified":"Updated on 16. apr. 2026 09:19"},"featured_img_caption":"","featured_img":false,"series_order":"","_links":{"self":[{"href":"https:\/\/meremuuseum.ee\/paksmargareeta\/wp-json\/wp\/v2\/pages\/16958","targetHints":{"allow":["GET"]}}],"collection":[{"href":"https:\/\/meremuuseum.ee\/paksmargareeta\/wp-json\/wp\/v2\/pages"}],"about":[{"href":"https:\/\/meremuuseum.ee\/paksmargareeta\/wp-json\/wp\/v2\/types\/page"}],"author":[{"embeddable":true,"href":"https:\/\/meremuuseum.ee\/paksmargareeta\/wp-json\/wp\/v2\/users\/2"}],"replies":[{"embeddable":true,"href":"https:\/\/meremuuseum.ee\/paksmargareeta\/wp-json\/wp\/v2\/comments?post=16958"}],"version-history":[{"count":59,"href":"https:\/\/meremuuseum.ee\/paksmargareeta\/wp-json\/wp\/v2\/pages\/16958\/revisions"}],"predecessor-version":[{"id":23783,"href":"https:\/\/meremuuseum.ee\/paksmargareeta\/wp-json\/wp\/v2\/pages\/16958\/revisions\/23783"}],"up":[{"embeddable":true,"href":"https:\/\/meremuuseum.ee\/paksmargareeta\/wp-json\/wp\/v2\/pages\/16953"}],"wp:attachment":[{"href":"https:\/\/meremuuseum.ee\/paksmargareeta\/wp-json\/wp\/v2\/media?parent=16958"}],"curies":[{"name":"wp","href":"https:\/\/api.w.org\/{rel}","templated":true}]}}