{"id":17544,"date":"2019-01-04T15:32:33","date_gmt":"2019-01-04T13:32:33","guid":{"rendered":"http:\/\/meremuuseum.ee\/paksmargareeta\/historiasta-ja-merenkulusta-kiinnostuneille\/arendusprojekt\/"},"modified":"2022-02-15T11:30:48","modified_gmt":"2022-02-15T09:30:48","slug":"kehittamishanke","status":"publish","type":"page","link":"https:\/\/meremuuseum.ee\/paksmargareeta\/fi\/historiasta-ja-merenkulusta-kiinnostuneille\/kehittamishanke\/","title":{"rendered":"Kehitt\u00e4mishanke"},"content":{"rendered":"<p><strong>Palkinnot Paksun Margareetan museo-vierailukeskukselle:<\/strong><\/p>\n<p><strong>2022 \u2013 <\/strong>The Estonian Tourism and Travel Association: Best Tourism Establishment of the Year 2021<\/p>\n<p><strong>2021 \u2013 <\/strong>European Museum Academy: III place in the Luigi Micheletti Award category, the category of best practices in museums<\/p>\n<p><strong>2021 \u2013 <\/strong>The pan-European competition European Design Awards: III place for interactive solutions<\/p>\n<p><strong>2020 \u2013 <\/strong>The pan-European competition Heritage in Motion: an award for digital solutions in the best achievement category<\/p>\n<p><strong>2020 \u2013 <\/strong>The Destination of Sustainable Cultural Tourism Awards: II place in the Maritime, Coastal and Aquatic Heritage category<\/p>\n<p><strong>2021 \u2013 <\/strong>The Cultural Endowment of Estonia\u2019s endowment of folk culture: museums\u2019 prize of the year<\/p>\n<p><strong>2020 \u2013 <\/strong>The Estonian Museums\u2019 annual awards: best permanent exhibition \u2018Towering Tales of the Sea\u2019, museum developer<\/p>\n<p><strong>2020 \u2013 <\/strong>The creativity and design award Kuldmuna: for the graphic design (Polaar Studio) and for the digital solutions (Platvorm) of the Fat Margaret Tower\u2019s exposition<\/p>\n<p><strong>2020 \u2013 <\/strong>Tallinn Enterprise Board: Tourism Action of the Year<\/p>\n<p><strong>2020 \u2013 <\/strong>Estonian Association of the Blind: Action of the Year<\/p>\n<p><strong>2020 \u2013 <\/strong>Estonian Association of Architectural and Consulting Engineering Companies: Construction Project of the Year<\/p>\n<p class=\"western\"><strong><span lang=\"fi-FI\"><br \/>\nKehitt\u00e4mishankkeen aikajana:<\/span><\/strong><\/p>\n<p>&nbsp;<\/p>\n<ul>\n<li>Paksun Margareetan museo-vierailukeskuksen konsepti sai alkunsa vuonna 2015, kun Tallinnan Kadriorgista l\u00f6ydettiin harvinainen keskiaikainen hylky, koggi.<\/li>\n<li>Vuonna 2016 Viron merimuseon kuraattorit aloittavat uuden n\u00e4yttelyn edellytt\u00e4m\u00e4n tutkimusty\u00f6n.<\/li>\n<li>Kes\u00e4ll\u00e4 2016 julistetaan ideakilpailu rakennukseen uuden arkkitehtonisen ratkaisun l\u00f6yt\u00e4miseksi. Kilpailun voittaa arkkitehtitoimisto KOKO Arhitektid kilpailuty\u00f6ll\u00e4 \u201dLaine\u201d.<\/li>\n<li>Vuonna 2017 Inphysica Technology voittaa sisustussuunnitelmakilpailun ty\u00f6ll\u00e4\u00e4n \u201dVetemaa\u201d.<\/li>\n<li>Syksyll\u00e4 2017 aloittaa hankkeen voittanut Platvorm O\u00dc n\u00e4yttelyn digitaalisten ratkaisujen kehitt\u00e4misen.<\/li>\n<li>Tammikuuta 2018 suljetaan huhtikuusta 1981 l\u00e4htien avoinna ollut n\u00e4yttely. Valtava muutto alkaa.<\/li>\n<li>Toukokuussa 2018 p\u00e4\u00e4tt\u00e4\u00e4 Viron yritystoimintaa tukeva s\u00e4\u00e4ti\u00f6 \u201dEttev\u00f5tluse Arendamise Sihtasutus\u201d (EAS) rahoittaa hanketta \u201dPaksun Margareetan rakennusten kehitt\u00e4minen nykyaikaiseksi perhekeskeiseksi museo-vierailukeskukseksi\u201d perhematkailukohteiden tukemiseen tarkoitetuista varoista 2,07 miljoonalla eurolla.<\/li>\n<li>Toukokuussa 2018 aloittaa Polaar O\u00dc koko n\u00e4yttelyn graafisen identiteetin luomisen.<\/li>\n<li>Kes\u00e4kuussa 2018 allekirjoitetaan rakennusurakkasopimus p\u00e4\u00e4urakoitsija Acres O\u00dc:n kanssa.<\/li>\n<li><span lang=\"fi-FI\">Syksyll\u00e4 2018 l\u00f6ydet\u00e4\u00e4n rakennust\u00f6iden aikana Paksun Margareetan tornin alta <a href=\"https:\/\/meremuuseum.ee\/paks-margareeta\/paksu-margareeta-torni-alt-leiti-keskaegseid-muuriosi\/\" target=\"_blank\" rel=\"noopener noreferrer\">keskiaikaisia muurinkappaleita<\/a> ja sis\u00e4pihalta <a href=\"https:\/\/meremuuseum.ee\/paks-margareeta\/paksu-margareeta-maapou-paljastas-kaks-keskaegset-ehitist\/\" target=\"_blank\" rel=\"noopener noreferrer\">muurinkappale ja kanava<\/a>, joiden avulla historiantutkijat saavat mahdollisuuden t\u00e4sment\u00e4\u00e4 kaupungin keskiaikaisista puolustusrakenteista saamaansa kuvaa. L\u00f6yt\u00f6jen esittelemist\u00e4 varten tehd\u00e4\u00e4n muutoksia suunnitelmiin.<\/span><\/li>\n<li><span lang=\"fi-FI\">16. lokakuuta 2018 sijoitetaan koggisaliin kehitt\u00e4mishankkeeseen viittaava <a href=\"https:\/\/meremuuseum.ee\/paks-margareeta\/paksu-margareeta-muuseum-kulastuskeskus-saab-tana-nurgakivi\/\" target=\"_blank\" rel=\"noopener noreferrer\">kulmakivikapseli<\/a>. Joulukuussa 2018 l\u00f6ydet\u00e4\u00e4n tykkitornista tukipilareiden perustusten vahvistamisen yhteydess\u00e4 Viron merimuseon rakentamiseen liittyv\u00e4 aikakapseli vuodelta 1979. Kapseli laitetaan tornin tukipilariin takaisin.<\/span><\/li>\n<li>Alkutalvena 2018 kohosi sis\u00e4pihalle betonituki, joka odottaa tulevaa t\u00e4htiesinett\u00e4, koggia.\u00a0Huhtikuussa onnistuttiin kaksip\u00e4iv\u00e4isen logistisen operaation tuloksena kuljettamaan Lentosatamassa sijaitsevasta venehallista koggi-laivan hylky vanhankaupungin laitamille, ja yli 26 tonnia painanut lasti nostettiin kaupunginmuurin yli uuteen sijaintipaikkaansa.<\/li>\n<li>Toukokuussa 2019 asennettiin koggin saliin kattotuolit.<\/li>\n<li>Elokuuta 2019 asennettiin tykkitorniin hissi. Paksu Margareeta on nyt ainoa Tallinnan vanhankaupungin torni, johon p\u00e4\u00e4see hissill\u00e4.<\/li>\n<li>Syyskuuta 2019 pystytettiin pysyv\u00e4\u00e4n n\u00e4yttelyyn uudestaan Triin-purjelaivan masto, jonka alle asetettiin laulujuhlien juhlavuoden muistokolikko. Jatkettiin n\u00e4yttelyn kehitt\u00e4mist\u00e4.<\/li>\n<li>Paksun Margareetan museo-vierailukeskus avattiin 28. marraskuuta 2019.<\/li>\n<\/ul>\n<p><a href=\"https:\/\/meremuuseum.ee\/paksmargareeta\/wp-content\/uploads\/sites\/1\/2020\/12\/PM_t\u00e4nutahvel.pdf\">Kiit\u00e4mme projektin yhteisty\u00f6kumppaneita (.pdf)<\/a><\/p>\n<p><em>Euroopan aluekehitysrahaston osittain rahoittaman hankkeen nimi. Paks Margareeta -rakennuskokonaisuuden kehitt\u00e4minen perhekeskeiseksi museo-vierailukeskukseksi.<\/em><\/p>\n<p><em>Hankkeen lyhyt kuvaus: hankkeen tuloksena avataan Paks Margareetan nykyaikainen perhekeskeinen museo-vierailukeskus, joka rikastuttaa Viron matkailualaa ja tarjoaa perheineen matkustaville ulkomaisille matkailijoille lis\u00e4motivaatiota Tallinnassa vierailemiseen. Unescon maailmanperint\u00f6kohteiden luetteloon kuuluvan Tallinnan vanhan kaupungissa sijaitsevan ainutlaatuisen kohteen, Paks Margareeta -rakennuskokonaisuuden todellinen potentiaali t\u00e4rke\u00e4n\u00e4 maanmerkkin\u00e4 nostetaan kaupunginkuvassa selke\u00e4sti esiin ja perheille luodaan el\u00e4myksi\u00e4 ja uusia kokemuksia tarjoava merenk\u00e4ynnin historiasta tarinoita kertova n\u00e4yttely.<\/em><\/p>\n<p><em>Tavoite ja tulos: Hankkeen t\u00e4rkein tavoite on tarjota koko perheelle merenk\u00e4ynnin ja laivojen rakentamisen maailmaa esittelevi\u00e4 kiehtovia vierailuel\u00e4myksi\u00e4, joilla parannetaan Tallinnan houkuttelevuutta perhematkailun kohteena ja pidennet\u00e4\u00e4n perhematkailijoiden Tallinnassa viett\u00e4m\u00e4\u00e4 aikaa.<\/em><\/p>\n<p><em>Hankkeelle my\u00f6nnetty osarahoitus: 2 070 209,47 euroa.<\/em><\/p>\n","protected":false},"excerpt":{"rendered":"Palkinnot Paksun Margareetan museo-vierailukeskukselle: 2022 \u2013 The Estonian Tourism and Travel Association: Best Tourism Establishment of the Year 2021 2021 \u2013 European Museum Academy: III place in the Luigi Micheletti&#8230;","protected":false},"author":2,"featured_media":0,"parent":17533,"menu_order":1,"comment_status":"closed","ping_status":"closed","template":"","meta":{"_acf_changed":false,"advgb_blocks_editor_width":"","advgb_blocks_columns_visual_guide":"","footnotes":""},"class_list":["post-17544","page","type-page","status-publish","hentry"],"acf":[],"coauthors":[],"author_meta":{"author_link":"https:\/\/meremuuseum.ee\/paksmargareeta\/fi\/blog\/author\/reaktiiv-pm\/","display_name":"Reaktiiv Grupp"},"relative_dates":{"created":"Posted 7 vuotta ago","modified":"Updated 4 vuotta ago"},"absolute_dates":{"created":"Posted on 4. tammi 2019","modified":"Updated on 15. helmi 2022"},"absolute_dates_time":{"created":"Posted on 4. tammi 2019 15:32","modified":"Updated on 15. helmi 2022 11:30"},"featured_img_caption":"","featured_img":false,"series_order":"","_links":{"self":[{"href":"https:\/\/meremuuseum.ee\/paksmargareeta\/fi\/wp-json\/wp\/v2\/pages\/17544","targetHints":{"allow":["GET"]}}],"collection":[{"href":"https:\/\/meremuuseum.ee\/paksmargareeta\/fi\/wp-json\/wp\/v2\/pages"}],"about":[{"href":"https:\/\/meremuuseum.ee\/paksmargareeta\/fi\/wp-json\/wp\/v2\/types\/page"}],"author":[{"embeddable":true,"href":"https:\/\/meremuuseum.ee\/paksmargareeta\/fi\/wp-json\/wp\/v2\/users\/2"}],"replies":[{"embeddable":true,"href":"https:\/\/meremuuseum.ee\/paksmargareeta\/fi\/wp-json\/wp\/v2\/comments?post=17544"}],"version-history":[{"count":13,"href":"https:\/\/meremuuseum.ee\/paksmargareeta\/fi\/wp-json\/wp\/v2\/pages\/17544\/revisions"}],"predecessor-version":[{"id":21246,"href":"https:\/\/meremuuseum.ee\/paksmargareeta\/fi\/wp-json\/wp\/v2\/pages\/17544\/revisions\/21246"}],"up":[{"embeddable":true,"href":"https:\/\/meremuuseum.ee\/paksmargareeta\/fi\/wp-json\/wp\/v2\/pages\/17533"}],"wp:attachment":[{"href":"https:\/\/meremuuseum.ee\/paksmargareeta\/fi\/wp-json\/wp\/v2\/media?parent=17544"}],"curies":[{"name":"wp","href":"https:\/\/api.w.org\/{rel}","templated":true}]}}