{"id":17527,"date":"2019-01-17T12:24:08","date_gmt":"2019-01-17T10:24:08","guid":{"rendered":"http:\/\/meremuuseum.ee\/paksmargareeta\/?page_id=17527"},"modified":"2024-01-02T10:20:29","modified_gmt":"2024-01-02T08:20:29","slug":"museokierrokset","status":"publish","type":"page","link":"https:\/\/meremuuseum.ee\/paksmargareeta\/fi\/lapselle-ja-koululle\/museokierrokset\/","title":{"rendered":"Kierrokset koululaisille"},"content":{"rendered":"<ul>\n<li class=\"western\"><strong>Kierros &#8221;Paksu Margareeta- t\u00e4ynn\u00e4 tarinoita&#8221;, 60 minuttia<\/strong><\/li>\n<li><strong>Koggi- Ensimm\u00e4isen kerran olemme saaneet mahdollisuuden keskiaikana Tallinnaan tavaroita toimittaneen ja kaupungin kehitykseen t\u00e4rke\u00e4n panoksensa antaneen laivatyypin, koggin, v\u00e4litt\u00f6m\u00e4\u00e4n tutkimiseen. 60 minuttia<\/strong><\/li>\n<\/ul>\n<p>Ryhm\u00e4n koko: 15 henkil\u00f6\u00e4<br \/>\nKielet: EST \/ RUS \/ FIN \/ ENG \/ GER<\/p>\n<p>Hinta: 45 \u20ac viroksi \/ 55 \u20ac vieraalla kielell\u00e4<br \/>\nLis\u00e4ksi veloitetaan museolipun hinta. Enint\u00e4\u00e4n 8-vuotiaat lapset ilmaiseksi.<\/p>\n<p>Tiedot ja varaus:\u00a0<a href=\"mailto:booking@meremuuseum.ee\">booking@meremuuseum.ee<\/a>, +372 6200 550\u00a0(Ma\u2013Pe 9\u201317)<\/p>\n<p class=\"western\"><span lang=\"fi-FI\">Tutustu Lentosataman <a href=\"https:\/\/meremuuseum.ee\/lennusadam\/fi\/lentosatama\/\" target=\"_blank\" rel=\"noopener noreferrer\">museokierroksiin<\/a> (suomeksi).<\/span><\/p>\n","protected":false},"excerpt":{"rendered":"Kierros &#8221;Paksu Margareeta- t\u00e4ynn\u00e4 tarinoita&#8221;, 60 minuttia Koggi- Ensimm\u00e4isen kerran olemme saaneet mahdollisuuden keskiaikana Tallinnaan tavaroita toimittaneen ja kaupungin kehitykseen t\u00e4rke\u00e4n panoksensa antaneen laivatyypin, koggin, v\u00e4litt\u00f6m\u00e4\u00e4n tutkimiseen. 60 minuttia Ryhm\u00e4n&#8230;","protected":false},"author":2,"featured_media":0,"parent":17513,"menu_order":1,"comment_status":"closed","ping_status":"closed","template":"","meta":{"_acf_changed":false,"advgb_blocks_editor_width":"","advgb_blocks_columns_visual_guide":"","footnotes":""},"class_list":["post-17527","page","type-page","status-publish","hentry"],"acf":[],"coauthors":[],"author_meta":{"author_link":"https:\/\/meremuuseum.ee\/paksmargareeta\/fi\/blog\/author\/reaktiiv-pm\/","display_name":"Reaktiiv Grupp"},"relative_dates":{"created":"Posted 7 vuotta ago","modified":"Updated 2 vuotta ago"},"absolute_dates":{"created":"Posted on 17. tammi 2019","modified":"Updated on 2. tammi 2024"},"absolute_dates_time":{"created":"Posted on 17. tammi 2019 12:24","modified":"Updated on 2. tammi 2024 10:20"},"featured_img_caption":"","featured_img":false,"series_order":"","_links":{"self":[{"href":"https:\/\/meremuuseum.ee\/paksmargareeta\/fi\/wp-json\/wp\/v2\/pages\/17527","targetHints":{"allow":["GET"]}}],"collection":[{"href":"https:\/\/meremuuseum.ee\/paksmargareeta\/fi\/wp-json\/wp\/v2\/pages"}],"about":[{"href":"https:\/\/meremuuseum.ee\/paksmargareeta\/fi\/wp-json\/wp\/v2\/types\/page"}],"author":[{"embeddable":true,"href":"https:\/\/meremuuseum.ee\/paksmargareeta\/fi\/wp-json\/wp\/v2\/users\/2"}],"replies":[{"embeddable":true,"href":"https:\/\/meremuuseum.ee\/paksmargareeta\/fi\/wp-json\/wp\/v2\/comments?post=17527"}],"version-history":[{"count":7,"href":"https:\/\/meremuuseum.ee\/paksmargareeta\/fi\/wp-json\/wp\/v2\/pages\/17527\/revisions"}],"predecessor-version":[{"id":22404,"href":"https:\/\/meremuuseum.ee\/paksmargareeta\/fi\/wp-json\/wp\/v2\/pages\/17527\/revisions\/22404"}],"up":[{"embeddable":true,"href":"https:\/\/meremuuseum.ee\/paksmargareeta\/fi\/wp-json\/wp\/v2\/pages\/17513"}],"wp:attachment":[{"href":"https:\/\/meremuuseum.ee\/paksmargareeta\/fi\/wp-json\/wp\/v2\/media?parent=17527"}],"curies":[{"name":"wp","href":"https:\/\/api.w.org\/{rel}","templated":true}]}}