{"id":23647,"date":"2026-01-26T08:52:19","date_gmt":"2026-01-26T06:52:19","guid":{"rendered":"https:\/\/meremuuseum.ee\/paksmargareeta\/?page_id=23647"},"modified":"2026-01-26T09:16:30","modified_gmt":"2026-01-26T07:16:30","slug":"estonian-lighthouses-on-postage-stamps-1995-2025-roman-matkiewicz-visual-historian-at-the-maritime-museum-60","status":"publish","type":"page","link":"https:\/\/meremuuseum.ee\/paksmargareeta\/en\/estonian-lighthouses-on-postage-stamps-1995-2025-roman-matkiewicz-visual-historian-at-the-maritime-museum-60\/","title":{"rendered":"COMING SOON &#8220;Estonian lighthouses on postage stamps 1995\u20132025.&#8221;"},"content":{"rendered":"<h5><strong><span lang=\"EN-GB\">Roman\u00a0Matkiewicz, visual historian at the Maritime Museum, 60<\/span><\/strong><\/h5>\n<h5 style=\"font-weight: 400\"><strong>19.02 \u2013 30.08.2026<\/strong><\/h5>\n<h5 style=\"font-weight: 400\"><strong>Fat Margaret<\/strong><\/h5>\n<p><img decoding=\"async\" width=\"853\" height=\"533\" class=\"alignnone size-full wp-image-23382\" src=\"https:\/\/meremuuseum.ee\/paksmargareeta\/wp-content\/uploads\/sites\/1\/2025\/09\/tuletornid-postmarkidel_koduleht_853x533px.png\" alt=\"\" srcset=\"https:\/\/meremuuseum.ee\/paksmargareeta\/wp-content\/uploads\/sites\/1\/2025\/09\/tuletornid-postmarkidel_koduleht_853x533px.png 853w, https:\/\/meremuuseum.ee\/paksmargareeta\/wp-content\/uploads\/sites\/1\/2025\/09\/tuletornid-postmarkidel_koduleht_853x533px-250x156.png 250w, https:\/\/meremuuseum.ee\/paksmargareeta\/wp-content\/uploads\/sites\/1\/2025\/09\/tuletornid-postmarkidel_koduleht_853x533px-700x437.png 700w, https:\/\/meremuuseum.ee\/paksmargareeta\/wp-content\/uploads\/sites\/1\/2025\/09\/tuletornid-postmarkidel_koduleht_853x533px-768x480.png 768w, https:\/\/meremuuseum.ee\/paksmargareeta\/wp-content\/uploads\/sites\/1\/2025\/09\/tuletornid-postmarkidel_koduleht_853x533px-120x75.png 120w, https:\/\/meremuuseum.ee\/paksmargareeta\/wp-content\/uploads\/sites\/1\/2025\/09\/tuletornid-postmarkidel_koduleht_853x533px-480x300.png 480w\" sizes=\"(max-width: 853px) 100vw, 853px\" \/><\/p>\n<p style=\"font-weight: 400\">When Eesti Post issued a stamp featuring the Pakri Lighthouse in 1995, designed by Roman Matkiewicz, no one could have imagined it would spark a creative collaboration spanning more than 30 years. Indeed, over the decades, 38 more Estonian lighthouses found their way onto stamps.<\/p>\n<p style=\"font-weight: 400\">The result is both a philatelic treasure and a maritime history landmark, now presented in full at the new exhibition.<\/p>\n<p style=\"font-weight: 400\">On display are enlarged reproductions of all 39 stamps, alongside selected originals, maximum cards, first-day covers, and postmarks.<\/p>\n<p style=\"font-weight: 400\">Matkiewicz, a long-time visual historian of the Estonian Maritime Museum, first sketched every lighthouse on location. His journeys across the country over the years have left him with countless stories to share.<\/p>\n<p style=\"font-weight: 400\">Among other things, we learn how to capture Estonia\u2019s very own \u2018leaning tower\u2019, the Kiipsaare Lighthouse; which beacon required trekking across a frozen sea to draw; and which lighthouse now exists only on a stamp.<\/p>\n<p style=\"font-weight: 400\">The exhibition celebrates two milestones at once: Roman Matkiewicz\u2019s 60th birthday and the 30th anniversary of the very first lighthouse stamp. Warm congratulations \u2013 and may the work of illuminating history continue!<\/p>\n<p>&nbsp;<\/p>\n<p style=\"font-weight: 400\"><strong>Curator: Roman Matkiewicz<\/strong><\/p>\n<p>&nbsp;<\/p>\n<p style=\"font-weight: 400\"><strong>Exhibition Team:<\/strong><\/p>\n<p style=\"font-weight: 400\"><strong>Exhibition Concept:<\/strong> Urmas Dresen, Member of the Board of the Estonian Maritime Museum<br \/>\n<strong>Author:<\/strong> Roman Matkiewicz, Visual Historian at the Estonian Maritime Museum<\/p>\n<p style=\"font-weight: 400\"><strong>Creative Writing:<\/strong> Jakob Laulik<br \/>\n<strong>Language Editing:<\/strong> Hille Salu\u00e4\u00e4r, Antenna<br \/>\n<strong>Translations:<\/strong> Avatar O\u00dc<br \/>\n<strong>Design:<\/strong> K\u00e4rt Talvik, Fly Illustration<br \/>\n<strong>Exhibition Production:<\/strong> Digitr\u00fckk O\u00dc<\/p>\n<p style=\"font-weight: 400\"><strong>Estonian Maritime Museum Team:<\/strong><br \/>\n<strong>Collections:<\/strong> Eve Paavel, Evelyn Silmet, Andres Eero<br \/>\n<strong>Marketing:<\/strong> Iris Tomson<br \/>\n<strong>Communication:<\/strong> Laura Maide<br \/>\n<strong>Children\u2019s Lighthouse:<\/strong> Irma Mets<br \/>\n<strong>Project Manager:<\/strong> Teele Siig<\/p>\n<p style=\"font-weight: 400\"><strong>Special Thanks:<\/strong><br \/>\nEstonian National Museum, Estonian Lighthouse Society, Kaupo Kalda, National Archives, Hannes Nagel (OMNIVA), P\u00e4rtel Keskk\u00fcla (Transport Administration), Andy R\u00fctkinen (State Fleet), Vaido Lillemaa<\/p>\n","protected":false},"excerpt":{"rendered":"Roman\u00a0Matkiewicz, visual historian at the Maritime Museum, 60 19.02 \u2013 30.08.2026 Fat Margaret When Eesti Post issued a stamp featuring the Pakri Lighthouse in 1995, designed by Roman Matkiewicz, no&#8230;","protected":false},"author":16,"featured_media":0,"parent":0,"menu_order":0,"comment_status":"closed","ping_status":"closed","template":"","meta":{"_acf_changed":false,"advgb_blocks_editor_width":"","advgb_blocks_columns_visual_guide":"","footnotes":""},"class_list":["post-23647","page","type-page","status-publish","hentry"],"acf":[],"coauthors":[],"author_meta":{"author_link":"https:\/\/meremuuseum.ee\/paksmargareeta\/en\/blog\/author\/laura\/","display_name":"laura"},"relative_dates":{"created":"Posted 3 months ago","modified":"Updated 3 months ago"},"absolute_dates":{"created":"Posted on 26. Jan 2026","modified":"Updated on 26. Jan 2026"},"absolute_dates_time":{"created":"Posted on 26. Jan 2026 08:52","modified":"Updated on 26. Jan 2026 09:16"},"featured_img_caption":"","featured_img":false,"series_order":"","_links":{"self":[{"href":"https:\/\/meremuuseum.ee\/paksmargareeta\/en\/wp-json\/wp\/v2\/pages\/23647","targetHints":{"allow":["GET"]}}],"collection":[{"href":"https:\/\/meremuuseum.ee\/paksmargareeta\/en\/wp-json\/wp\/v2\/pages"}],"about":[{"href":"https:\/\/meremuuseum.ee\/paksmargareeta\/en\/wp-json\/wp\/v2\/types\/page"}],"author":[{"embeddable":true,"href":"https:\/\/meremuuseum.ee\/paksmargareeta\/en\/wp-json\/wp\/v2\/users\/16"}],"replies":[{"embeddable":true,"href":"https:\/\/meremuuseum.ee\/paksmargareeta\/en\/wp-json\/wp\/v2\/comments?post=23647"}],"version-history":[{"count":8,"href":"https:\/\/meremuuseum.ee\/paksmargareeta\/en\/wp-json\/wp\/v2\/pages\/23647\/revisions"}],"predecessor-version":[{"id":23668,"href":"https:\/\/meremuuseum.ee\/paksmargareeta\/en\/wp-json\/wp\/v2\/pages\/23647\/revisions\/23668"}],"wp:attachment":[{"href":"https:\/\/meremuuseum.ee\/paksmargareeta\/en\/wp-json\/wp\/v2\/media?parent=23647"}],"curies":[{"name":"wp","href":"https:\/\/api.w.org\/{rel}","templated":true}]}}