{"id":7198,"date":"2026-05-13T09:06:24","date_gmt":"2026-05-13T09:06:24","guid":{"rendered":"https:\/\/meremuuseum.ee\/lennusadam\/?page_id=7198"},"modified":"2026-05-13T11:01:36","modified_gmt":"2026-05-13T11:01:36","slug":"programm-seltskonnale","status":"publish","type":"page","link":"https:\/\/meremuuseum.ee\/lennusadam\/programm-seltskonnale\/","title":{"rendered":"Programm seltskonnale"},"content":{"rendered":"\n<p><strong>Kalevi m\u00fcsteerium<\/strong><br><em>Legendaarse allveelaeva Lembitu k\u00f5rval alustad uurimist, mis viib Eesti kuulsaima merem\u00fcsteeriumini \u2013 kadunud\u00a0s\u00f5sarlaeva\u00a0Kalevini. Meeskondadega kogute t\u00f5endeid, murrate koode, eristate usaldusv\u00e4\u00e4rseid allikaid valej\u00e4lgedest ja panete l\u00f5puks kokku oma versiooni\u00a0Kalevi\u00a0kadumisest. Finaalis n\u00e4itame, millistele ajaloolistele materjalidele uurimine p\u00e4riselt toetub ja kuidas t\u00f6\u00f6tab allveearheoloogia.<\/em>\u00a0<\/p>\n\n\n\n<ul class=\"wp-block-list\">\n<li><strong>Kestus:<\/strong>\u00a090 min + toitlustus\u00a0<strong>Reval\u00a0Cafes\u00a0<\/strong>\u00a0<\/li>\n\n\n\n<li><strong>Grupi suurus:<\/strong>\u00a0kuni 20\u00a0<\/li>\n\n\n\n<li><strong>Keel:<\/strong>\u00a0EST\u00a0<\/li>\n\n\n\n<li>HIND:\u00a0<\/li>\n<\/ul>\n\n\n\n<p>esmasp\u00e4ev\u2013reede 179 \u20ac&nbsp;<\/p>\n\n\n\n<p>laup\u00e4ev\u2013p\u00fchap\u00e4ev (k.a riigip\u00fchad) 205 \u20ac&nbsp;<\/p>\n","protected":false},"excerpt":{"rendered":"Kalevi m\u00fcsteeriumLegendaarse allveelaeva Lembitu k\u00f5rval alustad uurimist, mis viib Eesti kuulsaima merem\u00fcsteeriumini \u2013 kadunud\u00a0s\u00f5sarlaeva\u00a0Kalevini. Meeskondadega kogute t\u00f5endeid, murrate koode, eristate usaldusv\u00e4\u00e4rseid allikaid valej\u00e4lgedest ja panete l\u00f5puks kokku oma versiooni\u00a0Kalevi\u00a0kadumisest. Finaalis&#8230;","protected":false},"author":5,"featured_media":0,"parent":0,"menu_order":0,"comment_status":"closed","ping_status":"closed","template":"","meta":{"_acf_changed":false,"_uag_custom_page_level_css":"","advgb_blocks_editor_width":"","advgb_blocks_columns_visual_guide":"","footnotes":""},"class_list":["post-7198","page","type-page","status-publish","hentry"],"acf":[],"yoast_head":"<!-- This site is optimized with the Yoast SEO plugin v26.6 - https:\/\/yoast.com\/wordpress\/plugins\/seo\/ -->\n<title>Programm seltskonnale - Lennusadam<\/title>\n<meta name=\"robots\" content=\"index, follow, max-snippet:-1, max-image-preview:large, max-video-preview:-1\" \/>\n<link rel=\"canonical\" href=\"https:\/\/meremuuseum.ee\/lennusadam\/programm-seltskonnale\/\" \/>\n<meta property=\"og:locale\" content=\"et_EE\" \/>\n<meta property=\"og:type\" content=\"article\" \/>\n<meta property=\"og:title\" content=\"Programm seltskonnale - Lennusadam\" \/>\n<meta property=\"og:description\" content=\"Kalevi m\u00fcsteeriumLegendaarse allveelaeva Lembitu k\u00f5rval alustad uurimist, mis viib Eesti kuulsaima merem\u00fcsteeriumini \u2013 kadunud\u00a0s\u00f5sarlaeva\u00a0Kalevini. Meeskondadega kogute t\u00f5endeid, murrate koode, eristate usaldusv\u00e4\u00e4rseid allikaid valej\u00e4lgedest ja panete l\u00f5puks kokku oma versiooni\u00a0Kalevi\u00a0kadumisest. Finaalis...\" \/>\n<meta property=\"og:url\" content=\"https:\/\/meremuuseum.ee\/lennusadam\/programm-seltskonnale\/\" \/>\n<meta property=\"og:site_name\" content=\"Lennusadam\" \/>\n<meta property=\"article:modified_time\" content=\"2026-05-13T11:01:36+00:00\" \/>\n<meta name=\"twitter:card\" content=\"summary_large_image\" \/>\n<meta name=\"twitter:label1\" content=\"Est. reading time\" \/>\n\t<meta name=\"twitter:data1\" content=\"1 minut\" \/>\n<script type=\"application\/ld+json\" class=\"yoast-schema-graph\">{\"@context\":\"https:\/\/schema.org\",\"@graph\":[{\"@type\":\"WebPage\",\"@id\":\"https:\/\/meremuuseum.ee\/lennusadam\/programm-seltskonnale\/\",\"url\":\"https:\/\/meremuuseum.ee\/lennusadam\/programm-seltskonnale\/\",\"name\":\"Programm seltskonnale - Lennusadam\",\"isPartOf\":{\"@id\":\"https:\/\/meremuuseum.ee\/lennusadam\/#website\"},\"datePublished\":\"2026-05-13T09:06:24+00:00\",\"dateModified\":\"2026-05-13T11:01:36+00:00\",\"breadcrumb\":{\"@id\":\"https:\/\/meremuuseum.ee\/lennusadam\/programm-seltskonnale\/#breadcrumb\"},\"inLanguage\":\"et\",\"potentialAction\":[{\"@type\":\"ReadAction\",\"target\":[\"https:\/\/meremuuseum.ee\/lennusadam\/programm-seltskonnale\/\"]}]},{\"@type\":\"BreadcrumbList\",\"@id\":\"https:\/\/meremuuseum.ee\/lennusadam\/programm-seltskonnale\/#breadcrumb\",\"itemListElement\":[{\"@type\":\"ListItem\",\"position\":1,\"name\":\"Home\",\"item\":\"https:\/\/meremuuseum.ee\/lennusadam\/\"},{\"@type\":\"ListItem\",\"position\":2,\"name\":\"Programm seltskonnale\"}]},{\"@type\":\"WebSite\",\"@id\":\"https:\/\/meremuuseum.ee\/lennusadam\/#website\",\"url\":\"https:\/\/meremuuseum.ee\/lennusadam\/\",\"name\":\"Lennusadam\",\"description\":\"\",\"potentialAction\":[{\"@type\":\"SearchAction\",\"target\":{\"@type\":\"EntryPoint\",\"urlTemplate\":\"https:\/\/meremuuseum.ee\/lennusadam\/?s={search_term_string}\"},\"query-input\":{\"@type\":\"PropertyValueSpecification\",\"valueRequired\":true,\"valueName\":\"search_term_string\"}}],\"inLanguage\":\"et\"}]}<\/script>\n<!-- \/ Yoast SEO plugin. -->","yoast_head_json":{"title":"Programm seltskonnale - Lennusadam","robots":{"index":"index","follow":"follow","max-snippet":"max-snippet:-1","max-image-preview":"max-image-preview:large","max-video-preview":"max-video-preview:-1"},"canonical":"https:\/\/meremuuseum.ee\/lennusadam\/programm-seltskonnale\/","og_locale":"et_EE","og_type":"article","og_title":"Programm seltskonnale - Lennusadam","og_description":"Kalevi m\u00fcsteeriumLegendaarse allveelaeva Lembitu k\u00f5rval alustad uurimist, mis viib Eesti kuulsaima merem\u00fcsteeriumini \u2013 kadunud\u00a0s\u00f5sarlaeva\u00a0Kalevini. Meeskondadega kogute t\u00f5endeid, murrate koode, eristate usaldusv\u00e4\u00e4rseid allikaid valej\u00e4lgedest ja panete l\u00f5puks kokku oma versiooni\u00a0Kalevi\u00a0kadumisest. Finaalis...","og_url":"https:\/\/meremuuseum.ee\/lennusadam\/programm-seltskonnale\/","og_site_name":"Lennusadam","article_modified_time":"2026-05-13T11:01:36+00:00","twitter_card":"summary_large_image","twitter_misc":{"Est. reading time":"1 minut"},"schema":{"@context":"https:\/\/schema.org","@graph":[{"@type":"WebPage","@id":"https:\/\/meremuuseum.ee\/lennusadam\/programm-seltskonnale\/","url":"https:\/\/meremuuseum.ee\/lennusadam\/programm-seltskonnale\/","name":"Programm seltskonnale - Lennusadam","isPartOf":{"@id":"https:\/\/meremuuseum.ee\/lennusadam\/#website"},"datePublished":"2026-05-13T09:06:24+00:00","dateModified":"2026-05-13T11:01:36+00:00","breadcrumb":{"@id":"https:\/\/meremuuseum.ee\/lennusadam\/programm-seltskonnale\/#breadcrumb"},"inLanguage":"et","potentialAction":[{"@type":"ReadAction","target":["https:\/\/meremuuseum.ee\/lennusadam\/programm-seltskonnale\/"]}]},{"@type":"BreadcrumbList","@id":"https:\/\/meremuuseum.ee\/lennusadam\/programm-seltskonnale\/#breadcrumb","itemListElement":[{"@type":"ListItem","position":1,"name":"Home","item":"https:\/\/meremuuseum.ee\/lennusadam\/"},{"@type":"ListItem","position":2,"name":"Programm seltskonnale"}]},{"@type":"WebSite","@id":"https:\/\/meremuuseum.ee\/lennusadam\/#website","url":"https:\/\/meremuuseum.ee\/lennusadam\/","name":"Lennusadam","description":"","potentialAction":[{"@type":"SearchAction","target":{"@type":"EntryPoint","urlTemplate":"https:\/\/meremuuseum.ee\/lennusadam\/?s={search_term_string}"},"query-input":{"@type":"PropertyValueSpecification","valueRequired":true,"valueName":"search_term_string"}}],"inLanguage":"et"}]}},"uagb_featured_image_src":{"full":false,"thumbnail":false,"medium":false,"medium_large":false,"large":false,"1536x1536":false,"2048x2048":false,"small":false,"custom-size":false,"post-preview":false,"gform-image-choice-sm":false,"gform-image-choice-md":false,"gform-image-choice-lg":false},"uagb_author_info":{"display_name":"ly","author_link":"https:\/\/meremuuseum.ee\/lennusadam\/author\/ly\/"},"uagb_comment_info":0,"uagb_excerpt":"Kalevi m\u00fcsteeriumLegendaarse allveelaeva Lembitu k\u00f5rval alustad uurimist, mis viib Eesti kuulsaima merem\u00fcsteeriumini \u2013 kadunud\u00a0s\u00f5sarlaeva\u00a0Kalevini. Meeskondadega kogute t\u00f5endeid, murrate koode, eristate usaldusv\u00e4\u00e4rseid allikaid valej\u00e4lgedest ja panete l\u00f5puks kokku oma versiooni\u00a0Kalevi\u00a0kadumisest. Finaalis...","coauthors":[],"author_meta":{"author_link":"https:\/\/meremuuseum.ee\/lennusadam\/author\/ly\/","display_name":"ly"},"relative_dates":{"created":"Posted 1 p\u00e4ev ago","modified":"Updated 1 p\u00e4ev ago"},"absolute_dates":{"created":"Posted on mai 13, 2026","modified":"Updated on mai 13, 2026"},"absolute_dates_time":{"created":"Posted on mai 13, 2026 9:06 e.l.","modified":"Updated on mai 13, 2026 11:01 e.l."},"featured_img_caption":"","featured_img":false,"series_order":"","_links":{"self":[{"href":"https:\/\/meremuuseum.ee\/lennusadam\/wp-json\/wp\/v2\/pages\/7198","targetHints":{"allow":["GET"]}}],"collection":[{"href":"https:\/\/meremuuseum.ee\/lennusadam\/wp-json\/wp\/v2\/pages"}],"about":[{"href":"https:\/\/meremuuseum.ee\/lennusadam\/wp-json\/wp\/v2\/types\/page"}],"author":[{"embeddable":true,"href":"https:\/\/meremuuseum.ee\/lennusadam\/wp-json\/wp\/v2\/users\/5"}],"replies":[{"embeddable":true,"href":"https:\/\/meremuuseum.ee\/lennusadam\/wp-json\/wp\/v2\/comments?post=7198"}],"version-history":[{"count":5,"href":"https:\/\/meremuuseum.ee\/lennusadam\/wp-json\/wp\/v2\/pages\/7198\/revisions"}],"predecessor-version":[{"id":7225,"href":"https:\/\/meremuuseum.ee\/lennusadam\/wp-json\/wp\/v2\/pages\/7198\/revisions\/7225"}],"wp:attachment":[{"href":"https:\/\/meremuuseum.ee\/lennusadam\/wp-json\/wp\/v2\/media?parent=7198"}],"curies":[{"name":"wp","href":"https:\/\/api.w.org\/{rel}","templated":true}]}}