{"id":7128,"date":"2026-04-09T11:04:45","date_gmt":"2026-04-09T11:04:45","guid":{"rendered":"https:\/\/meremuuseum.ee\/lennusadam\/?page_id=7128"},"modified":"2026-04-13T11:00:04","modified_gmt":"2026-04-13T11:00:04","slug":"tulekul-hobevalge-50","status":"publish","type":"page","link":"https:\/\/meremuuseum.ee\/lennusadam\/tulekul-hobevalge-50\/","title":{"rendered":"TULEKUL: H\u00f5bevalge 50"},"content":{"rendered":"\n<p><strong>H\u00d5BEVALGE<\/strong><br><strong>Kreeka maadeavastaja Pythease teekond Vahemerelt Saaremaale<\/strong><\/p>\n\n\n\n<p><strong>25.09.2026 \u2013 31.10.2027<br>Lennusadam<\/strong><\/p>\n\n\n\n<figure class=\"wp-block-image size-large\"><img loading=\"lazy\" decoding=\"async\" width=\"700\" height=\"437\" src=\"https:\/\/meremuuseum.ee\/lennusadam\/wp-content\/uploads\/sites\/4\/2026\/04\/hv_koduleht_2x853x533px_72dpi-700x437.jpg\" alt=\"\" class=\"wp-image-7124\" srcset=\"https:\/\/meremuuseum.ee\/lennusadam\/wp-content\/uploads\/sites\/4\/2026\/04\/hv_koduleht_2x853x533px_72dpi-700x437.jpg 700w, https:\/\/meremuuseum.ee\/lennusadam\/wp-content\/uploads\/sites\/4\/2026\/04\/hv_koduleht_2x853x533px_72dpi-250x156.jpg 250w, https:\/\/meremuuseum.ee\/lennusadam\/wp-content\/uploads\/sites\/4\/2026\/04\/hv_koduleht_2x853x533px_72dpi-768x480.jpg 768w, https:\/\/meremuuseum.ee\/lennusadam\/wp-content\/uploads\/sites\/4\/2026\/04\/hv_koduleht_2x853x533px_72dpi-1536x960.jpg 1536w, https:\/\/meremuuseum.ee\/lennusadam\/wp-content\/uploads\/sites\/4\/2026\/04\/hv_koduleht_2x853x533px_72dpi-120x75.jpg 120w, https:\/\/meremuuseum.ee\/lennusadam\/wp-content\/uploads\/sites\/4\/2026\/04\/hv_koduleht_2x853x533px_72dpi-480x300.jpg 480w, https:\/\/meremuuseum.ee\/lennusadam\/wp-content\/uploads\/sites\/4\/2026\/04\/hv_koduleht_2x853x533px_72dpi.jpg 1706w\" sizes=\"auto, (max-width: 700px) 100vw, 700px\" \/><\/figure>\n\n\n\n<p>2026. aastal t\u00e4itub Lennart Meri \u201eH\u00f5bevalge\u201c esmailmumisest 50 aastat. V\u00e4\u00e4rikat juubelit t\u00e4histatakse teosel p\u00f5hineva n\u00e4ituse ja filmiga ning \u201eH\u00f5bevalge\u201c uustr\u00fckiga. Lennusadamas avatav juubelin\u00e4itus viib k\u00fclastaja Kreeka maadeavastaja Pythease r\u00e4nnakute radadele Vahemerelt Saaremaale.<\/p>\n\n\n\n<p>Heli- ja valgusinstallatiivsel suurn\u00e4itusel p\u00f5imuvad ajalugu, m\u00fc\u00fct ja kaasaegne tehnoloogia ainulaadseks tervikuks. Esmakordselt Balti- ja P\u00f5hjamaades kasutatav NOUS Sonic\u2019u helilahendus v\u00f5imaldab&nbsp; k\u00fclastajal kogeda n\u00e4itust k\u00f5rvaklappide abil isikliku ja kordumatu helir\u00e4nnakuna. D\u00fcnaamilised helikeskkonnad ja valgusinstallatiivsed ruumid loovad s\u00fcvenemist soodustava atmosf\u00e4\u00e4ri, mis juhatab samm-sammult l\u00e4hemale n\u00e4ituse kulminatsioonile.<\/p>\n\n\n\n<p>N\u00e4ituse keskmes on Kaali meteoriidi lugu. K\u00fclastajatel avaneb harukordne v\u00f5imalus n\u00e4ha Saaremaalt leitud taevakeha fragmente ning kogeda valgusetenduse kaudu Kaali meteoriidi langemist \u2013 s\u00fcndmust, mis on j\u00e4tnud s\u00fcgava j\u00e4lje Eesti kultuurilukku ja \u00fchisesse m\u00e4luruumi. Lennart Meri t\u00f5lgendus seostab selle Pythease kirjeldatud \u201ep\u00e4ikese hauaga\u201c, sidudes muistse r\u00e4nnaku ja Eesti p\u00e4rimuse \u00fchtseks looks.<\/p>\n\n\n\n<p>N\u00e4itusel eksponeeritud esemed Lennart Meri perekonna erakogust ning Eesti, Soome, L\u00e4ti ja Leedu muuseumidest toovad esile nii ajaloolise kui ka kultuurilise m\u00f5\u00f5tme. Teiste seas on originaalesemetena eksponeeritud mitme tuhande aasta vanused Vahemere kaubandusartiklid ning m\u00f5nedki teised haruldased leiud.<\/p>\n\n\n\n<p>\u201eH\u00f5bevalge\u201c on n\u00e4itus, kus kohtuvad m\u00fc\u00fct ja tehnoloogia \u2013 see on ruumikogemus, mis kutsub avastama, m\u00f5testama ja kaasa elama.<\/p>\n\n\n\n<p><strong>N\u00c4ITUSE MEESKOND<\/strong><\/p>\n\n\n\n<p><strong>Kuraator ja loovjuht:<\/strong>&nbsp;Martti Helde<\/p>\n\n\n\n<p><strong>Konsultant:<\/strong>&nbsp;Mart Meri<\/p>\n\n\n\n<p><strong>Sisearhitekt:<\/strong>&nbsp;Liis Lindvere (KOKO arhitektid)<\/p>\n\n\n\n<p><strong>Graafiline disainer:<\/strong>&nbsp;Gertu Kallas<\/p>\n\n\n\n<p><strong>Helikujundaja:<\/strong>&nbsp;Janne Laine (Soome)<\/p>\n\n\n\n<p><strong>Valguskunstnik:<\/strong>&nbsp;Tristan Rebane<\/p>\n\n\n\n<p><strong>Videokunstnik:<\/strong>&nbsp;Mikk-Mait Kivi<\/p>\n\n\n\n<p><strong>3D-helis\u00fcsteem:<\/strong>&nbsp;NOUS&nbsp;Wissensmanagement FlexCo (Austria)<\/p>\n\n\n\n<p><strong>N\u00e4ituse ehitus:<\/strong>&nbsp;Siltau Systems O\u00dc<\/p>\n\n\n\n<p><strong>N\u00e4ituse graafika:<\/strong>&nbsp;Digitr\u00fckk O\u00dc<\/p>\n\n\n\n<p><strong>Kuulamislugude stsenarist:<\/strong>&nbsp;Pilleriin Raudam<\/p>\n\n\n\n<p><strong>Muinasjutu loo stsenaarium ja muuseumiharidus:<\/strong>\u00a0Kristel Bultot, Irma Mets, Helene Uppin<\/p>\n\n\n\n<p><strong>N\u00e4ituseruumi tekstide koostaja:<\/strong>&nbsp;Priit L\u00e4tti<\/p>\n\n\n\n<p><strong>Ajalookonsultant:<\/strong>&nbsp;Mait K\u00f5iv<\/p>\n\n\n\n<p><strong>Jutustajad:<\/strong>&nbsp;Sergo Vares, Evelin V\u00f5igemast<\/p>\n\n\n\n<p><strong>Esemete ettevalmistus ja installeerimine:<\/strong>&nbsp;Oksana Leontjeva<\/p>\n\n\n\n<p><strong>Esemete installeerimine:<\/strong>&nbsp;Villu Plink<\/p>\n\n\n\n<p><strong>Laevamudelite valmistaja:<\/strong>&nbsp;Eero Ehala<\/p>\n\n\n\n<p><strong>\u201cH\u00f5bevalge\u201d katkendite t\u00f5lge inglise keelde:<\/strong>&nbsp;Adam Cullen<\/p>\n\n\n\n<p><strong>N\u00e4itusetekstide t\u00f5lge inglise keelde:<\/strong>&nbsp;Interlex O\u00dc<\/p>\n\n\n\n<p><strong>Eestikeelne keeletoimetus: <\/strong>Hille Salu\u00e4\u00e4r<\/p>\n\n\n\n<p><strong>Ingliskeelne keeletoimetus: <\/strong>Kristopher Rikken<\/p>\n\n\n\n<p><strong>Kirjeldust\u00f5lge ja taktiilsete eksponaatide konsultatsioon:<\/strong>&nbsp;Artur R\u00e4pp<\/p>\n\n\n\n<p><strong>T\u00f5lge viipekeelde: <\/strong>MT\u00dc Viipelism<\/p>\n\n\n\n<p><strong>T\u00f5lge lihtsasse keelde: <\/strong>Kerttu Rakke, Janek Muru, Vaimupuu MT\u00dc<\/p>\n\n\n\n<p><strong>Valgustehnika tarnija:<\/strong>&nbsp;Progear O\u00dc&nbsp;<\/p>\n\n\n\n<p><strong>Tehnilised lahendused:<\/strong>&nbsp;Helina Torv, Valter Vaht<\/p>\n\n\n\n<p><strong>Turunduse projektijuht:<\/strong>&nbsp;Iris Tomson<\/p>\n\n\n\n<p><strong>Kommunikatsioonijuht:<\/strong>&nbsp;Laura Maide<\/p>\n\n\n\n<p><strong>Tehniline juht:<\/strong>&nbsp;T\u00f5nis Veltman<\/p>\n\n\n\n<p><strong>Projektijuht:<\/strong>&nbsp;Anna-Liisa \u00d5ispuu<\/p>\n\n\n\n<p><strong>N\u00e4ituse eksponaadid p\u00e4rinevad:<\/strong><\/p>\n\n\n\n<p>Lennart Meri perekonna erakogu;<\/p>\n\n\n\n<p>Eesti Ajaloomuuseum, Eesti Loodusmuuseum, Eesti Rahva Muuseum, Tallinna \u00dclikooli arheoloogia teaduskogu, Tartu \u00dclikooli loodusmuuseum, Helsingi \u00dclikooli muuseum Soomes, L\u00e4ti rahvuslik ajaloomuuseum,&nbsp;Palanga merevaigumuuseum Leedus<\/p>\n\n\n\n<p><strong>Toetajad: <\/strong>Eesti-Soome kultuurifond, Eesti Kultuurkapital, Reval Stone, Go Hotel Shnelli, Tallink Grupp<\/p>\n","protected":false},"excerpt":{"rendered":"H\u00d5BEVALGEKreeka maadeavastaja Pythease teekond Vahemerelt Saaremaale 25.09.2026 \u2013 31.10.2027Lennusadam 2026. aastal t\u00e4itub Lennart Meri \u201eH\u00f5bevalge\u201c esmailmumisest 50 aastat. V\u00e4\u00e4rikat juubelit t\u00e4histatakse teosel p\u00f5hineva n\u00e4ituse ja filmiga ning \u201eH\u00f5bevalge\u201c uustr\u00fckiga. Lennusadamas&#8230;","protected":false},"author":5,"featured_media":0,"parent":0,"menu_order":0,"comment_status":"closed","ping_status":"closed","template":"","meta":{"_acf_changed":false,"_uag_custom_page_level_css":"","advgb_blocks_editor_width":"","advgb_blocks_columns_visual_guide":"","footnotes":""},"class_list":["post-7128","page","type-page","status-publish","hentry"],"acf":[],"yoast_head":"<!-- This site is optimized with the Yoast SEO plugin v26.6 - https:\/\/yoast.com\/wordpress\/plugins\/seo\/ -->\n<title>TULEKUL: H\u00f5bevalge 50 - Lennusadam<\/title>\n<meta name=\"robots\" content=\"index, follow, max-snippet:-1, max-image-preview:large, max-video-preview:-1\" \/>\n<link rel=\"canonical\" href=\"https:\/\/meremuuseum.ee\/lennusadam\/tulekul-hobevalge-50\/\" \/>\n<meta property=\"og:locale\" content=\"et_EE\" \/>\n<meta property=\"og:type\" content=\"article\" \/>\n<meta property=\"og:title\" content=\"TULEKUL: H\u00f5bevalge 50 - Lennusadam\" \/>\n<meta property=\"og:description\" content=\"H\u00d5BEVALGEKreeka maadeavastaja Pythease teekond Vahemerelt Saaremaale 25.09.2026 \u2013 31.10.2027Lennusadam 2026. aastal t\u00e4itub Lennart Meri \u201eH\u00f5bevalge\u201c esmailmumisest 50 aastat. V\u00e4\u00e4rikat juubelit t\u00e4histatakse teosel p\u00f5hineva n\u00e4ituse ja filmiga ning \u201eH\u00f5bevalge\u201c uustr\u00fckiga. Lennusadamas...\" \/>\n<meta property=\"og:url\" content=\"https:\/\/meremuuseum.ee\/lennusadam\/tulekul-hobevalge-50\/\" \/>\n<meta property=\"og:site_name\" content=\"Lennusadam\" \/>\n<meta property=\"article:modified_time\" content=\"2026-04-13T11:00:04+00:00\" \/>\n<meta property=\"og:image\" content=\"https:\/\/meremuuseum.ee\/lennusadam\/wp-content\/uploads\/sites\/4\/2026\/04\/hv_koduleht_2x853x533px_72dpi.jpg\" \/>\n\t<meta property=\"og:image:width\" content=\"1706\" \/>\n\t<meta property=\"og:image:height\" content=\"1066\" \/>\n\t<meta property=\"og:image:type\" content=\"image\/jpeg\" \/>\n<meta name=\"twitter:card\" content=\"summary_large_image\" \/>\n<meta name=\"twitter:label1\" content=\"Est. reading time\" \/>\n\t<meta name=\"twitter:data1\" content=\"3 minutit\" \/>\n<script type=\"application\/ld+json\" class=\"yoast-schema-graph\">{\"@context\":\"https:\/\/schema.org\",\"@graph\":[{\"@type\":\"WebPage\",\"@id\":\"https:\/\/meremuuseum.ee\/lennusadam\/tulekul-hobevalge-50\/\",\"url\":\"https:\/\/meremuuseum.ee\/lennusadam\/tulekul-hobevalge-50\/\",\"name\":\"TULEKUL: H\u00f5bevalge 50 - Lennusadam\",\"isPartOf\":{\"@id\":\"https:\/\/meremuuseum.ee\/lennusadam\/#website\"},\"primaryImageOfPage\":{\"@id\":\"https:\/\/meremuuseum.ee\/lennusadam\/tulekul-hobevalge-50\/#primaryimage\"},\"image\":{\"@id\":\"https:\/\/meremuuseum.ee\/lennusadam\/tulekul-hobevalge-50\/#primaryimage\"},\"thumbnailUrl\":\"https:\/\/meremuuseum.ee\/lennusadam\/wp-content\/uploads\/sites\/4\/2026\/04\/hv_koduleht_2x853x533px_72dpi-700x437.jpg\",\"datePublished\":\"2026-04-09T11:04:45+00:00\",\"dateModified\":\"2026-04-13T11:00:04+00:00\",\"breadcrumb\":{\"@id\":\"https:\/\/meremuuseum.ee\/lennusadam\/tulekul-hobevalge-50\/#breadcrumb\"},\"inLanguage\":\"et\",\"potentialAction\":[{\"@type\":\"ReadAction\",\"target\":[\"https:\/\/meremuuseum.ee\/lennusadam\/tulekul-hobevalge-50\/\"]}]},{\"@type\":\"ImageObject\",\"inLanguage\":\"et\",\"@id\":\"https:\/\/meremuuseum.ee\/lennusadam\/tulekul-hobevalge-50\/#primaryimage\",\"url\":\"https:\/\/meremuuseum.ee\/lennusadam\/wp-content\/uploads\/sites\/4\/2026\/04\/hv_koduleht_2x853x533px_72dpi.jpg\",\"contentUrl\":\"https:\/\/meremuuseum.ee\/lennusadam\/wp-content\/uploads\/sites\/4\/2026\/04\/hv_koduleht_2x853x533px_72dpi.jpg\",\"width\":1706,\"height\":1066},{\"@type\":\"BreadcrumbList\",\"@id\":\"https:\/\/meremuuseum.ee\/lennusadam\/tulekul-hobevalge-50\/#breadcrumb\",\"itemListElement\":[{\"@type\":\"ListItem\",\"position\":1,\"name\":\"Home\",\"item\":\"https:\/\/meremuuseum.ee\/lennusadam\/\"},{\"@type\":\"ListItem\",\"position\":2,\"name\":\"TULEKUL: H\u00f5bevalge 50\"}]},{\"@type\":\"WebSite\",\"@id\":\"https:\/\/meremuuseum.ee\/lennusadam\/#website\",\"url\":\"https:\/\/meremuuseum.ee\/lennusadam\/\",\"name\":\"Lennusadam\",\"description\":\"\",\"potentialAction\":[{\"@type\":\"SearchAction\",\"target\":{\"@type\":\"EntryPoint\",\"urlTemplate\":\"https:\/\/meremuuseum.ee\/lennusadam\/?s={search_term_string}\"},\"query-input\":{\"@type\":\"PropertyValueSpecification\",\"valueRequired\":true,\"valueName\":\"search_term_string\"}}],\"inLanguage\":\"et\"}]}<\/script>\n<!-- \/ Yoast SEO plugin. -->","yoast_head_json":{"title":"TULEKUL: H\u00f5bevalge 50 - Lennusadam","robots":{"index":"index","follow":"follow","max-snippet":"max-snippet:-1","max-image-preview":"max-image-preview:large","max-video-preview":"max-video-preview:-1"},"canonical":"https:\/\/meremuuseum.ee\/lennusadam\/tulekul-hobevalge-50\/","og_locale":"et_EE","og_type":"article","og_title":"TULEKUL: H\u00f5bevalge 50 - Lennusadam","og_description":"H\u00d5BEVALGEKreeka maadeavastaja Pythease teekond Vahemerelt Saaremaale 25.09.2026 \u2013 31.10.2027Lennusadam 2026. aastal t\u00e4itub Lennart Meri \u201eH\u00f5bevalge\u201c esmailmumisest 50 aastat. V\u00e4\u00e4rikat juubelit t\u00e4histatakse teosel p\u00f5hineva n\u00e4ituse ja filmiga ning \u201eH\u00f5bevalge\u201c uustr\u00fckiga. Lennusadamas...","og_url":"https:\/\/meremuuseum.ee\/lennusadam\/tulekul-hobevalge-50\/","og_site_name":"Lennusadam","article_modified_time":"2026-04-13T11:00:04+00:00","og_image":[{"width":1706,"height":1066,"url":"https:\/\/meremuuseum.ee\/lennusadam\/wp-content\/uploads\/sites\/4\/2026\/04\/hv_koduleht_2x853x533px_72dpi.jpg","type":"image\/jpeg"}],"twitter_card":"summary_large_image","twitter_misc":{"Est. reading time":"3 minutit"},"schema":{"@context":"https:\/\/schema.org","@graph":[{"@type":"WebPage","@id":"https:\/\/meremuuseum.ee\/lennusadam\/tulekul-hobevalge-50\/","url":"https:\/\/meremuuseum.ee\/lennusadam\/tulekul-hobevalge-50\/","name":"TULEKUL: H\u00f5bevalge 50 - Lennusadam","isPartOf":{"@id":"https:\/\/meremuuseum.ee\/lennusadam\/#website"},"primaryImageOfPage":{"@id":"https:\/\/meremuuseum.ee\/lennusadam\/tulekul-hobevalge-50\/#primaryimage"},"image":{"@id":"https:\/\/meremuuseum.ee\/lennusadam\/tulekul-hobevalge-50\/#primaryimage"},"thumbnailUrl":"https:\/\/meremuuseum.ee\/lennusadam\/wp-content\/uploads\/sites\/4\/2026\/04\/hv_koduleht_2x853x533px_72dpi-700x437.jpg","datePublished":"2026-04-09T11:04:45+00:00","dateModified":"2026-04-13T11:00:04+00:00","breadcrumb":{"@id":"https:\/\/meremuuseum.ee\/lennusadam\/tulekul-hobevalge-50\/#breadcrumb"},"inLanguage":"et","potentialAction":[{"@type":"ReadAction","target":["https:\/\/meremuuseum.ee\/lennusadam\/tulekul-hobevalge-50\/"]}]},{"@type":"ImageObject","inLanguage":"et","@id":"https:\/\/meremuuseum.ee\/lennusadam\/tulekul-hobevalge-50\/#primaryimage","url":"https:\/\/meremuuseum.ee\/lennusadam\/wp-content\/uploads\/sites\/4\/2026\/04\/hv_koduleht_2x853x533px_72dpi.jpg","contentUrl":"https:\/\/meremuuseum.ee\/lennusadam\/wp-content\/uploads\/sites\/4\/2026\/04\/hv_koduleht_2x853x533px_72dpi.jpg","width":1706,"height":1066},{"@type":"BreadcrumbList","@id":"https:\/\/meremuuseum.ee\/lennusadam\/tulekul-hobevalge-50\/#breadcrumb","itemListElement":[{"@type":"ListItem","position":1,"name":"Home","item":"https:\/\/meremuuseum.ee\/lennusadam\/"},{"@type":"ListItem","position":2,"name":"TULEKUL: H\u00f5bevalge 50"}]},{"@type":"WebSite","@id":"https:\/\/meremuuseum.ee\/lennusadam\/#website","url":"https:\/\/meremuuseum.ee\/lennusadam\/","name":"Lennusadam","description":"","potentialAction":[{"@type":"SearchAction","target":{"@type":"EntryPoint","urlTemplate":"https:\/\/meremuuseum.ee\/lennusadam\/?s={search_term_string}"},"query-input":{"@type":"PropertyValueSpecification","valueRequired":true,"valueName":"search_term_string"}}],"inLanguage":"et"}]}},"uagb_featured_image_src":{"full":false,"thumbnail":false,"medium":false,"medium_large":false,"large":false,"1536x1536":false,"2048x2048":false,"small":false,"custom-size":false,"post-preview":false,"gform-image-choice-sm":false,"gform-image-choice-md":false,"gform-image-choice-lg":false},"uagb_author_info":{"display_name":"ly","author_link":"https:\/\/meremuuseum.ee\/lennusadam\/author\/ly\/"},"uagb_comment_info":0,"uagb_excerpt":"H\u00d5BEVALGEKreeka maadeavastaja Pythease teekond Vahemerelt Saaremaale 25.09.2026 \u2013 31.10.2027Lennusadam 2026. aastal t\u00e4itub Lennart Meri \u201eH\u00f5bevalge\u201c esmailmumisest 50 aastat. V\u00e4\u00e4rikat juubelit t\u00e4histatakse teosel p\u00f5hineva n\u00e4ituse ja filmiga ning \u201eH\u00f5bevalge\u201c uustr\u00fckiga. Lennusadamas...","coauthors":[],"author_meta":{"author_link":"https:\/\/meremuuseum.ee\/lennusadam\/author\/ly\/","display_name":"ly"},"relative_dates":{"created":"Posted 5 p\u00e4eva ago","modified":"Updated 1 p\u00e4ev ago"},"absolute_dates":{"created":"Posted on aprill 9, 2026","modified":"Updated on aprill 13, 2026"},"absolute_dates_time":{"created":"Posted on aprill 9, 2026 11:04 e.l.","modified":"Updated on aprill 13, 2026 11:00 e.l."},"featured_img_caption":"","featured_img":false,"series_order":"","_links":{"self":[{"href":"https:\/\/meremuuseum.ee\/lennusadam\/wp-json\/wp\/v2\/pages\/7128","targetHints":{"allow":["GET"]}}],"collection":[{"href":"https:\/\/meremuuseum.ee\/lennusadam\/wp-json\/wp\/v2\/pages"}],"about":[{"href":"https:\/\/meremuuseum.ee\/lennusadam\/wp-json\/wp\/v2\/types\/page"}],"author":[{"embeddable":true,"href":"https:\/\/meremuuseum.ee\/lennusadam\/wp-json\/wp\/v2\/users\/5"}],"replies":[{"embeddable":true,"href":"https:\/\/meremuuseum.ee\/lennusadam\/wp-json\/wp\/v2\/comments?post=7128"}],"version-history":[{"count":3,"href":"https:\/\/meremuuseum.ee\/lennusadam\/wp-json\/wp\/v2\/pages\/7128\/revisions"}],"predecessor-version":[{"id":7140,"href":"https:\/\/meremuuseum.ee\/lennusadam\/wp-json\/wp\/v2\/pages\/7128\/revisions\/7140"}],"wp:attachment":[{"href":"https:\/\/meremuuseum.ee\/lennusadam\/wp-json\/wp\/v2\/media?parent=7128"}],"curies":[{"name":"wp","href":"https:\/\/api.w.org\/{rel}","templated":true}]}}