{"id":477,"date":"2023-09-25T11:14:42","date_gmt":"2023-09-25T11:14:42","guid":{"rendered":"https:\/\/meremuuseum2.rktv.ee\/lennusadam\/?page_id=477"},"modified":"2025-05-15T13:04:40","modified_gmt":"2025-05-15T13:04:40","slug":"lennusadama-lugu","status":"publish","type":"page","link":"https:\/\/meremuuseum.ee\/lennusadam\/muuseum\/lennusadama-lugu\/","title":{"rendered":"Lennusadama lugu"},"content":{"rendered":"\n<p><strong>Lennusadamas<\/strong>\u00a0asub P\u00f5hja-Euroopa \u00fcks k\u00f5ige uhkemaid meremuuseume. Siin on ehtne allveelaev Lembit 1930ndatest, paadid ja purjekad, sajandivanune aurik-j\u00e4\u00e4murdja Suur T\u00f5ll, vesilennuk Short 184 koopia, miinid, kahurid ning palju muid elusuuruses eksponaate. Suur akvaarium ja mitmed simulaatorid muudavad Lennusadama k\u00fclastuse meeldej\u00e4\u00e4vaks elamuseks kogu perele.<\/p>\n\n\n\n<p><strong>Tegevust j\u00e4tkub k\u00f5igile:<\/strong><\/p>\n\n\n\n<ul class=\"wp-block-list\">\n<li>v\u00f5imalus tellida ekskursioone nii eesti kui ka mitmes muus keeles;<\/li>\n\n\n\n<li>suurep\u00e4rase valikuga mereteemaline muuseumipood ning kohvik-restoran MARU;<\/li>\n\n\n\n<li>t\u00f6\u00f6tav sadam, laevad ja purjekad, tore mere- ja linnavaade ning laste m\u00e4nguv\u00e4ljak;<\/li>\n\n\n\n<li>sisukad programmid lastele ja t\u00e4iskasvanutele.<\/li>\n\n\n\n<li>Angaari on v\u00f5imalik rentida ka \u00f5htusteks \u00fcritusteks kuni 1500 inimesele!<\/li>\n<\/ul>\n\n\n\n<p>Info ja broneerimine: +372 6200 550,&nbsp;<a href=\"mailto:booking@meremuuseum.ee\">booking@meremuuseum.ee<\/a><\/p>\n\n\n\n<p>Lennusadam rajati koos vesilennukite angaariga sada aastat tagasi Vene tsaar Nikolai II k\u00e4sul, osana Peeter Suure merekindlusest. Angaar on oma arhitektuurilt erakordne hoone: need olid esimesed nii suured, ainsagi sisemise tugipostita raudbetoonkuplid maailmas. Kuni Teise Maailmas\u00f5jani seisid siin vesilennukid!<\/p>\n\n\n\n<p><strong>Tunnustused:<\/strong><\/p>\n\n\n\n<ul class=\"wp-block-list\">\n<li>Aasta Arendusprojekt 2012<\/li>\n\n\n\n<li>Aasta Turismiobjekt ja Aasta Turismiarendja 2012<\/li>\n\n\n\n<li>Muuseumirott 2012<\/li>\n\n\n\n<li>Aasta Turundustegu ja Turundustiim 2012<\/li>\n\n\n\n<li>Peres\u00f5bralikem muuseum 2012<\/li>\n\n\n\n<li>Meremuuseumi direktor Urmas Dresen valiti Postimehe Aasta inimeseks 2012.<\/li>\n\n\n\n<li>Lennusadama rekonstrueerinud ja tema visuaalse identiteedi loonud KOKO arhitektid ja Produktsioonigrupp on samuti saanud palju auhindu: muude seas<\/li>\n\n\n\n<li>Parim Disainiobjekt 2012<\/li>\n\n\n\n<li>Aasta Betoonehitis 2012<\/li>\n\n\n\n<li>Aasta Ehitusprojekt 2012<\/li>\n<\/ul>\n\n\n\n<p>Neist k\u00f5ige olulisem rahvusvaheline tunnustus:<\/p>\n\n\n\n<ul class=\"wp-block-list\">\n<li>Europa Nostra Grand Prix 2013, mis on Euroopa Liidu k\u00f5rgeim kultuurip\u00e4randiauhind.<\/li>\n<\/ul>\n","protected":false},"excerpt":{"rendered":"Lennusadamas\u00a0asub P\u00f5hja-Euroopa \u00fcks k\u00f5ige uhkemaid meremuuseume. Siin on ehtne allveelaev Lembit 1930ndatest, paadid ja purjekad, sajandivanune aurik-j\u00e4\u00e4murdja Suur T\u00f5ll, vesilennuk Short 184 koopia, miinid, kahurid ning palju muid elusuuruses eksponaate&#8230;.","protected":false},"author":2,"featured_media":0,"parent":475,"menu_order":0,"comment_status":"closed","ping_status":"closed","template":"","meta":{"_acf_changed":false,"_uag_custom_page_level_css":"","advgb_blocks_editor_width":"","advgb_blocks_columns_visual_guide":"","footnotes":""},"class_list":["post-477","page","type-page","status-publish","hentry"],"acf":[],"yoast_head":"<!-- This site is optimized with the Yoast SEO plugin v26.6 - https:\/\/yoast.com\/wordpress\/plugins\/seo\/ -->\n<title>Lennusadama lugu - Lennusadam<\/title>\n<meta name=\"robots\" content=\"index, follow, max-snippet:-1, max-image-preview:large, max-video-preview:-1\" \/>\n<link rel=\"canonical\" href=\"https:\/\/meremuuseum.ee\/lennusadam\/muuseum\/lennusadama-lugu\/\" \/>\n<meta property=\"og:locale\" content=\"et_EE\" \/>\n<meta property=\"og:type\" content=\"article\" \/>\n<meta property=\"og:title\" content=\"Lennusadama lugu - Lennusadam\" \/>\n<meta property=\"og:description\" content=\"Lennusadamas\u00a0asub P\u00f5hja-Euroopa \u00fcks k\u00f5ige uhkemaid meremuuseume. Siin on ehtne allveelaev Lembit 1930ndatest, paadid ja purjekad, sajandivanune aurik-j\u00e4\u00e4murdja Suur T\u00f5ll, vesilennuk Short 184 koopia, miinid, kahurid ning palju muid elusuuruses eksponaate....\" \/>\n<meta property=\"og:url\" content=\"https:\/\/meremuuseum.ee\/lennusadam\/muuseum\/lennusadama-lugu\/\" \/>\n<meta property=\"og:site_name\" content=\"Lennusadam\" \/>\n<meta property=\"article:modified_time\" content=\"2025-05-15T13:04:40+00:00\" \/>\n<meta name=\"twitter:card\" content=\"summary_large_image\" \/>\n<meta name=\"twitter:label1\" content=\"Est. reading time\" \/>\n\t<meta name=\"twitter:data1\" content=\"2 minutit\" \/>\n<script type=\"application\/ld+json\" class=\"yoast-schema-graph\">{\"@context\":\"https:\/\/schema.org\",\"@graph\":[{\"@type\":\"WebPage\",\"@id\":\"https:\/\/meremuuseum.ee\/lennusadam\/muuseum\/lennusadama-lugu\/\",\"url\":\"https:\/\/meremuuseum.ee\/lennusadam\/muuseum\/lennusadama-lugu\/\",\"name\":\"Lennusadama lugu - Lennusadam\",\"isPartOf\":{\"@id\":\"https:\/\/meremuuseum.ee\/lennusadam\/#website\"},\"datePublished\":\"2023-09-25T11:14:42+00:00\",\"dateModified\":\"2025-05-15T13:04:40+00:00\",\"breadcrumb\":{\"@id\":\"https:\/\/meremuuseum.ee\/lennusadam\/muuseum\/lennusadama-lugu\/#breadcrumb\"},\"inLanguage\":\"et\",\"potentialAction\":[{\"@type\":\"ReadAction\",\"target\":[\"https:\/\/meremuuseum.ee\/lennusadam\/muuseum\/lennusadama-lugu\/\"]}]},{\"@type\":\"BreadcrumbList\",\"@id\":\"https:\/\/meremuuseum.ee\/lennusadam\/muuseum\/lennusadama-lugu\/#breadcrumb\",\"itemListElement\":[{\"@type\":\"ListItem\",\"position\":1,\"name\":\"Home\",\"item\":\"https:\/\/meremuuseum.ee\/lennusadam\/\"},{\"@type\":\"ListItem\",\"position\":2,\"name\":\"N\u00e4itused\",\"item\":\"https:\/\/meremuuseum.ee\/lennusadam\/muuseum\/\"},{\"@type\":\"ListItem\",\"position\":3,\"name\":\"Lennusadama lugu\"}]},{\"@type\":\"WebSite\",\"@id\":\"https:\/\/meremuuseum.ee\/lennusadam\/#website\",\"url\":\"https:\/\/meremuuseum.ee\/lennusadam\/\",\"name\":\"Lennusadam\",\"description\":\"\",\"potentialAction\":[{\"@type\":\"SearchAction\",\"target\":{\"@type\":\"EntryPoint\",\"urlTemplate\":\"https:\/\/meremuuseum.ee\/lennusadam\/?s={search_term_string}\"},\"query-input\":{\"@type\":\"PropertyValueSpecification\",\"valueRequired\":true,\"valueName\":\"search_term_string\"}}],\"inLanguage\":\"et\"}]}<\/script>\n<!-- \/ Yoast SEO plugin. -->","yoast_head_json":{"title":"Lennusadama lugu - Lennusadam","robots":{"index":"index","follow":"follow","max-snippet":"max-snippet:-1","max-image-preview":"max-image-preview:large","max-video-preview":"max-video-preview:-1"},"canonical":"https:\/\/meremuuseum.ee\/lennusadam\/muuseum\/lennusadama-lugu\/","og_locale":"et_EE","og_type":"article","og_title":"Lennusadama lugu - Lennusadam","og_description":"Lennusadamas\u00a0asub P\u00f5hja-Euroopa \u00fcks k\u00f5ige uhkemaid meremuuseume. Siin on ehtne allveelaev Lembit 1930ndatest, paadid ja purjekad, sajandivanune aurik-j\u00e4\u00e4murdja Suur T\u00f5ll, vesilennuk Short 184 koopia, miinid, kahurid ning palju muid elusuuruses eksponaate....","og_url":"https:\/\/meremuuseum.ee\/lennusadam\/muuseum\/lennusadama-lugu\/","og_site_name":"Lennusadam","article_modified_time":"2025-05-15T13:04:40+00:00","twitter_card":"summary_large_image","twitter_misc":{"Est. reading time":"2 minutit"},"schema":{"@context":"https:\/\/schema.org","@graph":[{"@type":"WebPage","@id":"https:\/\/meremuuseum.ee\/lennusadam\/muuseum\/lennusadama-lugu\/","url":"https:\/\/meremuuseum.ee\/lennusadam\/muuseum\/lennusadama-lugu\/","name":"Lennusadama lugu - Lennusadam","isPartOf":{"@id":"https:\/\/meremuuseum.ee\/lennusadam\/#website"},"datePublished":"2023-09-25T11:14:42+00:00","dateModified":"2025-05-15T13:04:40+00:00","breadcrumb":{"@id":"https:\/\/meremuuseum.ee\/lennusadam\/muuseum\/lennusadama-lugu\/#breadcrumb"},"inLanguage":"et","potentialAction":[{"@type":"ReadAction","target":["https:\/\/meremuuseum.ee\/lennusadam\/muuseum\/lennusadama-lugu\/"]}]},{"@type":"BreadcrumbList","@id":"https:\/\/meremuuseum.ee\/lennusadam\/muuseum\/lennusadama-lugu\/#breadcrumb","itemListElement":[{"@type":"ListItem","position":1,"name":"Home","item":"https:\/\/meremuuseum.ee\/lennusadam\/"},{"@type":"ListItem","position":2,"name":"N\u00e4itused","item":"https:\/\/meremuuseum.ee\/lennusadam\/muuseum\/"},{"@type":"ListItem","position":3,"name":"Lennusadama lugu"}]},{"@type":"WebSite","@id":"https:\/\/meremuuseum.ee\/lennusadam\/#website","url":"https:\/\/meremuuseum.ee\/lennusadam\/","name":"Lennusadam","description":"","potentialAction":[{"@type":"SearchAction","target":{"@type":"EntryPoint","urlTemplate":"https:\/\/meremuuseum.ee\/lennusadam\/?s={search_term_string}"},"query-input":{"@type":"PropertyValueSpecification","valueRequired":true,"valueName":"search_term_string"}}],"inLanguage":"et"}]}},"uagb_featured_image_src":{"full":false,"thumbnail":false,"medium":false,"medium_large":false,"large":false,"1536x1536":false,"2048x2048":false,"small":false,"custom-size":false,"post-preview":false,"gform-image-choice-sm":false,"gform-image-choice-md":false,"gform-image-choice-lg":false},"uagb_author_info":{"display_name":"Reaktiiv Grupp","author_link":"https:\/\/meremuuseum.ee\/lennusadam\/author\/reaktiiv-pm\/"},"uagb_comment_info":0,"uagb_excerpt":"Lennusadamas\u00a0asub P\u00f5hja-Euroopa \u00fcks k\u00f5ige uhkemaid meremuuseume. Siin on ehtne allveelaev Lembit 1930ndatest, paadid ja purjekad, sajandivanune aurik-j\u00e4\u00e4murdja Suur T\u00f5ll, vesilennuk Short 184 koopia, miinid, kahurid ning palju muid elusuuruses eksponaate....","coauthors":[],"author_meta":{"author_link":"https:\/\/meremuuseum.ee\/lennusadam\/author\/reaktiiv-pm\/","display_name":"Reaktiiv Grupp"},"relative_dates":{"created":"Posted 3 aastat ago","modified":"Updated 11 kuud ago"},"absolute_dates":{"created":"Posted on september 25, 2023","modified":"Updated on mai 15, 2025"},"absolute_dates_time":{"created":"Posted on september 25, 2023 11:14 e.l.","modified":"Updated on mai 15, 2025 1:04 p.l."},"featured_img_caption":"","featured_img":false,"series_order":"","_links":{"self":[{"href":"https:\/\/meremuuseum.ee\/lennusadam\/wp-json\/wp\/v2\/pages\/477","targetHints":{"allow":["GET"]}}],"collection":[{"href":"https:\/\/meremuuseum.ee\/lennusadam\/wp-json\/wp\/v2\/pages"}],"about":[{"href":"https:\/\/meremuuseum.ee\/lennusadam\/wp-json\/wp\/v2\/types\/page"}],"author":[{"embeddable":true,"href":"https:\/\/meremuuseum.ee\/lennusadam\/wp-json\/wp\/v2\/users\/2"}],"replies":[{"embeddable":true,"href":"https:\/\/meremuuseum.ee\/lennusadam\/wp-json\/wp\/v2\/comments?post=477"}],"version-history":[{"count":2,"href":"https:\/\/meremuuseum.ee\/lennusadam\/wp-json\/wp\/v2\/pages\/477\/revisions"}],"predecessor-version":[{"id":5955,"href":"https:\/\/meremuuseum.ee\/lennusadam\/wp-json\/wp\/v2\/pages\/477\/revisions\/5955"}],"up":[{"embeddable":true,"href":"https:\/\/meremuuseum.ee\/lennusadam\/wp-json\/wp\/v2\/pages\/475"}],"wp:attachment":[{"href":"https:\/\/meremuuseum.ee\/lennusadam\/wp-json\/wp\/v2\/media?parent=477"}],"curies":[{"name":"wp","href":"https:\/\/api.w.org\/{rel}","templated":true}]}}