{"id":4625,"date":"2024-04-22T20:14:11","date_gmt":"2024-04-22T20:14:11","guid":{"rendered":"https:\/\/meremuuseum.ee\/lennusadam\/?page_id=4625"},"modified":"2025-12-30T13:23:33","modified_gmt":"2025-12-30T13:23:33","slug":"koolilouna","status":"publish","type":"page","link":"https:\/\/meremuuseum.ee\/lennusadam\/koolilouna\/","title":{"rendered":"Koolil\u00f5una"},"content":{"rendered":"\n<h3 class=\"wp-block-heading\">Koolil\u00f5una tellimise tingimused:<\/h3>\n\n\n\n<ul class=\"wp-block-list\">\n<li>Koolimen\u00fc\u00fcd pakume ettetellimisel ainult lasteaia- ja kooligruppidele<\/li>\n\n\n\n<li>Minimaalne grupi suurus on 10 inimest.<\/li>\n\n\n\n<li>Hinnad on \u00fche inimese kohta ja sisaldavad k\u00e4ibemaksu.<\/li>\n\n\n\n<li>Palume valida sama men\u00fc\u00fc kogu grupile.<\/li>\n\n\n\n<li>Hinnas sisaldub morss.<\/li>\n\n\n\n<li>Taimetoitlastele ja toiduallergikutele koostame etteteatamisel erimen\u00fc\u00fc.<\/li>\n\n\n\n<li>L\u00f5plik s\u00f6\u00f6jate arv ja men\u00fc\u00fcvalik tuleb kinnitada hiljemalt 3 t\u00f6\u00f6p\u00e4eva enne \u00fcritust, hiljem muudatusi teha ei saa.<\/li>\n\n\n\n<li>Tellimuse t\u00fchistamise korral v\u00e4hem kui 3 t\u00f6\u00f6p\u00e4eva enne toitlustamist on Lennusadama kohvikul \u00f5igus n\u00f5uda toitlustuse eest tasumist t\u00e4ies ulatuses vastavalt kinnitatud tellimusele.<\/li>\n\n\n\n<li>Palume kohvikusse j\u00f5uda kokkulepitud ajal. S\u00f6\u00f6miseks planeerige umbes 45 minutit.<\/li>\n\n\n\n<li>Tellimust tehes kinnitate, et olete toitlustuse tellimistingimusi lugenud ning n\u00f5ustute nendega.<\/li>\n<\/ul>\n\n\n\n<p><strong>K\u00fcsimused ja lisateave:<\/strong> <a href=\"mailto:booking@meremuuseum.ee\">booking@meremuuseum.ee<\/a>, 6 200 550.<\/p>\n","protected":false},"excerpt":{"rendered":"Koolil\u00f5una tellimise tingimused: K\u00fcsimused ja lisateave: booking@meremuuseum.ee, 6 200 550.","protected":false},"author":2,"featured_media":0,"parent":0,"menu_order":0,"comment_status":"closed","ping_status":"closed","template":"","meta":{"_acf_changed":false,"_uag_custom_page_level_css":"","advgb_blocks_editor_width":"","advgb_blocks_columns_visual_guide":"","footnotes":""},"class_list":["post-4625","page","type-page","status-publish","hentry"],"acf":[],"yoast_head":"<!-- This site is optimized with the Yoast SEO plugin v26.6 - https:\/\/yoast.com\/wordpress\/plugins\/seo\/ -->\n<title>Koolil\u00f5una - Lennusadam<\/title>\n<meta name=\"robots\" content=\"index, follow, max-snippet:-1, max-image-preview:large, max-video-preview:-1\" \/>\n<link rel=\"canonical\" href=\"https:\/\/meremuuseum.ee\/lennusadam\/koolilouna\/\" \/>\n<meta property=\"og:locale\" content=\"et_EE\" \/>\n<meta property=\"og:type\" content=\"article\" \/>\n<meta property=\"og:title\" content=\"Koolil\u00f5una - Lennusadam\" \/>\n<meta property=\"og:description\" content=\"Koolil\u00f5una tellimise tingimused: K\u00fcsimused ja lisateave: booking@meremuuseum.ee, 6 200 550.\" \/>\n<meta property=\"og:url\" content=\"https:\/\/meremuuseum.ee\/lennusadam\/koolilouna\/\" \/>\n<meta property=\"og:site_name\" content=\"Lennusadam\" \/>\n<meta property=\"article:modified_time\" content=\"2025-12-30T13:23:33+00:00\" \/>\n<meta name=\"twitter:card\" content=\"summary_large_image\" \/>\n<meta name=\"twitter:label1\" content=\"Est. reading time\" \/>\n\t<meta name=\"twitter:data1\" content=\"1 minut\" \/>\n<script type=\"application\/ld+json\" class=\"yoast-schema-graph\">{\"@context\":\"https:\/\/schema.org\",\"@graph\":[{\"@type\":\"WebPage\",\"@id\":\"https:\/\/meremuuseum.ee\/lennusadam\/koolilouna\/\",\"url\":\"https:\/\/meremuuseum.ee\/lennusadam\/koolilouna\/\",\"name\":\"Koolil\u00f5una - Lennusadam\",\"isPartOf\":{\"@id\":\"https:\/\/meremuuseum.ee\/lennusadam\/#website\"},\"datePublished\":\"2024-04-22T20:14:11+00:00\",\"dateModified\":\"2025-12-30T13:23:33+00:00\",\"breadcrumb\":{\"@id\":\"https:\/\/meremuuseum.ee\/lennusadam\/koolilouna\/#breadcrumb\"},\"inLanguage\":\"et\",\"potentialAction\":[{\"@type\":\"ReadAction\",\"target\":[\"https:\/\/meremuuseum.ee\/lennusadam\/koolilouna\/\"]}]},{\"@type\":\"BreadcrumbList\",\"@id\":\"https:\/\/meremuuseum.ee\/lennusadam\/koolilouna\/#breadcrumb\",\"itemListElement\":[{\"@type\":\"ListItem\",\"position\":1,\"name\":\"Home\",\"item\":\"https:\/\/meremuuseum.ee\/lennusadam\/\"},{\"@type\":\"ListItem\",\"position\":2,\"name\":\"Koolil\u00f5una\"}]},{\"@type\":\"WebSite\",\"@id\":\"https:\/\/meremuuseum.ee\/lennusadam\/#website\",\"url\":\"https:\/\/meremuuseum.ee\/lennusadam\/\",\"name\":\"Lennusadam\",\"description\":\"\",\"potentialAction\":[{\"@type\":\"SearchAction\",\"target\":{\"@type\":\"EntryPoint\",\"urlTemplate\":\"https:\/\/meremuuseum.ee\/lennusadam\/?s={search_term_string}\"},\"query-input\":{\"@type\":\"PropertyValueSpecification\",\"valueRequired\":true,\"valueName\":\"search_term_string\"}}],\"inLanguage\":\"et\"}]}<\/script>\n<!-- \/ Yoast SEO plugin. -->","yoast_head_json":{"title":"Koolil\u00f5una - Lennusadam","robots":{"index":"index","follow":"follow","max-snippet":"max-snippet:-1","max-image-preview":"max-image-preview:large","max-video-preview":"max-video-preview:-1"},"canonical":"https:\/\/meremuuseum.ee\/lennusadam\/koolilouna\/","og_locale":"et_EE","og_type":"article","og_title":"Koolil\u00f5una - Lennusadam","og_description":"Koolil\u00f5una tellimise tingimused: K\u00fcsimused ja lisateave: booking@meremuuseum.ee, 6 200 550.","og_url":"https:\/\/meremuuseum.ee\/lennusadam\/koolilouna\/","og_site_name":"Lennusadam","article_modified_time":"2025-12-30T13:23:33+00:00","twitter_card":"summary_large_image","twitter_misc":{"Est. reading time":"1 minut"},"schema":{"@context":"https:\/\/schema.org","@graph":[{"@type":"WebPage","@id":"https:\/\/meremuuseum.ee\/lennusadam\/koolilouna\/","url":"https:\/\/meremuuseum.ee\/lennusadam\/koolilouna\/","name":"Koolil\u00f5una - Lennusadam","isPartOf":{"@id":"https:\/\/meremuuseum.ee\/lennusadam\/#website"},"datePublished":"2024-04-22T20:14:11+00:00","dateModified":"2025-12-30T13:23:33+00:00","breadcrumb":{"@id":"https:\/\/meremuuseum.ee\/lennusadam\/koolilouna\/#breadcrumb"},"inLanguage":"et","potentialAction":[{"@type":"ReadAction","target":["https:\/\/meremuuseum.ee\/lennusadam\/koolilouna\/"]}]},{"@type":"BreadcrumbList","@id":"https:\/\/meremuuseum.ee\/lennusadam\/koolilouna\/#breadcrumb","itemListElement":[{"@type":"ListItem","position":1,"name":"Home","item":"https:\/\/meremuuseum.ee\/lennusadam\/"},{"@type":"ListItem","position":2,"name":"Koolil\u00f5una"}]},{"@type":"WebSite","@id":"https:\/\/meremuuseum.ee\/lennusadam\/#website","url":"https:\/\/meremuuseum.ee\/lennusadam\/","name":"Lennusadam","description":"","potentialAction":[{"@type":"SearchAction","target":{"@type":"EntryPoint","urlTemplate":"https:\/\/meremuuseum.ee\/lennusadam\/?s={search_term_string}"},"query-input":{"@type":"PropertyValueSpecification","valueRequired":true,"valueName":"search_term_string"}}],"inLanguage":"et"}]}},"uagb_featured_image_src":{"full":false,"thumbnail":false,"medium":false,"medium_large":false,"large":false,"1536x1536":false,"2048x2048":false,"small":false,"custom-size":false,"post-preview":false,"gform-image-choice-sm":false,"gform-image-choice-md":false,"gform-image-choice-lg":false},"uagb_author_info":{"display_name":"Reaktiiv Grupp","author_link":"https:\/\/meremuuseum.ee\/lennusadam\/author\/reaktiiv-pm\/"},"uagb_comment_info":0,"uagb_excerpt":"Koolil\u00f5una tellimise tingimused: K\u00fcsimused ja lisateave: booking@meremuuseum.ee, 6 200 550.","coauthors":[],"author_meta":{"author_link":"https:\/\/meremuuseum.ee\/lennusadam\/author\/reaktiiv-pm\/","display_name":"Reaktiiv Grupp"},"relative_dates":{"created":"Posted 2 aastat ago","modified":"Updated 4 kuud ago"},"absolute_dates":{"created":"Posted on aprill 22, 2024","modified":"Updated on detsember 30, 2025"},"absolute_dates_time":{"created":"Posted on aprill 22, 2024 8:14 p.l.","modified":"Updated on detsember 30, 2025 1:23 p.l."},"featured_img_caption":"","featured_img":false,"series_order":"","_links":{"self":[{"href":"https:\/\/meremuuseum.ee\/lennusadam\/wp-json\/wp\/v2\/pages\/4625","targetHints":{"allow":["GET"]}}],"collection":[{"href":"https:\/\/meremuuseum.ee\/lennusadam\/wp-json\/wp\/v2\/pages"}],"about":[{"href":"https:\/\/meremuuseum.ee\/lennusadam\/wp-json\/wp\/v2\/types\/page"}],"author":[{"embeddable":true,"href":"https:\/\/meremuuseum.ee\/lennusadam\/wp-json\/wp\/v2\/users\/2"}],"replies":[{"embeddable":true,"href":"https:\/\/meremuuseum.ee\/lennusadam\/wp-json\/wp\/v2\/comments?post=4625"}],"version-history":[{"count":23,"href":"https:\/\/meremuuseum.ee\/lennusadam\/wp-json\/wp\/v2\/pages\/4625\/revisions"}],"predecessor-version":[{"id":6424,"href":"https:\/\/meremuuseum.ee\/lennusadam\/wp-json\/wp\/v2\/pages\/4625\/revisions\/6424"}],"wp:attachment":[{"href":"https:\/\/meremuuseum.ee\/lennusadam\/wp-json\/wp\/v2\/media?parent=4625"}],"curies":[{"name":"wp","href":"https:\/\/api.w.org\/{rel}","templated":true}]}}