{"id":4607,"date":"2024-04-22T19:58:44","date_gmt":"2024-04-22T19:58:44","guid":{"rendered":"https:\/\/meremuuseum.ee\/lennusadam\/?page_id=4607"},"modified":"2024-04-22T19:58:45","modified_gmt":"2024-04-22T19:58:45","slug":"porgu-laanemerel","status":"publish","type":"page","link":"https:\/\/meremuuseum.ee\/lennusadam\/porgu-laanemerel\/","title":{"rendered":"P\u00f5rgu L\u00e4\u00e4nemerel"},"content":{"rendered":"\n<ul class=\"wp-block-list\"><li>Lennusadamas<\/li><li>9.-12. klassile<\/li><li>Kestus kuni 90 min<\/li><li>Kohtumine tunni l\u00e4biviijaga Lennusadama fuajees, kust edasi liigub grupp Suurele T\u00f5llule. J\u00e4tke v\u00e4lisriided selga!<\/li><\/ul>\n\n\n\n<p><strong>Muuseumitunni eesm\u00e4rk on tutvustada Tallinna evakuatsiooni ja sellele eelnenud ning j\u00e4rgnenud s\u00fcndmusi II maailmas\u00f5ja keerises.<\/strong><\/p>\n\n\n\n<p>Muuseumitunnis avatakse II maailmas\u00f5ja s\u00fcndmuste konteksti, Juminda miinilahingule eelnenud s\u00fcndmusi ja okupatsioonide vaheldumist. Muuseumitunni lugu on \u00fcles ehitatud Juminda miinilahingus osalenud inimeste m\u00e4lestustele. K\u00e4sitletakse ka N\u00f5ukogude Liitu evakueerunud kultuuritegelaste loomingut okupatsioonide ajal, toetades nii kunsti-, kirjandus- kui ka muusikaajaloo teadmisi.<\/p>\n\n\n\n<ul class=\"wp-block-list\"><li>Muuseumitund toetab h\u00e4sti II maailmas\u00f5ja teema k\u00e4sitlemist koolis. Enne tundi soovitame vaadata Eesti S\u00f5jamuuseumi \u2013 kindral Laidoneri Muuseumi tellimusel valminud <a href=\"https:\/\/www.youtube.com\/watch?v=1TxtCe6U0Cg\" target=\"_blank\" rel=\"noreferrer noopener\">videot 1941. Aasta s\u00f5jategevusest<\/a> Eesti territooriumil. Samuti soovitame vaadata saadet &#8220;<a href=\"https:\/\/arhiiv.err.ee\/video\/vaata\/eesti-aja-lood-okupatsioonid-pealetung\" target=\"_blank\" rel=\"noreferrer noopener\">Eesti aja lood. Okupatsioonid: 61, Pealetung.<\/a>&#8220;<\/li><li>P\u00e4rast tundi soovitame vaadata <a href=\"https:\/\/www.youtube.com\/watch?v=7qw_OKlMP5I\" target=\"_blank\" rel=\"noreferrer noopener\">S\u00f5jamuuseumi videot 1944. Aasta s\u00f5jategevusest<\/a> Eestis ning otsida tegevusi E-Koolikotist <a href=\"https:\/\/e-koolikott.ee\/et\/oppematerjal\/31682-Porgu-Laanemerel\" target=\"_blank\" rel=\"noreferrer noopener\">m\u00e4rks\u00f5na alt \u201cjuminda miinilahing<\/a>.\u201d Samuti soovitame kuulata Gustav Ernesaksa pala \u201eMu isamaa on minu arm\u201c (Lydia Koidula s\u00f5nadele) ning <a href=\"https:\/\/klassikaraadio.err.ee\/913816\/jarjehoidja-gustav-ernesaks-lydia-koidula-mu-isamaa-on-minu-arm-75-aastat-loomisest\" target=\"_blank\" rel=\"noreferrer noopener\">saadet sarjast \u201eJ\u00e4rjehoidja\u201c<\/a>, mis r\u00e4\u00e4gib pala loomisloost. P\u00e4rast seda v\u00f5iksid \u00f5pilased kirjutada l\u00fchiessee \/ m\u00f5tiskluse teemal \u201eKoduigatsus kui loomingut s\u00fctitav j\u00f5ud.\u201c<\/li><li>Teemaga s\u00fcvitsi tegelemiseks olenemata sellest, kas k\u00fclastate muuseumitundi v\u00f5i mitte, soovitame huvilistel lugeda Mati \u00d5una raamatut \u201cJuminda miinilahing\u201d, vaadata Mati Talviku ajaloosarja \u201cEesti aja lood \u2013 okupatsioonid\u201d ning kuulata <a href=\"https:\/\/kuku.postimees.ee\/podcast\/jukuraadio\/105574\" target=\"_blank\" rel=\"noreferrer noopener\">Kuku raadio saadet<\/a>, kus intervjueeritakse miinilahingut m\u00e4letavaid inimesi ning E<a href=\"https:\/\/soundcloud.com\/eesti-meremuuseum\/sets\/merefoorum-porgu-laeaenemerel?si=d9a27b121f0145019fdbff9446b83800&amp;utm_source=clipboard&amp;utm_medium=text&amp;utm_campaign=social_sharing\" target=\"_blank\" rel=\"noreferrer noopener\">esti Meremuuseumi taskuh\u00e4\u00e4lingute sarja &#8220;P\u00f5rgu L\u00e4\u00e4nemerel.&#8221;<\/a><\/li><\/ul>\n\n\n\n<p><strong>\u00d5ppekavaga koosk\u00f5lalised \u00f5piv\u00e4ljundid<\/strong><\/p>\n\n\n\n<ol class=\"wp-block-list\"><li>\u00d5pilane teab, miks 1941 augustis n\u00f5ukogude v\u00e4ed ja nende kaaskondsed Tallinnast evakueeriti;<ul><li>Kirjeldab Eesti Vabariigi iseseisvuse kaotamist;<\/li><li>Selgitab, millised s\u00fcndmused eelnesid Tallinna evakueerimisele 1941. aasta augustis;<\/li><li>Teab, millal algas ja l\u00f5ppes Teine maailmas\u00f5da;<\/li><li>M\u00e4rgib ajateljele okupatsiooniv\u00f5imude vaheldumise, baaside lepingu, Molotovi-Ribbentropi pakti s\u00f5lmimise ning suured k\u00fc\u00fcditamised. Selgitab nende s\u00fcndmuste t\u00e4htsust Eesti ajaloos;<\/li><li>G\u00fcmnaasiumi\u00f5pilane teab, kes oli Otto Tief.<\/li><\/ul><\/li><li>Nimetab kultuuritegelasi, kes viibisid saksa okupatsiooni ajal N\u00f5ukogude Liidu tagalas ning toob n\u00e4iteid nende loomingust, mis on loodud sel perioodil, vahetult p\u00e4rast naasmist Eestisse v\u00f5i k\u00e4sitlevad tagalas veedetud aega.<ul><li>Teab, et Gustav Ernesaks kirjutas pala \u201eMu isamaa on minu arm\u201c Lydia Koidula s\u00f5nadele 1944. Jaroslavlis.<\/li><\/ul><\/li><li>Teab, et Juminda miinilahing oli \u00fcks ohvriterikkamaid meres\u00f5ja katastroofe maailma ajaloos.<ul><li>M\u00e4rgib Soome lahe kaardil Tallinna evakuatsiooni teekonna, miinit\u00f5kete paiknemise ning selgitab Soome lahe t\u00f5kestamise strateegilisi tagamaid;<\/li><li>v\u00f5rdleb Juminda miinilahingut Pearl Harbori ja Normandia Dessandi s\u00fcndmustega;<\/li><li>selgitab p\u00f5hjuseid, miks nii paljud inimesed miinilahingus hukkusid.<\/li><\/ul><\/li><\/ol>\n","protected":false},"excerpt":{"rendered":"Lennusadamas 9.-12. klassile Kestus kuni 90 min Kohtumine tunni l\u00e4biviijaga Lennusadama fuajees, kust edasi liigub grupp Suurele T\u00f5llule. J\u00e4tke v\u00e4lisriided selga! Muuseumitunni eesm\u00e4rk on tutvustada Tallinna evakuatsiooni ja sellele eelnenud&#8230;","protected":false},"author":2,"featured_media":0,"parent":0,"menu_order":0,"comment_status":"closed","ping_status":"closed","template":"","meta":{"_acf_changed":false,"_uag_custom_page_level_css":"","advgb_blocks_editor_width":"","advgb_blocks_columns_visual_guide":"","footnotes":""},"class_list":["post-4607","page","type-page","status-publish","hentry"],"acf":[],"yoast_head":"<!-- This site is optimized with the Yoast SEO plugin v26.6 - https:\/\/yoast.com\/wordpress\/plugins\/seo\/ -->\n<title>P\u00f5rgu L\u00e4\u00e4nemerel - Lennusadam<\/title>\n<meta name=\"robots\" content=\"index, follow, max-snippet:-1, max-image-preview:large, max-video-preview:-1\" \/>\n<link rel=\"canonical\" href=\"https:\/\/meremuuseum.ee\/lennusadam\/porgu-laanemerel\/\" \/>\n<meta property=\"og:locale\" content=\"et_EE\" \/>\n<meta property=\"og:type\" content=\"article\" \/>\n<meta property=\"og:title\" content=\"P\u00f5rgu L\u00e4\u00e4nemerel - Lennusadam\" \/>\n<meta property=\"og:description\" content=\"Lennusadamas 9.-12. klassile Kestus kuni 90 min Kohtumine tunni l\u00e4biviijaga Lennusadama fuajees, kust edasi liigub grupp Suurele T\u00f5llule. J\u00e4tke v\u00e4lisriided selga! Muuseumitunni eesm\u00e4rk on tutvustada Tallinna evakuatsiooni ja sellele eelnenud...\" \/>\n<meta property=\"og:url\" content=\"https:\/\/meremuuseum.ee\/lennusadam\/porgu-laanemerel\/\" \/>\n<meta property=\"og:site_name\" content=\"Lennusadam\" \/>\n<meta property=\"article:modified_time\" content=\"2024-04-22T19:58:45+00:00\" \/>\n<meta name=\"twitter:card\" content=\"summary_large_image\" \/>\n<meta name=\"twitter:label1\" content=\"Est. reading time\" \/>\n\t<meta name=\"twitter:data1\" content=\"2 minutit\" \/>\n<script type=\"application\/ld+json\" class=\"yoast-schema-graph\">{\"@context\":\"https:\/\/schema.org\",\"@graph\":[{\"@type\":\"WebPage\",\"@id\":\"https:\/\/meremuuseum.ee\/lennusadam\/porgu-laanemerel\/\",\"url\":\"https:\/\/meremuuseum.ee\/lennusadam\/porgu-laanemerel\/\",\"name\":\"P\u00f5rgu L\u00e4\u00e4nemerel - Lennusadam\",\"isPartOf\":{\"@id\":\"https:\/\/meremuuseum.ee\/lennusadam\/#website\"},\"datePublished\":\"2024-04-22T19:58:44+00:00\",\"dateModified\":\"2024-04-22T19:58:45+00:00\",\"breadcrumb\":{\"@id\":\"https:\/\/meremuuseum.ee\/lennusadam\/porgu-laanemerel\/#breadcrumb\"},\"inLanguage\":\"et\",\"potentialAction\":[{\"@type\":\"ReadAction\",\"target\":[\"https:\/\/meremuuseum.ee\/lennusadam\/porgu-laanemerel\/\"]}]},{\"@type\":\"BreadcrumbList\",\"@id\":\"https:\/\/meremuuseum.ee\/lennusadam\/porgu-laanemerel\/#breadcrumb\",\"itemListElement\":[{\"@type\":\"ListItem\",\"position\":1,\"name\":\"Home\",\"item\":\"https:\/\/meremuuseum.ee\/lennusadam\/\"},{\"@type\":\"ListItem\",\"position\":2,\"name\":\"P\u00f5rgu L\u00e4\u00e4nemerel\"}]},{\"@type\":\"WebSite\",\"@id\":\"https:\/\/meremuuseum.ee\/lennusadam\/#website\",\"url\":\"https:\/\/meremuuseum.ee\/lennusadam\/\",\"name\":\"Lennusadam\",\"description\":\"\",\"potentialAction\":[{\"@type\":\"SearchAction\",\"target\":{\"@type\":\"EntryPoint\",\"urlTemplate\":\"https:\/\/meremuuseum.ee\/lennusadam\/?s={search_term_string}\"},\"query-input\":{\"@type\":\"PropertyValueSpecification\",\"valueRequired\":true,\"valueName\":\"search_term_string\"}}],\"inLanguage\":\"et\"}]}<\/script>\n<!-- \/ Yoast SEO plugin. -->","yoast_head_json":{"title":"P\u00f5rgu L\u00e4\u00e4nemerel - Lennusadam","robots":{"index":"index","follow":"follow","max-snippet":"max-snippet:-1","max-image-preview":"max-image-preview:large","max-video-preview":"max-video-preview:-1"},"canonical":"https:\/\/meremuuseum.ee\/lennusadam\/porgu-laanemerel\/","og_locale":"et_EE","og_type":"article","og_title":"P\u00f5rgu L\u00e4\u00e4nemerel - Lennusadam","og_description":"Lennusadamas 9.-12. klassile Kestus kuni 90 min Kohtumine tunni l\u00e4biviijaga Lennusadama fuajees, kust edasi liigub grupp Suurele T\u00f5llule. J\u00e4tke v\u00e4lisriided selga! Muuseumitunni eesm\u00e4rk on tutvustada Tallinna evakuatsiooni ja sellele eelnenud...","og_url":"https:\/\/meremuuseum.ee\/lennusadam\/porgu-laanemerel\/","og_site_name":"Lennusadam","article_modified_time":"2024-04-22T19:58:45+00:00","twitter_card":"summary_large_image","twitter_misc":{"Est. reading time":"2 minutit"},"schema":{"@context":"https:\/\/schema.org","@graph":[{"@type":"WebPage","@id":"https:\/\/meremuuseum.ee\/lennusadam\/porgu-laanemerel\/","url":"https:\/\/meremuuseum.ee\/lennusadam\/porgu-laanemerel\/","name":"P\u00f5rgu L\u00e4\u00e4nemerel - Lennusadam","isPartOf":{"@id":"https:\/\/meremuuseum.ee\/lennusadam\/#website"},"datePublished":"2024-04-22T19:58:44+00:00","dateModified":"2024-04-22T19:58:45+00:00","breadcrumb":{"@id":"https:\/\/meremuuseum.ee\/lennusadam\/porgu-laanemerel\/#breadcrumb"},"inLanguage":"et","potentialAction":[{"@type":"ReadAction","target":["https:\/\/meremuuseum.ee\/lennusadam\/porgu-laanemerel\/"]}]},{"@type":"BreadcrumbList","@id":"https:\/\/meremuuseum.ee\/lennusadam\/porgu-laanemerel\/#breadcrumb","itemListElement":[{"@type":"ListItem","position":1,"name":"Home","item":"https:\/\/meremuuseum.ee\/lennusadam\/"},{"@type":"ListItem","position":2,"name":"P\u00f5rgu L\u00e4\u00e4nemerel"}]},{"@type":"WebSite","@id":"https:\/\/meremuuseum.ee\/lennusadam\/#website","url":"https:\/\/meremuuseum.ee\/lennusadam\/","name":"Lennusadam","description":"","potentialAction":[{"@type":"SearchAction","target":{"@type":"EntryPoint","urlTemplate":"https:\/\/meremuuseum.ee\/lennusadam\/?s={search_term_string}"},"query-input":{"@type":"PropertyValueSpecification","valueRequired":true,"valueName":"search_term_string"}}],"inLanguage":"et"}]}},"uagb_featured_image_src":{"full":false,"thumbnail":false,"medium":false,"medium_large":false,"large":false,"1536x1536":false,"2048x2048":false,"small":false,"custom-size":false,"post-preview":false,"gform-image-choice-sm":false,"gform-image-choice-md":false,"gform-image-choice-lg":false},"uagb_author_info":{"display_name":"Reaktiiv Grupp","author_link":"https:\/\/meremuuseum.ee\/lennusadam\/author\/reaktiiv-pm\/"},"uagb_comment_info":0,"uagb_excerpt":"Lennusadamas 9.-12. klassile Kestus kuni 90 min Kohtumine tunni l\u00e4biviijaga Lennusadama fuajees, kust edasi liigub grupp Suurele T\u00f5llule. J\u00e4tke v\u00e4lisriided selga! Muuseumitunni eesm\u00e4rk on tutvustada Tallinna evakuatsiooni ja sellele eelnenud...","coauthors":[],"author_meta":{"author_link":"https:\/\/meremuuseum.ee\/lennusadam\/author\/reaktiiv-pm\/","display_name":"Reaktiiv Grupp"},"relative_dates":{"created":"Posted 2 aastat ago","modified":"Updated 2 aastat ago"},"absolute_dates":{"created":"Posted on aprill 22, 2024","modified":"Updated on aprill 22, 2024"},"absolute_dates_time":{"created":"Posted on aprill 22, 2024 7:58 p.l.","modified":"Updated on aprill 22, 2024 7:58 p.l."},"featured_img_caption":"","featured_img":false,"series_order":"","_links":{"self":[{"href":"https:\/\/meremuuseum.ee\/lennusadam\/wp-json\/wp\/v2\/pages\/4607","targetHints":{"allow":["GET"]}}],"collection":[{"href":"https:\/\/meremuuseum.ee\/lennusadam\/wp-json\/wp\/v2\/pages"}],"about":[{"href":"https:\/\/meremuuseum.ee\/lennusadam\/wp-json\/wp\/v2\/types\/page"}],"author":[{"embeddable":true,"href":"https:\/\/meremuuseum.ee\/lennusadam\/wp-json\/wp\/v2\/users\/2"}],"replies":[{"embeddable":true,"href":"https:\/\/meremuuseum.ee\/lennusadam\/wp-json\/wp\/v2\/comments?post=4607"}],"version-history":[{"count":1,"href":"https:\/\/meremuuseum.ee\/lennusadam\/wp-json\/wp\/v2\/pages\/4607\/revisions"}],"predecessor-version":[{"id":4608,"href":"https:\/\/meremuuseum.ee\/lennusadam\/wp-json\/wp\/v2\/pages\/4607\/revisions\/4608"}],"wp:attachment":[{"href":"https:\/\/meremuuseum.ee\/lennusadam\/wp-json\/wp\/v2\/media?parent=4607"}],"curies":[{"name":"wp","href":"https:\/\/api.w.org\/{rel}","templated":true}]}}