{"id":4597,"date":"2024-04-22T13:36:31","date_gmt":"2024-04-22T13:36:31","guid":{"rendered":"https:\/\/meremuuseum.ee\/lennusadam\/?page_id=4597"},"modified":"2026-04-01T12:52:34","modified_gmt":"2026-04-01T12:52:34","slug":"kiirteed-ookeanis","status":"publish","type":"page","link":"https:\/\/meremuuseum.ee\/lennusadam\/kiirteed-ookeanis\/","title":{"rendered":"Kiirteed ookeanis"},"content":{"rendered":"\n<p><\/p>\n\n\n\n<p>Koht: Lennusadama angaar ja v\u00e4liala<\/p>\n\n\n\n<p>Sihtr\u00fchm: 7.-9. kl<\/p>\n\n\n\n<p>Kestus: kuni 90 minutit<\/p>\n\n\n\n<p>NB! Selle Lennusadama muuseumitunni esimene pool toimub v\u00e4ljas, palun riietuge ilmale vastavalt!&nbsp;<\/p>\n\n\n\n<p><a href=\"https:\/\/meremuuseum.ee\/lennusadam\/kiirteed-ookeanis\/\" target=\"_blank\" rel=\"noreferrer noopener\"><strong>Muuseumitunni eesm\u00e4rk<\/strong><\/a>on tutvustada \u00f5pilastele tuulte ja hoovuste teket ning kasutamist ajaloolistel merereisidel Kon-Tiki ekspeditsiooni n\u00e4itel, samuti anda \u00fclevaade navigatsioonivahenditest.\u202f\u202f&nbsp;<\/p>\n\n\n\n<p>L\u00e4bi aegade on inimesed seilanud m\u00f6\u00f6da meresid ja ookeane. Mis aga paneb laevad merel liikuma ja kuidas leida keset l\u00f5putut sinist v\u00e4lja \u00f5ige tee?&nbsp;<\/p>\n\n\n\n<p>Muuseumitund tutvustab hoovusi, nende rolli kliima kujundamisel ja meres\u00f5itudes. Meres\u00f5itude raames r\u00e4\u00e4gime ka tehnoloogia arengust &#8211; navigatsioonivahenditest l\u00e4bi aegade -, sellega tutvume Lennusadama v\u00e4lialal ja kunagise piirivalvelaeva ja praeguse muuseumilaeva Valvase pardal.<\/p>\n\n\n\n<p>Angaaris sees olles meenutame navigatsioonivahendeid ja tuleme hoovuste teema juurde. Tutvume eksperimentaalarheoloogia valda kuuluva Kon-Tiki looga, mille k\u00e4igus harjutame ka koordinaatide abil teekonna m\u00e4\u00e4ramist. Tunnis selgitame v\u00e4lja,&nbsp;kuidas temperatuur ja vee soolsus on seotud tuulte ja hoovustega ning teeme katse, mis n\u00e4itab meile hoovuste tekkimise mehhanisme.&nbsp;<\/p>\n\n\n\n<p>Leiame ka seose hoovuste, inimtegevuse ja keskkonnaprobleemide ning keskkonnahoiu vahel &#8211; mida on v\u00f5imalik teha olukorra parendamiseks ja mille abil.&nbsp;<\/p>\n\n\n\n<ul class=\"wp-block-list\">\n<li>Enne tundi soovitame k\u00e4sitleda ilma ja kliimat m\u00f5jutavaid tegureid ning Maa kliimav\u00f6\u00f6nditeks jagunemise p\u00f5hjuseid. Tuletage \u00fcheskoos meelde ka oma kogemusi meres\u00f5iduga.\u202f\u202f&nbsp;<\/li>\n\n\n\n<li>P\u00e4rast tundi soovitame lahendada <a href=\"https:\/\/e-koolikott.ee\/et\/oppematerjal\/1c17f07b-4a30-4866-8e4a-41ae31c0c454\">e-koolikoti Meremuuseumi kontol <\/a>olevaid \u00fclesandeid<\/li>\n\n\n\n<li>Teemaga s\u00fcvitsi tegelemiseks olenemata sellest, kas k\u00fclastate muuseumitundi v\u00f5i mitte, soovitame ka Thor Heyerdahli raamatut \u201c<a href=\"https:\/\/www.rahvaraamat.ee\/p\/kon-tiki-ekspeditsioon\/46857\/en?isbn=9789985622063&amp;gclid=Cj0KCQjwsZKJBhC0ARIsAJ96n3WncgVj6-GvBx4UM7YaVWUxSP3Wvbzu6EbXWWwkvOWYU-h_a4Jr0g8aAoDvEALw_wcB%22%20\\t%20%22_blank\" target=\"_blank\" rel=\"noreferrer noopener\">Kon-Tiki Ekspeditsioon<\/a>\u201d v\u00f5i filmi selle raamatu ainetel.\u202f&nbsp;<\/li>\n<\/ul>\n\n\n\n<p><strong>\u00d5pitulemused<\/strong><\/p>\n\n\n\n<p>\u00d5pilane:<br>1) nimetab ajaloolisi ja t\u00e4nap\u00e4evaseid navigatsioonivahendeid kui n\u00e4idet tehnoloogia arengust;<br>2) teab, mis laev oli Kon-Tiki (selle ekspeditsiooni lugu kui n\u00e4idet eksperimentaalarheoloogiast) ja oskab leida teekonna m\u00e4rkides koordinaate;<br>3) oskab selgitada hoovuste teket ja m\u00f5istab vee f\u00fc\u00fcsikaliste omaduste seost tuulte ja hoovustega ning kliimaga;<br>4) oskab selgitada keskkonnaprobleemide, inimtegevuse ja hoovuste seost ja pakub v\u00e4lja lahendusi.<\/p>\n\n\n\n<figure class=\"wp-block-image size-full\"><img loading=\"lazy\" decoding=\"async\" width=\"214\" height=\"208\" src=\"https:\/\/meremuuseum.ee\/lennusadam\/wp-content\/uploads\/sites\/4\/2024\/05\/muraka-margis.png\" alt=\"\" class=\"wp-image-4997\" srcset=\"https:\/\/meremuuseum.ee\/lennusadam\/wp-content\/uploads\/sites\/4\/2024\/05\/muraka-margis.png 214w, https:\/\/meremuuseum.ee\/lennusadam\/wp-content\/uploads\/sites\/4\/2024\/05\/muraka-margis-120x117.png 120w\" sizes=\"auto, (max-width: 214px) 100vw, 214px\" \/><\/figure>\n","protected":false},"excerpt":{"rendered":"Koht: Lennusadama angaar ja v\u00e4liala Sihtr\u00fchm: 7.-9. kl Kestus: kuni 90 minutit NB! Selle Lennusadama muuseumitunni esimene pool toimub v\u00e4ljas, palun riietuge ilmale vastavalt!&nbsp; Muuseumitunni eesm\u00e4rkon tutvustada \u00f5pilastele tuulte ja&#8230;","protected":false},"author":2,"featured_media":0,"parent":0,"menu_order":0,"comment_status":"closed","ping_status":"closed","template":"","meta":{"_acf_changed":false,"_uag_custom_page_level_css":"","advgb_blocks_editor_width":"","advgb_blocks_columns_visual_guide":"","footnotes":""},"class_list":["post-4597","page","type-page","status-publish","hentry"],"acf":[],"yoast_head":"<!-- This site is optimized with the Yoast SEO plugin v26.6 - https:\/\/yoast.com\/wordpress\/plugins\/seo\/ -->\n<title>Kiirteed ookeanis - Lennusadam<\/title>\n<meta name=\"robots\" content=\"index, follow, max-snippet:-1, max-image-preview:large, max-video-preview:-1\" \/>\n<link rel=\"canonical\" href=\"https:\/\/meremuuseum.ee\/lennusadam\/kiirteed-ookeanis\/\" \/>\n<meta property=\"og:locale\" content=\"et_EE\" \/>\n<meta property=\"og:type\" content=\"article\" \/>\n<meta property=\"og:title\" content=\"Kiirteed ookeanis - Lennusadam\" \/>\n<meta property=\"og:description\" content=\"Koht: Lennusadama angaar ja v\u00e4liala Sihtr\u00fchm: 7.-9. kl Kestus: kuni 90 minutit NB! Selle Lennusadama muuseumitunni esimene pool toimub v\u00e4ljas, palun riietuge ilmale vastavalt!&nbsp; Muuseumitunni eesm\u00e4rkon tutvustada \u00f5pilastele tuulte ja...\" \/>\n<meta property=\"og:url\" content=\"https:\/\/meremuuseum.ee\/lennusadam\/kiirteed-ookeanis\/\" \/>\n<meta property=\"og:site_name\" content=\"Lennusadam\" \/>\n<meta property=\"article:modified_time\" content=\"2026-04-01T12:52:34+00:00\" \/>\n<meta property=\"og:image\" content=\"https:\/\/meremuuseum.ee\/lennusadam\/wp-content\/uploads\/sites\/4\/2024\/05\/muraka-margis.png\" \/>\n\t<meta property=\"og:image:width\" content=\"214\" \/>\n\t<meta property=\"og:image:height\" content=\"208\" \/>\n\t<meta property=\"og:image:type\" content=\"image\/png\" \/>\n<meta name=\"twitter:card\" content=\"summary_large_image\" \/>\n<meta name=\"twitter:label1\" content=\"Est. reading time\" \/>\n\t<meta name=\"twitter:data1\" content=\"2 minutit\" \/>\n<script type=\"application\/ld+json\" class=\"yoast-schema-graph\">{\"@context\":\"https:\/\/schema.org\",\"@graph\":[{\"@type\":\"WebPage\",\"@id\":\"https:\/\/meremuuseum.ee\/lennusadam\/kiirteed-ookeanis\/\",\"url\":\"https:\/\/meremuuseum.ee\/lennusadam\/kiirteed-ookeanis\/\",\"name\":\"Kiirteed ookeanis - Lennusadam\",\"isPartOf\":{\"@id\":\"https:\/\/meremuuseum.ee\/lennusadam\/#website\"},\"primaryImageOfPage\":{\"@id\":\"https:\/\/meremuuseum.ee\/lennusadam\/kiirteed-ookeanis\/#primaryimage\"},\"image\":{\"@id\":\"https:\/\/meremuuseum.ee\/lennusadam\/kiirteed-ookeanis\/#primaryimage\"},\"thumbnailUrl\":\"https:\/\/meremuuseum.ee\/lennusadam\/wp-content\/uploads\/sites\/4\/2024\/05\/muraka-margis.png\",\"datePublished\":\"2024-04-22T13:36:31+00:00\",\"dateModified\":\"2026-04-01T12:52:34+00:00\",\"breadcrumb\":{\"@id\":\"https:\/\/meremuuseum.ee\/lennusadam\/kiirteed-ookeanis\/#breadcrumb\"},\"inLanguage\":\"et\",\"potentialAction\":[{\"@type\":\"ReadAction\",\"target\":[\"https:\/\/meremuuseum.ee\/lennusadam\/kiirteed-ookeanis\/\"]}]},{\"@type\":\"ImageObject\",\"inLanguage\":\"et\",\"@id\":\"https:\/\/meremuuseum.ee\/lennusadam\/kiirteed-ookeanis\/#primaryimage\",\"url\":\"https:\/\/meremuuseum.ee\/lennusadam\/wp-content\/uploads\/sites\/4\/2024\/05\/muraka-margis.png\",\"contentUrl\":\"https:\/\/meremuuseum.ee\/lennusadam\/wp-content\/uploads\/sites\/4\/2024\/05\/muraka-margis.png\",\"width\":214,\"height\":208},{\"@type\":\"BreadcrumbList\",\"@id\":\"https:\/\/meremuuseum.ee\/lennusadam\/kiirteed-ookeanis\/#breadcrumb\",\"itemListElement\":[{\"@type\":\"ListItem\",\"position\":1,\"name\":\"Home\",\"item\":\"https:\/\/meremuuseum.ee\/lennusadam\/\"},{\"@type\":\"ListItem\",\"position\":2,\"name\":\"Kiirteed ookeanis\"}]},{\"@type\":\"WebSite\",\"@id\":\"https:\/\/meremuuseum.ee\/lennusadam\/#website\",\"url\":\"https:\/\/meremuuseum.ee\/lennusadam\/\",\"name\":\"Lennusadam\",\"description\":\"\",\"potentialAction\":[{\"@type\":\"SearchAction\",\"target\":{\"@type\":\"EntryPoint\",\"urlTemplate\":\"https:\/\/meremuuseum.ee\/lennusadam\/?s={search_term_string}\"},\"query-input\":{\"@type\":\"PropertyValueSpecification\",\"valueRequired\":true,\"valueName\":\"search_term_string\"}}],\"inLanguage\":\"et\"}]}<\/script>\n<!-- \/ Yoast SEO plugin. -->","yoast_head_json":{"title":"Kiirteed ookeanis - Lennusadam","robots":{"index":"index","follow":"follow","max-snippet":"max-snippet:-1","max-image-preview":"max-image-preview:large","max-video-preview":"max-video-preview:-1"},"canonical":"https:\/\/meremuuseum.ee\/lennusadam\/kiirteed-ookeanis\/","og_locale":"et_EE","og_type":"article","og_title":"Kiirteed ookeanis - Lennusadam","og_description":"Koht: Lennusadama angaar ja v\u00e4liala Sihtr\u00fchm: 7.-9. kl Kestus: kuni 90 minutit NB! Selle Lennusadama muuseumitunni esimene pool toimub v\u00e4ljas, palun riietuge ilmale vastavalt!&nbsp; Muuseumitunni eesm\u00e4rkon tutvustada \u00f5pilastele tuulte ja...","og_url":"https:\/\/meremuuseum.ee\/lennusadam\/kiirteed-ookeanis\/","og_site_name":"Lennusadam","article_modified_time":"2026-04-01T12:52:34+00:00","og_image":[{"width":214,"height":208,"url":"https:\/\/meremuuseum.ee\/lennusadam\/wp-content\/uploads\/sites\/4\/2024\/05\/muraka-margis.png","type":"image\/png"}],"twitter_card":"summary_large_image","twitter_misc":{"Est. reading time":"2 minutit"},"schema":{"@context":"https:\/\/schema.org","@graph":[{"@type":"WebPage","@id":"https:\/\/meremuuseum.ee\/lennusadam\/kiirteed-ookeanis\/","url":"https:\/\/meremuuseum.ee\/lennusadam\/kiirteed-ookeanis\/","name":"Kiirteed ookeanis - Lennusadam","isPartOf":{"@id":"https:\/\/meremuuseum.ee\/lennusadam\/#website"},"primaryImageOfPage":{"@id":"https:\/\/meremuuseum.ee\/lennusadam\/kiirteed-ookeanis\/#primaryimage"},"image":{"@id":"https:\/\/meremuuseum.ee\/lennusadam\/kiirteed-ookeanis\/#primaryimage"},"thumbnailUrl":"https:\/\/meremuuseum.ee\/lennusadam\/wp-content\/uploads\/sites\/4\/2024\/05\/muraka-margis.png","datePublished":"2024-04-22T13:36:31+00:00","dateModified":"2026-04-01T12:52:34+00:00","breadcrumb":{"@id":"https:\/\/meremuuseum.ee\/lennusadam\/kiirteed-ookeanis\/#breadcrumb"},"inLanguage":"et","potentialAction":[{"@type":"ReadAction","target":["https:\/\/meremuuseum.ee\/lennusadam\/kiirteed-ookeanis\/"]}]},{"@type":"ImageObject","inLanguage":"et","@id":"https:\/\/meremuuseum.ee\/lennusadam\/kiirteed-ookeanis\/#primaryimage","url":"https:\/\/meremuuseum.ee\/lennusadam\/wp-content\/uploads\/sites\/4\/2024\/05\/muraka-margis.png","contentUrl":"https:\/\/meremuuseum.ee\/lennusadam\/wp-content\/uploads\/sites\/4\/2024\/05\/muraka-margis.png","width":214,"height":208},{"@type":"BreadcrumbList","@id":"https:\/\/meremuuseum.ee\/lennusadam\/kiirteed-ookeanis\/#breadcrumb","itemListElement":[{"@type":"ListItem","position":1,"name":"Home","item":"https:\/\/meremuuseum.ee\/lennusadam\/"},{"@type":"ListItem","position":2,"name":"Kiirteed ookeanis"}]},{"@type":"WebSite","@id":"https:\/\/meremuuseum.ee\/lennusadam\/#website","url":"https:\/\/meremuuseum.ee\/lennusadam\/","name":"Lennusadam","description":"","potentialAction":[{"@type":"SearchAction","target":{"@type":"EntryPoint","urlTemplate":"https:\/\/meremuuseum.ee\/lennusadam\/?s={search_term_string}"},"query-input":{"@type":"PropertyValueSpecification","valueRequired":true,"valueName":"search_term_string"}}],"inLanguage":"et"}]}},"uagb_featured_image_src":{"full":false,"thumbnail":false,"medium":false,"medium_large":false,"large":false,"1536x1536":false,"2048x2048":false,"small":false,"custom-size":false,"post-preview":false,"gform-image-choice-sm":false,"gform-image-choice-md":false,"gform-image-choice-lg":false},"uagb_author_info":{"display_name":"Reaktiiv Grupp","author_link":"https:\/\/meremuuseum.ee\/lennusadam\/author\/reaktiiv-pm\/"},"uagb_comment_info":0,"uagb_excerpt":"Koht: Lennusadama angaar ja v\u00e4liala Sihtr\u00fchm: 7.-9. kl Kestus: kuni 90 minutit NB! Selle Lennusadama muuseumitunni esimene pool toimub v\u00e4ljas, palun riietuge ilmale vastavalt!&nbsp; Muuseumitunni eesm\u00e4rkon tutvustada \u00f5pilastele tuulte ja...","coauthors":[],"author_meta":{"author_link":"https:\/\/meremuuseum.ee\/lennusadam\/author\/reaktiiv-pm\/","display_name":"Reaktiiv Grupp"},"relative_dates":{"created":"Posted 2 aastat ago","modified":"Updated 1 kuu ago"},"absolute_dates":{"created":"Posted on aprill 22, 2024","modified":"Updated on aprill 1, 2026"},"absolute_dates_time":{"created":"Posted on aprill 22, 2024 1:36 p.l.","modified":"Updated on aprill 1, 2026 12:52 p.l."},"featured_img_caption":"","featured_img":false,"series_order":"","_links":{"self":[{"href":"https:\/\/meremuuseum.ee\/lennusadam\/wp-json\/wp\/v2\/pages\/4597","targetHints":{"allow":["GET"]}}],"collection":[{"href":"https:\/\/meremuuseum.ee\/lennusadam\/wp-json\/wp\/v2\/pages"}],"about":[{"href":"https:\/\/meremuuseum.ee\/lennusadam\/wp-json\/wp\/v2\/types\/page"}],"author":[{"embeddable":true,"href":"https:\/\/meremuuseum.ee\/lennusadam\/wp-json\/wp\/v2\/users\/2"}],"replies":[{"embeddable":true,"href":"https:\/\/meremuuseum.ee\/lennusadam\/wp-json\/wp\/v2\/comments?post=4597"}],"version-history":[{"count":11,"href":"https:\/\/meremuuseum.ee\/lennusadam\/wp-json\/wp\/v2\/pages\/4597\/revisions"}],"predecessor-version":[{"id":7087,"href":"https:\/\/meremuuseum.ee\/lennusadam\/wp-json\/wp\/v2\/pages\/4597\/revisions\/7087"}],"wp:attachment":[{"href":"https:\/\/meremuuseum.ee\/lennusadam\/wp-json\/wp\/v2\/media?parent=4597"}],"curies":[{"name":"wp","href":"https:\/\/api.w.org\/{rel}","templated":true}]}}