{"id":4574,"date":"2024-04-22T13:21:07","date_gmt":"2024-04-22T13:21:07","guid":{"rendered":"https:\/\/meremuuseum.ee\/lennusadam\/?page_id=4574"},"modified":"2026-04-01T13:02:34","modified_gmt":"2026-04-01T13:02:34","slug":"elu-laanemerel","status":"publish","type":"page","link":"https:\/\/meremuuseum.ee\/lennusadam\/elu-laanemerel\/","title":{"rendered":"Elu L\u00e4\u00e4nemerel"},"content":{"rendered":"\n<p>Koht: Lennusadama angaar ja v\u00e4liala<\/p>\n\n\n\n<p>Sihtr\u00fchm: Lasteaed (koolieelikud), I kooliaste, II kooliaste<\/p>\n\n\n\n<p>Kestus: u. 60 minutit (lasteaed ja I kooliaste) ja 75 minutit (II kooliaste); LAK-\u00f5ppe versioon u. 60 min.<\/p>\n\n\n\n<p>NB! Kuna osa muuseumitunnist toimub v\u00e4litingimustes, on osav\u00f5tjatel vajalik ilmaga sobiv riietus.&nbsp;<\/p>\n\n\n\n<p>Muuseumitunni eesm\u00e4rk on tutvustada L\u00e4\u00e4nemerd ja selle erip\u00e4rasid ning l\u00e4bivalt seostada teemad keskkonnahoiuga.<\/p>\n\n\n\n<p>Muuseumitunnis saame tuttavaks L\u00e4\u00e4nemere&nbsp;&#8211; meie jaoks v\u00e4ga olulise&nbsp;veekoguga. Tund algab Lennusadama v\u00e4lialal ja vastavalt vanusele varieeruvad ka tegevused ja r\u00f5huasetused v\u00e4lialal. Koolieelikute ja I kooliastmega vaatleme \u00f5ues olles merd ja kirjeldame pildikaartidel kujutatud omaduss\u00f5nadega L\u00e4\u00e4nemerd. Esimese kooliastmega vaatleme lisaks ilma ja r\u00e4\u00e4gime, miks on ilmavaatlus oluline meres\u00f5idu jaoks. Teise kooliastmega teeme ka t\u00e4psema ilmavaatluse ja m\u00e4rgime vaadeldu \u00fcles. Vaatleme sadamas lisaks erinevaid laevat\u00fc\u00fcpe. Puudutame sellega seoses eakohaselt keskkonnateemat: kuidas inimtegevus tekitab kliimamuutusi ja see omakorda m\u00f5jutab ilmastikun\u00e4htusi.<\/p>\n\n\n\n<p>Muuseumis sees vaatame k\u00f5ikidega vanuser\u00fchmadega vana laevavrakki ning koolieelikutega teeme m\u00e4ngulise tegevuse laevaametite ja laevat\u00fc\u00fcpide kohta. \u00d5ppeklassis tutvume L\u00e4\u00e4nemere t\u00fc\u00fcpiliste taime- ja loomaliikidega, esimese ja teise kooliastmega&nbsp; koostame ka toiduahela. Teise kooliastmega lisaks r\u00e4\u00e4gime grupit\u00f6\u00f6 raames meie mere omadustest ja L\u00e4\u00e4nemere\u00e4\u00e4rsetest riikidest ning seostest keskkonnahoiu teemaga.&nbsp;<\/p>\n\n\n\n<p>Tunni viimase teemana arutleme eakohaselt merepr\u00fcgi ja merereostuse teemadel. Koolieelikutega teeme koos merepr\u00fcgi sorteerimist. Esimese ja teise kooliastmega selgitame grupit\u00f6\u00f6 k\u00e4igus v\u00e4lja L\u00e4\u00e4nemere suurimad reostajad ja mured. M\u00f5tleme ja arutleme eakohaselt, kas ja kuidas iga\u00fcks saaks L\u00e4\u00e4nemere keskkonda puhtamana hoida &#8211; eesm\u00e4rgiks on kujundada \u00f5pilastes keskkonnahoidlikke hoiakuid ja anda lastele suund j\u00e4tkusuutlikuma m\u00f5tteviisi ja k\u00e4itumise poole.<\/p>\n\n\n\n<ul class=\"wp-block-list\">\n<li>Enne&nbsp;tundi&nbsp;tulekut soovitame&nbsp;arutleda&nbsp;\u00f5pilastega&nbsp;teemal&nbsp;\u201cmilline on&nbsp;L\u00e4\u00e4nemeri?\u201d&nbsp;<\/li>\n\n\n\n<li>LAK-\u00f5ppe tundi tulevad \u00f5pilased saavad enne tundi tulekut tutvuda s\u00f5navaraga <a href=\"https:\/\/e-koolikott.ee\/et\/oppematerjal\/26c00e28-5504-43f3-b9bc-26983f0c65aa\">e-koolikotis.<\/a><\/li>\n\n\n\n<li>Tunnis k\u00e4sitletu toetamiseks soovitame j\u00e4reltegevuseks kasutada&nbsp;e-koolikotis&nbsp;leiduvat tegevus- ja arutlus\u00fclesannetega materjali<a href=\"https:\/\/e-koolikott.ee\/et\/oppematerjal\/32035-Varvi-ja-arutle-Pilte-elust-meres\"> \u201cPilte elust meres\u201d<\/a>.&nbsp;&nbsp;ning teisi L\u00e4\u00e4nemereteemalisi materjale. Otsis\u00f5na: Meremuuseum<\/li>\n<\/ul>\n\n\n\n<p>P\u00e4rast muuseumitundi on v\u00f5imalik muuseumis omal k\u00e4el ringi vaadata. Soovitame ka ekspositsiooni Kollases Allveelaevas vaadata viieminutilist, L\u00e4\u00e4nemere keskkonna teemalist animatsiooni.<\/p>\n\n\n\n<p><strong>\u00d5pitulemused vanusegrupiti:<\/strong><\/p>\n\n\n\n<p>6-7-aastane lasteaialaps, koolieelik:<br>1) kirjeldab eakohaselt omaduss\u00f5nadega L\u00e4\u00e4nemerd;<br>2) teab m\u00f5ningaid merenduse ameteid ja laevat\u00fc\u00fcpe ja v\u00e4ljendab seda l\u00e4bi m\u00e4ngu;<br>3) tunneb ja oskab nimetada m\u00f5ningaid L\u00e4\u00e4nemere taimi ja loomi;<br>4) tunneb kodukoha elukeskkonda ja inimese m\u00f5ju loodusele, v\u00e4\u00e4rtustab keskkonnahoidlikku m\u00f5tteviisi.<\/p>\n\n\n\n<p><strong>I kooliastme \u00f5pilane:<\/strong><\/p>\n\n\n\n<p>1) oskab iseloomustada L\u00e4\u00e4nemerd,<br>2) oskab teha (mere \u00e4\u00e4res) lihtsamat ilmavaatlust;<br>3) teab ja oskab nimetada m\u00f5ningaid L\u00e4\u00e4nemeres elavaid organisme ja koostada toiduahelat;<br>4) teab, milline on inimese tegevuse m\u00f5ju keskkonnale, m\u00f5istab ja v\u00e4\u00e4rtustab mere kui elukeskkonna t\u00e4htsust ja selle kaitsmise vajadust.<\/p>\n\n\n\n<p><strong>II kooliastme \u00f5pilane:<\/strong><br>1) oskab kirjeldada ilma ja teha grupiga mere \u00e4\u00e4res lihtsamat ilmavaatlust, tunneb ilmakaari;<br>2) oskab iseloomustada L\u00e4\u00e4nemerd: tunneb L\u00e4\u00e4nemere omadusi (mh. oskab m\u00e4\u00e4rata soolsust) ja teab L\u00e4\u00e4nemere\u00e4\u00e4rseid riike;<br>3) teab ja oskab nimetada m\u00f5ningaid L\u00e4\u00e4nemeres elavaid organisme ja koostada grupiga toiduahelat;<br>4) teab inimese m\u00f5ju keskkonnale, m\u00f5istab ja v\u00e4\u00e4rtustab mere kui elukeskkonna t\u00e4htsust ja selle kaitsmise vajadust ning avaldab sel teemal oma arvamust.<\/p>\n\n\n\n<p>LAK-\u00f5ppe tunnis osalevale eesti keele \u00f5ppijale on kohtandatud eelnimetatud \u00f5pitulemused ja lisatud ka riiklikus \u00f5ppekavas v\u00e4lja toodud eesti keele kui teise keele \u00f5pitulemusi, mis puudutab keele m\u00f5istmist ja enesev\u00e4ljendust.<\/p>\n\n\n\n<figure class=\"wp-block-image size-full\"><img loading=\"lazy\" decoding=\"async\" width=\"214\" height=\"208\" src=\"https:\/\/meremuuseum.ee\/lennusadam\/wp-content\/uploads\/sites\/4\/2024\/05\/muraka-margis.png\" alt=\"\" class=\"wp-image-4997\" srcset=\"https:\/\/meremuuseum.ee\/lennusadam\/wp-content\/uploads\/sites\/4\/2024\/05\/muraka-margis.png 214w, https:\/\/meremuuseum.ee\/lennusadam\/wp-content\/uploads\/sites\/4\/2024\/05\/muraka-margis-120x117.png 120w\" sizes=\"auto, (max-width: 214px) 100vw, 214px\" \/><\/figure>\n","protected":false},"excerpt":{"rendered":"Koht: Lennusadama angaar ja v\u00e4liala Sihtr\u00fchm: Lasteaed (koolieelikud), I kooliaste, II kooliaste Kestus: u. 60 minutit (lasteaed ja I kooliaste) ja 75 minutit (II kooliaste); LAK-\u00f5ppe versioon u. 60 min&#8230;.","protected":false},"author":2,"featured_media":0,"parent":0,"menu_order":0,"comment_status":"closed","ping_status":"closed","template":"","meta":{"_acf_changed":false,"_uag_custom_page_level_css":"","advgb_blocks_editor_width":"","advgb_blocks_columns_visual_guide":"","footnotes":""},"class_list":["post-4574","page","type-page","status-publish","hentry"],"acf":[],"yoast_head":"<!-- This site is optimized with the Yoast SEO plugin v26.6 - https:\/\/yoast.com\/wordpress\/plugins\/seo\/ -->\n<title>Elu L\u00e4\u00e4nemerel - Lennusadam<\/title>\n<meta name=\"robots\" content=\"index, follow, max-snippet:-1, max-image-preview:large, max-video-preview:-1\" \/>\n<link rel=\"canonical\" href=\"https:\/\/meremuuseum.ee\/lennusadam\/elu-laanemerel\/\" \/>\n<meta property=\"og:locale\" content=\"et_EE\" \/>\n<meta property=\"og:type\" content=\"article\" \/>\n<meta property=\"og:title\" content=\"Elu L\u00e4\u00e4nemerel - Lennusadam\" \/>\n<meta property=\"og:description\" content=\"Koht: Lennusadama angaar ja v\u00e4liala Sihtr\u00fchm: Lasteaed (koolieelikud), I kooliaste, II kooliaste Kestus: u. 60 minutit (lasteaed ja I kooliaste) ja 75 minutit (II kooliaste); LAK-\u00f5ppe versioon u. 60 min....\" \/>\n<meta property=\"og:url\" content=\"https:\/\/meremuuseum.ee\/lennusadam\/elu-laanemerel\/\" \/>\n<meta property=\"og:site_name\" content=\"Lennusadam\" \/>\n<meta property=\"article:modified_time\" content=\"2026-04-01T13:02:34+00:00\" \/>\n<meta property=\"og:image\" content=\"https:\/\/meremuuseum.ee\/lennusadam\/wp-content\/uploads\/sites\/4\/2024\/05\/muraka-margis.png\" \/>\n\t<meta property=\"og:image:width\" content=\"214\" \/>\n\t<meta property=\"og:image:height\" content=\"208\" \/>\n\t<meta property=\"og:image:type\" content=\"image\/png\" \/>\n<meta name=\"twitter:card\" content=\"summary_large_image\" \/>\n<meta name=\"twitter:label1\" content=\"Est. reading time\" \/>\n\t<meta name=\"twitter:data1\" content=\"3 minutit\" \/>\n<script type=\"application\/ld+json\" class=\"yoast-schema-graph\">{\"@context\":\"https:\/\/schema.org\",\"@graph\":[{\"@type\":\"WebPage\",\"@id\":\"https:\/\/meremuuseum.ee\/lennusadam\/elu-laanemerel\/\",\"url\":\"https:\/\/meremuuseum.ee\/lennusadam\/elu-laanemerel\/\",\"name\":\"Elu L\u00e4\u00e4nemerel - Lennusadam\",\"isPartOf\":{\"@id\":\"https:\/\/meremuuseum.ee\/lennusadam\/#website\"},\"primaryImageOfPage\":{\"@id\":\"https:\/\/meremuuseum.ee\/lennusadam\/elu-laanemerel\/#primaryimage\"},\"image\":{\"@id\":\"https:\/\/meremuuseum.ee\/lennusadam\/elu-laanemerel\/#primaryimage\"},\"thumbnailUrl\":\"https:\/\/meremuuseum.ee\/lennusadam\/wp-content\/uploads\/sites\/4\/2024\/05\/muraka-margis.png\",\"datePublished\":\"2024-04-22T13:21:07+00:00\",\"dateModified\":\"2026-04-01T13:02:34+00:00\",\"breadcrumb\":{\"@id\":\"https:\/\/meremuuseum.ee\/lennusadam\/elu-laanemerel\/#breadcrumb\"},\"inLanguage\":\"et\",\"potentialAction\":[{\"@type\":\"ReadAction\",\"target\":[\"https:\/\/meremuuseum.ee\/lennusadam\/elu-laanemerel\/\"]}]},{\"@type\":\"ImageObject\",\"inLanguage\":\"et\",\"@id\":\"https:\/\/meremuuseum.ee\/lennusadam\/elu-laanemerel\/#primaryimage\",\"url\":\"https:\/\/meremuuseum.ee\/lennusadam\/wp-content\/uploads\/sites\/4\/2024\/05\/muraka-margis.png\",\"contentUrl\":\"https:\/\/meremuuseum.ee\/lennusadam\/wp-content\/uploads\/sites\/4\/2024\/05\/muraka-margis.png\",\"width\":214,\"height\":208},{\"@type\":\"BreadcrumbList\",\"@id\":\"https:\/\/meremuuseum.ee\/lennusadam\/elu-laanemerel\/#breadcrumb\",\"itemListElement\":[{\"@type\":\"ListItem\",\"position\":1,\"name\":\"Home\",\"item\":\"https:\/\/meremuuseum.ee\/lennusadam\/\"},{\"@type\":\"ListItem\",\"position\":2,\"name\":\"Elu L\u00e4\u00e4nemerel\"}]},{\"@type\":\"WebSite\",\"@id\":\"https:\/\/meremuuseum.ee\/lennusadam\/#website\",\"url\":\"https:\/\/meremuuseum.ee\/lennusadam\/\",\"name\":\"Lennusadam\",\"description\":\"\",\"potentialAction\":[{\"@type\":\"SearchAction\",\"target\":{\"@type\":\"EntryPoint\",\"urlTemplate\":\"https:\/\/meremuuseum.ee\/lennusadam\/?s={search_term_string}\"},\"query-input\":{\"@type\":\"PropertyValueSpecification\",\"valueRequired\":true,\"valueName\":\"search_term_string\"}}],\"inLanguage\":\"et\"}]}<\/script>\n<!-- \/ Yoast SEO plugin. -->","yoast_head_json":{"title":"Elu L\u00e4\u00e4nemerel - Lennusadam","robots":{"index":"index","follow":"follow","max-snippet":"max-snippet:-1","max-image-preview":"max-image-preview:large","max-video-preview":"max-video-preview:-1"},"canonical":"https:\/\/meremuuseum.ee\/lennusadam\/elu-laanemerel\/","og_locale":"et_EE","og_type":"article","og_title":"Elu L\u00e4\u00e4nemerel - Lennusadam","og_description":"Koht: Lennusadama angaar ja v\u00e4liala Sihtr\u00fchm: Lasteaed (koolieelikud), I kooliaste, II kooliaste Kestus: u. 60 minutit (lasteaed ja I kooliaste) ja 75 minutit (II kooliaste); LAK-\u00f5ppe versioon u. 60 min....","og_url":"https:\/\/meremuuseum.ee\/lennusadam\/elu-laanemerel\/","og_site_name":"Lennusadam","article_modified_time":"2026-04-01T13:02:34+00:00","og_image":[{"width":214,"height":208,"url":"https:\/\/meremuuseum.ee\/lennusadam\/wp-content\/uploads\/sites\/4\/2024\/05\/muraka-margis.png","type":"image\/png"}],"twitter_card":"summary_large_image","twitter_misc":{"Est. reading time":"3 minutit"},"schema":{"@context":"https:\/\/schema.org","@graph":[{"@type":"WebPage","@id":"https:\/\/meremuuseum.ee\/lennusadam\/elu-laanemerel\/","url":"https:\/\/meremuuseum.ee\/lennusadam\/elu-laanemerel\/","name":"Elu L\u00e4\u00e4nemerel - Lennusadam","isPartOf":{"@id":"https:\/\/meremuuseum.ee\/lennusadam\/#website"},"primaryImageOfPage":{"@id":"https:\/\/meremuuseum.ee\/lennusadam\/elu-laanemerel\/#primaryimage"},"image":{"@id":"https:\/\/meremuuseum.ee\/lennusadam\/elu-laanemerel\/#primaryimage"},"thumbnailUrl":"https:\/\/meremuuseum.ee\/lennusadam\/wp-content\/uploads\/sites\/4\/2024\/05\/muraka-margis.png","datePublished":"2024-04-22T13:21:07+00:00","dateModified":"2026-04-01T13:02:34+00:00","breadcrumb":{"@id":"https:\/\/meremuuseum.ee\/lennusadam\/elu-laanemerel\/#breadcrumb"},"inLanguage":"et","potentialAction":[{"@type":"ReadAction","target":["https:\/\/meremuuseum.ee\/lennusadam\/elu-laanemerel\/"]}]},{"@type":"ImageObject","inLanguage":"et","@id":"https:\/\/meremuuseum.ee\/lennusadam\/elu-laanemerel\/#primaryimage","url":"https:\/\/meremuuseum.ee\/lennusadam\/wp-content\/uploads\/sites\/4\/2024\/05\/muraka-margis.png","contentUrl":"https:\/\/meremuuseum.ee\/lennusadam\/wp-content\/uploads\/sites\/4\/2024\/05\/muraka-margis.png","width":214,"height":208},{"@type":"BreadcrumbList","@id":"https:\/\/meremuuseum.ee\/lennusadam\/elu-laanemerel\/#breadcrumb","itemListElement":[{"@type":"ListItem","position":1,"name":"Home","item":"https:\/\/meremuuseum.ee\/lennusadam\/"},{"@type":"ListItem","position":2,"name":"Elu L\u00e4\u00e4nemerel"}]},{"@type":"WebSite","@id":"https:\/\/meremuuseum.ee\/lennusadam\/#website","url":"https:\/\/meremuuseum.ee\/lennusadam\/","name":"Lennusadam","description":"","potentialAction":[{"@type":"SearchAction","target":{"@type":"EntryPoint","urlTemplate":"https:\/\/meremuuseum.ee\/lennusadam\/?s={search_term_string}"},"query-input":{"@type":"PropertyValueSpecification","valueRequired":true,"valueName":"search_term_string"}}],"inLanguage":"et"}]}},"uagb_featured_image_src":{"full":false,"thumbnail":false,"medium":false,"medium_large":false,"large":false,"1536x1536":false,"2048x2048":false,"small":false,"custom-size":false,"post-preview":false,"gform-image-choice-sm":false,"gform-image-choice-md":false,"gform-image-choice-lg":false},"uagb_author_info":{"display_name":"Reaktiiv Grupp","author_link":"https:\/\/meremuuseum.ee\/lennusadam\/author\/reaktiiv-pm\/"},"uagb_comment_info":0,"uagb_excerpt":"Koht: Lennusadama angaar ja v\u00e4liala Sihtr\u00fchm: Lasteaed (koolieelikud), I kooliaste, II kooliaste Kestus: u. 60 minutit (lasteaed ja I kooliaste) ja 75 minutit (II kooliaste); LAK-\u00f5ppe versioon u. 60 min....","coauthors":[],"author_meta":{"author_link":"https:\/\/meremuuseum.ee\/lennusadam\/author\/reaktiiv-pm\/","display_name":"Reaktiiv Grupp"},"relative_dates":{"created":"Posted 2 aastat ago","modified":"Updated 3 n\u00e4dalat ago"},"absolute_dates":{"created":"Posted on aprill 22, 2024","modified":"Updated on aprill 1, 2026"},"absolute_dates_time":{"created":"Posted on aprill 22, 2024 1:21 p.l.","modified":"Updated on aprill 1, 2026 1:02 p.l."},"featured_img_caption":"","featured_img":false,"series_order":"","_links":{"self":[{"href":"https:\/\/meremuuseum.ee\/lennusadam\/wp-json\/wp\/v2\/pages\/4574","targetHints":{"allow":["GET"]}}],"collection":[{"href":"https:\/\/meremuuseum.ee\/lennusadam\/wp-json\/wp\/v2\/pages"}],"about":[{"href":"https:\/\/meremuuseum.ee\/lennusadam\/wp-json\/wp\/v2\/types\/page"}],"author":[{"embeddable":true,"href":"https:\/\/meremuuseum.ee\/lennusadam\/wp-json\/wp\/v2\/users\/2"}],"replies":[{"embeddable":true,"href":"https:\/\/meremuuseum.ee\/lennusadam\/wp-json\/wp\/v2\/comments?post=4574"}],"version-history":[{"count":8,"href":"https:\/\/meremuuseum.ee\/lennusadam\/wp-json\/wp\/v2\/pages\/4574\/revisions"}],"predecessor-version":[{"id":7088,"href":"https:\/\/meremuuseum.ee\/lennusadam\/wp-json\/wp\/v2\/pages\/4574\/revisions\/7088"}],"wp:attachment":[{"href":"https:\/\/meremuuseum.ee\/lennusadam\/wp-json\/wp\/v2\/media?parent=4574"}],"curies":[{"name":"wp","href":"https:\/\/api.w.org\/{rel}","templated":true}]}}