{"id":4563,"date":"2024-04-22T13:16:05","date_gmt":"2024-04-22T13:16:05","guid":{"rendered":"https:\/\/meremuuseum.ee\/lennusadam\/?page_id=4563"},"modified":"2025-11-28T00:56:31","modified_gmt":"2025-11-28T00:56:31","slug":"sissevaade-teaduri-argipaeva","status":"publish","type":"page","link":"https:\/\/meremuuseum.ee\/lennusadam\/sissevaade-teaduri-argipaeva\/","title":{"rendered":"Sissevaade teaduri argip\u00e4eva"},"content":{"rendered":"\n<p><strong>5.-12.klassidele<\/strong><\/p>\n\n\n\n<p><strong>Tunni pikkus 1,5 h<\/strong><\/p>\n\n\n\n<p>Eesti Meremuuseumi noorte teaduritega vesteldes ja nende juhendamisel \u00fclesandeid l\u00e4bides tutvutakse teaduri t\u00f6\u00f6 spetsiifikaga. Ilmneb kultuurip\u00e4randi s\u00e4ilitamise vajalikkus ja selleks vajalikud tegevused. \u00d5pilased saavad aimu, milliseid kooliteadmisi ja -oskusi vajab teadur oma igap\u00e4evases t\u00f6\u00f6s. Peale selle pakub teaduri tund \u00f5pilastele m\u00f5tteid uue ja p\u00f5neva uurimisteema valimiseks ja juhendaja leidmiseks.<\/p>\n\n\n\n<p><strong>Uurimisvaldkonnad<\/strong>: allveearheoloogia, arheoloogia, n\u00e4ituste koostamine, arhiveerimine, purje- ja aurulaevandus<\/p>\n\n\n\n<p>Muuseumitund on seotud ajaloo ja karj\u00e4\u00e4ri\u00f5petusega.<\/p>\n\n\n\n<p><strong>\u00d5pilane<\/strong><\/p>\n\n\n\n<ul class=\"wp-block-list\">\n<li>tutvub teaduri elukutsega ja saab selles ise aktiivselt osaleda<\/li>\n\n\n\n<li>saab teada, kuidas j\u00f5uavad faktid ajaloo\u00f5pikusse<\/li>\n\n\n\n<li>saab teada, milliseid allikaid ajaloo uurimiseks kasutatakse<\/li>\n\n\n\n<li>tutvub kirjalike, suuliste ja esemeliste ajalooallikatega<\/li>\n\n\n\n<li>m\u00f5istab, milliseid kooliteadmisi l\u00e4heb vaja teaduri t\u00f6\u00f6s<\/li>\n\n\n\n<li>oskab teha teadlikuma valiku edasi\u00f5ppeks<\/li>\n<\/ul>\n\n\n\n<p>Teadurite t\u00f6\u00f6d tutvustavad tunnid meremuuseumis annavad v\u00f5imaluse p\u00f5neva uurimisteema avastamiseks ja kompetentse juhendaja leidmiseks.<\/p>\n\n\n\n<p>Tundi saab nii Lennusadamas kui ka Paksus Margareetas.<\/p>\n\n\n\n<p>T\u00e4psemaks infoks ja broneerimiseks kirjutage <a href=\"mailto:booking@meremuuseum.ee\" target=\"_blank\" rel=\"noreferrer noopener\">booking@meremuuseum.ee<\/a><\/p>\n\n\n\n<figure class=\"wp-block-image\"><img decoding=\"async\" src=\"https:\/\/meremuuseum.ee\/lennusadam_old\/wp-content\/uploads\/2020\/09\/Teele-Saar.jpg\" alt=\"\" class=\"wp-image-22699\"\/><\/figure>\n\n\n\n<p>Teele Saar, aurulaevandus<\/p>\n\n\n\n<figure class=\"wp-block-image\"><img decoding=\"async\" src=\"https:\/\/meremuuseum.ee\/lennusadam_old\/wp-content\/uploads\/2020\/09\/Feliks.jpg\" alt=\"\" class=\"wp-image-22706\"\/><\/figure>\n\n\n\n<p>Feliks Gornischeff, purjelaevandus<\/p>\n\n\n\n<figure class=\"wp-block-image\"><img decoding=\"async\" src=\"https:\/\/meremuuseum.ee\/lennusadam_old\/wp-content\/uploads\/2020\/09\/Priit-L--tti.jpg\" alt=\"\" class=\"wp-image-22713\"\/><\/figure>\n\n\n\n<p>Priit L\u00e4tti, arheoloogia<\/p>\n\n\n\n<p><\/p>\n","protected":false},"excerpt":{"rendered":"5.-12.klassidele Tunni pikkus 1,5 h Eesti Meremuuseumi noorte teaduritega vesteldes ja nende juhendamisel \u00fclesandeid l\u00e4bides tutvutakse teaduri t\u00f6\u00f6 spetsiifikaga. Ilmneb kultuurip\u00e4randi s\u00e4ilitamise vajalikkus ja selleks vajalikud tegevused. \u00d5pilased saavad aimu,&#8230;","protected":false},"author":2,"featured_media":0,"parent":0,"menu_order":0,"comment_status":"closed","ping_status":"closed","template":"","meta":{"_acf_changed":false,"_uag_custom_page_level_css":"","advgb_blocks_editor_width":"","advgb_blocks_columns_visual_guide":"","footnotes":""},"class_list":["post-4563","page","type-page","status-publish","hentry"],"acf":[],"yoast_head":"<!-- This site is optimized with the Yoast SEO plugin v26.6 - https:\/\/yoast.com\/wordpress\/plugins\/seo\/ -->\n<title>Sissevaade teaduri argip\u00e4eva - Lennusadam<\/title>\n<meta name=\"robots\" content=\"index, follow, max-snippet:-1, max-image-preview:large, max-video-preview:-1\" \/>\n<link rel=\"canonical\" href=\"https:\/\/meremuuseum.ee\/lennusadam\/sissevaade-teaduri-argipaeva\/\" \/>\n<meta property=\"og:locale\" content=\"et_EE\" \/>\n<meta property=\"og:type\" content=\"article\" \/>\n<meta property=\"og:title\" content=\"Sissevaade teaduri argip\u00e4eva - Lennusadam\" \/>\n<meta property=\"og:description\" content=\"5.-12.klassidele Tunni pikkus 1,5 h Eesti Meremuuseumi noorte teaduritega vesteldes ja nende juhendamisel \u00fclesandeid l\u00e4bides tutvutakse teaduri t\u00f6\u00f6 spetsiifikaga. Ilmneb kultuurip\u00e4randi s\u00e4ilitamise vajalikkus ja selleks vajalikud tegevused. \u00d5pilased saavad aimu,...\" \/>\n<meta property=\"og:url\" content=\"https:\/\/meremuuseum.ee\/lennusadam\/sissevaade-teaduri-argipaeva\/\" \/>\n<meta property=\"og:site_name\" content=\"Lennusadam\" \/>\n<meta property=\"article:modified_time\" content=\"2025-11-28T00:56:31+00:00\" \/>\n<meta name=\"twitter:card\" content=\"summary_large_image\" \/>\n<meta name=\"twitter:label1\" content=\"Est. reading time\" \/>\n\t<meta name=\"twitter:data1\" content=\"2 minutit\" \/>\n<script type=\"application\/ld+json\" class=\"yoast-schema-graph\">{\"@context\":\"https:\/\/schema.org\",\"@graph\":[{\"@type\":\"WebPage\",\"@id\":\"https:\/\/meremuuseum.ee\/lennusadam\/sissevaade-teaduri-argipaeva\/\",\"url\":\"https:\/\/meremuuseum.ee\/lennusadam\/sissevaade-teaduri-argipaeva\/\",\"name\":\"Sissevaade teaduri argip\u00e4eva - Lennusadam\",\"isPartOf\":{\"@id\":\"https:\/\/meremuuseum.ee\/lennusadam\/#website\"},\"primaryImageOfPage\":{\"@id\":\"https:\/\/meremuuseum.ee\/lennusadam\/sissevaade-teaduri-argipaeva\/#primaryimage\"},\"image\":{\"@id\":\"https:\/\/meremuuseum.ee\/lennusadam\/sissevaade-teaduri-argipaeva\/#primaryimage\"},\"thumbnailUrl\":\"https:\/\/meremuuseum.ee\/lennusadam_old\/wp-content\/uploads\/2020\/09\/Teele-Saar.jpg\",\"datePublished\":\"2024-04-22T13:16:05+00:00\",\"dateModified\":\"2025-11-28T00:56:31+00:00\",\"breadcrumb\":{\"@id\":\"https:\/\/meremuuseum.ee\/lennusadam\/sissevaade-teaduri-argipaeva\/#breadcrumb\"},\"inLanguage\":\"et\",\"potentialAction\":[{\"@type\":\"ReadAction\",\"target\":[\"https:\/\/meremuuseum.ee\/lennusadam\/sissevaade-teaduri-argipaeva\/\"]}]},{\"@type\":\"ImageObject\",\"inLanguage\":\"et\",\"@id\":\"https:\/\/meremuuseum.ee\/lennusadam\/sissevaade-teaduri-argipaeva\/#primaryimage\",\"url\":\"https:\/\/meremuuseum.ee\/lennusadam_old\/wp-content\/uploads\/2020\/09\/Teele-Saar.jpg\",\"contentUrl\":\"https:\/\/meremuuseum.ee\/lennusadam_old\/wp-content\/uploads\/2020\/09\/Teele-Saar.jpg\"},{\"@type\":\"BreadcrumbList\",\"@id\":\"https:\/\/meremuuseum.ee\/lennusadam\/sissevaade-teaduri-argipaeva\/#breadcrumb\",\"itemListElement\":[{\"@type\":\"ListItem\",\"position\":1,\"name\":\"Home\",\"item\":\"https:\/\/meremuuseum.ee\/lennusadam\/\"},{\"@type\":\"ListItem\",\"position\":2,\"name\":\"Sissevaade teaduri argip\u00e4eva\"}]},{\"@type\":\"WebSite\",\"@id\":\"https:\/\/meremuuseum.ee\/lennusadam\/#website\",\"url\":\"https:\/\/meremuuseum.ee\/lennusadam\/\",\"name\":\"Lennusadam\",\"description\":\"\",\"potentialAction\":[{\"@type\":\"SearchAction\",\"target\":{\"@type\":\"EntryPoint\",\"urlTemplate\":\"https:\/\/meremuuseum.ee\/lennusadam\/?s={search_term_string}\"},\"query-input\":{\"@type\":\"PropertyValueSpecification\",\"valueRequired\":true,\"valueName\":\"search_term_string\"}}],\"inLanguage\":\"et\"}]}<\/script>\n<!-- \/ Yoast SEO plugin. -->","yoast_head_json":{"title":"Sissevaade teaduri argip\u00e4eva - Lennusadam","robots":{"index":"index","follow":"follow","max-snippet":"max-snippet:-1","max-image-preview":"max-image-preview:large","max-video-preview":"max-video-preview:-1"},"canonical":"https:\/\/meremuuseum.ee\/lennusadam\/sissevaade-teaduri-argipaeva\/","og_locale":"et_EE","og_type":"article","og_title":"Sissevaade teaduri argip\u00e4eva - Lennusadam","og_description":"5.-12.klassidele Tunni pikkus 1,5 h Eesti Meremuuseumi noorte teaduritega vesteldes ja nende juhendamisel \u00fclesandeid l\u00e4bides tutvutakse teaduri t\u00f6\u00f6 spetsiifikaga. Ilmneb kultuurip\u00e4randi s\u00e4ilitamise vajalikkus ja selleks vajalikud tegevused. \u00d5pilased saavad aimu,...","og_url":"https:\/\/meremuuseum.ee\/lennusadam\/sissevaade-teaduri-argipaeva\/","og_site_name":"Lennusadam","article_modified_time":"2025-11-28T00:56:31+00:00","twitter_card":"summary_large_image","twitter_misc":{"Est. reading time":"2 minutit"},"schema":{"@context":"https:\/\/schema.org","@graph":[{"@type":"WebPage","@id":"https:\/\/meremuuseum.ee\/lennusadam\/sissevaade-teaduri-argipaeva\/","url":"https:\/\/meremuuseum.ee\/lennusadam\/sissevaade-teaduri-argipaeva\/","name":"Sissevaade teaduri argip\u00e4eva - Lennusadam","isPartOf":{"@id":"https:\/\/meremuuseum.ee\/lennusadam\/#website"},"primaryImageOfPage":{"@id":"https:\/\/meremuuseum.ee\/lennusadam\/sissevaade-teaduri-argipaeva\/#primaryimage"},"image":{"@id":"https:\/\/meremuuseum.ee\/lennusadam\/sissevaade-teaduri-argipaeva\/#primaryimage"},"thumbnailUrl":"https:\/\/meremuuseum.ee\/lennusadam_old\/wp-content\/uploads\/2020\/09\/Teele-Saar.jpg","datePublished":"2024-04-22T13:16:05+00:00","dateModified":"2025-11-28T00:56:31+00:00","breadcrumb":{"@id":"https:\/\/meremuuseum.ee\/lennusadam\/sissevaade-teaduri-argipaeva\/#breadcrumb"},"inLanguage":"et","potentialAction":[{"@type":"ReadAction","target":["https:\/\/meremuuseum.ee\/lennusadam\/sissevaade-teaduri-argipaeva\/"]}]},{"@type":"ImageObject","inLanguage":"et","@id":"https:\/\/meremuuseum.ee\/lennusadam\/sissevaade-teaduri-argipaeva\/#primaryimage","url":"https:\/\/meremuuseum.ee\/lennusadam_old\/wp-content\/uploads\/2020\/09\/Teele-Saar.jpg","contentUrl":"https:\/\/meremuuseum.ee\/lennusadam_old\/wp-content\/uploads\/2020\/09\/Teele-Saar.jpg"},{"@type":"BreadcrumbList","@id":"https:\/\/meremuuseum.ee\/lennusadam\/sissevaade-teaduri-argipaeva\/#breadcrumb","itemListElement":[{"@type":"ListItem","position":1,"name":"Home","item":"https:\/\/meremuuseum.ee\/lennusadam\/"},{"@type":"ListItem","position":2,"name":"Sissevaade teaduri argip\u00e4eva"}]},{"@type":"WebSite","@id":"https:\/\/meremuuseum.ee\/lennusadam\/#website","url":"https:\/\/meremuuseum.ee\/lennusadam\/","name":"Lennusadam","description":"","potentialAction":[{"@type":"SearchAction","target":{"@type":"EntryPoint","urlTemplate":"https:\/\/meremuuseum.ee\/lennusadam\/?s={search_term_string}"},"query-input":{"@type":"PropertyValueSpecification","valueRequired":true,"valueName":"search_term_string"}}],"inLanguage":"et"}]}},"uagb_featured_image_src":{"full":false,"thumbnail":false,"medium":false,"medium_large":false,"large":false,"1536x1536":false,"2048x2048":false,"small":false,"custom-size":false,"post-preview":false,"gform-image-choice-sm":false,"gform-image-choice-md":false,"gform-image-choice-lg":false},"uagb_author_info":{"display_name":"Reaktiiv Grupp","author_link":"https:\/\/meremuuseum.ee\/lennusadam\/author\/reaktiiv-pm\/"},"uagb_comment_info":0,"uagb_excerpt":"5.-12.klassidele Tunni pikkus 1,5 h Eesti Meremuuseumi noorte teaduritega vesteldes ja nende juhendamisel \u00fclesandeid l\u00e4bides tutvutakse teaduri t\u00f6\u00f6 spetsiifikaga. Ilmneb kultuurip\u00e4randi s\u00e4ilitamise vajalikkus ja selleks vajalikud tegevused. \u00d5pilased saavad aimu,...","coauthors":[],"author_meta":{"author_link":"https:\/\/meremuuseum.ee\/lennusadam\/author\/reaktiiv-pm\/","display_name":"Reaktiiv Grupp"},"relative_dates":{"created":"Posted 2 aastat ago","modified":"Updated 5 kuud ago"},"absolute_dates":{"created":"Posted on aprill 22, 2024","modified":"Updated on november 28, 2025"},"absolute_dates_time":{"created":"Posted on aprill 22, 2024 1:16 p.l.","modified":"Updated on november 28, 2025 12:56 e.l."},"featured_img_caption":"","featured_img":false,"series_order":"","_links":{"self":[{"href":"https:\/\/meremuuseum.ee\/lennusadam\/wp-json\/wp\/v2\/pages\/4563","targetHints":{"allow":["GET"]}}],"collection":[{"href":"https:\/\/meremuuseum.ee\/lennusadam\/wp-json\/wp\/v2\/pages"}],"about":[{"href":"https:\/\/meremuuseum.ee\/lennusadam\/wp-json\/wp\/v2\/types\/page"}],"author":[{"embeddable":true,"href":"https:\/\/meremuuseum.ee\/lennusadam\/wp-json\/wp\/v2\/users\/2"}],"replies":[{"embeddable":true,"href":"https:\/\/meremuuseum.ee\/lennusadam\/wp-json\/wp\/v2\/comments?post=4563"}],"version-history":[{"count":3,"href":"https:\/\/meremuuseum.ee\/lennusadam\/wp-json\/wp\/v2\/pages\/4563\/revisions"}],"predecessor-version":[{"id":6298,"href":"https:\/\/meremuuseum.ee\/lennusadam\/wp-json\/wp\/v2\/pages\/4563\/revisions\/6298"}],"wp:attachment":[{"href":"https:\/\/meremuuseum.ee\/lennusadam\/wp-json\/wp\/v2\/media?parent=4563"}],"curies":[{"name":"wp","href":"https:\/\/api.w.org\/{rel}","templated":true}]}}