{"id":4561,"date":"2024-04-22T13:14:10","date_gmt":"2024-04-22T13:14:10","guid":{"rendered":"https:\/\/meremuuseum.ee\/lennusadam\/?page_id=4561"},"modified":"2026-05-14T17:54:07","modified_gmt":"2026-05-14T17:54:07","slug":"laevaga-turvaliselt-merele","status":"publish","type":"page","link":"https:\/\/meremuuseum.ee\/lennusadam\/laevaga-turvaliselt-merele\/","title":{"rendered":"Laevaga turvaliselt merele"},"content":{"rendered":"\n<ul class=\"wp-block-list\">\n<li>Lennusadama sadamaalal \/ <strong>Meretaksoga <\/strong>koost\u00f6\u00f6s merel&nbsp;&nbsp;<\/li>\n\n\n\n<li>Lasteaia vanimale r\u00fchmale ja 1-4. klassile&nbsp;<\/li>\n\n\n\n<li>Hooajaline: mai &#8211; oktoobri algus<\/li>\n\n\n\n<li><strong>Kestus:<\/strong> <strong>\u2264 90 min<\/strong>, mis sisaldab u. 30 min tegevusi sadamaalal, u. 30 min laevas\u00f5itu ja u. 20 min liikumist Lennusadamast kaile ja tagasi. Peale seda on v\u00f5imalik j\u00e4tkata iseseisvat muuseumik\u00fclastust Lennusadama vesilennukite angaaris ja tutvuda uue merep\u00e4\u00e4ste teemaalaga.&nbsp;<\/li>\n\n\n\n<li><strong>Grupi suurus: <\/strong>korraga mahub laevale \u226410 \u00f5pilast + 1 \u00f5petaja. Kui on r\u00fchma\/klassi suurus \u226420 \u00f5pilast, siis jagatakse grupp kaheks: \u00fcks alustab v\u00e4lialal, teine merel, hiljem toimub vahetus. Sel juhul on vajalik grupile kindlasti kahe saatja olemasolu.<\/li>\n\n\n\n<li><strong>Grupp koguneb<\/strong> angaari fuajees kassa juures ja seej\u00e4rel liigub grupp koos l\u00e4biviijaga angaarist v\u00e4lja ning siis sadamaalale.&nbsp;&nbsp; &nbsp;<\/li>\n\n\n\n<li><strong>Hind:<\/strong>\u202f alates <strong>september 2026<\/strong> 1-10 osalejat <strong>100\u20ac<\/strong>; 11-20 osalejat <strong>200\u20ac<\/strong>; 21-30 osalejat <strong>300\u20ac<\/strong><\/li>\n\n\n\n<li><strong>Lisatingimused:<\/strong><strong> T\u00c4HTIS!<\/strong><strong> <\/strong>Tund toimub \u00f5ues, vajalik ilmale vastav riietus! Mere \u00e4\u00e4res on alati jahedam ja tuulisem kui sisemaal ja linnat\u00e4navail &#8211; v\u00f5tke kindlasti kaasa tuule eest kaitsev soe lisakiht!&nbsp;<\/li>\n\n\n\n<li>Meres\u00f5itu ei toimu, kui puhub p\u00f5hjatuul 12-15 m\/s.&nbsp;Keeruliste ilmaolude korral teeb l\u00f5pliku otsuse meres\u00f5idu kohta laeva kapten.<\/li>\n<\/ul>\n\n\n\n<p><strong>Muuseumitunni eesm\u00e4rk on <\/strong>tuua lapsed mere \u00e4\u00e4rde, et avardada nende silmaringi ja teadlikkust merep\u00e4\u00e4ste teemal. Lastele tutvustatakse sadamaalal turvalist liikumist ning k\u00e4itumist merel ja mere \u00e4\u00e4res. Asjatundlikud l\u00e4biviijad tutvustavad vee \u00e4\u00e4res olevaid merep\u00e4\u00e4ste vahendeid ja nendega tegutsemist ning harjutatakse ka p\u00e4\u00e4stevesti selga panekut. Lapsed l\u00e4bivad praktilise koolituse, et osata h\u00e4daolukorras k\u00e4ituda ja p\u00e4\u00e4stevahendeid kasutada.&nbsp;<\/p>\n\n\n\n<p>Tunni kulminatsiooniks on v\u00e4ikelaevaga merele minek. Lastel on v\u00f5imalus kaptenim\u00fctsi proovida ja ise\u202frooli keerata ning tajuda, kuidas laev rooli p\u00f6\u00f6rates k\u00e4itub. Proovime laeval olijatega suhelda ka raadioteel.<\/p>\n\n\n\n<p>Mereohutuse p\u00f5hit\u00f5desid jagav eriprogramm sobib v\u00e4ga h\u00e4sti lasteaia v\u00f5i kooliaasta l\u00f5petamiseks!&nbsp;<\/p>\n\n\n\n<ul class=\"wp-block-list\">\n<li>Enne tundi soovitame arutleda \u00f5pilastega, milliseid ohuolukordi nad veelkogude \u00e4\u00e4res kogenud on v\u00f5i millistest kuulnud.&nbsp;&nbsp;<\/li>\n\n\n\n<li>P\u00e4rast tundi soovitame kordamiseks kasutada merep\u00e4\u00e4ste v\u00e4rvipilte\u202f<a href=\"https:\/\/e-koolikott.ee\/oppematerjal\/9411-Merepaaste-varvipildid-koos-kirjeldustega\" target=\"_blank\" rel=\"noreferrer noopener\">e-koolikotist<\/a>.&nbsp;<\/li>\n<\/ul>\n\n\n\n<p>Haridusprogrammi \u00f5piv\u00e4ljundid on koosk\u00f5las koolieelsete lasteasutuste ja p\u00f5hikooli riikliku \u00f5ppekavaga.<\/p>\n\n\n\n<p><strong>Tunni l\u00f5puks koolieelikud ja 1-4. klassi \u00f5pilased:<\/strong>&nbsp;<\/p>\n\n\n\n<ul class=\"wp-block-list\">\n<li>teavad, kuidas k\u00e4ituda veekogul ja selle \u00e4\u00e4res turvaliselt;&nbsp;<\/li>\n\n\n\n<li>oskavad m\u00e4rgata veekogul ja selle \u00e4\u00e4res ohuolukordi;&nbsp;<\/li>\n\n\n\n<li>teavad, kuidas aidata ohtu sattunud inimesi nii, et oleks tagatud iseenda ohutus;&nbsp;<\/li>\n\n\n\n<li>teavad, kuidas kasutada p\u00e4\u00e4stevahendeid (p\u00e4\u00e4ster\u00f5ngas, pootshaak, p\u00e4\u00e4stevest) eesm\u00e4rgip\u00e4raselt;&nbsp;<\/li>\n\n\n\n<li>oskavad j\u00e4rgida vees\u00f5idukite kasutamisel vajalikke ohutusn\u00f5udeid;&nbsp;<\/li>\n\n\n\n<li>teavad, millal ja kuidas kutsuda abi.&nbsp;<\/li>\n<\/ul>\n\n\n\n<figure class=\"wp-block-image size-full\"><img loading=\"lazy\" decoding=\"async\" width=\"214\" height=\"208\" src=\"https:\/\/meremuuseum.ee\/lennusadam\/wp-content\/uploads\/sites\/4\/2024\/05\/muraka-margis.png\" alt=\"\" class=\"wp-image-4997\" srcset=\"https:\/\/meremuuseum.ee\/lennusadam\/wp-content\/uploads\/sites\/4\/2024\/05\/muraka-margis.png 214w, https:\/\/meremuuseum.ee\/lennusadam\/wp-content\/uploads\/sites\/4\/2024\/05\/muraka-margis-120x117.png 120w\" sizes=\"auto, (max-width: 214px) 100vw, 214px\" \/><\/figure>\n","protected":false},"excerpt":{"rendered":"Muuseumitunni eesm\u00e4rk on tuua lapsed mere \u00e4\u00e4rde, et avardada nende silmaringi ja teadlikkust merep\u00e4\u00e4ste teemal. Lastele tutvustatakse sadamaalal turvalist liikumist ning k\u00e4itumist merel ja mere \u00e4\u00e4res. Asjatundlikud l\u00e4biviijad tutvustavad vee&#8230;","protected":false},"author":2,"featured_media":0,"parent":0,"menu_order":0,"comment_status":"closed","ping_status":"closed","template":"","meta":{"_acf_changed":false,"_uag_custom_page_level_css":"","advgb_blocks_editor_width":"","advgb_blocks_columns_visual_guide":"","footnotes":""},"class_list":["post-4561","page","type-page","status-publish","hentry"],"acf":[],"yoast_head":"<!-- This site is optimized with the Yoast SEO plugin v26.6 - https:\/\/yoast.com\/wordpress\/plugins\/seo\/ -->\n<title>Laevaga turvaliselt merele - Lennusadam<\/title>\n<meta name=\"robots\" content=\"index, follow, max-snippet:-1, max-image-preview:large, max-video-preview:-1\" \/>\n<link rel=\"canonical\" href=\"https:\/\/meremuuseum.ee\/lennusadam\/laevaga-turvaliselt-merele\/\" \/>\n<meta property=\"og:locale\" content=\"et_EE\" \/>\n<meta property=\"og:type\" content=\"article\" \/>\n<meta property=\"og:title\" content=\"Laevaga turvaliselt merele - Lennusadam\" \/>\n<meta property=\"og:description\" content=\"Muuseumitunni eesm\u00e4rk on tuua lapsed mere \u00e4\u00e4rde, et avardada nende silmaringi ja teadlikkust merep\u00e4\u00e4ste teemal. Lastele tutvustatakse sadamaalal turvalist liikumist ning k\u00e4itumist merel ja mere \u00e4\u00e4res. Asjatundlikud l\u00e4biviijad tutvustavad vee...\" \/>\n<meta property=\"og:url\" content=\"https:\/\/meremuuseum.ee\/lennusadam\/laevaga-turvaliselt-merele\/\" \/>\n<meta property=\"og:site_name\" content=\"Lennusadam\" \/>\n<meta property=\"article:modified_time\" content=\"2026-05-14T17:54:07+00:00\" \/>\n<meta property=\"og:image\" content=\"https:\/\/meremuuseum.ee\/lennusadam\/wp-content\/uploads\/sites\/4\/2024\/05\/muraka-margis.png\" \/>\n\t<meta property=\"og:image:width\" content=\"214\" \/>\n\t<meta property=\"og:image:height\" content=\"208\" \/>\n\t<meta property=\"og:image:type\" content=\"image\/png\" \/>\n<meta name=\"twitter:card\" content=\"summary_large_image\" \/>\n<meta name=\"twitter:label1\" content=\"Est. reading time\" \/>\n\t<meta name=\"twitter:data1\" content=\"3 minutit\" \/>\n<script type=\"application\/ld+json\" class=\"yoast-schema-graph\">{\"@context\":\"https:\/\/schema.org\",\"@graph\":[{\"@type\":\"WebPage\",\"@id\":\"https:\/\/meremuuseum.ee\/lennusadam\/laevaga-turvaliselt-merele\/\",\"url\":\"https:\/\/meremuuseum.ee\/lennusadam\/laevaga-turvaliselt-merele\/\",\"name\":\"Laevaga turvaliselt merele - Lennusadam\",\"isPartOf\":{\"@id\":\"https:\/\/meremuuseum.ee\/lennusadam\/#website\"},\"primaryImageOfPage\":{\"@id\":\"https:\/\/meremuuseum.ee\/lennusadam\/laevaga-turvaliselt-merele\/#primaryimage\"},\"image\":{\"@id\":\"https:\/\/meremuuseum.ee\/lennusadam\/laevaga-turvaliselt-merele\/#primaryimage\"},\"thumbnailUrl\":\"https:\/\/meremuuseum.ee\/lennusadam\/wp-content\/uploads\/sites\/4\/2024\/05\/muraka-margis.png\",\"datePublished\":\"2024-04-22T13:14:10+00:00\",\"dateModified\":\"2026-05-14T17:54:07+00:00\",\"breadcrumb\":{\"@id\":\"https:\/\/meremuuseum.ee\/lennusadam\/laevaga-turvaliselt-merele\/#breadcrumb\"},\"inLanguage\":\"et\",\"potentialAction\":[{\"@type\":\"ReadAction\",\"target\":[\"https:\/\/meremuuseum.ee\/lennusadam\/laevaga-turvaliselt-merele\/\"]}]},{\"@type\":\"ImageObject\",\"inLanguage\":\"et\",\"@id\":\"https:\/\/meremuuseum.ee\/lennusadam\/laevaga-turvaliselt-merele\/#primaryimage\",\"url\":\"https:\/\/meremuuseum.ee\/lennusadam\/wp-content\/uploads\/sites\/4\/2024\/05\/muraka-margis.png\",\"contentUrl\":\"https:\/\/meremuuseum.ee\/lennusadam\/wp-content\/uploads\/sites\/4\/2024\/05\/muraka-margis.png\",\"width\":214,\"height\":208},{\"@type\":\"BreadcrumbList\",\"@id\":\"https:\/\/meremuuseum.ee\/lennusadam\/laevaga-turvaliselt-merele\/#breadcrumb\",\"itemListElement\":[{\"@type\":\"ListItem\",\"position\":1,\"name\":\"Home\",\"item\":\"https:\/\/meremuuseum.ee\/lennusadam\/\"},{\"@type\":\"ListItem\",\"position\":2,\"name\":\"Laevaga turvaliselt merele\"}]},{\"@type\":\"WebSite\",\"@id\":\"https:\/\/meremuuseum.ee\/lennusadam\/#website\",\"url\":\"https:\/\/meremuuseum.ee\/lennusadam\/\",\"name\":\"Lennusadam\",\"description\":\"\",\"potentialAction\":[{\"@type\":\"SearchAction\",\"target\":{\"@type\":\"EntryPoint\",\"urlTemplate\":\"https:\/\/meremuuseum.ee\/lennusadam\/?s={search_term_string}\"},\"query-input\":{\"@type\":\"PropertyValueSpecification\",\"valueRequired\":true,\"valueName\":\"search_term_string\"}}],\"inLanguage\":\"et\"}]}<\/script>\n<!-- \/ Yoast SEO plugin. -->","yoast_head_json":{"title":"Laevaga turvaliselt merele - Lennusadam","robots":{"index":"index","follow":"follow","max-snippet":"max-snippet:-1","max-image-preview":"max-image-preview:large","max-video-preview":"max-video-preview:-1"},"canonical":"https:\/\/meremuuseum.ee\/lennusadam\/laevaga-turvaliselt-merele\/","og_locale":"et_EE","og_type":"article","og_title":"Laevaga turvaliselt merele - Lennusadam","og_description":"Muuseumitunni eesm\u00e4rk on tuua lapsed mere \u00e4\u00e4rde, et avardada nende silmaringi ja teadlikkust merep\u00e4\u00e4ste teemal. Lastele tutvustatakse sadamaalal turvalist liikumist ning k\u00e4itumist merel ja mere \u00e4\u00e4res. Asjatundlikud l\u00e4biviijad tutvustavad vee...","og_url":"https:\/\/meremuuseum.ee\/lennusadam\/laevaga-turvaliselt-merele\/","og_site_name":"Lennusadam","article_modified_time":"2026-05-14T17:54:07+00:00","og_image":[{"width":214,"height":208,"url":"https:\/\/meremuuseum.ee\/lennusadam\/wp-content\/uploads\/sites\/4\/2024\/05\/muraka-margis.png","type":"image\/png"}],"twitter_card":"summary_large_image","twitter_misc":{"Est. reading time":"3 minutit"},"schema":{"@context":"https:\/\/schema.org","@graph":[{"@type":"WebPage","@id":"https:\/\/meremuuseum.ee\/lennusadam\/laevaga-turvaliselt-merele\/","url":"https:\/\/meremuuseum.ee\/lennusadam\/laevaga-turvaliselt-merele\/","name":"Laevaga turvaliselt merele - Lennusadam","isPartOf":{"@id":"https:\/\/meremuuseum.ee\/lennusadam\/#website"},"primaryImageOfPage":{"@id":"https:\/\/meremuuseum.ee\/lennusadam\/laevaga-turvaliselt-merele\/#primaryimage"},"image":{"@id":"https:\/\/meremuuseum.ee\/lennusadam\/laevaga-turvaliselt-merele\/#primaryimage"},"thumbnailUrl":"https:\/\/meremuuseum.ee\/lennusadam\/wp-content\/uploads\/sites\/4\/2024\/05\/muraka-margis.png","datePublished":"2024-04-22T13:14:10+00:00","dateModified":"2026-05-14T17:54:07+00:00","breadcrumb":{"@id":"https:\/\/meremuuseum.ee\/lennusadam\/laevaga-turvaliselt-merele\/#breadcrumb"},"inLanguage":"et","potentialAction":[{"@type":"ReadAction","target":["https:\/\/meremuuseum.ee\/lennusadam\/laevaga-turvaliselt-merele\/"]}]},{"@type":"ImageObject","inLanguage":"et","@id":"https:\/\/meremuuseum.ee\/lennusadam\/laevaga-turvaliselt-merele\/#primaryimage","url":"https:\/\/meremuuseum.ee\/lennusadam\/wp-content\/uploads\/sites\/4\/2024\/05\/muraka-margis.png","contentUrl":"https:\/\/meremuuseum.ee\/lennusadam\/wp-content\/uploads\/sites\/4\/2024\/05\/muraka-margis.png","width":214,"height":208},{"@type":"BreadcrumbList","@id":"https:\/\/meremuuseum.ee\/lennusadam\/laevaga-turvaliselt-merele\/#breadcrumb","itemListElement":[{"@type":"ListItem","position":1,"name":"Home","item":"https:\/\/meremuuseum.ee\/lennusadam\/"},{"@type":"ListItem","position":2,"name":"Laevaga turvaliselt merele"}]},{"@type":"WebSite","@id":"https:\/\/meremuuseum.ee\/lennusadam\/#website","url":"https:\/\/meremuuseum.ee\/lennusadam\/","name":"Lennusadam","description":"","potentialAction":[{"@type":"SearchAction","target":{"@type":"EntryPoint","urlTemplate":"https:\/\/meremuuseum.ee\/lennusadam\/?s={search_term_string}"},"query-input":{"@type":"PropertyValueSpecification","valueRequired":true,"valueName":"search_term_string"}}],"inLanguage":"et"}]}},"uagb_featured_image_src":{"full":false,"thumbnail":false,"medium":false,"medium_large":false,"large":false,"1536x1536":false,"2048x2048":false,"small":false,"custom-size":false,"post-preview":false,"gform-image-choice-sm":false,"gform-image-choice-md":false,"gform-image-choice-lg":false},"uagb_author_info":{"display_name":"Reaktiiv Grupp","author_link":"https:\/\/meremuuseum.ee\/lennusadam\/author\/reaktiiv-pm\/"},"uagb_comment_info":0,"uagb_excerpt":"Muuseumitunni eesm\u00e4rk on tuua lapsed mere \u00e4\u00e4rde, et avardada nende silmaringi ja teadlikkust merep\u00e4\u00e4ste teemal. Lastele tutvustatakse sadamaalal turvalist liikumist ning k\u00e4itumist merel ja mere \u00e4\u00e4res. Asjatundlikud l\u00e4biviijad tutvustavad vee...","coauthors":[],"author_meta":{"author_link":"https:\/\/meremuuseum.ee\/lennusadam\/author\/reaktiiv-pm\/","display_name":"Reaktiiv Grupp"},"relative_dates":{"created":"Posted 2 aastat ago","modified":"Updated 4 tundi ago"},"absolute_dates":{"created":"Posted on aprill 22, 2024","modified":"Updated on mai 14, 2026"},"absolute_dates_time":{"created":"Posted on aprill 22, 2024 1:14 p.l.","modified":"Updated on mai 14, 2026 5:54 p.l."},"featured_img_caption":"","featured_img":false,"series_order":"","_links":{"self":[{"href":"https:\/\/meremuuseum.ee\/lennusadam\/wp-json\/wp\/v2\/pages\/4561","targetHints":{"allow":["GET"]}}],"collection":[{"href":"https:\/\/meremuuseum.ee\/lennusadam\/wp-json\/wp\/v2\/pages"}],"about":[{"href":"https:\/\/meremuuseum.ee\/lennusadam\/wp-json\/wp\/v2\/types\/page"}],"author":[{"embeddable":true,"href":"https:\/\/meremuuseum.ee\/lennusadam\/wp-json\/wp\/v2\/users\/2"}],"replies":[{"embeddable":true,"href":"https:\/\/meremuuseum.ee\/lennusadam\/wp-json\/wp\/v2\/comments?post=4561"}],"version-history":[{"count":7,"href":"https:\/\/meremuuseum.ee\/lennusadam\/wp-json\/wp\/v2\/pages\/4561\/revisions"}],"predecessor-version":[{"id":7251,"href":"https:\/\/meremuuseum.ee\/lennusadam\/wp-json\/wp\/v2\/pages\/4561\/revisions\/7251"}],"wp:attachment":[{"href":"https:\/\/meremuuseum.ee\/lennusadam\/wp-json\/wp\/v2\/media?parent=4561"}],"curies":[{"name":"wp","href":"https:\/\/api.w.org\/{rel}","templated":true}]}}