{"id":324,"date":"2023-09-25T09:52:24","date_gmt":"2023-09-25T09:52:24","guid":{"rendered":"https:\/\/meremuuseum2.rktv.ee\/lennusadam\/?page_id=324"},"modified":"2026-01-16T14:37:35","modified_gmt":"2026-01-16T14:37:35","slug":"sunnipaevaprogrammide-hinnad-ja-tingimused","status":"publish","type":"page","link":"https:\/\/meremuuseum.ee\/lennusadam\/korralda-uritus\/laste-sunnipaevad\/sunnipaevaprogrammide-hinnad-ja-tingimused\/","title":{"rendered":"S\u00fcnnip\u00e4evaprogrammide hinnad ja tingimused"},"content":{"rendered":"\n<p><strong>S\u00fcnnip\u00e4evapakettide hinnad:<\/strong><\/p>\n\n\n\n<ul class=\"wp-block-list\">\n<li>esmasp\u00e4ev\u2013reede 179 \u20ac<\/li>\n\n\n\n<li>laup\u00e4ev\u2013p\u00fchap\u00e4ev (k.a riigip\u00fchad) 205 \u20ac<\/li>\n<\/ul>\n\n\n\n<p><strong>Tingimused<\/strong><\/p>\n\n\n\n<p><strong>Eelbroneerimine<\/strong><br>S\u00fcnnip\u00e4evaprogrammile palume registreeruda&nbsp;<a href=\"https:\/\/meremuuseum.ee\/lennusadam\/korralda-uritus\/laste-sunnipaevad\/sunnipaevaprogrammi-broneerimine\/\">siin<\/a>. Registreerimine loetakse l\u00f5plikuks p\u00e4rast Meremuuseumi poolt saadetud kirjalikku kinnitust kuup\u00e4eva ja kellaaja sobivuse kohta.<\/p>\n\n\n\n<p><strong>Broneeringu muutmine<\/strong><br>Broneeringu muudatustest v\u00f5i t\u00fchistamisest palume meile v\u00f5imalikult kiiresti&nbsp;kirjalikult&nbsp;teada anda, kuid mitte hiljem kui 3 t\u00f6\u00f6p\u00e4eva enne programmi toimumist. Hilisemal muutmisel v\u00f5i t\u00fchistamisel on Meremuuseumil \u00f5igus n\u00f5uda broneeringu eest tasumist t\u00e4ies ulatuses.<\/p>\n\n\n\n<p><strong>Osalejate arv<\/strong><\/p>\n\n\n\n<p>S\u00fcnnip\u00e4evaprogrammi hinnas on sissep\u00e4\u00e4s ja programm kuni 15 lapsele ning kuni kolmele t\u00e4iskasvanule. Iga lisanduva lapse osalustasu on 5 \u20ac, mis lisandub s\u00fcnnip\u00e4evapaketi hinnale (max osalejate arv programmis on 20). Lisanduvate t\u00e4iskasvanute puhul tuleb osta angaaride pilet maksumusega 22 \u20ac.<\/p>\n\n\n\n<p><strong>Kellaaja valik<\/strong><br>S\u00fcnnip\u00e4eva t\u00e4histamiseks soovitame planeerida&nbsp; 2,5-3 tundi. K\u00f5ige hilisem s\u00fcnnip\u00e4eva alguskellaaeg koos s\u00fcnnip\u00e4evalauaga on kell 15.00, ilma toitlustuseta hiljemalt kell 16.00.<\/p>\n\n\n\n<p><strong>Saatjate roll<\/strong><br>Lastega tegeleb s\u00fcnnip\u00e4evaprogrammi ajal \u00fcks programmijuht. T\u00e4iskasvanud saatjatel palume aidata lastel silma peal hoida, et nad iseseisvalt muuseumisse seiklema ei l\u00e4heks.<\/p>\n\n\n\n<p><strong>Aja planeerimine Lennusadamasse tulles<\/strong><br>Soovitame Lennusadamasse j\u00f5uda v\u00e4hemalt 15 minutit enne s\u00fcnnip\u00e4evaprogrammi algust. Nii j\u00e4\u00e4b k\u00f5igil aega \u00e4ra panna \u00fcleriided, k\u00fclastada tualetti ning harjuda \u00fcmbritseva keskkonnaga.<\/p>\n\n\n\n<p>NB! Programmi l\u00e4biviijal on \u00f5igus teha programmi kavas muudatusi vastavalt grupi suurusele, laste huvile\/k\u00e4itumisele v\u00f5i muudele asjaoludele.<\/p>\n\n\n\n<p><\/p>\n\n\n\n<p><strong>Info ja broneeringud:&nbsp;<\/strong><a href=\"mailto:booking@meremuuseum.ee\">booking@meremuuseum.ee<\/a>&nbsp;v\u00f5i telefonil +372 6 200 550 (E-R kl 9-17, v.a. riigip\u00fchadel).<\/p>\n","protected":false},"excerpt":{"rendered":"S\u00fcnnip\u00e4evapakettide hinnad: Tingimused EelbroneerimineS\u00fcnnip\u00e4evaprogrammile palume registreeruda&nbsp;siin. Registreerimine loetakse l\u00f5plikuks p\u00e4rast Meremuuseumi poolt saadetud kirjalikku kinnitust kuup\u00e4eva ja kellaaja sobivuse kohta. Broneeringu muutmineBroneeringu muudatustest v\u00f5i t\u00fchistamisest palume meile v\u00f5imalikult kiiresti&nbsp;kirjalikult&nbsp;teada anda,&#8230;","protected":false},"author":2,"featured_media":0,"parent":226,"menu_order":1,"comment_status":"closed","ping_status":"closed","template":"","meta":{"_acf_changed":false,"_uag_custom_page_level_css":"","advgb_blocks_editor_width":"","advgb_blocks_columns_visual_guide":"","footnotes":""},"class_list":["post-324","page","type-page","status-publish","hentry"],"acf":[],"yoast_head":"<!-- This site is optimized with the Yoast SEO plugin v26.6 - https:\/\/yoast.com\/wordpress\/plugins\/seo\/ -->\n<title>S\u00fcnnip\u00e4evaprogrammide hinnad ja tingimused - Lennusadam<\/title>\n<meta name=\"robots\" content=\"index, follow, max-snippet:-1, max-image-preview:large, max-video-preview:-1\" \/>\n<link rel=\"canonical\" href=\"https:\/\/meremuuseum.ee\/lennusadam\/korralda-uritus\/laste-sunnipaevad\/sunnipaevaprogrammide-hinnad-ja-tingimused\/\" \/>\n<meta property=\"og:locale\" content=\"et_EE\" \/>\n<meta property=\"og:type\" content=\"article\" \/>\n<meta property=\"og:title\" content=\"S\u00fcnnip\u00e4evaprogrammide hinnad ja tingimused - Lennusadam\" \/>\n<meta property=\"og:description\" content=\"S\u00fcnnip\u00e4evapakettide hinnad: Tingimused EelbroneerimineS\u00fcnnip\u00e4evaprogrammile palume registreeruda&nbsp;siin. Registreerimine loetakse l\u00f5plikuks p\u00e4rast Meremuuseumi poolt saadetud kirjalikku kinnitust kuup\u00e4eva ja kellaaja sobivuse kohta. Broneeringu muutmineBroneeringu muudatustest v\u00f5i t\u00fchistamisest palume meile v\u00f5imalikult kiiresti&nbsp;kirjalikult&nbsp;teada anda,...\" \/>\n<meta property=\"og:url\" content=\"https:\/\/meremuuseum.ee\/lennusadam\/korralda-uritus\/laste-sunnipaevad\/sunnipaevaprogrammide-hinnad-ja-tingimused\/\" \/>\n<meta property=\"og:site_name\" content=\"Lennusadam\" \/>\n<meta property=\"article:modified_time\" content=\"2026-01-16T14:37:35+00:00\" \/>\n<meta name=\"twitter:card\" content=\"summary_large_image\" \/>\n<meta name=\"twitter:label1\" content=\"Est. reading time\" \/>\n\t<meta name=\"twitter:data1\" content=\"2 minutit\" \/>\n<script type=\"application\/ld+json\" class=\"yoast-schema-graph\">{\"@context\":\"https:\/\/schema.org\",\"@graph\":[{\"@type\":\"WebPage\",\"@id\":\"https:\/\/meremuuseum.ee\/lennusadam\/korralda-uritus\/laste-sunnipaevad\/sunnipaevaprogrammide-hinnad-ja-tingimused\/\",\"url\":\"https:\/\/meremuuseum.ee\/lennusadam\/korralda-uritus\/laste-sunnipaevad\/sunnipaevaprogrammide-hinnad-ja-tingimused\/\",\"name\":\"S\u00fcnnip\u00e4evaprogrammide hinnad ja tingimused - Lennusadam\",\"isPartOf\":{\"@id\":\"https:\/\/meremuuseum.ee\/lennusadam\/#website\"},\"datePublished\":\"2023-09-25T09:52:24+00:00\",\"dateModified\":\"2026-01-16T14:37:35+00:00\",\"breadcrumb\":{\"@id\":\"https:\/\/meremuuseum.ee\/lennusadam\/korralda-uritus\/laste-sunnipaevad\/sunnipaevaprogrammide-hinnad-ja-tingimused\/#breadcrumb\"},\"inLanguage\":\"et\",\"potentialAction\":[{\"@type\":\"ReadAction\",\"target\":[\"https:\/\/meremuuseum.ee\/lennusadam\/korralda-uritus\/laste-sunnipaevad\/sunnipaevaprogrammide-hinnad-ja-tingimused\/\"]}]},{\"@type\":\"BreadcrumbList\",\"@id\":\"https:\/\/meremuuseum.ee\/lennusadam\/korralda-uritus\/laste-sunnipaevad\/sunnipaevaprogrammide-hinnad-ja-tingimused\/#breadcrumb\",\"itemListElement\":[{\"@type\":\"ListItem\",\"position\":1,\"name\":\"Home\",\"item\":\"https:\/\/meremuuseum.ee\/lennusadam\/\"},{\"@type\":\"ListItem\",\"position\":2,\"name\":\"Korralda \u00fcritus\",\"item\":\"https:\/\/meremuuseum.ee\/lennusadam\/korralda-uritus\/\"},{\"@type\":\"ListItem\",\"position\":3,\"name\":\"Laste s\u00fcnnip\u00e4evad\",\"item\":\"https:\/\/meremuuseum.ee\/lennusadam\/korralda-uritus\/laste-sunnipaevad\/\"},{\"@type\":\"ListItem\",\"position\":4,\"name\":\"S\u00fcnnip\u00e4evaprogrammide hinnad ja tingimused\"}]},{\"@type\":\"WebSite\",\"@id\":\"https:\/\/meremuuseum.ee\/lennusadam\/#website\",\"url\":\"https:\/\/meremuuseum.ee\/lennusadam\/\",\"name\":\"Lennusadam\",\"description\":\"\",\"potentialAction\":[{\"@type\":\"SearchAction\",\"target\":{\"@type\":\"EntryPoint\",\"urlTemplate\":\"https:\/\/meremuuseum.ee\/lennusadam\/?s={search_term_string}\"},\"query-input\":{\"@type\":\"PropertyValueSpecification\",\"valueRequired\":true,\"valueName\":\"search_term_string\"}}],\"inLanguage\":\"et\"}]}<\/script>\n<!-- \/ Yoast SEO plugin. -->","yoast_head_json":{"title":"S\u00fcnnip\u00e4evaprogrammide hinnad ja tingimused - Lennusadam","robots":{"index":"index","follow":"follow","max-snippet":"max-snippet:-1","max-image-preview":"max-image-preview:large","max-video-preview":"max-video-preview:-1"},"canonical":"https:\/\/meremuuseum.ee\/lennusadam\/korralda-uritus\/laste-sunnipaevad\/sunnipaevaprogrammide-hinnad-ja-tingimused\/","og_locale":"et_EE","og_type":"article","og_title":"S\u00fcnnip\u00e4evaprogrammide hinnad ja tingimused - Lennusadam","og_description":"S\u00fcnnip\u00e4evapakettide hinnad: Tingimused EelbroneerimineS\u00fcnnip\u00e4evaprogrammile palume registreeruda&nbsp;siin. Registreerimine loetakse l\u00f5plikuks p\u00e4rast Meremuuseumi poolt saadetud kirjalikku kinnitust kuup\u00e4eva ja kellaaja sobivuse kohta. Broneeringu muutmineBroneeringu muudatustest v\u00f5i t\u00fchistamisest palume meile v\u00f5imalikult kiiresti&nbsp;kirjalikult&nbsp;teada anda,...","og_url":"https:\/\/meremuuseum.ee\/lennusadam\/korralda-uritus\/laste-sunnipaevad\/sunnipaevaprogrammide-hinnad-ja-tingimused\/","og_site_name":"Lennusadam","article_modified_time":"2026-01-16T14:37:35+00:00","twitter_card":"summary_large_image","twitter_misc":{"Est. reading time":"2 minutit"},"schema":{"@context":"https:\/\/schema.org","@graph":[{"@type":"WebPage","@id":"https:\/\/meremuuseum.ee\/lennusadam\/korralda-uritus\/laste-sunnipaevad\/sunnipaevaprogrammide-hinnad-ja-tingimused\/","url":"https:\/\/meremuuseum.ee\/lennusadam\/korralda-uritus\/laste-sunnipaevad\/sunnipaevaprogrammide-hinnad-ja-tingimused\/","name":"S\u00fcnnip\u00e4evaprogrammide hinnad ja tingimused - Lennusadam","isPartOf":{"@id":"https:\/\/meremuuseum.ee\/lennusadam\/#website"},"datePublished":"2023-09-25T09:52:24+00:00","dateModified":"2026-01-16T14:37:35+00:00","breadcrumb":{"@id":"https:\/\/meremuuseum.ee\/lennusadam\/korralda-uritus\/laste-sunnipaevad\/sunnipaevaprogrammide-hinnad-ja-tingimused\/#breadcrumb"},"inLanguage":"et","potentialAction":[{"@type":"ReadAction","target":["https:\/\/meremuuseum.ee\/lennusadam\/korralda-uritus\/laste-sunnipaevad\/sunnipaevaprogrammide-hinnad-ja-tingimused\/"]}]},{"@type":"BreadcrumbList","@id":"https:\/\/meremuuseum.ee\/lennusadam\/korralda-uritus\/laste-sunnipaevad\/sunnipaevaprogrammide-hinnad-ja-tingimused\/#breadcrumb","itemListElement":[{"@type":"ListItem","position":1,"name":"Home","item":"https:\/\/meremuuseum.ee\/lennusadam\/"},{"@type":"ListItem","position":2,"name":"Korralda \u00fcritus","item":"https:\/\/meremuuseum.ee\/lennusadam\/korralda-uritus\/"},{"@type":"ListItem","position":3,"name":"Laste s\u00fcnnip\u00e4evad","item":"https:\/\/meremuuseum.ee\/lennusadam\/korralda-uritus\/laste-sunnipaevad\/"},{"@type":"ListItem","position":4,"name":"S\u00fcnnip\u00e4evaprogrammide hinnad ja tingimused"}]},{"@type":"WebSite","@id":"https:\/\/meremuuseum.ee\/lennusadam\/#website","url":"https:\/\/meremuuseum.ee\/lennusadam\/","name":"Lennusadam","description":"","potentialAction":[{"@type":"SearchAction","target":{"@type":"EntryPoint","urlTemplate":"https:\/\/meremuuseum.ee\/lennusadam\/?s={search_term_string}"},"query-input":{"@type":"PropertyValueSpecification","valueRequired":true,"valueName":"search_term_string"}}],"inLanguage":"et"}]}},"uagb_featured_image_src":{"full":false,"thumbnail":false,"medium":false,"medium_large":false,"large":false,"1536x1536":false,"2048x2048":false,"small":false,"custom-size":false,"post-preview":false,"gform-image-choice-sm":false,"gform-image-choice-md":false,"gform-image-choice-lg":false},"uagb_author_info":{"display_name":"Reaktiiv Grupp","author_link":"https:\/\/meremuuseum.ee\/lennusadam\/author\/reaktiiv-pm\/"},"uagb_comment_info":0,"uagb_excerpt":"S\u00fcnnip\u00e4evapakettide hinnad: Tingimused EelbroneerimineS\u00fcnnip\u00e4evaprogrammile palume registreeruda&nbsp;siin. Registreerimine loetakse l\u00f5plikuks p\u00e4rast Meremuuseumi poolt saadetud kirjalikku kinnitust kuup\u00e4eva ja kellaaja sobivuse kohta. Broneeringu muutmineBroneeringu muudatustest v\u00f5i t\u00fchistamisest palume meile v\u00f5imalikult kiiresti&nbsp;kirjalikult&nbsp;teada anda,...","coauthors":[],"author_meta":{"author_link":"https:\/\/meremuuseum.ee\/lennusadam\/author\/reaktiiv-pm\/","display_name":"Reaktiiv Grupp"},"relative_dates":{"created":"Posted 3 aastat ago","modified":"Updated 3 kuud ago"},"absolute_dates":{"created":"Posted on september 25, 2023","modified":"Updated on jaanuar 16, 2026"},"absolute_dates_time":{"created":"Posted on september 25, 2023 9:52 e.l.","modified":"Updated on jaanuar 16, 2026 2:37 p.l."},"featured_img_caption":"","featured_img":false,"series_order":"","_links":{"self":[{"href":"https:\/\/meremuuseum.ee\/lennusadam\/wp-json\/wp\/v2\/pages\/324","targetHints":{"allow":["GET"]}}],"collection":[{"href":"https:\/\/meremuuseum.ee\/lennusadam\/wp-json\/wp\/v2\/pages"}],"about":[{"href":"https:\/\/meremuuseum.ee\/lennusadam\/wp-json\/wp\/v2\/types\/page"}],"author":[{"embeddable":true,"href":"https:\/\/meremuuseum.ee\/lennusadam\/wp-json\/wp\/v2\/users\/2"}],"replies":[{"embeddable":true,"href":"https:\/\/meremuuseum.ee\/lennusadam\/wp-json\/wp\/v2\/comments?post=324"}],"version-history":[{"count":7,"href":"https:\/\/meremuuseum.ee\/lennusadam\/wp-json\/wp\/v2\/pages\/324\/revisions"}],"predecessor-version":[{"id":6588,"href":"https:\/\/meremuuseum.ee\/lennusadam\/wp-json\/wp\/v2\/pages\/324\/revisions\/6588"}],"up":[{"embeddable":true,"href":"https:\/\/meremuuseum.ee\/lennusadam\/wp-json\/wp\/v2\/pages\/226"}],"wp:attachment":[{"href":"https:\/\/meremuuseum.ee\/lennusadam\/wp-json\/wp\/v2\/media?parent=324"}],"curies":[{"name":"wp","href":"https:\/\/api.w.org\/{rel}","templated":true}]}}