{"id":202,"date":"2023-09-25T08:22:17","date_gmt":"2023-09-25T08:22:17","guid":{"rendered":"https:\/\/meremuuseum2.rktv.ee\/lennusadam\/?page_id=202"},"modified":"2025-12-23T07:10:01","modified_gmt":"2025-12-23T07:10:01","slug":"hea-teada","status":"publish","type":"page","link":"https:\/\/meremuuseum.ee\/lennusadam\/kulastusinfo\/hea-teada\/","title":{"rendered":"Hea teada"},"content":{"rendered":"<div class=\"wp-block-image\">\n<figure class=\"alignright\"><a href=\"http:\/\/meremuuseum.ee\/lennusadam_old\/wp-content\/uploads\/sites\/4\/2015\/07\/Hea-teada.jpg\"><img decoding=\"async\" src=\"http:\/\/meremuuseum.ee\/lennusadam_old\/wp-content\/uploads\/sites\/4\/2015\/07\/Hea-teada-480x320.jpg\" alt=\"\" class=\"wp-image-2441\" \/><\/a><\/figure>\n<\/div>\n\n\n<ul class=\"wp-block-list\">\n<li><strong>Muuseumi territoorium:<\/strong> Lennusadama v\u00e4liala on avalik linnaruum ja k\u00f5igile igap\u00e4evaselt avatud. Vesilennukite angaaris asuvasse Lennusadama muuseumisse ja muuseumilaevadele on sissep\u00e4\u00e4s piletiga. Ringikujuline piletikassa asub angaaris.<\/li>\n\n\n\n<li><strong>WC:<\/strong> tualetid asuvad kassaringist vasakul koridoris.<\/li>\n\n\n\n<li><strong>Lift:<\/strong> vesilennukite angaaris on kaks lifti: kassaringist paremal trepi vastas ning muuseumialal allveelaeva Lembit vastas.<\/li>\n\n\n\n<li><strong>Garderoob:<\/strong> valveta riidehoid asub kassaringist paremal, kohe trepi k\u00f5rval. Garderoobi juures on lukustatavad hoiukapid.<\/li>\n\n\n\n<li><strong>Pagas:<\/strong> suured kotid ja kohvrid ei ole n\u00e4itusesaalis lubatud. Pagasi hoiustamiseks palume kasutada hoiukappe v\u00f5i p\u00f6\u00f6rduda kassa poole.<\/li>\n\n\n\n<li><strong>Lapsevankrid ja ratastoolid:<\/strong> Lennusadamas on mugav liigelda ka lapsevankri v\u00f5i ratastooliga, allveelaeva Lembit ja j\u00e4\u00e4murdja Suur T\u00f5ll pardale ratastel s\u00f5iduvahenditega kahjuks ei p\u00e4\u00e4se. Vajadusel saab ratastooli k\u00fcsida kassast.<\/li>\n\n\n\n<li><strong>Loomad:<\/strong> lemmikloomad ei ole muuseumis lubatud, v\u00e4lja arvatud pimedate juhtkoerad ja teenistuskoerad \u00fclesannete t\u00e4itmisel. Lemmikloomad on lubatud&nbsp;Lennusadama v\u00e4lialal.<\/li>\n\n\n\n<li><strong>Autode parkimine:<\/strong> parkla asub Lennusadama ees platsil, samuti on t\u00e4histatud parkla Lennusadama angaari paremal k\u00fcljel. Inva-parkimiskohad asuvad angaari k\u00fcljel olevas parklas. Parkimise info on leitav <a href=\"https:\/\/meremuuseum.ee\/lennusadam\/kulastusinfo\/kontakt-ja-asukoht\/\">SIIT<\/a>. Parkimiskioskid asuvad Lennusadama fuajees.<\/li>\n\n\n\n<li><strong>Busside parkimine:<\/strong> kolm busside parkimiskohta asuvad Patarei poolsel sisses\u00f5idul.<\/li>\n\n\n\n<li><strong>Kaotatud ja leitud:<\/strong> kui olete Lennusadamas midagi kaotanud v\u00f5i leidnud, palume p\u00f6\u00f6rduda kassasse (tel +372 6 200 545). Leitud asju hoitakse kuni 3 kuud.<\/li>\n\n\n\n<li><strong>Pildistamine ja filmimine:<\/strong> Lennusadamas on lubatud pildistada ja filmida. Kommertseesm\u00e4rgil filmimine ja pildistamine on lubatud vaid eelneval kokkuleppel meremuuseumiga. Palun v\u00f5tke \u00fchendust <a href=\"mailto:laura.maide@meremuuseum.ee\">laura.maide@meremuuseum.ee<\/a>.<\/li>\n\n\n\n<li><strong>Info:<\/strong> meie klienditugi t\u00f6\u00f6tab E\u2013R kell 9\u201317: tel +372 6 200 550 ( v.a. riigip\u00fchadel), e-post <a href=\"mailto:booking@meremuuseum.ee\">booking@meremuuseum.ee<\/a>. V\u00f5imalusel vastab ka Lennusadama kassa +372 6 200 545.<\/li>\n<\/ul>\n\n\n\n<p><\/p>\n","protected":false},"excerpt":{"rendered":"","protected":false},"author":2,"featured_media":0,"parent":178,"menu_order":11,"comment_status":"closed","ping_status":"closed","template":"","meta":{"_acf_changed":false,"_uag_custom_page_level_css":"","advgb_blocks_editor_width":"","advgb_blocks_columns_visual_guide":"","footnotes":""},"class_list":["post-202","page","type-page","status-publish","hentry"],"acf":[],"yoast_head":"<!-- This site is optimized with the Yoast SEO plugin v26.6 - https:\/\/yoast.com\/wordpress\/plugins\/seo\/ -->\n<title>Hea teada - Lennusadam<\/title>\n<meta name=\"robots\" content=\"index, follow, max-snippet:-1, max-image-preview:large, max-video-preview:-1\" \/>\n<link rel=\"canonical\" href=\"https:\/\/meremuuseum.ee\/lennusadam\/kulastusinfo\/hea-teada\/\" \/>\n<meta property=\"og:locale\" content=\"et_EE\" \/>\n<meta property=\"og:type\" content=\"article\" \/>\n<meta property=\"og:title\" content=\"Hea teada - Lennusadam\" \/>\n<meta property=\"og:url\" content=\"https:\/\/meremuuseum.ee\/lennusadam\/kulastusinfo\/hea-teada\/\" \/>\n<meta property=\"og:site_name\" content=\"Lennusadam\" \/>\n<meta property=\"article:modified_time\" content=\"2025-12-23T07:10:01+00:00\" \/>\n<meta property=\"og:image\" content=\"https:\/\/meremuuseum.ee\/lennusadam\/wp-content\/uploads\/sites\/4\/2023\/09\/Ironman-scaled.jpg\" \/>\n\t<meta property=\"og:image:width\" content=\"2560\" \/>\n\t<meta property=\"og:image:height\" content=\"1920\" \/>\n\t<meta property=\"og:image:type\" content=\"image\/jpeg\" \/>\n<meta name=\"twitter:card\" content=\"summary_large_image\" \/>\n<meta name=\"twitter:label1\" content=\"Est. reading time\" \/>\n\t<meta name=\"twitter:data1\" content=\"2 minutit\" \/>\n<script type=\"application\/ld+json\" class=\"yoast-schema-graph\">{\"@context\":\"https:\/\/schema.org\",\"@graph\":[{\"@type\":\"WebPage\",\"@id\":\"https:\/\/meremuuseum.ee\/lennusadam\/kulastusinfo\/hea-teada\/\",\"url\":\"https:\/\/meremuuseum.ee\/lennusadam\/kulastusinfo\/hea-teada\/\",\"name\":\"Hea teada - Lennusadam\",\"isPartOf\":{\"@id\":\"https:\/\/meremuuseum.ee\/lennusadam\/#website\"},\"primaryImageOfPage\":{\"@id\":\"https:\/\/meremuuseum.ee\/lennusadam\/kulastusinfo\/hea-teada\/#primaryimage\"},\"image\":{\"@id\":\"https:\/\/meremuuseum.ee\/lennusadam\/kulastusinfo\/hea-teada\/#primaryimage\"},\"thumbnailUrl\":\"http:\/\/meremuuseum.ee\/lennusadam_old\/wp-content\/uploads\/sites\/4\/2015\/07\/Hea-teada-480x320.jpg\",\"datePublished\":\"2023-09-25T08:22:17+00:00\",\"dateModified\":\"2025-12-23T07:10:01+00:00\",\"breadcrumb\":{\"@id\":\"https:\/\/meremuuseum.ee\/lennusadam\/kulastusinfo\/hea-teada\/#breadcrumb\"},\"inLanguage\":\"et\",\"potentialAction\":[{\"@type\":\"ReadAction\",\"target\":[\"https:\/\/meremuuseum.ee\/lennusadam\/kulastusinfo\/hea-teada\/\"]}]},{\"@type\":\"ImageObject\",\"inLanguage\":\"et\",\"@id\":\"https:\/\/meremuuseum.ee\/lennusadam\/kulastusinfo\/hea-teada\/#primaryimage\",\"url\":\"http:\/\/meremuuseum.ee\/lennusadam_old\/wp-content\/uploads\/sites\/4\/2015\/07\/Hea-teada-480x320.jpg\",\"contentUrl\":\"http:\/\/meremuuseum.ee\/lennusadam_old\/wp-content\/uploads\/sites\/4\/2015\/07\/Hea-teada-480x320.jpg\"},{\"@type\":\"BreadcrumbList\",\"@id\":\"https:\/\/meremuuseum.ee\/lennusadam\/kulastusinfo\/hea-teada\/#breadcrumb\",\"itemListElement\":[{\"@type\":\"ListItem\",\"position\":1,\"name\":\"Home\",\"item\":\"https:\/\/meremuuseum.ee\/lennusadam\/\"},{\"@type\":\"ListItem\",\"position\":2,\"name\":\"K\u00fclastusinfo\",\"item\":\"https:\/\/meremuuseum.ee\/lennusadam\/kulastusinfo\/\"},{\"@type\":\"ListItem\",\"position\":3,\"name\":\"Hea teada\"}]},{\"@type\":\"WebSite\",\"@id\":\"https:\/\/meremuuseum.ee\/lennusadam\/#website\",\"url\":\"https:\/\/meremuuseum.ee\/lennusadam\/\",\"name\":\"Lennusadam\",\"description\":\"\",\"potentialAction\":[{\"@type\":\"SearchAction\",\"target\":{\"@type\":\"EntryPoint\",\"urlTemplate\":\"https:\/\/meremuuseum.ee\/lennusadam\/?s={search_term_string}\"},\"query-input\":{\"@type\":\"PropertyValueSpecification\",\"valueRequired\":true,\"valueName\":\"search_term_string\"}}],\"inLanguage\":\"et\"}]}<\/script>\n<!-- \/ Yoast SEO plugin. -->","yoast_head_json":{"title":"Hea teada - Lennusadam","robots":{"index":"index","follow":"follow","max-snippet":"max-snippet:-1","max-image-preview":"max-image-preview:large","max-video-preview":"max-video-preview:-1"},"canonical":"https:\/\/meremuuseum.ee\/lennusadam\/kulastusinfo\/hea-teada\/","og_locale":"et_EE","og_type":"article","og_title":"Hea teada - Lennusadam","og_url":"https:\/\/meremuuseum.ee\/lennusadam\/kulastusinfo\/hea-teada\/","og_site_name":"Lennusadam","article_modified_time":"2025-12-23T07:10:01+00:00","og_image":[{"width":2560,"height":1920,"url":"https:\/\/meremuuseum.ee\/lennusadam\/wp-content\/uploads\/sites\/4\/2023\/09\/Ironman-scaled.jpg","type":"image\/jpeg"}],"twitter_card":"summary_large_image","twitter_misc":{"Est. reading time":"2 minutit"},"schema":{"@context":"https:\/\/schema.org","@graph":[{"@type":"WebPage","@id":"https:\/\/meremuuseum.ee\/lennusadam\/kulastusinfo\/hea-teada\/","url":"https:\/\/meremuuseum.ee\/lennusadam\/kulastusinfo\/hea-teada\/","name":"Hea teada - Lennusadam","isPartOf":{"@id":"https:\/\/meremuuseum.ee\/lennusadam\/#website"},"primaryImageOfPage":{"@id":"https:\/\/meremuuseum.ee\/lennusadam\/kulastusinfo\/hea-teada\/#primaryimage"},"image":{"@id":"https:\/\/meremuuseum.ee\/lennusadam\/kulastusinfo\/hea-teada\/#primaryimage"},"thumbnailUrl":"http:\/\/meremuuseum.ee\/lennusadam_old\/wp-content\/uploads\/sites\/4\/2015\/07\/Hea-teada-480x320.jpg","datePublished":"2023-09-25T08:22:17+00:00","dateModified":"2025-12-23T07:10:01+00:00","breadcrumb":{"@id":"https:\/\/meremuuseum.ee\/lennusadam\/kulastusinfo\/hea-teada\/#breadcrumb"},"inLanguage":"et","potentialAction":[{"@type":"ReadAction","target":["https:\/\/meremuuseum.ee\/lennusadam\/kulastusinfo\/hea-teada\/"]}]},{"@type":"ImageObject","inLanguage":"et","@id":"https:\/\/meremuuseum.ee\/lennusadam\/kulastusinfo\/hea-teada\/#primaryimage","url":"http:\/\/meremuuseum.ee\/lennusadam_old\/wp-content\/uploads\/sites\/4\/2015\/07\/Hea-teada-480x320.jpg","contentUrl":"http:\/\/meremuuseum.ee\/lennusadam_old\/wp-content\/uploads\/sites\/4\/2015\/07\/Hea-teada-480x320.jpg"},{"@type":"BreadcrumbList","@id":"https:\/\/meremuuseum.ee\/lennusadam\/kulastusinfo\/hea-teada\/#breadcrumb","itemListElement":[{"@type":"ListItem","position":1,"name":"Home","item":"https:\/\/meremuuseum.ee\/lennusadam\/"},{"@type":"ListItem","position":2,"name":"K\u00fclastusinfo","item":"https:\/\/meremuuseum.ee\/lennusadam\/kulastusinfo\/"},{"@type":"ListItem","position":3,"name":"Hea teada"}]},{"@type":"WebSite","@id":"https:\/\/meremuuseum.ee\/lennusadam\/#website","url":"https:\/\/meremuuseum.ee\/lennusadam\/","name":"Lennusadam","description":"","potentialAction":[{"@type":"SearchAction","target":{"@type":"EntryPoint","urlTemplate":"https:\/\/meremuuseum.ee\/lennusadam\/?s={search_term_string}"},"query-input":{"@type":"PropertyValueSpecification","valueRequired":true,"valueName":"search_term_string"}}],"inLanguage":"et"}]}},"uagb_featured_image_src":{"full":false,"thumbnail":false,"medium":false,"medium_large":false,"large":false,"1536x1536":false,"2048x2048":false,"small":false,"custom-size":false,"post-preview":false,"gform-image-choice-sm":false,"gform-image-choice-md":false,"gform-image-choice-lg":false},"uagb_author_info":{"display_name":"Reaktiiv Grupp","author_link":"https:\/\/meremuuseum.ee\/lennusadam\/author\/reaktiiv-pm\/"},"uagb_comment_info":0,"uagb_excerpt":null,"coauthors":[],"author_meta":{"author_link":"https:\/\/meremuuseum.ee\/lennusadam\/author\/reaktiiv-pm\/","display_name":"Reaktiiv Grupp"},"relative_dates":{"created":"Posted 3 aastat ago","modified":"Updated 5 kuud ago"},"absolute_dates":{"created":"Posted on september 25, 2023","modified":"Updated on detsember 23, 2025"},"absolute_dates_time":{"created":"Posted on september 25, 2023 8:22 e.l.","modified":"Updated on detsember 23, 2025 7:10 e.l."},"featured_img_caption":"","featured_img":false,"series_order":"","_links":{"self":[{"href":"https:\/\/meremuuseum.ee\/lennusadam\/wp-json\/wp\/v2\/pages\/202","targetHints":{"allow":["GET"]}}],"collection":[{"href":"https:\/\/meremuuseum.ee\/lennusadam\/wp-json\/wp\/v2\/pages"}],"about":[{"href":"https:\/\/meremuuseum.ee\/lennusadam\/wp-json\/wp\/v2\/types\/page"}],"author":[{"embeddable":true,"href":"https:\/\/meremuuseum.ee\/lennusadam\/wp-json\/wp\/v2\/users\/2"}],"replies":[{"embeddable":true,"href":"https:\/\/meremuuseum.ee\/lennusadam\/wp-json\/wp\/v2\/comments?post=202"}],"version-history":[{"count":19,"href":"https:\/\/meremuuseum.ee\/lennusadam\/wp-json\/wp\/v2\/pages\/202\/revisions"}],"predecessor-version":[{"id":6399,"href":"https:\/\/meremuuseum.ee\/lennusadam\/wp-json\/wp\/v2\/pages\/202\/revisions\/6399"}],"up":[{"embeddable":true,"href":"https:\/\/meremuuseum.ee\/lennusadam\/wp-json\/wp\/v2\/pages\/178"}],"wp:attachment":[{"href":"https:\/\/meremuuseum.ee\/lennusadam\/wp-json\/wp\/v2\/media?parent=202"}],"curies":[{"name":"wp","href":"https:\/\/api.w.org\/{rel}","templated":true}]}}