{"id":182,"date":"2023-09-25T08:03:02","date_gmt":"2023-09-25T08:03:02","guid":{"rendered":"https:\/\/meremuuseum2.rktv.ee\/lennusadam\/?page_id=182"},"modified":"2026-03-04T13:10:59","modified_gmt":"2026-03-04T13:10:59","slug":"piletihinnad","status":"publish","type":"page","link":"https:\/\/meremuuseum.ee\/lennusadam\/kulastusinfo\/piletihinnad\/","title":{"rendered":"Piletihinnad"},"content":{"rendered":"\n<figure class=\"wp-block-table\"><div style=\"overflow-x:auto;\"><table><tbody><tr><td><\/td><td class=\"has-text-align-center\" data-align=\"center\"><span lang=\"et-EE\">T\u00e4ispilet<\/span><\/td><td class=\"has-text-align-center\" data-align=\"center\"><span lang=\"et-EE\">Lapsed 9-18a \/ \u00f5pilased*  ISIC, ITIC<\/span>, <span lang=\"et-EE\">Euroopa Noortekaart<\/span><\/td><td class=\"has-text-align-center\" data-align=\"center\"><span lang=\"et-EE\">Perepilet**<\/span><\/td><\/tr><tr><td><span lang=\"et-EE\">Lennusadama pilet (angaar, hooajan\u00e4itus, muuseumilaevad Suur T\u00f5ll ja Valvas)<\/span><\/td><td class=\"has-text-align-center\" data-align=\"center\"><span lang=\"et-EE\">22 \u20ac<\/span><\/td><td class=\"has-text-align-center\" data-align=\"center\"><span lang=\"et-EE\">11 \u20ac<\/span><\/td><td class=\"has-text-align-center\" data-align=\"center\"><span lang=\"et-EE\">40 \u20ac<\/span><\/td><\/tr><tr><td><span lang=\"et-EE\">Eesti Meremuuseumi \u00fchispilet (Lennusadama pilet + Paksu Margareeta pilet)***<\/span><\/td><td class=\"has-text-align-center\" data-align=\"center\"><span lang=\"et-EE\">30 \u20ac<\/span><\/td><td class=\"has-text-align-center\" data-align=\"center\"><span lang=\"et-EE\">15 \u20ac<\/span><\/td><td class=\"has-text-align-center\" data-align=\"center\"><span lang=\"et-EE\">60 \u20ac<\/span><\/td><\/tr><tr><td><span lang=\"et-EE\">Muuseumilaevad (Suur T\u00f5ll ja Valvas)<\/span><\/td><td class=\"has-text-align-center\" data-align=\"center\"><span lang=\"et-EE\">12 \u20ac<\/span><\/td><td class=\"has-text-align-center\" data-align=\"center\"><span lang=\"et-EE\">6 \u20ac<\/span><\/td><td class=\"has-text-align-center\" data-align=\"center\"><span lang=\"et-EE\">15 \u20ac<\/span><\/td><\/tr><tr><td><span lang=\"et-EE\">MM kaart<\/span>****<\/td><td class=\"has-text-align-center\" data-align=\"center\"><span lang=\"et-EE\">70 \u20ac<\/span><\/td><td class=\"has-text-align-center\" data-align=\"center\"><span lang=\"et-EE\">40 \u20ac<\/span><\/td><td class=\"has-text-align-center\" data-align=\"center\"><span lang=\"et-EE\">&nbsp;100 \u20ac<\/span><\/td><\/tr><\/tbody><\/table><\/div><\/figure>\n\n\n\n<div style=\"height:30px\" aria-hidden=\"true\" class=\"wp-block-spacer\"><\/div>\n\n\n\n<p>Hinnakiri kehtib alates 1. jaanuarist 2026.<\/p>\n\n\n\n<p>Audiogiid 5 \u20ac, loe l\u00e4hemalt&nbsp;<a href=\"https:\/\/meremuuseum.ee\/lennusadam\/ekskursioonid\/audiotuur\/\" target=\"_blank\" rel=\"noreferrer noopener\">SIIT<\/a><\/p>\n\n\n\n<p><\/p>\n\n\n\n<p>* (\u00dcli)\u00f5pilase soodustuse saamiseks tuleb esitada (\u00fcli)\u00f5pilaspilet v\u00f5i <a href=\"https:\/\/noortekaart.ee\/noortekaart\/\">Euroopa Noortekaart <\/a><\/p>\n\n\n\n<p>** Perepilet: kuni 2 t\u00e4iskasvanut ja nende kuni 18-aastased lapsed<\/p>\n\n\n\n<p>*** \u00dchekordne sissep\u00e4\u00e4s \u00fche n\u00e4dala jooksul alates piletiostu kuup\u00e4evast<\/p>\n\n\n\n<p>****&nbsp;Piiramatu arv k\u00fclastuskordi aasta jooksul alates kaardi ostu kuup\u00e4evast.&nbsp;<a href=\"https:\/\/meremuuseum.ee\/mmkaart\/\" target=\"_blank\" rel=\"noreferrer noopener\">Vaata l\u00e4hemalt<\/a>&nbsp;kaardiga kaasnevaid eripakkumisi ja soodustusi.<\/p>\n\n\n\n<p><\/p>\n\n\n\n<p><strong>0\u20138 aastased lapsed p\u00e4\u00e4sevad muuseumisse tasuta.<\/strong><\/p>\n\n\n\n<p><strong>Alla 12-aastaseid<\/strong>&nbsp;lubatakse muuseumisse ainult&nbsp;<strong>koos t\u00e4iskasvanud saatjaga<\/strong>.<\/p>\n\n\n\n<p><\/p>\n\n\n\n<p><strong>Eesti pension\u00e4ridele kehtib -50% soodustus t\u00e4ispileti ja Eesti Meremuuseumi \u00fchispileti hinnast. <\/strong>Soodustuse saamiseks tuleb esitada kehtiv pensionit\u00f5end.&nbsp;Sobib nii digitaalne (ID-kaardi p\u00f5hine) kui ka paberkandjal dokument.&nbsp;Soodustus kehtib vaid Eestis pensioni saavatele isikutele.&nbsp;Kolmap\u00e4eviti on muuseumipileti hinnas ka seenioride eriekskursioonid!&nbsp;<a href=\"https:\/\/meremuuseum.ee\/lennusadam\/seeniorid\/\" target=\"_blank\" rel=\"noreferrer noopener\">Vaata siit.<\/a><\/p>\n\n\n\n<p><strong>Gruppidele (10 v\u00f5i enam inimest) \u00fcksikpileti soodustus 10% piletitele, kui piletid ostetakse \u00fchiselt.<\/strong><\/p>\n\n\n\n<p><\/p>\n\n\n\n<p><strong>Tasuta p\u00e4\u00e4sevad muuseumisse:<\/strong><\/p>\n\n\n\n<ul class=\"wp-block-list\">\n<li>Kuni 8-aastased lapsed kaasaarvatud;<\/li>\n\n\n\n<li>Tallinn Cardi omanikud;&nbsp;<a href=\"https:\/\/www.visittallinn.ee\/est\/tallinncard\" target=\"_blank\" rel=\"noreferrer noopener\">https:\/\/www.visittallinn.ee\/est\/tallinncard<\/a><\/li>\n\n\n\n<li>Muuseumikaardi omanikud:&nbsp;<a href=\"https:\/\/muuseumikaart.ee\/\" target=\"_blank\" rel=\"noreferrer noopener\">https:\/\/muuseumikaart.ee\/<\/a><\/li>\n\n\n\n<li>MM kaardi omanikud: <a href=\"https:\/\/meremuuseum.ee\/mmkaart\/ \">https:\/\/meremuuseum.ee\/mmkaart\/ <\/a><\/li>\n\n\n\n<li>Kuni 16-aastane puudega laps (t\u00f5endi alusel) ja tema saatja;<\/li>\n\n\n\n<li>S\u00fcgava v\u00f5i raske puudega 16-aastane ja vanem isik (t\u00f5endi alusel) ja tema saatja;<\/li>\n\n\n\n<li>Represseeritud (t\u00f5endi alusel);<\/li>\n\n\n\n<li>Eesti Vabariigi kaitsev\u00e4e s\u00f5jav\u00e4elased ja ajateenijad Eesti Vabariigi kaitsev\u00e4evormis v\u00f5i Eesti Vabariigi kaitsev\u00e4elase t\u00f5endi alusel;<\/li>\n\n\n\n<li>Eesti Meremuuseumi koolituse l\u00e4binud ja atesteeritud giidid;<\/li>\n\n\n\n<li>Eesti muuseumit\u00f6\u00f6tajad t\u00f6\u00f6t\u00f5endi alusel;<\/li>\n\n\n\n<li>ICOM kaardi omanikud;<\/li>\n\n\n\n<li>Pressikaardi omanikud;<\/li>\n\n\n\n<li>WFTGA CULTOUR CARD omanikud;<\/li>\n\n\n\n<li>Muuseumitunnis osalejaid saatvad \u00f5petajad (1 t\u00e4iskasvanu iga kuue koolieeliku ja iga 10 koolilapse kohta);<\/li>\n\n\n\n<li>Gruppe saatvad bussijuhid (kuni 2 bussijuhti \u00fche grupi kohta);<\/li>\n\n\n\n<li>Eesti Kaugs\u00f5idu Kaptenite Klubi liikmed t\u00f6\u00f6t\u00f5endi alusel;<\/li>\n\n\n\n<li>Noorte Kotkaste ja Kodut\u00fctarde organisatsioonide noorliikmed tervikvormis v\u00f5i organisatsiooni liikmekaardi esitamisel.<\/li>\n\n\n\n<li>Eesti Ajaloo- ja \u00dchiskonna\u00f5petaja Seltsi (EA\u00dcS) liikmed seltsi liikmepileti etten\u00e4itamisel \u00f5ppeaasta jooksul septembrist kuni \u00f5ppeaasta l\u00f5puni juunis 2026<\/li>\n<\/ul>\n","protected":false},"excerpt":{"rendered":"T\u00e4ispilet Lapsed 9-18a \/ \u00f5pilased* ISIC, ITIC, Euroopa Noortekaart Perepilet** Lennusadama pilet (angaar, hooajan\u00e4itus, muuseumilaevad Suur T\u00f5ll ja Valvas) 22 \u20ac 11 \u20ac 40 \u20ac Eesti Meremuuseumi \u00fchispilet (Lennusadama pilet&#8230;","protected":false},"author":2,"featured_media":0,"parent":178,"menu_order":9,"comment_status":"closed","ping_status":"closed","template":"","meta":{"_acf_changed":false,"_uag_custom_page_level_css":"","advgb_blocks_editor_width":"","advgb_blocks_columns_visual_guide":"","footnotes":""},"class_list":["post-182","page","type-page","status-publish","hentry"],"acf":[],"yoast_head":"<!-- This site is optimized with the Yoast SEO plugin v26.6 - https:\/\/yoast.com\/wordpress\/plugins\/seo\/ -->\n<title>Piletihinnad - Lennusadam<\/title>\n<meta name=\"robots\" content=\"index, follow, max-snippet:-1, max-image-preview:large, max-video-preview:-1\" \/>\n<link rel=\"canonical\" href=\"https:\/\/meremuuseum.ee\/lennusadam\/kulastusinfo\/piletihinnad\/\" \/>\n<meta property=\"og:locale\" content=\"et_EE\" \/>\n<meta property=\"og:type\" content=\"article\" \/>\n<meta property=\"og:title\" content=\"Piletihinnad - Lennusadam\" \/>\n<meta property=\"og:description\" content=\"T\u00e4ispilet Lapsed 9-18a \/ \u00f5pilased* ISIC, ITIC, Euroopa Noortekaart Perepilet** Lennusadama pilet (angaar, hooajan\u00e4itus, muuseumilaevad Suur T\u00f5ll ja Valvas) 22 \u20ac 11 \u20ac 40 \u20ac Eesti Meremuuseumi \u00fchispilet (Lennusadama pilet...\" \/>\n<meta property=\"og:url\" content=\"https:\/\/meremuuseum.ee\/lennusadam\/kulastusinfo\/piletihinnad\/\" \/>\n<meta property=\"og:site_name\" content=\"Lennusadam\" \/>\n<meta property=\"article:modified_time\" content=\"2026-03-04T13:10:59+00:00\" \/>\n<meta name=\"twitter:card\" content=\"summary_large_image\" \/>\n<meta name=\"twitter:label1\" content=\"Est. reading time\" \/>\n\t<meta name=\"twitter:data1\" content=\"2 minutit\" \/>\n<script type=\"application\/ld+json\" class=\"yoast-schema-graph\">{\"@context\":\"https:\/\/schema.org\",\"@graph\":[{\"@type\":\"WebPage\",\"@id\":\"https:\/\/meremuuseum.ee\/lennusadam\/kulastusinfo\/piletihinnad\/\",\"url\":\"https:\/\/meremuuseum.ee\/lennusadam\/kulastusinfo\/piletihinnad\/\",\"name\":\"Piletihinnad - Lennusadam\",\"isPartOf\":{\"@id\":\"https:\/\/meremuuseum.ee\/lennusadam\/#website\"},\"datePublished\":\"2023-09-25T08:03:02+00:00\",\"dateModified\":\"2026-03-04T13:10:59+00:00\",\"breadcrumb\":{\"@id\":\"https:\/\/meremuuseum.ee\/lennusadam\/kulastusinfo\/piletihinnad\/#breadcrumb\"},\"inLanguage\":\"et\",\"potentialAction\":[{\"@type\":\"ReadAction\",\"target\":[\"https:\/\/meremuuseum.ee\/lennusadam\/kulastusinfo\/piletihinnad\/\"]}]},{\"@type\":\"BreadcrumbList\",\"@id\":\"https:\/\/meremuuseum.ee\/lennusadam\/kulastusinfo\/piletihinnad\/#breadcrumb\",\"itemListElement\":[{\"@type\":\"ListItem\",\"position\":1,\"name\":\"Home\",\"item\":\"https:\/\/meremuuseum.ee\/lennusadam\/\"},{\"@type\":\"ListItem\",\"position\":2,\"name\":\"K\u00fclastusinfo\",\"item\":\"https:\/\/meremuuseum.ee\/lennusadam\/kulastusinfo\/\"},{\"@type\":\"ListItem\",\"position\":3,\"name\":\"Piletihinnad\"}]},{\"@type\":\"WebSite\",\"@id\":\"https:\/\/meremuuseum.ee\/lennusadam\/#website\",\"url\":\"https:\/\/meremuuseum.ee\/lennusadam\/\",\"name\":\"Lennusadam\",\"description\":\"\",\"potentialAction\":[{\"@type\":\"SearchAction\",\"target\":{\"@type\":\"EntryPoint\",\"urlTemplate\":\"https:\/\/meremuuseum.ee\/lennusadam\/?s={search_term_string}\"},\"query-input\":{\"@type\":\"PropertyValueSpecification\",\"valueRequired\":true,\"valueName\":\"search_term_string\"}}],\"inLanguage\":\"et\"}]}<\/script>\n<!-- \/ Yoast SEO plugin. -->","yoast_head_json":{"title":"Piletihinnad - Lennusadam","robots":{"index":"index","follow":"follow","max-snippet":"max-snippet:-1","max-image-preview":"max-image-preview:large","max-video-preview":"max-video-preview:-1"},"canonical":"https:\/\/meremuuseum.ee\/lennusadam\/kulastusinfo\/piletihinnad\/","og_locale":"et_EE","og_type":"article","og_title":"Piletihinnad - Lennusadam","og_description":"T\u00e4ispilet Lapsed 9-18a \/ \u00f5pilased* ISIC, ITIC, Euroopa Noortekaart Perepilet** Lennusadama pilet (angaar, hooajan\u00e4itus, muuseumilaevad Suur T\u00f5ll ja Valvas) 22 \u20ac 11 \u20ac 40 \u20ac Eesti Meremuuseumi \u00fchispilet (Lennusadama pilet...","og_url":"https:\/\/meremuuseum.ee\/lennusadam\/kulastusinfo\/piletihinnad\/","og_site_name":"Lennusadam","article_modified_time":"2026-03-04T13:10:59+00:00","twitter_card":"summary_large_image","twitter_misc":{"Est. reading time":"2 minutit"},"schema":{"@context":"https:\/\/schema.org","@graph":[{"@type":"WebPage","@id":"https:\/\/meremuuseum.ee\/lennusadam\/kulastusinfo\/piletihinnad\/","url":"https:\/\/meremuuseum.ee\/lennusadam\/kulastusinfo\/piletihinnad\/","name":"Piletihinnad - Lennusadam","isPartOf":{"@id":"https:\/\/meremuuseum.ee\/lennusadam\/#website"},"datePublished":"2023-09-25T08:03:02+00:00","dateModified":"2026-03-04T13:10:59+00:00","breadcrumb":{"@id":"https:\/\/meremuuseum.ee\/lennusadam\/kulastusinfo\/piletihinnad\/#breadcrumb"},"inLanguage":"et","potentialAction":[{"@type":"ReadAction","target":["https:\/\/meremuuseum.ee\/lennusadam\/kulastusinfo\/piletihinnad\/"]}]},{"@type":"BreadcrumbList","@id":"https:\/\/meremuuseum.ee\/lennusadam\/kulastusinfo\/piletihinnad\/#breadcrumb","itemListElement":[{"@type":"ListItem","position":1,"name":"Home","item":"https:\/\/meremuuseum.ee\/lennusadam\/"},{"@type":"ListItem","position":2,"name":"K\u00fclastusinfo","item":"https:\/\/meremuuseum.ee\/lennusadam\/kulastusinfo\/"},{"@type":"ListItem","position":3,"name":"Piletihinnad"}]},{"@type":"WebSite","@id":"https:\/\/meremuuseum.ee\/lennusadam\/#website","url":"https:\/\/meremuuseum.ee\/lennusadam\/","name":"Lennusadam","description":"","potentialAction":[{"@type":"SearchAction","target":{"@type":"EntryPoint","urlTemplate":"https:\/\/meremuuseum.ee\/lennusadam\/?s={search_term_string}"},"query-input":{"@type":"PropertyValueSpecification","valueRequired":true,"valueName":"search_term_string"}}],"inLanguage":"et"}]}},"uagb_featured_image_src":{"full":false,"thumbnail":false,"medium":false,"medium_large":false,"large":false,"1536x1536":false,"2048x2048":false,"small":false,"custom-size":false,"post-preview":false,"gform-image-choice-sm":false,"gform-image-choice-md":false,"gform-image-choice-lg":false},"uagb_author_info":{"display_name":"Reaktiiv Grupp","author_link":"https:\/\/meremuuseum.ee\/lennusadam\/author\/reaktiiv-pm\/"},"uagb_comment_info":0,"uagb_excerpt":"T\u00e4ispilet Lapsed 9-18a \/ \u00f5pilased* ISIC, ITIC, Euroopa Noortekaart Perepilet** Lennusadama pilet (angaar, hooajan\u00e4itus, muuseumilaevad Suur T\u00f5ll ja Valvas) 22 \u20ac 11 \u20ac 40 \u20ac Eesti Meremuuseumi \u00fchispilet (Lennusadama pilet...","coauthors":[],"author_meta":{"author_link":"https:\/\/meremuuseum.ee\/lennusadam\/author\/reaktiiv-pm\/","display_name":"Reaktiiv Grupp"},"relative_dates":{"created":"Posted 3 aastat ago","modified":"Updated 2 kuud ago"},"absolute_dates":{"created":"Posted on september 25, 2023","modified":"Updated on m\u00e4rts 4, 2026"},"absolute_dates_time":{"created":"Posted on september 25, 2023 8:03 e.l.","modified":"Updated on m\u00e4rts 4, 2026 1:10 p.l."},"featured_img_caption":"","featured_img":false,"series_order":"","_links":{"self":[{"href":"https:\/\/meremuuseum.ee\/lennusadam\/wp-json\/wp\/v2\/pages\/182","targetHints":{"allow":["GET"]}}],"collection":[{"href":"https:\/\/meremuuseum.ee\/lennusadam\/wp-json\/wp\/v2\/pages"}],"about":[{"href":"https:\/\/meremuuseum.ee\/lennusadam\/wp-json\/wp\/v2\/types\/page"}],"author":[{"embeddable":true,"href":"https:\/\/meremuuseum.ee\/lennusadam\/wp-json\/wp\/v2\/users\/2"}],"replies":[{"embeddable":true,"href":"https:\/\/meremuuseum.ee\/lennusadam\/wp-json\/wp\/v2\/comments?post=182"}],"version-history":[{"count":57,"href":"https:\/\/meremuuseum.ee\/lennusadam\/wp-json\/wp\/v2\/pages\/182\/revisions"}],"predecessor-version":[{"id":6996,"href":"https:\/\/meremuuseum.ee\/lennusadam\/wp-json\/wp\/v2\/pages\/182\/revisions\/6996"}],"up":[{"embeddable":true,"href":"https:\/\/meremuuseum.ee\/lennusadam\/wp-json\/wp\/v2\/pages\/178"}],"wp:attachment":[{"href":"https:\/\/meremuuseum.ee\/lennusadam\/wp-json\/wp\/v2\/media?parent=182"}],"curies":[{"name":"wp","href":"https:\/\/api.w.org\/{rel}","templated":true}]}}