{"id":6777,"date":"2023-09-25T10:43:59","date_gmt":"2023-09-25T10:43:59","guid":{"rendered":"https:\/\/meremuuseum.ee\/lennusadam\/?page_id=6777"},"modified":"2026-02-02T15:43:42","modified_gmt":"2026-02-02T15:43:42","slug":"lapsille-ja-perheille","status":"publish","type":"page","link":"https:\/\/meremuuseum.ee\/lennusadam\/fi\/lapsille-ja-perheille\/","title":{"rendered":"Lapsille ja perheille"},"content":{"rendered":"\n<p>J\u00e4nnitt\u00e4vi\u00e4 el\u00e4myksi\u00e4 koko perheelle!<\/p>\n\n\n\n<p>Lentosataman museo on erinomainen paikka viett\u00e4\u00e4 aktiivista aikaa lasten ja yst\u00e4vien kanssa ja hankkia uusia mielenkiintoisia tietoja. Museosta l\u00f6ytyy paljon mielenkiintoista luettavaa, maailmanymp\u00e4rimatka keltaisella sukellusveneell\u00e4, valokuvausta merimiesasuissa, suuri akvaario, simulaattoreita, paperilennokkien tarkkuusheittokilpailuja ja paljon muuta mukavaa. Museossa on lasten nurkkaus, josta l\u00f6ytyv\u00e4t piirustusv\u00e4lineet ja rakennuspalikat. Ulkona vesitasohallin vieress\u00e4 on lasten leikkikentt\u00e4. Erilaiset ohjelmat, tapahtumat ja itsen\u00e4iseen tutustumiseen tarkoitetut materiaalit ovat leikkisi\u00e4 ja ne avartavat maailmankuvaa.<\/p>\n\n\n\n<figure class=\"wp-block-gallery has-nested-images columns-3 is-cropped wp-block-gallery-1 is-layout-flex wp-block-gallery-is-layout-flex\">\n<figure class=\"wp-block-image size-large\"><img loading=\"lazy\" decoding=\"async\" width=\"700\" height=\"1050\" data-id=\"6744\" src=\"https:\/\/meremuuseum.ee\/lennusadam\/wp-content\/uploads\/sites\/4\/2026\/02\/lennusadam-avamine-37-2-700x1050.jpg\" alt=\"\" class=\"wp-image-6744\" srcset=\"https:\/\/meremuuseum.ee\/lennusadam\/wp-content\/uploads\/sites\/4\/2026\/02\/lennusadam-avamine-37-2-700x1050.jpg 700w, https:\/\/meremuuseum.ee\/lennusadam\/wp-content\/uploads\/sites\/4\/2026\/02\/lennusadam-avamine-37-2-250x375.jpg 250w, https:\/\/meremuuseum.ee\/lennusadam\/wp-content\/uploads\/sites\/4\/2026\/02\/lennusadam-avamine-37-2-768x1152.jpg 768w, https:\/\/meremuuseum.ee\/lennusadam\/wp-content\/uploads\/sites\/4\/2026\/02\/lennusadam-avamine-37-2-1024x1536.jpg 1024w, https:\/\/meremuuseum.ee\/lennusadam\/wp-content\/uploads\/sites\/4\/2026\/02\/lennusadam-avamine-37-2-1365x2048.jpg 1365w, https:\/\/meremuuseum.ee\/lennusadam\/wp-content\/uploads\/sites\/4\/2026\/02\/lennusadam-avamine-37-2-120x180.jpg 120w, https:\/\/meremuuseum.ee\/lennusadam\/wp-content\/uploads\/sites\/4\/2026\/02\/lennusadam-avamine-37-2-480x720.jpg 480w, https:\/\/meremuuseum.ee\/lennusadam\/wp-content\/uploads\/sites\/4\/2026\/02\/lennusadam-avamine-37-2-scaled.jpg 1707w\" sizes=\"auto, (max-width: 700px) 100vw, 700px\" \/><\/figure>\n\n\n\n<figure class=\"wp-block-image size-large\"><img loading=\"lazy\" decoding=\"async\" width=\"700\" height=\"571\" data-id=\"6724\" src=\"https:\/\/meremuuseum.ee\/lennusadam\/wp-content\/uploads\/sites\/4\/2026\/02\/lennusadam-avamine-40-2-700x571.jpg\" alt=\"\" class=\"wp-image-6724\" srcset=\"https:\/\/meremuuseum.ee\/lennusadam\/wp-content\/uploads\/sites\/4\/2026\/02\/lennusadam-avamine-40-2-700x571.jpg 700w, https:\/\/meremuuseum.ee\/lennusadam\/wp-content\/uploads\/sites\/4\/2026\/02\/lennusadam-avamine-40-2-250x204.jpg 250w, https:\/\/meremuuseum.ee\/lennusadam\/wp-content\/uploads\/sites\/4\/2026\/02\/lennusadam-avamine-40-2-768x627.jpg 768w, https:\/\/meremuuseum.ee\/lennusadam\/wp-content\/uploads\/sites\/4\/2026\/02\/lennusadam-avamine-40-2-1536x1253.jpg 1536w, https:\/\/meremuuseum.ee\/lennusadam\/wp-content\/uploads\/sites\/4\/2026\/02\/lennusadam-avamine-40-2-2048x1671.jpg 2048w, https:\/\/meremuuseum.ee\/lennusadam\/wp-content\/uploads\/sites\/4\/2026\/02\/lennusadam-avamine-40-2-120x98.jpg 120w, https:\/\/meremuuseum.ee\/lennusadam\/wp-content\/uploads\/sites\/4\/2026\/02\/lennusadam-avamine-40-2-480x392.jpg 480w\" sizes=\"auto, (max-width: 700px) 100vw, 700px\" \/><\/figure>\n\n\n\n<figure class=\"wp-block-image size-large\"><img loading=\"lazy\" decoding=\"async\" width=\"700\" height=\"467\" data-id=\"6732\" src=\"https:\/\/meremuuseum.ee\/lennusadam\/wp-content\/uploads\/sites\/4\/2026\/02\/lennusadam-avamine-41-2-700x467.jpg\" alt=\"\" class=\"wp-image-6732\" srcset=\"https:\/\/meremuuseum.ee\/lennusadam\/wp-content\/uploads\/sites\/4\/2026\/02\/lennusadam-avamine-41-2-700x467.jpg 700w, https:\/\/meremuuseum.ee\/lennusadam\/wp-content\/uploads\/sites\/4\/2026\/02\/lennusadam-avamine-41-2-250x167.jpg 250w, https:\/\/meremuuseum.ee\/lennusadam\/wp-content\/uploads\/sites\/4\/2026\/02\/lennusadam-avamine-41-2-768x512.jpg 768w, https:\/\/meremuuseum.ee\/lennusadam\/wp-content\/uploads\/sites\/4\/2026\/02\/lennusadam-avamine-41-2-1536x1024.jpg 1536w, https:\/\/meremuuseum.ee\/lennusadam\/wp-content\/uploads\/sites\/4\/2026\/02\/lennusadam-avamine-41-2-2048x1365.jpg 2048w, https:\/\/meremuuseum.ee\/lennusadam\/wp-content\/uploads\/sites\/4\/2026\/02\/lennusadam-avamine-41-2-120x80.jpg 120w, https:\/\/meremuuseum.ee\/lennusadam\/wp-content\/uploads\/sites\/4\/2026\/02\/lennusadam-avamine-41-2-480x320.jpg 480w\" sizes=\"auto, (max-width: 700px) 100vw, 700px\" \/><\/figure>\n\n\n\n<figure class=\"wp-block-image size-large\"><img loading=\"lazy\" decoding=\"async\" width=\"700\" height=\"467\" data-id=\"6728\" src=\"https:\/\/meremuuseum.ee\/lennusadam\/wp-content\/uploads\/sites\/4\/2026\/02\/lennusadam-avamine-48-2-700x467.jpg\" alt=\"\" class=\"wp-image-6728\" srcset=\"https:\/\/meremuuseum.ee\/lennusadam\/wp-content\/uploads\/sites\/4\/2026\/02\/lennusadam-avamine-48-2-700x467.jpg 700w, https:\/\/meremuuseum.ee\/lennusadam\/wp-content\/uploads\/sites\/4\/2026\/02\/lennusadam-avamine-48-2-250x167.jpg 250w, https:\/\/meremuuseum.ee\/lennusadam\/wp-content\/uploads\/sites\/4\/2026\/02\/lennusadam-avamine-48-2-768x512.jpg 768w, https:\/\/meremuuseum.ee\/lennusadam\/wp-content\/uploads\/sites\/4\/2026\/02\/lennusadam-avamine-48-2-1536x1024.jpg 1536w, https:\/\/meremuuseum.ee\/lennusadam\/wp-content\/uploads\/sites\/4\/2026\/02\/lennusadam-avamine-48-2-2048x1365.jpg 2048w, https:\/\/meremuuseum.ee\/lennusadam\/wp-content\/uploads\/sites\/4\/2026\/02\/lennusadam-avamine-48-2-120x80.jpg 120w, https:\/\/meremuuseum.ee\/lennusadam\/wp-content\/uploads\/sites\/4\/2026\/02\/lennusadam-avamine-48-2-480x320.jpg 480w\" sizes=\"auto, (max-width: 700px) 100vw, 700px\" \/><\/figure>\n\n\n\n<figure class=\"wp-block-image size-large\"><img loading=\"lazy\" decoding=\"async\" width=\"700\" height=\"467\" data-id=\"6740\" src=\"https:\/\/meremuuseum.ee\/lennusadam\/wp-content\/uploads\/sites\/4\/2026\/02\/lennusadam-avamine-62-2-700x467.jpg\" alt=\"\" class=\"wp-image-6740\" srcset=\"https:\/\/meremuuseum.ee\/lennusadam\/wp-content\/uploads\/sites\/4\/2026\/02\/lennusadam-avamine-62-2-700x467.jpg 700w, https:\/\/meremuuseum.ee\/lennusadam\/wp-content\/uploads\/sites\/4\/2026\/02\/lennusadam-avamine-62-2-250x167.jpg 250w, https:\/\/meremuuseum.ee\/lennusadam\/wp-content\/uploads\/sites\/4\/2026\/02\/lennusadam-avamine-62-2-768x512.jpg 768w, https:\/\/meremuuseum.ee\/lennusadam\/wp-content\/uploads\/sites\/4\/2026\/02\/lennusadam-avamine-62-2-1536x1024.jpg 1536w, https:\/\/meremuuseum.ee\/lennusadam\/wp-content\/uploads\/sites\/4\/2026\/02\/lennusadam-avamine-62-2-2048x1365.jpg 2048w, https:\/\/meremuuseum.ee\/lennusadam\/wp-content\/uploads\/sites\/4\/2026\/02\/lennusadam-avamine-62-2-120x80.jpg 120w, https:\/\/meremuuseum.ee\/lennusadam\/wp-content\/uploads\/sites\/4\/2026\/02\/lennusadam-avamine-62-2-480x320.jpg 480w\" sizes=\"auto, (max-width: 700px) 100vw, 700px\" \/><\/figure>\n\n\n\n<figure class=\"wp-block-image size-large\"><img loading=\"lazy\" decoding=\"async\" width=\"700\" height=\"467\" data-id=\"6736\" src=\"https:\/\/meremuuseum.ee\/lennusadam\/wp-content\/uploads\/sites\/4\/2026\/02\/lennusadam-avamine-73-2-700x467.jpg\" alt=\"\" class=\"wp-image-6736\" srcset=\"https:\/\/meremuuseum.ee\/lennusadam\/wp-content\/uploads\/sites\/4\/2026\/02\/lennusadam-avamine-73-2-700x467.jpg 700w, https:\/\/meremuuseum.ee\/lennusadam\/wp-content\/uploads\/sites\/4\/2026\/02\/lennusadam-avamine-73-2-250x167.jpg 250w, https:\/\/meremuuseum.ee\/lennusadam\/wp-content\/uploads\/sites\/4\/2026\/02\/lennusadam-avamine-73-2-768x512.jpg 768w, https:\/\/meremuuseum.ee\/lennusadam\/wp-content\/uploads\/sites\/4\/2026\/02\/lennusadam-avamine-73-2-1536x1024.jpg 1536w, https:\/\/meremuuseum.ee\/lennusadam\/wp-content\/uploads\/sites\/4\/2026\/02\/lennusadam-avamine-73-2-2048x1365.jpg 2048w, https:\/\/meremuuseum.ee\/lennusadam\/wp-content\/uploads\/sites\/4\/2026\/02\/lennusadam-avamine-73-2-120x80.jpg 120w, https:\/\/meremuuseum.ee\/lennusadam\/wp-content\/uploads\/sites\/4\/2026\/02\/lennusadam-avamine-73-2-480x320.jpg 480w\" sizes=\"auto, (max-width: 700px) 100vw, 700px\" \/><\/figure>\n<\/figure>\n","protected":false},"excerpt":{"rendered":"J\u00e4nnitt\u00e4vi\u00e4 el\u00e4myksi\u00e4 koko perheelle! Lentosataman museo on erinomainen paikka viett\u00e4\u00e4 aktiivista aikaa lasten ja yst\u00e4vien kanssa ja hankkia uusia mielenkiintoisia tietoja. Museosta l\u00f6ytyy paljon mielenkiintoista luettavaa, maailmanymp\u00e4rimatka keltaisella sukellusveneell\u00e4, valokuvausta&#8230;","protected":false},"author":16,"featured_media":0,"parent":0,"menu_order":1,"comment_status":"closed","ping_status":"closed","template":"","meta":{"_acf_changed":false,"_uag_custom_page_level_css":"","advgb_blocks_editor_width":"","advgb_blocks_columns_visual_guide":"","footnotes":""},"class_list":["post-6777","page","type-page","status-publish","hentry"],"acf":[],"yoast_head":"<!-- This site is optimized with the Yoast SEO plugin v26.6 - https:\/\/yoast.com\/wordpress\/plugins\/seo\/ -->\n<title>Lapsille ja perheille - Lennusadam<\/title>\n<meta name=\"robots\" content=\"index, follow, max-snippet:-1, max-image-preview:large, max-video-preview:-1\" \/>\n<link rel=\"canonical\" href=\"https:\/\/meremuuseum.ee\/lennusadam\/fi\/lapsille-ja-perheille\/\" \/>\n<meta property=\"og:locale\" content=\"fi_FI\" \/>\n<meta property=\"og:type\" content=\"article\" \/>\n<meta property=\"og:title\" content=\"Lapsille ja perheille - Lennusadam\" \/>\n<meta property=\"og:description\" content=\"J\u00e4nnitt\u00e4vi\u00e4 el\u00e4myksi\u00e4 koko perheelle! Lentosataman museo on erinomainen paikka viett\u00e4\u00e4 aktiivista aikaa lasten ja yst\u00e4vien kanssa ja hankkia uusia mielenkiintoisia tietoja. Museosta l\u00f6ytyy paljon mielenkiintoista luettavaa, maailmanymp\u00e4rimatka keltaisella sukellusveneell\u00e4, valokuvausta...\" \/>\n<meta property=\"og:url\" content=\"https:\/\/meremuuseum.ee\/lennusadam\/fi\/lapsille-ja-perheille\/\" \/>\n<meta property=\"og:site_name\" content=\"Lennusadam\" \/>\n<meta property=\"article:modified_time\" content=\"2026-02-02T15:43:42+00:00\" \/>\n<meta property=\"og:image\" content=\"https:\/\/meremuuseum.ee\/lennusadam\/wp-content\/uploads\/sites\/4\/2026\/02\/lennusadam-avamine-37-2-scaled.jpg\" \/>\n\t<meta property=\"og:image:width\" content=\"1707\" \/>\n\t<meta property=\"og:image:height\" content=\"2560\" \/>\n\t<meta property=\"og:image:type\" content=\"image\/jpeg\" \/>\n<meta name=\"twitter:card\" content=\"summary_large_image\" \/>\n<meta name=\"twitter:label1\" content=\"Arvioitu lukuaika\" \/>\n\t<meta name=\"twitter:data1\" content=\"2 minuuttia\" \/>\n<script type=\"application\/ld+json\" class=\"yoast-schema-graph\">{\"@context\":\"https:\/\/schema.org\",\"@graph\":[{\"@type\":\"WebPage\",\"@id\":\"https:\/\/meremuuseum.ee\/lennusadam\/fi\/lapsille-ja-perheille\/\",\"url\":\"https:\/\/meremuuseum.ee\/lennusadam\/fi\/lapsille-ja-perheille\/\",\"name\":\"Lapsille ja perheille - Lennusadam\",\"isPartOf\":{\"@id\":\"https:\/\/meremuuseum.ee\/lennusadam\/#website\"},\"primaryImageOfPage\":{\"@id\":\"https:\/\/meremuuseum.ee\/lennusadam\/fi\/lapsille-ja-perheille\/#primaryimage\"},\"image\":{\"@id\":\"https:\/\/meremuuseum.ee\/lennusadam\/fi\/lapsille-ja-perheille\/#primaryimage\"},\"thumbnailUrl\":\"https:\/\/meremuuseum.ee\/lennusadam\/wp-content\/uploads\/sites\/4\/2026\/02\/lennusadam-avamine-37-2-700x1050.jpg\",\"datePublished\":\"2023-09-25T10:43:59+00:00\",\"dateModified\":\"2026-02-02T15:43:42+00:00\",\"breadcrumb\":{\"@id\":\"https:\/\/meremuuseum.ee\/lennusadam\/fi\/lapsille-ja-perheille\/#breadcrumb\"},\"inLanguage\":\"fi\",\"potentialAction\":[{\"@type\":\"ReadAction\",\"target\":[\"https:\/\/meremuuseum.ee\/lennusadam\/fi\/lapsille-ja-perheille\/\"]}]},{\"@type\":\"ImageObject\",\"inLanguage\":\"fi\",\"@id\":\"https:\/\/meremuuseum.ee\/lennusadam\/fi\/lapsille-ja-perheille\/#primaryimage\",\"url\":\"https:\/\/meremuuseum.ee\/lennusadam\/wp-content\/uploads\/sites\/4\/2026\/02\/lennusadam-avamine-37-2-700x1050.jpg\",\"contentUrl\":\"https:\/\/meremuuseum.ee\/lennusadam\/wp-content\/uploads\/sites\/4\/2026\/02\/lennusadam-avamine-37-2-700x1050.jpg\"},{\"@type\":\"BreadcrumbList\",\"@id\":\"https:\/\/meremuuseum.ee\/lennusadam\/fi\/lapsille-ja-perheille\/#breadcrumb\",\"itemListElement\":[{\"@type\":\"ListItem\",\"position\":1,\"name\":\"Home\",\"item\":\"https:\/\/meremuuseum.ee\/lennusadam\/fi\/\"},{\"@type\":\"ListItem\",\"position\":2,\"name\":\"Lapsille ja perheille\"}]},{\"@type\":\"WebSite\",\"@id\":\"https:\/\/meremuuseum.ee\/lennusadam\/#website\",\"url\":\"https:\/\/meremuuseum.ee\/lennusadam\/\",\"name\":\"Lennusadam\",\"description\":\"\",\"potentialAction\":[{\"@type\":\"SearchAction\",\"target\":{\"@type\":\"EntryPoint\",\"urlTemplate\":\"https:\/\/meremuuseum.ee\/lennusadam\/?s={search_term_string}\"},\"query-input\":{\"@type\":\"PropertyValueSpecification\",\"valueRequired\":true,\"valueName\":\"search_term_string\"}}],\"inLanguage\":\"fi\"}]}<\/script>\n<!-- \/ Yoast SEO plugin. -->","yoast_head_json":{"title":"Lapsille ja perheille - Lennusadam","robots":{"index":"index","follow":"follow","max-snippet":"max-snippet:-1","max-image-preview":"max-image-preview:large","max-video-preview":"max-video-preview:-1"},"canonical":"https:\/\/meremuuseum.ee\/lennusadam\/fi\/lapsille-ja-perheille\/","og_locale":"fi_FI","og_type":"article","og_title":"Lapsille ja perheille - Lennusadam","og_description":"J\u00e4nnitt\u00e4vi\u00e4 el\u00e4myksi\u00e4 koko perheelle! Lentosataman museo on erinomainen paikka viett\u00e4\u00e4 aktiivista aikaa lasten ja yst\u00e4vien kanssa ja hankkia uusia mielenkiintoisia tietoja. Museosta l\u00f6ytyy paljon mielenkiintoista luettavaa, maailmanymp\u00e4rimatka keltaisella sukellusveneell\u00e4, valokuvausta...","og_url":"https:\/\/meremuuseum.ee\/lennusadam\/fi\/lapsille-ja-perheille\/","og_site_name":"Lennusadam","article_modified_time":"2026-02-02T15:43:42+00:00","og_image":[{"width":1707,"height":2560,"url":"https:\/\/meremuuseum.ee\/lennusadam\/wp-content\/uploads\/sites\/4\/2026\/02\/lennusadam-avamine-37-2-scaled.jpg","type":"image\/jpeg"}],"twitter_card":"summary_large_image","twitter_misc":{"Arvioitu lukuaika":"2 minuuttia"},"schema":{"@context":"https:\/\/schema.org","@graph":[{"@type":"WebPage","@id":"https:\/\/meremuuseum.ee\/lennusadam\/fi\/lapsille-ja-perheille\/","url":"https:\/\/meremuuseum.ee\/lennusadam\/fi\/lapsille-ja-perheille\/","name":"Lapsille ja perheille - Lennusadam","isPartOf":{"@id":"https:\/\/meremuuseum.ee\/lennusadam\/#website"},"primaryImageOfPage":{"@id":"https:\/\/meremuuseum.ee\/lennusadam\/fi\/lapsille-ja-perheille\/#primaryimage"},"image":{"@id":"https:\/\/meremuuseum.ee\/lennusadam\/fi\/lapsille-ja-perheille\/#primaryimage"},"thumbnailUrl":"https:\/\/meremuuseum.ee\/lennusadam\/wp-content\/uploads\/sites\/4\/2026\/02\/lennusadam-avamine-37-2-700x1050.jpg","datePublished":"2023-09-25T10:43:59+00:00","dateModified":"2026-02-02T15:43:42+00:00","breadcrumb":{"@id":"https:\/\/meremuuseum.ee\/lennusadam\/fi\/lapsille-ja-perheille\/#breadcrumb"},"inLanguage":"fi","potentialAction":[{"@type":"ReadAction","target":["https:\/\/meremuuseum.ee\/lennusadam\/fi\/lapsille-ja-perheille\/"]}]},{"@type":"ImageObject","inLanguage":"fi","@id":"https:\/\/meremuuseum.ee\/lennusadam\/fi\/lapsille-ja-perheille\/#primaryimage","url":"https:\/\/meremuuseum.ee\/lennusadam\/wp-content\/uploads\/sites\/4\/2026\/02\/lennusadam-avamine-37-2-700x1050.jpg","contentUrl":"https:\/\/meremuuseum.ee\/lennusadam\/wp-content\/uploads\/sites\/4\/2026\/02\/lennusadam-avamine-37-2-700x1050.jpg"},{"@type":"BreadcrumbList","@id":"https:\/\/meremuuseum.ee\/lennusadam\/fi\/lapsille-ja-perheille\/#breadcrumb","itemListElement":[{"@type":"ListItem","position":1,"name":"Home","item":"https:\/\/meremuuseum.ee\/lennusadam\/fi\/"},{"@type":"ListItem","position":2,"name":"Lapsille ja perheille"}]},{"@type":"WebSite","@id":"https:\/\/meremuuseum.ee\/lennusadam\/#website","url":"https:\/\/meremuuseum.ee\/lennusadam\/","name":"Lennusadam","description":"","potentialAction":[{"@type":"SearchAction","target":{"@type":"EntryPoint","urlTemplate":"https:\/\/meremuuseum.ee\/lennusadam\/?s={search_term_string}"},"query-input":{"@type":"PropertyValueSpecification","valueRequired":true,"valueName":"search_term_string"}}],"inLanguage":"fi"}]}},"uagb_featured_image_src":{"full":false,"thumbnail":false,"medium":false,"medium_large":false,"large":false,"1536x1536":false,"2048x2048":false,"small":false,"custom-size":false,"post-preview":false,"gform-image-choice-sm":false,"gform-image-choice-md":false,"gform-image-choice-lg":false},"uagb_author_info":{"display_name":"laura","author_link":"https:\/\/meremuuseum.ee\/lennusadam\/fi\/author\/laura\/"},"uagb_comment_info":0,"uagb_excerpt":"J\u00e4nnitt\u00e4vi\u00e4 el\u00e4myksi\u00e4 koko perheelle! Lentosataman museo on erinomainen paikka viett\u00e4\u00e4 aktiivista aikaa lasten ja yst\u00e4vien kanssa ja hankkia uusia mielenkiintoisia tietoja. Museosta l\u00f6ytyy paljon mielenkiintoista luettavaa, maailmanymp\u00e4rimatka keltaisella sukellusveneell\u00e4, valokuvausta...","coauthors":[],"author_meta":{"author_link":"https:\/\/meremuuseum.ee\/lennusadam\/fi\/author\/laura\/","display_name":"laura"},"relative_dates":{"created":"Posted 3 vuotta ago","modified":"Updated 2 kuukautta ago"},"absolute_dates":{"created":"Posted on 25 syyskuun, 2023","modified":"Updated on 2 helmikuun, 2026"},"absolute_dates_time":{"created":"Posted on 25 syyskuun, 2023 10:43 am","modified":"Updated on 2 helmikuun, 2026 3:43 pm"},"featured_img_caption":"","featured_img":false,"series_order":"","_links":{"self":[{"href":"https:\/\/meremuuseum.ee\/lennusadam\/fi\/wp-json\/wp\/v2\/pages\/6777","targetHints":{"allow":["GET"]}}],"collection":[{"href":"https:\/\/meremuuseum.ee\/lennusadam\/fi\/wp-json\/wp\/v2\/pages"}],"about":[{"href":"https:\/\/meremuuseum.ee\/lennusadam\/fi\/wp-json\/wp\/v2\/types\/page"}],"author":[{"embeddable":true,"href":"https:\/\/meremuuseum.ee\/lennusadam\/fi\/wp-json\/wp\/v2\/users\/16"}],"replies":[{"embeddable":true,"href":"https:\/\/meremuuseum.ee\/lennusadam\/fi\/wp-json\/wp\/v2\/comments?post=6777"}],"version-history":[{"count":1,"href":"https:\/\/meremuuseum.ee\/lennusadam\/fi\/wp-json\/wp\/v2\/pages\/6777\/revisions"}],"predecessor-version":[{"id":6778,"href":"https:\/\/meremuuseum.ee\/lennusadam\/fi\/wp-json\/wp\/v2\/pages\/6777\/revisions\/6778"}],"wp:attachment":[{"href":"https:\/\/meremuuseum.ee\/lennusadam\/fi\/wp-json\/wp\/v2\/media?parent=6777"}],"curies":[{"name":"wp","href":"https:\/\/api.w.org\/{rel}","templated":true}]}}