{"id":5769,"date":"2025-03-04T09:00:18","date_gmt":"2025-03-04T09:00:18","guid":{"rendered":"https:\/\/meremuuseum.ee\/lennusadam\/?page_id=5769"},"modified":"2025-03-04T09:00:18","modified_gmt":"2025-03-04T09:00:18","slug":"kierrokset","status":"publish","type":"page","link":"https:\/\/meremuuseum.ee\/lennusadam\/fi\/kierrokset\/","title":{"rendered":"Kierrokset"},"content":{"rendered":"\n<p>Kerromme tositapahtumia sek\u00e4 muita v\u00e4rikk\u00e4it\u00e4 tarinoita, jotka tekev\u00e4t museovierailusta entist\u00e4kin mielenkiintoisemman.<\/p>\n\n\n\n<ul class=\"wp-block-list\">\n<li><strong>Kierros &#8221;Lentosatama&#8221; 45 min<\/strong>.<\/li>\n\n\n\n<li><strong>Kierros \u201cLentosatama ja Suur T\u00f5ll\u201d\u201d 90 min<\/strong>,<\/li>\n\n\n\n<li><strong>N\u00e4yttely kierros \u201c<a href=\"https:\/\/meremuuseum.ee\/lennusadam\/fi\/?page_id=4917\">Kuuluisat meriretket. Eurooppalaisen maailmakuvan avartuminen<\/a>\u201c<\/strong>\u00a045 min.<\/li>\n<\/ul>\n\n\n\n<p>Suosittelemme vierailijaryhm\u00e4n kooksi enint\u00e4\u00e4n 15 henkil\u00f6\u00e4, jotta kaikki varmasti kuulisivat oppaan kertoman ja voisivat halutessaan osallistua keskusteluun. Jos ryhm\u00e4 on suurempi, jaamme sen useampaan pienemp\u00e4\u00e4n ryhm\u00e4\u00e4n.<\/p>\n\n\n\n<p>Ryhm\u00e4n koko: 15-20 henkil\u00f6\u00e4<br>Kielet: EST \/ RUS \/ FIN \/ ENG \/ GER<\/p>\n\n\n\n<p>Hinta: 45-65 \u20ac viroksi \/ 55-75 \u20ac vieraalla kielell\u00e4.<br>Lis\u00e4ksi veloitetaan museolipun hinta. Enint\u00e4\u00e4n 8-vuotiaat lapset ilmaiseksi.<\/p>\n\n\n\n<p>Tiedot&nbsp;&nbsp;<a href=\"mailto:booking@meremuuseum.ee\">booking@meremuuseum.ee<\/a>, +372 6200 550&nbsp;(Ma\u2013Pe 9\u201317)<\/p>\n\n\n\n<p><a href=\"https:\/\/meremuuseum.ee\/paksmargareeta\/en\/booking-a-tour\/\">TIEDUSTELU OPASTUKSELLE<\/a><\/p>\n","protected":false},"excerpt":{"rendered":"Kerromme tositapahtumia sek\u00e4 muita v\u00e4rikk\u00e4it\u00e4 tarinoita, jotka tekev\u00e4t museovierailusta entist\u00e4kin mielenkiintoisemman. Suosittelemme vierailijaryhm\u00e4n kooksi enint\u00e4\u00e4n 15 henkil\u00f6\u00e4, jotta kaikki varmasti kuulisivat oppaan kertoman ja voisivat halutessaan osallistua keskusteluun. Jos ryhm\u00e4&#8230;","protected":false},"author":5,"featured_media":0,"parent":0,"menu_order":0,"comment_status":"closed","ping_status":"closed","template":"","meta":{"_acf_changed":false,"_uag_custom_page_level_css":"","advgb_blocks_editor_width":"","advgb_blocks_columns_visual_guide":"","footnotes":""},"class_list":["post-5769","page","type-page","status-publish","hentry"],"acf":[],"yoast_head":"<!-- This site is optimized with the Yoast SEO plugin v26.6 - https:\/\/yoast.com\/wordpress\/plugins\/seo\/ -->\n<title>Kierrokset - Lennusadam<\/title>\n<meta name=\"robots\" content=\"index, follow, max-snippet:-1, max-image-preview:large, max-video-preview:-1\" \/>\n<link rel=\"canonical\" href=\"https:\/\/meremuuseum.ee\/lennusadam\/fi\/kierrokset\/\" \/>\n<meta property=\"og:locale\" content=\"fi_FI\" \/>\n<meta property=\"og:type\" content=\"article\" \/>\n<meta property=\"og:title\" content=\"Kierrokset - Lennusadam\" \/>\n<meta property=\"og:description\" content=\"Kerromme tositapahtumia sek\u00e4 muita v\u00e4rikk\u00e4it\u00e4 tarinoita, jotka tekev\u00e4t museovierailusta entist\u00e4kin mielenkiintoisemman. Suosittelemme vierailijaryhm\u00e4n kooksi enint\u00e4\u00e4n 15 henkil\u00f6\u00e4, jotta kaikki varmasti kuulisivat oppaan kertoman ja voisivat halutessaan osallistua keskusteluun. Jos ryhm\u00e4...\" \/>\n<meta property=\"og:url\" content=\"https:\/\/meremuuseum.ee\/lennusadam\/fi\/kierrokset\/\" \/>\n<meta property=\"og:site_name\" content=\"Lennusadam\" \/>\n<meta name=\"twitter:card\" content=\"summary_large_image\" \/>\n<meta name=\"twitter:label1\" content=\"Arvioitu lukuaika\" \/>\n\t<meta name=\"twitter:data1\" content=\"1 minuutti\" \/>\n<script type=\"application\/ld+json\" class=\"yoast-schema-graph\">{\"@context\":\"https:\/\/schema.org\",\"@graph\":[{\"@type\":\"WebPage\",\"@id\":\"https:\/\/meremuuseum.ee\/lennusadam\/fi\/kierrokset\/\",\"url\":\"https:\/\/meremuuseum.ee\/lennusadam\/fi\/kierrokset\/\",\"name\":\"Kierrokset - Lennusadam\",\"isPartOf\":{\"@id\":\"https:\/\/meremuuseum.ee\/lennusadam\/#website\"},\"datePublished\":\"2025-03-04T09:00:18+00:00\",\"breadcrumb\":{\"@id\":\"https:\/\/meremuuseum.ee\/lennusadam\/fi\/kierrokset\/#breadcrumb\"},\"inLanguage\":\"fi\",\"potentialAction\":[{\"@type\":\"ReadAction\",\"target\":[\"https:\/\/meremuuseum.ee\/lennusadam\/fi\/kierrokset\/\"]}]},{\"@type\":\"BreadcrumbList\",\"@id\":\"https:\/\/meremuuseum.ee\/lennusadam\/fi\/kierrokset\/#breadcrumb\",\"itemListElement\":[{\"@type\":\"ListItem\",\"position\":1,\"name\":\"Home\",\"item\":\"https:\/\/meremuuseum.ee\/lennusadam\/fi\/\"},{\"@type\":\"ListItem\",\"position\":2,\"name\":\"Kierrokset\"}]},{\"@type\":\"WebSite\",\"@id\":\"https:\/\/meremuuseum.ee\/lennusadam\/#website\",\"url\":\"https:\/\/meremuuseum.ee\/lennusadam\/\",\"name\":\"Lennusadam\",\"description\":\"\",\"potentialAction\":[{\"@type\":\"SearchAction\",\"target\":{\"@type\":\"EntryPoint\",\"urlTemplate\":\"https:\/\/meremuuseum.ee\/lennusadam\/?s={search_term_string}\"},\"query-input\":{\"@type\":\"PropertyValueSpecification\",\"valueRequired\":true,\"valueName\":\"search_term_string\"}}],\"inLanguage\":\"fi\"}]}<\/script>\n<!-- \/ Yoast SEO plugin. -->","yoast_head_json":{"title":"Kierrokset - Lennusadam","robots":{"index":"index","follow":"follow","max-snippet":"max-snippet:-1","max-image-preview":"max-image-preview:large","max-video-preview":"max-video-preview:-1"},"canonical":"https:\/\/meremuuseum.ee\/lennusadam\/fi\/kierrokset\/","og_locale":"fi_FI","og_type":"article","og_title":"Kierrokset - Lennusadam","og_description":"Kerromme tositapahtumia sek\u00e4 muita v\u00e4rikk\u00e4it\u00e4 tarinoita, jotka tekev\u00e4t museovierailusta entist\u00e4kin mielenkiintoisemman. Suosittelemme vierailijaryhm\u00e4n kooksi enint\u00e4\u00e4n 15 henkil\u00f6\u00e4, jotta kaikki varmasti kuulisivat oppaan kertoman ja voisivat halutessaan osallistua keskusteluun. Jos ryhm\u00e4...","og_url":"https:\/\/meremuuseum.ee\/lennusadam\/fi\/kierrokset\/","og_site_name":"Lennusadam","twitter_card":"summary_large_image","twitter_misc":{"Arvioitu lukuaika":"1 minuutti"},"schema":{"@context":"https:\/\/schema.org","@graph":[{"@type":"WebPage","@id":"https:\/\/meremuuseum.ee\/lennusadam\/fi\/kierrokset\/","url":"https:\/\/meremuuseum.ee\/lennusadam\/fi\/kierrokset\/","name":"Kierrokset - Lennusadam","isPartOf":{"@id":"https:\/\/meremuuseum.ee\/lennusadam\/#website"},"datePublished":"2025-03-04T09:00:18+00:00","breadcrumb":{"@id":"https:\/\/meremuuseum.ee\/lennusadam\/fi\/kierrokset\/#breadcrumb"},"inLanguage":"fi","potentialAction":[{"@type":"ReadAction","target":["https:\/\/meremuuseum.ee\/lennusadam\/fi\/kierrokset\/"]}]},{"@type":"BreadcrumbList","@id":"https:\/\/meremuuseum.ee\/lennusadam\/fi\/kierrokset\/#breadcrumb","itemListElement":[{"@type":"ListItem","position":1,"name":"Home","item":"https:\/\/meremuuseum.ee\/lennusadam\/fi\/"},{"@type":"ListItem","position":2,"name":"Kierrokset"}]},{"@type":"WebSite","@id":"https:\/\/meremuuseum.ee\/lennusadam\/#website","url":"https:\/\/meremuuseum.ee\/lennusadam\/","name":"Lennusadam","description":"","potentialAction":[{"@type":"SearchAction","target":{"@type":"EntryPoint","urlTemplate":"https:\/\/meremuuseum.ee\/lennusadam\/?s={search_term_string}"},"query-input":{"@type":"PropertyValueSpecification","valueRequired":true,"valueName":"search_term_string"}}],"inLanguage":"fi"}]}},"uagb_featured_image_src":{"full":false,"thumbnail":false,"medium":false,"medium_large":false,"large":false,"1536x1536":false,"2048x2048":false,"small":false,"custom-size":false,"post-preview":false,"gform-image-choice-sm":false,"gform-image-choice-md":false,"gform-image-choice-lg":false},"uagb_author_info":{"display_name":"ly","author_link":"https:\/\/meremuuseum.ee\/lennusadam\/fi\/author\/ly\/"},"uagb_comment_info":0,"uagb_excerpt":"Kerromme tositapahtumia sek\u00e4 muita v\u00e4rikk\u00e4it\u00e4 tarinoita, jotka tekev\u00e4t museovierailusta entist\u00e4kin mielenkiintoisemman. Suosittelemme vierailijaryhm\u00e4n kooksi enint\u00e4\u00e4n 15 henkil\u00f6\u00e4, jotta kaikki varmasti kuulisivat oppaan kertoman ja voisivat halutessaan osallistua keskusteluun. Jos ryhm\u00e4...","coauthors":[],"author_meta":{"author_link":"https:\/\/meremuuseum.ee\/lennusadam\/fi\/author\/ly\/","display_name":"ly"},"relative_dates":{"created":"Posted 1 vuosi ago","modified":"Updated 1 vuosi ago"},"absolute_dates":{"created":"Posted on 4 maaliskuun, 2025","modified":"Updated on 4 maaliskuun, 2025"},"absolute_dates_time":{"created":"Posted on 4 maaliskuun, 2025 9:00 am","modified":"Updated on 4 maaliskuun, 2025 9:00 am"},"featured_img_caption":"","featured_img":false,"series_order":"","_links":{"self":[{"href":"https:\/\/meremuuseum.ee\/lennusadam\/fi\/wp-json\/wp\/v2\/pages\/5769","targetHints":{"allow":["GET"]}}],"collection":[{"href":"https:\/\/meremuuseum.ee\/lennusadam\/fi\/wp-json\/wp\/v2\/pages"}],"about":[{"href":"https:\/\/meremuuseum.ee\/lennusadam\/fi\/wp-json\/wp\/v2\/types\/page"}],"author":[{"embeddable":true,"href":"https:\/\/meremuuseum.ee\/lennusadam\/fi\/wp-json\/wp\/v2\/users\/5"}],"replies":[{"embeddable":true,"href":"https:\/\/meremuuseum.ee\/lennusadam\/fi\/wp-json\/wp\/v2\/comments?post=5769"}],"version-history":[{"count":2,"href":"https:\/\/meremuuseum.ee\/lennusadam\/fi\/wp-json\/wp\/v2\/pages\/5769\/revisions"}],"predecessor-version":[{"id":5771,"href":"https:\/\/meremuuseum.ee\/lennusadam\/fi\/wp-json\/wp\/v2\/pages\/5769\/revisions\/5771"}],"wp:attachment":[{"href":"https:\/\/meremuuseum.ee\/lennusadam\/fi\/wp-json\/wp\/v2\/media?parent=5769"}],"curies":[{"name":"wp","href":"https:\/\/api.w.org\/{rel}","templated":true}]}}