{"id":4445,"date":"2023-09-25T08:25:25","date_gmt":"2023-09-25T08:25:25","guid":{"rendered":"https:\/\/meremuuseum2.rktv.ee\/lennusadam\/firmapeod-ja-vastuvotud\/"},"modified":"2025-12-30T13:15:52","modified_gmt":"2025-12-30T13:15:52","slug":"firmapeod-ja-vastuvotud","status":"publish","type":"page","link":"https:\/\/meremuuseum.ee\/lennusadam\/fi\/jarjesta-tapahtuma-2\/firmapeod-ja-vastuvotud\/","title":{"rendered":"Yritystapahtumat ja vastaanotot"},"content":{"rendered":"\n<p><a href=\"https:\/\/meremuuseum.ee\/en\/registration-form-for-organising-an-event-in-the-estonian-maritime-museum\/\">L\u00c4HET\u00c4 KYSELY<\/a><\/p>\n\n\n<p>Lentosatama on t\u00e4ynn\u00e4 suuria ideoita, seikkailuja ja historiaa. Vesitasohallit \u2013 meren ja taivaan yhdist\u00e4v\u00e4 rakennus \u2013 on saanut useiden muiden palkintojen lis\u00e4ksi my\u00f6s Europa Nostra -p\u00e4\u00e4palkinnon vuonna 2013.<\/p>\n<h3>Suosittelemme Lentosatamaa:<\/h3>\n<ul>\n<li>t\u00e4rkeiden yritystapahtumien n\u00e4ytt\u00e4v\u00e4\u00e4n juhlistamiseen: seisovat tilaisuudet 1500 hengelle<\/li>\n<li>juhlavastaanottoihin ja gaalaillallisiin: katetut p\u00f6yd\u00e4t 700 hengelle<\/li>\n<li>suurempien, v\u00e4rik\u00e4st\u00e4 ohjelmaa sis\u00e4lt\u00e4vien perhe- ja kes\u00e4p\u00e4ivien j\u00e4rjest\u00e4miseen sek\u00e4 sis\u00e4- ett\u00e4 ulkotiloissa<\/li>\n<li>konsertteihin ja show-ohjelmiin: 600 hengen yleis\u00f6lle<\/li>\n<li>yritysten motivointi- ja tiimitapahtumiin, my\u00f6s pienemm\u00e4lle seurueelle.<\/li>\n<\/ul>\n<h3>Tarjoamme Lentosatamassa:<\/h3>\n<ul>\n<li>ainutlaatuisen ilmapiirin: kaikki tapahtuu museossa, n\u00e4yttelyesineiden keskell\u00e4<\/li>\n<li>apua ideaa, aikataulua ja ohjelmaa suunniteltaessa<\/li>\n<li>erityisi\u00e4 tutustumiskierroksia, tietokilpailuja ja strategiapelej\u00e4<\/li>\n<li>ruokailuja 300 hengelle<\/li>\n<li>kahvila-ravintolassa: aterioita 75 hengelle, kes\u00e4isin on avoinna my\u00f6s 100-paikkainen terassi<\/li>\n<li>mahdollisuutta k\u00e4ytt\u00e4\u00e4 koko ulkoaluetta usean tuhannen osallistujan tapahtumiin (<a href=\"http:\/\/meremuuseum.ee\/lennusadam_old\/fi\/yritystapahtumat-ja-vastaanotot\/lentosataman-ulkoalueen-vuokraus-tapahtumiin\/\"><strong>LUE LIS\u00c4\u00c4<\/strong><\/a>);<\/li>\n<li>h\u00f6yryj\u00e4\u00e4nmurtaja Suur T\u00f5ll (hein\u00e4kuusta 2014 alkaen): juhla-aterioita upseerien messiss\u00e4 16 hengelle, 20 hengen seminaaritilaa, koko alusta 75 hengelle<\/li>\n<\/ul>\n<h3>J\u00e4\u00e4nmurtaja Suur T\u00f5ll<\/h3>\n<p>Suur T\u00f5llin kannella voidaan j\u00e4rjest\u00e4\u00e4 vastaanottoja tai ulkoilmakonsertteja 100 osallistujalle. Tarjoamme lis\u00e4ksi ruokailuja Lentosataman kahvilasta. Aluksen kannelle voidaan asentaa my\u00f6s teltta.<\/p>\n<p><strong>Hinta: 240 \u20ac\/h\u00a0<\/strong><\/p>\n<p>Hintaan kuuluu tapahtuman j\u00e4rjest\u00e4minen aluksen kannella sek\u00e4 omatoiminen tutustuminen j\u00e4\u00e4nmurtajaan.<\/p>\n<h3>Upseerien messi<\/h3>\n<p>Suur T\u00f5llin tyylikk\u00e4\u00e4seen upseerien messiin mahtuu yhteens\u00e4 16 henkil\u00f6\u00e4. Tila sopii hyvin pienempiin vastaanottoihin, tapahtumien juhlistamiseen tai juhlaillallisten j\u00e4rjest\u00e4miseen.<br \/>Tapahtumien aloitusajankohta voi olla aikaisintaan klo 19.30, ruokailut j\u00e4rjest\u00e4\u00e4 Lentosataman kahvila-ravintola. On my\u00f6s mahdollista tilata opastettu tutustumisk\u00e4ynti alukseen.<\/p>\n<p><strong>Hinta:<\/strong><\/p>\n<ul>\n<li>Ruokailut: menun mukaisesti<\/li>\n<li>114 \u20ac\/h\u00a0 (lis\u00e4t\u00e4\u00e4n ruokailujen hintaan)<\/li>\n<\/ul>\n<p>Illallinen kest\u00e4\u00e4 noin 2\u20133 tuntia. Hintaan kuuluu my\u00f6s tapahtumapaikan vartiointi koko tapahtuman ajan (aluksessa on t\u00e4hyst\u00e4j\u00e4matruusi).<\/p>\n<p>Opastettu kiertok\u00e4ynti Suur T\u00f5ll -aluksella (45 min): 45 \u20ac viroksi, 55 \u20ac vieraalla kielell\u00e4 (FI\/RU\/EN\/DE). Ryhm\u00e4n koko enint. 20 henkil\u00f6\u00e4.<\/p>\n<p><strong>Varaukset ja tilaukset:<\/strong><br \/><a href=\"booking@meremuuseum.ee\">events@meremuuseum.ee<\/a><\/p>\n<p><strong>Tapahtumien j\u00e4rjest\u00e4misajankohta Viron merimuseossa<\/strong><br \/>Tapahtuma voidaan aloittaa joko ennen kuin museo suljetaan yleis\u00f6lle tai sen j\u00e4lkeen. Lokakuusta huhtikuuhun kest\u00e4v\u00e4n talvikauden aikana voidaan j\u00e4rjest\u00e4\u00e4 maanantaisin my\u00f6s koko p\u00e4iv\u00e4n kest\u00e4vi\u00e4 tapahtumia.<\/p>\n<p><strong>Avoinna yleis\u00f6lle:<\/strong><br \/>toukokuu\u2013syyskuu: ma\u2013su klo 10\u201319<br \/>lokakuu\u2013huhtikuu ti\u2013su klo 10\u201318<br \/>Valtiollisina juhlap\u00e4ivin\u00e4: klo 10\u201317<br \/>Suljettu 24. joulukuuta<\/p>","protected":false},"excerpt":{"rendered":"L\u00c4HET\u00c4 KYSELY Lentosatama on t\u00e4ynn\u00e4 suuria ideoita, seikkailuja ja historiaa. Vesitasohallit \u2013 meren ja taivaan yhdist\u00e4v\u00e4 rakennus \u2013 on saanut useiden muiden palkintojen lis\u00e4ksi my\u00f6s Europa Nostra -p\u00e4\u00e4palkinnon vuonna 2013&#8230;.","protected":false},"author":2,"featured_media":0,"parent":4446,"menu_order":1,"comment_status":"closed","ping_status":"closed","template":"","meta":{"_acf_changed":false,"_uag_custom_page_level_css":"","advgb_blocks_editor_width":"","advgb_blocks_columns_visual_guide":"","footnotes":""},"class_list":["post-4445","page","type-page","status-publish","hentry"],"acf":[],"yoast_head":"<!-- This site is optimized with the Yoast SEO plugin v26.6 - https:\/\/yoast.com\/wordpress\/plugins\/seo\/ -->\n<title>Yritystapahtumat ja vastaanotot - Lennusadam<\/title>\n<meta name=\"robots\" content=\"index, follow, max-snippet:-1, max-image-preview:large, max-video-preview:-1\" \/>\n<link rel=\"canonical\" href=\"https:\/\/meremuuseum.ee\/lennusadam\/fi\/jarjesta-tapahtuma-2\/firmapeod-ja-vastuvotud\/\" \/>\n<meta property=\"og:locale\" content=\"fi_FI\" \/>\n<meta property=\"og:type\" content=\"article\" \/>\n<meta property=\"og:title\" content=\"Yritystapahtumat ja vastaanotot - Lennusadam\" \/>\n<meta property=\"og:description\" content=\"L\u00c4HET\u00c4 KYSELY Lentosatama on t\u00e4ynn\u00e4 suuria ideoita, seikkailuja ja historiaa. Vesitasohallit \u2013 meren ja taivaan yhdist\u00e4v\u00e4 rakennus \u2013 on saanut useiden muiden palkintojen lis\u00e4ksi my\u00f6s Europa Nostra -p\u00e4\u00e4palkinnon vuonna 2013....\" \/>\n<meta property=\"og:url\" content=\"https:\/\/meremuuseum.ee\/lennusadam\/fi\/jarjesta-tapahtuma-2\/firmapeod-ja-vastuvotud\/\" \/>\n<meta property=\"og:site_name\" content=\"Lennusadam\" \/>\n<meta property=\"article:modified_time\" content=\"2025-12-30T13:15:52+00:00\" \/>\n<meta name=\"twitter:card\" content=\"summary_large_image\" \/>\n<meta name=\"twitter:label1\" content=\"Arvioitu lukuaika\" \/>\n\t<meta name=\"twitter:data1\" content=\"2 minuuttia\" \/>\n<script type=\"application\/ld+json\" class=\"yoast-schema-graph\">{\"@context\":\"https:\/\/schema.org\",\"@graph\":[{\"@type\":\"WebPage\",\"@id\":\"https:\/\/meremuuseum.ee\/lennusadam\/fi\/jarjesta-tapahtuma-2\/firmapeod-ja-vastuvotud\/\",\"url\":\"https:\/\/meremuuseum.ee\/lennusadam\/fi\/jarjesta-tapahtuma-2\/firmapeod-ja-vastuvotud\/\",\"name\":\"Yritystapahtumat ja vastaanotot - Lennusadam\",\"isPartOf\":{\"@id\":\"https:\/\/meremuuseum.ee\/lennusadam\/#website\"},\"datePublished\":\"2023-09-25T08:25:25+00:00\",\"dateModified\":\"2025-12-30T13:15:52+00:00\",\"breadcrumb\":{\"@id\":\"https:\/\/meremuuseum.ee\/lennusadam\/fi\/jarjesta-tapahtuma-2\/firmapeod-ja-vastuvotud\/#breadcrumb\"},\"inLanguage\":\"fi\",\"potentialAction\":[{\"@type\":\"ReadAction\",\"target\":[\"https:\/\/meremuuseum.ee\/lennusadam\/fi\/jarjesta-tapahtuma-2\/firmapeod-ja-vastuvotud\/\"]}]},{\"@type\":\"BreadcrumbList\",\"@id\":\"https:\/\/meremuuseum.ee\/lennusadam\/fi\/jarjesta-tapahtuma-2\/firmapeod-ja-vastuvotud\/#breadcrumb\",\"itemListElement\":[{\"@type\":\"ListItem\",\"position\":1,\"name\":\"Home\",\"item\":\"https:\/\/meremuuseum.ee\/lennusadam\/fi\/\"},{\"@type\":\"ListItem\",\"position\":2,\"name\":\"J\u00e4rjesta tapahtuma\",\"item\":\"https:\/\/meremuuseum.ee\/lennusadam\/fi\/jarjesta-tapahtuma-2\/\"},{\"@type\":\"ListItem\",\"position\":3,\"name\":\"Yritystapahtumat ja vastaanotot\"}]},{\"@type\":\"WebSite\",\"@id\":\"https:\/\/meremuuseum.ee\/lennusadam\/#website\",\"url\":\"https:\/\/meremuuseum.ee\/lennusadam\/\",\"name\":\"Lennusadam\",\"description\":\"\",\"potentialAction\":[{\"@type\":\"SearchAction\",\"target\":{\"@type\":\"EntryPoint\",\"urlTemplate\":\"https:\/\/meremuuseum.ee\/lennusadam\/?s={search_term_string}\"},\"query-input\":{\"@type\":\"PropertyValueSpecification\",\"valueRequired\":true,\"valueName\":\"search_term_string\"}}],\"inLanguage\":\"fi\"}]}<\/script>\n<!-- \/ Yoast SEO plugin. -->","yoast_head_json":{"title":"Yritystapahtumat ja vastaanotot - Lennusadam","robots":{"index":"index","follow":"follow","max-snippet":"max-snippet:-1","max-image-preview":"max-image-preview:large","max-video-preview":"max-video-preview:-1"},"canonical":"https:\/\/meremuuseum.ee\/lennusadam\/fi\/jarjesta-tapahtuma-2\/firmapeod-ja-vastuvotud\/","og_locale":"fi_FI","og_type":"article","og_title":"Yritystapahtumat ja vastaanotot - Lennusadam","og_description":"L\u00c4HET\u00c4 KYSELY Lentosatama on t\u00e4ynn\u00e4 suuria ideoita, seikkailuja ja historiaa. Vesitasohallit \u2013 meren ja taivaan yhdist\u00e4v\u00e4 rakennus \u2013 on saanut useiden muiden palkintojen lis\u00e4ksi my\u00f6s Europa Nostra -p\u00e4\u00e4palkinnon vuonna 2013....","og_url":"https:\/\/meremuuseum.ee\/lennusadam\/fi\/jarjesta-tapahtuma-2\/firmapeod-ja-vastuvotud\/","og_site_name":"Lennusadam","article_modified_time":"2025-12-30T13:15:52+00:00","twitter_card":"summary_large_image","twitter_misc":{"Arvioitu lukuaika":"2 minuuttia"},"schema":{"@context":"https:\/\/schema.org","@graph":[{"@type":"WebPage","@id":"https:\/\/meremuuseum.ee\/lennusadam\/fi\/jarjesta-tapahtuma-2\/firmapeod-ja-vastuvotud\/","url":"https:\/\/meremuuseum.ee\/lennusadam\/fi\/jarjesta-tapahtuma-2\/firmapeod-ja-vastuvotud\/","name":"Yritystapahtumat ja vastaanotot - Lennusadam","isPartOf":{"@id":"https:\/\/meremuuseum.ee\/lennusadam\/#website"},"datePublished":"2023-09-25T08:25:25+00:00","dateModified":"2025-12-30T13:15:52+00:00","breadcrumb":{"@id":"https:\/\/meremuuseum.ee\/lennusadam\/fi\/jarjesta-tapahtuma-2\/firmapeod-ja-vastuvotud\/#breadcrumb"},"inLanguage":"fi","potentialAction":[{"@type":"ReadAction","target":["https:\/\/meremuuseum.ee\/lennusadam\/fi\/jarjesta-tapahtuma-2\/firmapeod-ja-vastuvotud\/"]}]},{"@type":"BreadcrumbList","@id":"https:\/\/meremuuseum.ee\/lennusadam\/fi\/jarjesta-tapahtuma-2\/firmapeod-ja-vastuvotud\/#breadcrumb","itemListElement":[{"@type":"ListItem","position":1,"name":"Home","item":"https:\/\/meremuuseum.ee\/lennusadam\/fi\/"},{"@type":"ListItem","position":2,"name":"J\u00e4rjesta tapahtuma","item":"https:\/\/meremuuseum.ee\/lennusadam\/fi\/jarjesta-tapahtuma-2\/"},{"@type":"ListItem","position":3,"name":"Yritystapahtumat ja vastaanotot"}]},{"@type":"WebSite","@id":"https:\/\/meremuuseum.ee\/lennusadam\/#website","url":"https:\/\/meremuuseum.ee\/lennusadam\/","name":"Lennusadam","description":"","potentialAction":[{"@type":"SearchAction","target":{"@type":"EntryPoint","urlTemplate":"https:\/\/meremuuseum.ee\/lennusadam\/?s={search_term_string}"},"query-input":{"@type":"PropertyValueSpecification","valueRequired":true,"valueName":"search_term_string"}}],"inLanguage":"fi"}]}},"uagb_featured_image_src":{"full":false,"thumbnail":false,"medium":false,"medium_large":false,"large":false,"1536x1536":false,"2048x2048":false,"small":false,"custom-size":false,"post-preview":false,"gform-image-choice-sm":false,"gform-image-choice-md":false,"gform-image-choice-lg":false},"uagb_author_info":{"display_name":"Reaktiiv Grupp","author_link":"https:\/\/meremuuseum.ee\/lennusadam\/fi\/author\/reaktiiv-pm\/"},"uagb_comment_info":0,"uagb_excerpt":"L\u00c4HET\u00c4 KYSELY Lentosatama on t\u00e4ynn\u00e4 suuria ideoita, seikkailuja ja historiaa. Vesitasohallit \u2013 meren ja taivaan yhdist\u00e4v\u00e4 rakennus \u2013 on saanut useiden muiden palkintojen lis\u00e4ksi my\u00f6s Europa Nostra -p\u00e4\u00e4palkinnon vuonna 2013....","coauthors":[],"author_meta":{"author_link":"https:\/\/meremuuseum.ee\/lennusadam\/fi\/author\/reaktiiv-pm\/","display_name":"Reaktiiv Grupp"},"relative_dates":{"created":"Posted 3 vuotta ago","modified":"Updated 4 kuukautta ago"},"absolute_dates":{"created":"Posted on 25 syyskuun, 2023","modified":"Updated on 30 joulukuun, 2025"},"absolute_dates_time":{"created":"Posted on 25 syyskuun, 2023 8:25 am","modified":"Updated on 30 joulukuun, 2025 1:15 pm"},"featured_img_caption":"","featured_img":false,"series_order":"","_links":{"self":[{"href":"https:\/\/meremuuseum.ee\/lennusadam\/fi\/wp-json\/wp\/v2\/pages\/4445","targetHints":{"allow":["GET"]}}],"collection":[{"href":"https:\/\/meremuuseum.ee\/lennusadam\/fi\/wp-json\/wp\/v2\/pages"}],"about":[{"href":"https:\/\/meremuuseum.ee\/lennusadam\/fi\/wp-json\/wp\/v2\/types\/page"}],"author":[{"embeddable":true,"href":"https:\/\/meremuuseum.ee\/lennusadam\/fi\/wp-json\/wp\/v2\/users\/2"}],"replies":[{"embeddable":true,"href":"https:\/\/meremuuseum.ee\/lennusadam\/fi\/wp-json\/wp\/v2\/comments?post=4445"}],"version-history":[{"count":4,"href":"https:\/\/meremuuseum.ee\/lennusadam\/fi\/wp-json\/wp\/v2\/pages\/4445\/revisions"}],"predecessor-version":[{"id":6423,"href":"https:\/\/meremuuseum.ee\/lennusadam\/fi\/wp-json\/wp\/v2\/pages\/4445\/revisions\/6423"}],"up":[{"embeddable":true,"href":"https:\/\/meremuuseum.ee\/lennusadam\/fi\/wp-json\/wp\/v2\/pages\/4446"}],"wp:attachment":[{"href":"https:\/\/meremuuseum.ee\/lennusadam\/fi\/wp-json\/wp\/v2\/media?parent=4445"}],"curies":[{"name":"wp","href":"https:\/\/api.w.org\/{rel}","templated":true}]}}