{"id":4273,"date":"2023-09-25T11:14:42","date_gmt":"2023-09-25T11:14:42","guid":{"rendered":"https:\/\/meremuuseum2.rktv.ee\/lennusadam\/muuseum\/lennusadama-lugu\/"},"modified":"2025-05-15T13:08:47","modified_gmt":"2025-05-15T13:08:47","slug":"lennusadama-lugu","status":"publish","type":"page","link":"https:\/\/meremuuseum.ee\/lennusadam\/fi\/muuseum\/lennusadama-lugu\/","title":{"rendered":"Lentosatama"},"content":{"rendered":"\n<p><strong>Lentosatamassa<\/strong> sijaitsee yksi Pohjois-Euroopan hienoimmista merimuseoista. Esill\u00e4 on aito sukellusvene Lembit 1930-luvulta, purjeveneit\u00e4 ja muita aluksia, 100 vuotta vanha h\u00f6yryj\u00e4\u00e4nmurtaja Suur T\u00f5ll, vesitaso Short 184 kopio, miinoja, tykkej\u00e4 ja paljon muita luonnollisen kokoisia esineit\u00e4. Museo ja vesitasohalli ovat saaneet useita palkintoja: Viron matkailijayst\u00e4v\u00e4llisin museo vuonna 2012, Europa NOSTRA Grand Prix 2013, Vuoden eurooppalainen museo 2014 -erikoispalkinto sek\u00e4 useita muita palkintoja.<\/p>\n\n\n\n<p>Lentosataman museo onmieleenpainuva el\u00e4mys koko perheelle: paljon mielenkiintoista luettavaa, suuri akvaario, simulaattoreita ja paljon muuta mielenkiintoista.<\/p>\n\n\n\n<p><strong>Tekemist\u00e4 riitt\u00e4\u00e4 kaikille:<\/strong><\/p>\n\n\n\n<ul class=\"wp-block-list\">\n<li>mahdollisuus tilata mielenkiintoinen opastettu tutustumiskierros viroksi tai usealla muulla kielell\u00e4. <a href=\"https:\/\/meremuuseum.ee\/paksmargareeta\/en\/booking-a-tour\/\">TIEDUSTELU OPASTUKSELLE<\/a><\/li>\n\n\n\n<li>monipuolinen meriaiheinen museokauppa sek\u00e4 kahvila-ravintola MARU<\/li>\n\n\n\n<li>huvivenesatama, laivoja ja purjeveneit\u00e4, upea meri- ja kaupunkin\u00e4k\u00f6ala sek\u00e4 lasten leikkikentt\u00e4<\/li>\n\n\n\n<li>j\u00e4nnitt\u00e4vi\u00e4 ohjelmia lapsille ja aikuisille<\/li>\n\n\n\n<li>vesitasohallia vuokrataan my\u00f6s iltatapahtumiin enint. 1500 hengelle.<\/li>\n<\/ul>\n\n\n\n<p><strong>Tiedustelut ja varaukset:<\/strong> +372 6200 550, <a href=\"mailto:booking@meremuuseum.ee\">booking@meremuuseum.ee<\/a><\/p>\n\n\n\n<p>Lentosatama ja vesitasohalli rakennettiin jo sata vuotta sitten Ven\u00e4j\u00e4n tsaarin Nikolai II:n k\u00e4skyst\u00e4, osaksi Pietari Suuren merilinnoitusta. Vesitasohalli on arkkitehtuuriltaan ainutlaatuinen rakennus: ne olivat ensimm\u00e4iset niin suuret ter\u00e4sbetonista rakennetut ter\u00e4sbetonikupolit, joissa ei ollut yht\u00e4\u00e4n kantavaa tukipilaria. Toiseen maailmansotaan saakka siell\u00e4 s\u00e4ilytettiin vesitasoja!<\/p>\n","protected":false},"excerpt":{"rendered":"Lentosatamassa sijaitsee yksi Pohjois-Euroopan hienoimmista merimuseoista. Esill\u00e4 on aito sukellusvene Lembit 1930-luvulta, purjeveneit\u00e4 ja muita aluksia, 100 vuotta vanha h\u00f6yryj\u00e4\u00e4nmurtaja Suur T\u00f5ll, vesitaso Short 184 kopio, miinoja, tykkej\u00e4 ja paljon&#8230;","protected":false},"author":2,"featured_media":0,"parent":4271,"menu_order":0,"comment_status":"closed","ping_status":"closed","template":"","meta":{"_acf_changed":false,"_uag_custom_page_level_css":"","advgb_blocks_editor_width":"","advgb_blocks_columns_visual_guide":"","footnotes":""},"class_list":["post-4273","page","type-page","status-publish","hentry"],"acf":[],"yoast_head":"<!-- This site is optimized with the Yoast SEO plugin v26.6 - https:\/\/yoast.com\/wordpress\/plugins\/seo\/ -->\n<title>Lentosatama - Lennusadam<\/title>\n<meta name=\"robots\" content=\"index, follow, max-snippet:-1, max-image-preview:large, max-video-preview:-1\" \/>\n<link rel=\"canonical\" href=\"https:\/\/meremuuseum.ee\/lennusadam\/muuseum\/lennusadama-lugu\/\" \/>\n<meta property=\"og:locale\" content=\"fi_FI\" \/>\n<meta property=\"og:type\" content=\"article\" \/>\n<meta property=\"og:title\" content=\"Lentosatama - Lennusadam\" \/>\n<meta property=\"og:description\" content=\"Lentosatamassa sijaitsee yksi Pohjois-Euroopan hienoimmista merimuseoista. Esill\u00e4 on aito sukellusvene Lembit 1930-luvulta, purjeveneit\u00e4 ja muita aluksia, 100 vuotta vanha h\u00f6yryj\u00e4\u00e4nmurtaja Suur T\u00f5ll, vesitaso Short 184 kopio, miinoja, tykkej\u00e4 ja paljon...\" \/>\n<meta property=\"og:url\" content=\"https:\/\/meremuuseum.ee\/lennusadam\/muuseum\/lennusadama-lugu\/\" \/>\n<meta property=\"og:site_name\" content=\"Lennusadam\" \/>\n<meta property=\"article:modified_time\" content=\"2025-05-15T13:08:47+00:00\" \/>\n<meta name=\"twitter:card\" content=\"summary_large_image\" \/>\n<meta name=\"twitter:label1\" content=\"Arvioitu lukuaika\" \/>\n\t<meta name=\"twitter:data1\" content=\"1 minuutti\" \/>\n<script type=\"application\/ld+json\" class=\"yoast-schema-graph\">{\"@context\":\"https:\/\/schema.org\",\"@graph\":[{\"@type\":\"WebPage\",\"@id\":\"https:\/\/meremuuseum.ee\/lennusadam\/muuseum\/lennusadama-lugu\/\",\"url\":\"https:\/\/meremuuseum.ee\/lennusadam\/muuseum\/lennusadama-lugu\/\",\"name\":\"Lentosatama - Lennusadam\",\"isPartOf\":{\"@id\":\"https:\/\/meremuuseum.ee\/lennusadam\/#website\"},\"datePublished\":\"2023-09-25T11:14:42+00:00\",\"dateModified\":\"2025-05-15T13:08:47+00:00\",\"breadcrumb\":{\"@id\":\"https:\/\/meremuuseum.ee\/lennusadam\/muuseum\/lennusadama-lugu\/#breadcrumb\"},\"inLanguage\":\"fi\",\"potentialAction\":[{\"@type\":\"ReadAction\",\"target\":[\"https:\/\/meremuuseum.ee\/lennusadam\/muuseum\/lennusadama-lugu\/\"]}]},{\"@type\":\"BreadcrumbList\",\"@id\":\"https:\/\/meremuuseum.ee\/lennusadam\/muuseum\/lennusadama-lugu\/#breadcrumb\",\"itemListElement\":[{\"@type\":\"ListItem\",\"position\":1,\"name\":\"Home\",\"item\":\"https:\/\/meremuuseum.ee\/lennusadam\/fi\/\"},{\"@type\":\"ListItem\",\"position\":2,\"name\":\"N\u00e4itused\",\"item\":\"https:\/\/meremuuseum.ee\/lennusadam\/fi\/muuseum\/\"},{\"@type\":\"ListItem\",\"position\":3,\"name\":\"Lentosatama\"}]},{\"@type\":\"WebSite\",\"@id\":\"https:\/\/meremuuseum.ee\/lennusadam\/#website\",\"url\":\"https:\/\/meremuuseum.ee\/lennusadam\/\",\"name\":\"Lennusadam\",\"description\":\"\",\"potentialAction\":[{\"@type\":\"SearchAction\",\"target\":{\"@type\":\"EntryPoint\",\"urlTemplate\":\"https:\/\/meremuuseum.ee\/lennusadam\/?s={search_term_string}\"},\"query-input\":{\"@type\":\"PropertyValueSpecification\",\"valueRequired\":true,\"valueName\":\"search_term_string\"}}],\"inLanguage\":\"fi\"}]}<\/script>\n<!-- \/ Yoast SEO plugin. -->","yoast_head_json":{"title":"Lentosatama - Lennusadam","robots":{"index":"index","follow":"follow","max-snippet":"max-snippet:-1","max-image-preview":"max-image-preview:large","max-video-preview":"max-video-preview:-1"},"canonical":"https:\/\/meremuuseum.ee\/lennusadam\/muuseum\/lennusadama-lugu\/","og_locale":"fi_FI","og_type":"article","og_title":"Lentosatama - Lennusadam","og_description":"Lentosatamassa sijaitsee yksi Pohjois-Euroopan hienoimmista merimuseoista. Esill\u00e4 on aito sukellusvene Lembit 1930-luvulta, purjeveneit\u00e4 ja muita aluksia, 100 vuotta vanha h\u00f6yryj\u00e4\u00e4nmurtaja Suur T\u00f5ll, vesitaso Short 184 kopio, miinoja, tykkej\u00e4 ja paljon...","og_url":"https:\/\/meremuuseum.ee\/lennusadam\/muuseum\/lennusadama-lugu\/","og_site_name":"Lennusadam","article_modified_time":"2025-05-15T13:08:47+00:00","twitter_card":"summary_large_image","twitter_misc":{"Arvioitu lukuaika":"1 minuutti"},"schema":{"@context":"https:\/\/schema.org","@graph":[{"@type":"WebPage","@id":"https:\/\/meremuuseum.ee\/lennusadam\/muuseum\/lennusadama-lugu\/","url":"https:\/\/meremuuseum.ee\/lennusadam\/muuseum\/lennusadama-lugu\/","name":"Lentosatama - Lennusadam","isPartOf":{"@id":"https:\/\/meremuuseum.ee\/lennusadam\/#website"},"datePublished":"2023-09-25T11:14:42+00:00","dateModified":"2025-05-15T13:08:47+00:00","breadcrumb":{"@id":"https:\/\/meremuuseum.ee\/lennusadam\/muuseum\/lennusadama-lugu\/#breadcrumb"},"inLanguage":"fi","potentialAction":[{"@type":"ReadAction","target":["https:\/\/meremuuseum.ee\/lennusadam\/muuseum\/lennusadama-lugu\/"]}]},{"@type":"BreadcrumbList","@id":"https:\/\/meremuuseum.ee\/lennusadam\/muuseum\/lennusadama-lugu\/#breadcrumb","itemListElement":[{"@type":"ListItem","position":1,"name":"Home","item":"https:\/\/meremuuseum.ee\/lennusadam\/fi\/"},{"@type":"ListItem","position":2,"name":"N\u00e4itused","item":"https:\/\/meremuuseum.ee\/lennusadam\/fi\/muuseum\/"},{"@type":"ListItem","position":3,"name":"Lentosatama"}]},{"@type":"WebSite","@id":"https:\/\/meremuuseum.ee\/lennusadam\/#website","url":"https:\/\/meremuuseum.ee\/lennusadam\/","name":"Lennusadam","description":"","potentialAction":[{"@type":"SearchAction","target":{"@type":"EntryPoint","urlTemplate":"https:\/\/meremuuseum.ee\/lennusadam\/?s={search_term_string}"},"query-input":{"@type":"PropertyValueSpecification","valueRequired":true,"valueName":"search_term_string"}}],"inLanguage":"fi"}]}},"uagb_featured_image_src":{"full":false,"thumbnail":false,"medium":false,"medium_large":false,"large":false,"1536x1536":false,"2048x2048":false,"small":false,"custom-size":false,"post-preview":false,"gform-image-choice-sm":false,"gform-image-choice-md":false,"gform-image-choice-lg":false},"uagb_author_info":{"display_name":"Reaktiiv Grupp","author_link":"https:\/\/meremuuseum.ee\/lennusadam\/fi\/author\/reaktiiv-pm\/"},"uagb_comment_info":0,"uagb_excerpt":"Lentosatamassa sijaitsee yksi Pohjois-Euroopan hienoimmista merimuseoista. Esill\u00e4 on aito sukellusvene Lembit 1930-luvulta, purjeveneit\u00e4 ja muita aluksia, 100 vuotta vanha h\u00f6yryj\u00e4\u00e4nmurtaja Suur T\u00f5ll, vesitaso Short 184 kopio, miinoja, tykkej\u00e4 ja paljon...","coauthors":[],"author_meta":{"author_link":"https:\/\/meremuuseum.ee\/lennusadam\/fi\/author\/reaktiiv-pm\/","display_name":"Reaktiiv Grupp"},"relative_dates":{"created":"Posted 3 vuotta ago","modified":"Updated 11 kuukautta ago"},"absolute_dates":{"created":"Posted on 25 syyskuun, 2023","modified":"Updated on 15 toukokuun, 2025"},"absolute_dates_time":{"created":"Posted on 25 syyskuun, 2023 11:14 am","modified":"Updated on 15 toukokuun, 2025 1:08 pm"},"featured_img_caption":"","featured_img":false,"series_order":"","_links":{"self":[{"href":"https:\/\/meremuuseum.ee\/lennusadam\/fi\/wp-json\/wp\/v2\/pages\/4273","targetHints":{"allow":["GET"]}}],"collection":[{"href":"https:\/\/meremuuseum.ee\/lennusadam\/fi\/wp-json\/wp\/v2\/pages"}],"about":[{"href":"https:\/\/meremuuseum.ee\/lennusadam\/fi\/wp-json\/wp\/v2\/types\/page"}],"author":[{"embeddable":true,"href":"https:\/\/meremuuseum.ee\/lennusadam\/fi\/wp-json\/wp\/v2\/users\/2"}],"replies":[{"embeddable":true,"href":"https:\/\/meremuuseum.ee\/lennusadam\/fi\/wp-json\/wp\/v2\/comments?post=4273"}],"version-history":[{"count":4,"href":"https:\/\/meremuuseum.ee\/lennusadam\/fi\/wp-json\/wp\/v2\/pages\/4273\/revisions"}],"predecessor-version":[{"id":5957,"href":"https:\/\/meremuuseum.ee\/lennusadam\/fi\/wp-json\/wp\/v2\/pages\/4273\/revisions\/5957"}],"up":[{"embeddable":true,"href":"https:\/\/meremuuseum.ee\/lennusadam\/fi\/wp-json\/wp\/v2\/pages\/4271"}],"wp:attachment":[{"href":"https:\/\/meremuuseum.ee\/lennusadam\/fi\/wp-json\/wp\/v2\/media?parent=4273"}],"curies":[{"name":"wp","href":"https:\/\/api.w.org\/{rel}","templated":true}]}}