{"id":730,"date":"2022-04-29T13:06:11","date_gmt":"2022-04-29T10:06:11","guid":{"rendered":"https:\/\/meremuuseum.ee\/jahisadam\/?page_id=730"},"modified":"2025-07-20T01:11:45","modified_gmt":"2025-07-19T22:11:45","slug":"suvekohvik","status":"publish","type":"page","link":"https:\/\/meremuuseum.ee\/jahisadam\/teenused-ja-hinnad\/suvekohvik\/","title":{"rendered":"Suvekohvik"},"content":{"rendered":"\t<div id=\"cafe-block-block_626bbb352fddd\" class=\"cafe-block\">\n\t\t<div class=\"container\">\n\t\t\t<div class=\"row\">\n\t\t\t\t<div class=\"text col col-md-9 col-12\">\n\t\t\t\t\t\t\t\t\t\t\t<h1>Suvekohvik<\/h1>\n\t\t\t\t\t\n\t\t\t\t\t\t\t\t\t\t\t<div class=\"text_wrapper\">\n\t\t\t\t\t\t\t<p data-olk-copy-source=\"MessageBody\">Imelise vaate ja m\u00f5nusa men\u00fc\u00fcga Jahisadama Suvekohviku leiad jahisadama B-kai l\u00f5pust, jahisadama kontori k\u00f5rvalt.<\/p>\n<p>Men\u00fc\u00fcst leiab laavakivigrillil valmistatud burgereid, maitsvaid Itaaliah\u00f5ngulisi pizzasid ning erinevaid t\u00e4navatoidu stiilis maitseelamusi, j\u00e4\u00e4tist ning nii k\u00fclmi kui ka kuumi jooke.<br \/>\nTule nautima m\u00f5nusat suvist atmosf\u00e4\u00e4ri v\u00f5i haara maitsev amps paadile kaasa.<\/p>\n<p>Kohvik on avatud suvekuudel iga p\u00e4ev alates kell 12-\u2026 vastavalt ilmale. Vihmase v\u00f5i v\u00e4ga k\u00fclma ja tuulise ilmaga v\u00f5ime olla suletud, sooja ja tuulevaikse ilma puhul oleme avatud \u00f5htul pikalt.<\/p>\n<p>K\u00f5ige t\u00e4psema ja ajakohasema info avamisaegade kohta saad meie sotsiaalmeediast v\u00f5i meile helistades.<\/p>\n<p>Telli toit ette \/ broneeri laud \/ uuri avamisaegu \/ uuri men\u00fc\u00fcd: +372 58 6600 23<\/p>\n<p>Muude k\u00fcsimuste ja eri\u00fcrituste puhul kirjuta meile\u00a0<a>jahisadamakohvik@marucatering.ee<\/a>\u00a0v\u00f5i otses\u00f5num Facebookis\/Instagramis v\u00f5i helista +372 5770 2885<\/p>\n<p><a title=\"Algne URL: https:\/\/goo.gl\/maps\/jT2mprCpATE1Z4Cy5. Kui usaldate seda linki, kl\u00f5psake v\u00f5i puudutage.\" href=\"https:\/\/eur02.safelinks.protection.outlook.com\/?url=https%3A%2F%2Fgoo.gl%2Fmaps%2FjT2mprCpATE1Z4Cy5&amp;data=05%7C02%7Canna.kukkur%40meremuuseum.ee%7C3ebdcdf7e91e4334c87508ddb9613db5%7C40bbfa49c8064adcb489a628b00a49f1%7C0%7C0%7C638870549515020006%7CUnknown%7CTWFpbGZsb3d8eyJFbXB0eU1hcGkiOnRydWUsIlYiOiIwLjAuMDAwMCIsIlAiOiJXaW4zMiIsIkFOIjoiTWFpbCIsIldUIjoyfQ%3D%3D%7C0%7C%7C%7C&amp;sdata=Y9%2F2%2FQyTac3B8E0FMJxAuPvbRJRBPNBIXeMR%2By3Xx7U%3D&amp;reserved=0\" data-auth=\"NotApplicable\">Vaata kohviku asukohta siit<\/a><\/p>\n\t\t\t\t\t\t<\/div>\n\t\t\t\t\t\t\t\t\t<\/div>\n\t\t\t<\/div>\n\t\t<\/div>\n\t\t\t\t\t<div class=\"open-hours\">\n\t\t\t\t<div class=\"container\">\n\t\t\t\t\t<div class=\"row justify-content-between\">\n\t\t\t\t\t\t\t\t\t\t\t\t\t\t\t\t\t\t\t\t<div class=\"col col-12 col-lg-auto d-flex time\">\n\t\t\t\t\t\t\t\t<span class=\"day\">Tule k\u00fclla!<\/span>E-P 12:00-\t\t\t\t\t\t\t<\/div>\n\t\t\t\t\t\t\t\t\t\t\t<\/div>\n\t\t\t\t<\/div>\n\t\t\t<\/div>\n\t\t\t\t\t\t\t<div class=\"contacts-section\">\n\t\t\t\t<div class=\"container\">\n\t\t\t\t\t<div class=\"row\">\n\t\t\t\t\t\t<div class=\"col col-12 col-lg-6 contacts\">\n\t\t\t\t\t\t\t<div class=\"row\">\n\t\t\t\t\t\t\t\t\t\t\t\t\t\t\t\t\t<h2 class=\"col col-12\">Kontaktid<\/h2>\n\t\t\t\t\t\t\t\t\t\t\t\t\t\t\t\t\t\t\t\t\t\t\t\t\t\t\t\t\t\t\t\t\t\t\t\t\t\t\t\t\t<\/div>\n\t\t\t\t\t\t<\/div>\n\t\t\t\t\t\t\t\t\t\t\t\t\t<div class=\"col col-12 col-lg-6 d-flex flex-column align-items-left align-items-lg-end justify-content-center social\">\n\t\t\t\t\t\t\t\t\t\t\t\t\t\t\t\t\t\t\t\t\t\t\t\t\t<a href=\"https:\/\/www.facebook.com\/jahisadamasuvekohvik\/\" target=\u201d_blank\u201d class=\"d-flex align-items-center\">\n\t\t\t\t\t\t\t\t\t\t\t\t\t\t\t\t\t\t\t\t\t<img loading=\"lazy\" decoding=\"async\" class=\"default\" src=\"https:\/\/meremuuseum.ee\/jahisadam\/wp-content\/uploads\/2022\/04\/Facebook.svg\" data-black=\"https:\/\/meremuuseum.ee\/jahisadam\/wp-content\/uploads\/2022\/05\/Facebook.svg\" data-normal=\"https:\/\/meremuuseum.ee\/jahisadam\/wp-content\/uploads\/2022\/04\/Facebook.svg\" width=\"38\" height=\"38\" alt=\"Facebook\" \/>\n\t\t\t\t\t\t\t\t\t\t\t\t\t\t\t\t\t\t\t\tMini-Maru Suvekohvik\t\t\t\t\t\t\t\t\t<\/a>\n\t\t\t\t\t\t\t\t\t\t\t\t\t\t\t\t\t\t\t\t\t\t\t\t\t<a href=\"https:\/\/www.instagram.com\/jahisadama_suvekohvik\/\" target=\u201d_blank\u201d class=\"d-flex align-items-center\">\n\t\t\t\t\t\t\t\t\t\t\t\t\t\t\t\t\t\t\t\t\t<img loading=\"lazy\" decoding=\"async\" class=\"default\" src=\"https:\/\/meremuuseum.ee\/jahisadam\/wp-content\/uploads\/2023\/06\/instagram-gdbdb46853_1280.jpg\" data-black=\"https:\/\/meremuuseum.ee\/jahisadam\/wp-content\/uploads\/2023\/06\/instagram-gdbdb46853_1280.jpg\" data-normal=\"https:\/\/meremuuseum.ee\/jahisadam\/wp-content\/uploads\/2023\/06\/instagram-gdbdb46853_1280.jpg\" width=\"1280\" height=\"1270\" alt=\"instagram-gdbdb46853_1280\" \/>\n\t\t\t\t\t\t\t\t\t\t\t\t\t\t\t\t\t\t\t\tjahisadama_suvekohvik\t\t\t\t\t\t\t\t\t<\/a>\n\t\t\t\t\t\t\t\t\t\t\t\t\t\t\t<\/div>\n\t\t\t\t\t\t\t\t\t\t\t<\/div>\n\t\t\t\t<\/div>\n\t\t\t<\/div>\n\t\t\t<\/div>\n\n\n\t<div id=\"gallery-slider-block-block_626bb8d36f92c\" class=\"gallery-slider-block\">\n                    <h2>Galerii<\/h2>\n        \t\t<div class=\"swiper gallery-swiper\">\n            <div class=\"swiper-wrapper\">\n                                    \t\t\t\t\t<div class=\"swiper-slide bg-center\" style=\"background-image: url(https:\/\/meremuuseum.ee\/jahisadam\/wp-content\/uploads\/2025\/07\/IMG_2404-scaled.jpeg)\">\n\t\t\t\t\t\t<div class=\"gallery-slide-overlay\"><\/div>\n\t\t\t\t\t<\/div>\n                                    \t\t\t\t\t<div class=\"swiper-slide bg-center\" style=\"background-image: url(https:\/\/meremuuseum.ee\/jahisadam\/wp-content\/uploads\/2025\/07\/IMG_2402.jpeg)\">\n\t\t\t\t\t\t<div class=\"gallery-slide-overlay\"><\/div>\n\t\t\t\t\t<\/div>\n                                    \t\t\t\t\t<div class=\"swiper-slide bg-center\" style=\"background-image: url(https:\/\/meremuuseum.ee\/jahisadam\/wp-content\/uploads\/2025\/07\/DJI_20250629141606_0107_D-copy-scaled.jpg)\">\n\t\t\t\t\t\t<div class=\"gallery-slide-overlay\"><\/div>\n\t\t\t\t\t<\/div>\n                                    \t\t\t\t\t<div class=\"swiper-slide bg-center\" style=\"background-image: url(https:\/\/meremuuseum.ee\/jahisadam\/wp-content\/uploads\/2025\/07\/DJI_20250629142545_0135_D-copy-scaled.jpg)\">\n\t\t\t\t\t\t<div class=\"gallery-slide-overlay\"><\/div>\n\t\t\t\t\t<\/div>\n                                    \t\t\t\t\t<div class=\"swiper-slide bg-center\" style=\"background-image: url(https:\/\/meremuuseum.ee\/jahisadam\/wp-content\/uploads\/2025\/07\/DJI_20250629141733_0115_D-copy-scaled.jpg)\">\n\t\t\t\t\t\t<div class=\"gallery-slide-overlay\"><\/div>\n\t\t\t\t\t<\/div>\n                                    \t\t\t\t\t<div class=\"swiper-slide bg-center\" style=\"background-image: url(https:\/\/meremuuseum.ee\/jahisadam\/wp-content\/uploads\/2025\/07\/DJI_20250629141933_0118_D-copy-scaled.jpg)\">\n\t\t\t\t\t\t<div class=\"gallery-slide-overlay\"><\/div>\n\t\t\t\t\t<\/div>\n                                    \t\t\t\t\t<div class=\"swiper-slide bg-center\" style=\"background-image: url(https:\/\/meremuuseum.ee\/jahisadam\/wp-content\/uploads\/2025\/07\/DJI_20250629141619_0109_D-copy-scaled.jpg)\">\n\t\t\t\t\t\t<div class=\"gallery-slide-overlay\"><\/div>\n\t\t\t\t\t<\/div>\n                                    \t\t\t\t\t<div class=\"swiper-slide bg-center\" style=\"background-image: url(https:\/\/meremuuseum.ee\/jahisadam\/wp-content\/uploads\/2025\/07\/DJI_20250629141615_0108_D-copy-scaled.jpg)\">\n\t\t\t\t\t\t<div class=\"gallery-slide-overlay\"><\/div>\n\t\t\t\t\t<\/div>\n                                    \t\t\t\t\t<div class=\"swiper-slide bg-center\" style=\"background-image: url(https:\/\/meremuuseum.ee\/jahisadam\/wp-content\/uploads\/2025\/07\/DJI_20250629142322_0132_D-copy-scaled.jpg)\">\n\t\t\t\t\t\t<div class=\"gallery-slide-overlay\"><\/div>\n\t\t\t\t\t<\/div>\n                                    \t\t\t\t\t<div class=\"swiper-slide bg-center\" style=\"background-image: url(https:\/\/meremuuseum.ee\/jahisadam\/wp-content\/uploads\/2025\/07\/DJI_20250629142310_0131_D-copy-scaled.jpg)\">\n\t\t\t\t\t\t<div class=\"gallery-slide-overlay\"><\/div>\n\t\t\t\t\t<\/div>\n                                    \t\t\t\t\t<div class=\"swiper-slide bg-center\" style=\"background-image: url(https:\/\/meremuuseum.ee\/jahisadam\/wp-content\/uploads\/2025\/07\/DJI_20250629142301_0130_D-copy-scaled.jpg)\">\n\t\t\t\t\t\t<div class=\"gallery-slide-overlay\"><\/div>\n\t\t\t\t\t<\/div>\n                                    \t\t\t\t\t<div class=\"swiper-slide bg-center\" style=\"background-image: url(https:\/\/meremuuseum.ee\/jahisadam\/wp-content\/uploads\/2025\/07\/DJI_20250629142250_0127_D-copy-scaled.jpg)\">\n\t\t\t\t\t\t<div class=\"gallery-slide-overlay\"><\/div>\n\t\t\t\t\t<\/div>\n                                    \t\t\t\t\t<div class=\"swiper-slide bg-center\" style=\"background-image: url(https:\/\/meremuuseum.ee\/jahisadam\/wp-content\/uploads\/2025\/07\/DJI_20250629141953_0120_D-copy-scaled.jpg)\">\n\t\t\t\t\t\t<div class=\"gallery-slide-overlay\"><\/div>\n\t\t\t\t\t<\/div>\n                            <\/div>\n            <div class=\"swiper-button-prev\">\n                <img loading=\"lazy\" decoding=\"async\" class=\"default\" data-black=\"https:\/\/meremuuseum.ee\/jahisadam\/wp-content\/themes\/jahisadam\/images\/icons\/swiper-arrow_yellow.svg\" data-normal=\"https:\/\/meremuuseum.ee\/jahisadam\/wp-content\/themes\/jahisadam\/images\/icons\/swiper-arrow.svg\" src=\"https:\/\/meremuuseum.ee\/jahisadam\/wp-content\/themes\/jahisadam\/images\/icons\/swiper-arrow.svg\" width=\"37\" height=\"71\" alt=\"arrow left\" \/>\n            <\/div>\n            <div class=\"swiper-button-next\">\n                <img loading=\"lazy\" decoding=\"async\" class=\"default\" data-black=\"https:\/\/meremuuseum.ee\/jahisadam\/wp-content\/themes\/jahisadam\/images\/icons\/swiper-arrow_yellow.svg\" data-normal=\"https:\/\/meremuuseum.ee\/jahisadam\/wp-content\/themes\/jahisadam\/images\/icons\/swiper-arrow.svg\" src=\"https:\/\/meremuuseum.ee\/jahisadam\/wp-content\/themes\/jahisadam\/images\/icons\/swiper-arrow.svg\" width=\"37\" height=\"71\" alt=\"arrow right\" \/>\n            <\/div>\n            <div class=\"swiper-pagination\"><\/div>\n        <\/div>\n\t<\/div>\n","protected":false},"excerpt":{"rendered":"","protected":false},"author":1,"featured_media":0,"parent":712,"menu_order":3,"comment_status":"closed","ping_status":"closed","template":"page-templates\/template-no-title.php","meta":{"footnotes":""},"class_list":["post-730","page","type-page","status-publish","hentry"],"acf":[],"yoast_head":"<!-- This site is optimized with the Yoast SEO plugin v23.2 - https:\/\/yoast.com\/wordpress\/plugins\/seo\/ -->\n<title>Suvekohvik - Lennusadama Jahisadam<\/title>\n<meta name=\"robots\" content=\"index, follow, max-snippet:-1, max-image-preview:large, max-video-preview:-1\" \/>\n<link rel=\"canonical\" href=\"https:\/\/meremuuseum.ee\/jahisadam\/teenused-ja-hinnad\/suvekohvik\/\" \/>\n<meta property=\"og:locale\" content=\"et_EE\" \/>\n<meta property=\"og:type\" content=\"article\" \/>\n<meta property=\"og:title\" content=\"Suvekohvik - Lennusadama Jahisadam\" \/>\n<meta property=\"og:url\" content=\"https:\/\/meremuuseum.ee\/jahisadam\/teenused-ja-hinnad\/suvekohvik\/\" \/>\n<meta property=\"og:site_name\" content=\"Lennusadama Jahisadam\" \/>\n<meta property=\"article:modified_time\" content=\"2025-07-19T22:11:45+00:00\" \/>\n<meta property=\"og:image\" content=\"https:\/\/meremuuseum.ee\/jahisadam\/wp-content\/uploads\/2022\/04\/favicon.png\" \/>\n\t<meta property=\"og:image:width\" content=\"512\" \/>\n\t<meta property=\"og:image:height\" content=\"522\" \/>\n\t<meta property=\"og:image:type\" content=\"image\/png\" \/>\n<meta name=\"twitter:card\" content=\"summary_large_image\" \/>\n<script type=\"application\/ld+json\" class=\"yoast-schema-graph\">{\"@context\":\"https:\/\/schema.org\",\"@graph\":[{\"@type\":\"WebPage\",\"@id\":\"https:\/\/meremuuseum.ee\/jahisadam\/teenused-ja-hinnad\/suvekohvik\/\",\"url\":\"https:\/\/meremuuseum.ee\/jahisadam\/teenused-ja-hinnad\/suvekohvik\/\",\"name\":\"Suvekohvik - Lennusadama Jahisadam\",\"isPartOf\":{\"@id\":\"https:\/\/meremuuseum.ee\/jahisadam\/#website\"},\"datePublished\":\"2022-04-29T10:06:11+00:00\",\"dateModified\":\"2025-07-19T22:11:45+00:00\",\"breadcrumb\":{\"@id\":\"https:\/\/meremuuseum.ee\/jahisadam\/teenused-ja-hinnad\/suvekohvik\/#breadcrumb\"},\"inLanguage\":\"et\",\"potentialAction\":[{\"@type\":\"ReadAction\",\"target\":[\"https:\/\/meremuuseum.ee\/jahisadam\/teenused-ja-hinnad\/suvekohvik\/\"]}]},{\"@type\":\"BreadcrumbList\",\"@id\":\"https:\/\/meremuuseum.ee\/jahisadam\/teenused-ja-hinnad\/suvekohvik\/#breadcrumb\",\"itemListElement\":[{\"@type\":\"ListItem\",\"position\":1,\"name\":\"Home\",\"item\":\"https:\/\/meremuuseum.ee\/jahisadam\/\"},{\"@type\":\"ListItem\",\"position\":2,\"name\":\"Teenused ja hinnad\",\"item\":\"https:\/\/meremuuseum.ee\/jahisadam\/teenused-ja-hinnad\/\"},{\"@type\":\"ListItem\",\"position\":3,\"name\":\"Suvekohvik\"}]},{\"@type\":\"WebSite\",\"@id\":\"https:\/\/meremuuseum.ee\/jahisadam\/#website\",\"url\":\"https:\/\/meremuuseum.ee\/jahisadam\/\",\"name\":\"Lennusadama Jahisadam\",\"description\":\"\",\"publisher\":{\"@id\":\"https:\/\/meremuuseum.ee\/jahisadam\/#organization\"},\"potentialAction\":[{\"@type\":\"SearchAction\",\"target\":{\"@type\":\"EntryPoint\",\"urlTemplate\":\"https:\/\/meremuuseum.ee\/jahisadam\/?s={search_term_string}\"},\"query-input\":\"required name=search_term_string\"}],\"inLanguage\":\"et\"},{\"@type\":\"Organization\",\"@id\":\"https:\/\/meremuuseum.ee\/jahisadam\/#organization\",\"name\":\"Lennusadama Jahisadam\",\"url\":\"https:\/\/meremuuseum.ee\/jahisadam\/\",\"logo\":{\"@type\":\"ImageObject\",\"inLanguage\":\"et\",\"@id\":\"https:\/\/meremuuseum.ee\/jahisadam\/#\/schema\/logo\/image\/\",\"url\":\"https:\/\/meremuuseum.ee\/jahisadam\/wp-content\/uploads\/2022\/04\/favicon.png\",\"contentUrl\":\"https:\/\/meremuuseum.ee\/jahisadam\/wp-content\/uploads\/2022\/04\/favicon.png\",\"width\":512,\"height\":522,\"caption\":\"Lennusadama Jahisadam\"},\"image\":{\"@id\":\"https:\/\/meremuuseum.ee\/jahisadam\/#\/schema\/logo\/image\/\"}}]}<\/script>\n<!-- \/ Yoast SEO plugin. -->","yoast_head_json":{"title":"Suvekohvik - Lennusadama Jahisadam","robots":{"index":"index","follow":"follow","max-snippet":"max-snippet:-1","max-image-preview":"max-image-preview:large","max-video-preview":"max-video-preview:-1"},"canonical":"https:\/\/meremuuseum.ee\/jahisadam\/teenused-ja-hinnad\/suvekohvik\/","og_locale":"et_EE","og_type":"article","og_title":"Suvekohvik - Lennusadama Jahisadam","og_url":"https:\/\/meremuuseum.ee\/jahisadam\/teenused-ja-hinnad\/suvekohvik\/","og_site_name":"Lennusadama Jahisadam","article_modified_time":"2025-07-19T22:11:45+00:00","og_image":[{"width":512,"height":522,"url":"https:\/\/meremuuseum.ee\/jahisadam\/wp-content\/uploads\/2022\/04\/favicon.png","type":"image\/png"}],"twitter_card":"summary_large_image","schema":{"@context":"https:\/\/schema.org","@graph":[{"@type":"WebPage","@id":"https:\/\/meremuuseum.ee\/jahisadam\/teenused-ja-hinnad\/suvekohvik\/","url":"https:\/\/meremuuseum.ee\/jahisadam\/teenused-ja-hinnad\/suvekohvik\/","name":"Suvekohvik - Lennusadama Jahisadam","isPartOf":{"@id":"https:\/\/meremuuseum.ee\/jahisadam\/#website"},"datePublished":"2022-04-29T10:06:11+00:00","dateModified":"2025-07-19T22:11:45+00:00","breadcrumb":{"@id":"https:\/\/meremuuseum.ee\/jahisadam\/teenused-ja-hinnad\/suvekohvik\/#breadcrumb"},"inLanguage":"et","potentialAction":[{"@type":"ReadAction","target":["https:\/\/meremuuseum.ee\/jahisadam\/teenused-ja-hinnad\/suvekohvik\/"]}]},{"@type":"BreadcrumbList","@id":"https:\/\/meremuuseum.ee\/jahisadam\/teenused-ja-hinnad\/suvekohvik\/#breadcrumb","itemListElement":[{"@type":"ListItem","position":1,"name":"Home","item":"https:\/\/meremuuseum.ee\/jahisadam\/"},{"@type":"ListItem","position":2,"name":"Teenused ja hinnad","item":"https:\/\/meremuuseum.ee\/jahisadam\/teenused-ja-hinnad\/"},{"@type":"ListItem","position":3,"name":"Suvekohvik"}]},{"@type":"WebSite","@id":"https:\/\/meremuuseum.ee\/jahisadam\/#website","url":"https:\/\/meremuuseum.ee\/jahisadam\/","name":"Lennusadama Jahisadam","description":"","publisher":{"@id":"https:\/\/meremuuseum.ee\/jahisadam\/#organization"},"potentialAction":[{"@type":"SearchAction","target":{"@type":"EntryPoint","urlTemplate":"https:\/\/meremuuseum.ee\/jahisadam\/?s={search_term_string}"},"query-input":"required name=search_term_string"}],"inLanguage":"et"},{"@type":"Organization","@id":"https:\/\/meremuuseum.ee\/jahisadam\/#organization","name":"Lennusadama Jahisadam","url":"https:\/\/meremuuseum.ee\/jahisadam\/","logo":{"@type":"ImageObject","inLanguage":"et","@id":"https:\/\/meremuuseum.ee\/jahisadam\/#\/schema\/logo\/image\/","url":"https:\/\/meremuuseum.ee\/jahisadam\/wp-content\/uploads\/2022\/04\/favicon.png","contentUrl":"https:\/\/meremuuseum.ee\/jahisadam\/wp-content\/uploads\/2022\/04\/favicon.png","width":512,"height":522,"caption":"Lennusadama Jahisadam"},"image":{"@id":"https:\/\/meremuuseum.ee\/jahisadam\/#\/schema\/logo\/image\/"}}]}},"_links":{"self":[{"href":"https:\/\/meremuuseum.ee\/jahisadam\/wp-json\/wp\/v2\/pages\/730"}],"collection":[{"href":"https:\/\/meremuuseum.ee\/jahisadam\/wp-json\/wp\/v2\/pages"}],"about":[{"href":"https:\/\/meremuuseum.ee\/jahisadam\/wp-json\/wp\/v2\/types\/page"}],"author":[{"embeddable":true,"href":"https:\/\/meremuuseum.ee\/jahisadam\/wp-json\/wp\/v2\/users\/1"}],"replies":[{"embeddable":true,"href":"https:\/\/meremuuseum.ee\/jahisadam\/wp-json\/wp\/v2\/comments?post=730"}],"version-history":[{"count":82,"href":"https:\/\/meremuuseum.ee\/jahisadam\/wp-json\/wp\/v2\/pages\/730\/revisions"}],"predecessor-version":[{"id":1779,"href":"https:\/\/meremuuseum.ee\/jahisadam\/wp-json\/wp\/v2\/pages\/730\/revisions\/1779"}],"up":[{"embeddable":true,"href":"https:\/\/meremuuseum.ee\/jahisadam\/wp-json\/wp\/v2\/pages\/712"}],"wp:attachment":[{"href":"https:\/\/meremuuseum.ee\/jahisadam\/wp-json\/wp\/v2\/media?parent=730"}],"curies":[{"name":"wp","href":"https:\/\/api.w.org\/{rel}","templated":true}]}}