{"id":130,"date":"2022-04-19T14:22:14","date_gmt":"2022-04-19T11:22:14","guid":{"rendered":"https:\/\/meremuuseum.ee\/jahisadam\/?page_id=130"},"modified":"2024-05-27T12:44:28","modified_gmt":"2024-05-27T09:44:28","slug":"sadamateenused","status":"publish","type":"page","link":"https:\/\/meremuuseum.ee\/jahisadam\/teenused-ja-hinnad\/sadamateenused\/","title":{"rendered":"Sadamateenused"},"content":{"rendered":"<div id=\"services-block-block_626a7a32ac09c\" class=\"services-block\">\n\t<div class=\"container\">\n\t\t\t\t\t<h2>Sadamateenused<\/h2>\n\t\t\t\t\t\t\t<div class=\"row services\">\n\t\t\t\t\t\t\t\t\t<div class=\"col col-12 col-sm-6 col-md-4 service d-flex align-items-center\">\n\t\t\t\t\t\t\t\t\t\t\t\t<div class=\"d-flex justify-content-center icon-wrap\">\n\t\t\t\t\t\t\t<img loading=\"lazy\" decoding=\"async\" class=\"default no-lazy\" src=\"https:\/\/meremuuseum.ee\/jahisadam\/wp-content\/uploads\/2022\/04\/elekter.svg\" data-black=\"https:\/\/meremuuseum.ee\/jahisadam\/wp-content\/uploads\/2022\/05\/elekter.svg\" data-normal=\"https:\/\/meremuuseum.ee\/jahisadam\/wp-content\/uploads\/2022\/04\/elekter.svg\" width=\"23\" height=\"32\" alt=\"elekter\" \/>\n\t\t\t\t\t\t<\/div>\n\t\t\t\t\t\t\t\t\t\t\t\t\t<span>Elekter 220V<\/span>\n\t\t\t\t\t\t\t\t\t\t\t<\/div>\n\t\t\t\t\t\t\t\t\t<div class=\"col col-12 col-sm-6 col-md-4 service d-flex align-items-center\">\n\t\t\t\t\t\t\t\t\t\t\t\t<div class=\"d-flex justify-content-center icon-wrap\">\n\t\t\t\t\t\t\t<img loading=\"lazy\" decoding=\"async\" class=\"default no-lazy\" src=\"https:\/\/meremuuseum.ee\/jahisadam\/wp-content\/uploads\/2022\/04\/vesi.svg\" data-black=\"https:\/\/meremuuseum.ee\/jahisadam\/wp-content\/uploads\/2022\/05\/vesi.svg\" data-normal=\"https:\/\/meremuuseum.ee\/jahisadam\/wp-content\/uploads\/2022\/04\/vesi.svg\" width=\"24\" height=\"31\" alt=\"vesi\" \/>\n\t\t\t\t\t\t<\/div>\n\t\t\t\t\t\t\t\t\t\t\t\t\t<span>Vesi<\/span>\n\t\t\t\t\t\t\t\t\t\t\t<\/div>\n\t\t\t\t\t\t\t\t\t<div class=\"col col-12 col-sm-6 col-md-4 service d-flex align-items-center\">\n\t\t\t\t\t\t\t\t\t\t\t\t<div class=\"d-flex justify-content-center icon-wrap\">\n\t\t\t\t\t\t\t<img loading=\"lazy\" decoding=\"async\" class=\"default no-lazy\" src=\"https:\/\/meremuuseum.ee\/jahisadam\/wp-content\/uploads\/2022\/04\/saun.svg\" data-black=\"https:\/\/meremuuseum.ee\/jahisadam\/wp-content\/uploads\/2022\/05\/saun.svg\" data-normal=\"https:\/\/meremuuseum.ee\/jahisadam\/wp-content\/uploads\/2022\/04\/saun.svg\" width=\"14\" height=\"32\" alt=\"saun\" \/>\n\t\t\t\t\t\t<\/div>\n\t\t\t\t\t\t\t\t\t\t\t\t\t<span>Saun<\/span>\n\t\t\t\t\t\t\t\t\t\t\t<\/div>\n\t\t\t\t\t\t\t\t\t<div class=\"col col-12 col-sm-6 col-md-4 service d-flex align-items-center\">\n\t\t\t\t\t\t\t\t\t\t\t\t<div class=\"d-flex justify-content-center icon-wrap\">\n\t\t\t\t\t\t\t<img loading=\"lazy\" decoding=\"async\" class=\"default no-lazy\" src=\"https:\/\/meremuuseum.ee\/jahisadam\/wp-content\/uploads\/2022\/04\/duss.svg\" data-black=\"https:\/\/meremuuseum.ee\/jahisadam\/wp-content\/uploads\/2022\/05\/duss.svg\" data-normal=\"https:\/\/meremuuseum.ee\/jahisadam\/wp-content\/uploads\/2022\/04\/duss.svg\" width=\"29\" height=\"28\" alt=\"duss\" \/>\n\t\t\t\t\t\t<\/div>\n\t\t\t\t\t\t\t\t\t\t\t\t\t<span>Du\u0161\u0161<\/span>\n\t\t\t\t\t\t\t\t\t\t\t<\/div>\n\t\t\t\t\t\t\t\t\t<div class=\"col col-12 col-sm-6 col-md-4 service d-flex align-items-center\">\n\t\t\t\t\t\t\t\t\t\t\t\t<div class=\"d-flex justify-content-center icon-wrap\">\n\t\t\t\t\t\t\t<img loading=\"lazy\" decoding=\"async\" class=\"default no-lazy\" src=\"https:\/\/meremuuseum.ee\/jahisadam\/wp-content\/uploads\/2022\/04\/wc.svg\" data-black=\"https:\/\/meremuuseum.ee\/jahisadam\/wp-content\/uploads\/2022\/05\/wc.svg\" data-normal=\"https:\/\/meremuuseum.ee\/jahisadam\/wp-content\/uploads\/2022\/04\/wc.svg\" width=\"37\" height=\"35\" alt=\"wc\" \/>\n\t\t\t\t\t\t<\/div>\n\t\t\t\t\t\t\t\t\t\t\t\t\t<span>WC<\/span>\n\t\t\t\t\t\t\t\t\t\t\t<\/div>\n\t\t\t\t\t\t\t\t\t<div class=\"col col-12 col-sm-6 col-md-4 service d-flex align-items-center\">\n\t\t\t\t\t\t\t\t\t\t\t\t<div class=\"d-flex justify-content-center icon-wrap\">\n\t\t\t\t\t\t\t<img loading=\"lazy\" decoding=\"async\" class=\"default no-lazy\" src=\"https:\/\/meremuuseum.ee\/jahisadam\/wp-content\/uploads\/2022\/04\/pesumasin.svg\" data-black=\"https:\/\/meremuuseum.ee\/jahisadam\/wp-content\/uploads\/2022\/05\/pesumasin.svg\" data-normal=\"https:\/\/meremuuseum.ee\/jahisadam\/wp-content\/uploads\/2022\/04\/pesumasin.svg\" width=\"28\" height=\"33\" alt=\"pesumasin\" \/>\n\t\t\t\t\t\t<\/div>\n\t\t\t\t\t\t\t\t\t\t\t\t\t<span>Pesumasin ja kuivati<\/span>\n\t\t\t\t\t\t\t\t\t\t\t<\/div>\n\t\t\t\t\t\t\t\t\t<div class=\"col col-12 col-sm-6 col-md-4 service d-flex align-items-center\">\n\t\t\t\t\t\t\t\t\t\t\t\t<div class=\"d-flex justify-content-center icon-wrap\">\n\t\t\t\t\t\t\t<img loading=\"lazy\" decoding=\"async\" class=\"default no-lazy\" src=\"https:\/\/meremuuseum.ee\/jahisadam\/wp-content\/uploads\/2022\/04\/Group-13.svg\" data-black=\"https:\/\/meremuuseum.ee\/jahisadam\/wp-content\/uploads\/2022\/05\/Group-13.svg\" data-normal=\"https:\/\/meremuuseum.ee\/jahisadam\/wp-content\/uploads\/2022\/04\/Group-13.svg\" width=\"33\" height=\"26\" alt=\"Group 13\" \/>\n\t\t\t\t\t\t<\/div>\n\t\t\t\t\t\t\t\t\t\t\t\t\t<span>\u201cFollow me\u201d teenus<\/span>\n\t\t\t\t\t\t\t\t\t\t\t<\/div>\n\t\t\t\t\t\t\t\t\t<div class=\"col col-12 col-sm-6 col-md-4 service d-flex align-items-center\">\n\t\t\t\t\t\t\t\t\t\t\t\t<div class=\"d-flex justify-content-center icon-wrap\">\n\t\t\t\t\t\t\t<img loading=\"lazy\" decoding=\"async\" class=\"default no-lazy\" src=\"https:\/\/meremuuseum.ee\/jahisadam\/wp-content\/uploads\/2022\/04\/jaatmed.svg\" data-black=\"https:\/\/meremuuseum.ee\/jahisadam\/wp-content\/uploads\/2022\/05\/jaatmed.svg\" data-normal=\"https:\/\/meremuuseum.ee\/jahisadam\/wp-content\/uploads\/2022\/04\/jaatmed.svg\" width=\"43\" height=\"43\" alt=\"jaatmed\" \/>\n\t\t\t\t\t\t<\/div>\n\t\t\t\t\t\t\t\t\t\t\t\t\t<span>Ohtlike j\u00e4\u00e4tmete vastuv\u00f5tmine<\/span>\n\t\t\t\t\t\t\t\t\t\t\t<\/div>\n\t\t\t\t\t\t\t\t\t<div class=\"col col-12 col-sm-6 col-md-4 service d-flex align-items-center\">\n\t\t\t\t\t\t\t\t\t\t\t\t<div class=\"d-flex justify-content-center icon-wrap\">\n\t\t\t\t\t\t\t<img loading=\"lazy\" decoding=\"async\" class=\"default no-lazy\" src=\"https:\/\/meremuuseum.ee\/jahisadam\/wp-content\/uploads\/2022\/04\/prygi.svg\" data-black=\"https:\/\/meremuuseum.ee\/jahisadam\/wp-content\/uploads\/2022\/05\/prygi.svg\" data-normal=\"https:\/\/meremuuseum.ee\/jahisadam\/wp-content\/uploads\/2022\/04\/prygi.svg\" width=\"30\" height=\"32\" alt=\"prygi\" \/>\n\t\t\t\t\t\t<\/div>\n\t\t\t\t\t\t\t\t\t\t\t\t\t<span>Sorteeritud olmepr\u00fcgi vastuv\u00f5tmine<\/span>\n\t\t\t\t\t\t\t\t\t\t\t<\/div>\n\t\t\t\t\t\t\t\t\t<div class=\"col col-12 col-sm-6 col-md-4 service d-flex align-items-center\">\n\t\t\t\t\t\t\t\t\t\t\t\t<div class=\"d-flex justify-content-center icon-wrap\">\n\t\t\t\t\t\t\t<img loading=\"lazy\" decoding=\"async\" class=\"default no-lazy\" src=\"https:\/\/meremuuseum.ee\/jahisadam\/wp-content\/uploads\/2022\/04\/talvehoid.svg\" data-black=\"https:\/\/meremuuseum.ee\/jahisadam\/wp-content\/uploads\/2022\/05\/talvehoid.svg\" data-normal=\"https:\/\/meremuuseum.ee\/jahisadam\/wp-content\/uploads\/2022\/04\/talvehoid.svg\" width=\"29\" height=\"32\" alt=\"talvehoid\" \/>\n\t\t\t\t\t\t<\/div>\n\t\t\t\t\t\t\t\t\t\t\t\t\t<span>Talvehoid<\/span>\n\t\t\t\t\t\t\t\t\t\t\t<\/div>\n\t\t\t\t\t\t\t\t\t<div class=\"col col-12 col-sm-6 col-md-4 service d-flex align-items-center\">\n\t\t\t\t\t\t\t\t\t\t\t\t<div class=\"d-flex justify-content-center icon-wrap\">\n\t\t\t\t\t\t\t<img loading=\"lazy\" decoding=\"async\" class=\"default no-lazy\" src=\"https:\/\/meremuuseum.ee\/jahisadam\/wp-content\/uploads\/2022\/04\/videovalve.svg\" data-black=\"https:\/\/meremuuseum.ee\/jahisadam\/wp-content\/uploads\/2022\/05\/videovalve.svg\" data-normal=\"https:\/\/meremuuseum.ee\/jahisadam\/wp-content\/uploads\/2022\/04\/videovalve.svg\" width=\"35\" height=\"26\" alt=\"videovalve\" \/>\n\t\t\t\t\t\t<\/div>\n\t\t\t\t\t\t\t\t\t\t\t\t\t<span>Videovalve<\/span>\n\t\t\t\t\t\t\t\t\t\t\t<\/div>\n\t\t\t\t\t\t\t\t\t<div class=\"col col-12 col-sm-6 col-md-4 service d-flex align-items-center\">\n\t\t\t\t\t\t\t\t\t\t\t\t<div class=\"d-flex justify-content-center icon-wrap\">\n\t\t\t\t\t\t\t<img loading=\"lazy\" decoding=\"async\" class=\"default no-lazy\" src=\"https:\/\/meremuuseum.ee\/jahisadam\/wp-content\/uploads\/2022\/04\/varavad.svg\" data-black=\"https:\/\/meremuuseum.ee\/jahisadam\/wp-content\/uploads\/2022\/05\/varavad.svg\" data-normal=\"https:\/\/meremuuseum.ee\/jahisadam\/wp-content\/uploads\/2022\/04\/varavad.svg\" width=\"32\" height=\"16\" alt=\"varavad\" \/>\n\t\t\t\t\t\t<\/div>\n\t\t\t\t\t\t\t\t\t\t\t\t\t<span>Lukustatud v\u00e4ravad<\/span>\n\t\t\t\t\t\t\t\t\t\t\t<\/div>\n\t\t\t\t\t\t\t\t\t<div class=\"col col-12 col-sm-6 col-md-4 service d-flex align-items-center\">\n\t\t\t\t\t\t\t\t\t\t\t\t<div class=\"d-flex justify-content-center icon-wrap\">\n\t\t\t\t\t\t\t<img loading=\"lazy\" decoding=\"async\" class=\"default no-lazy\" src=\"https:\/\/meremuuseum.ee\/jahisadam\/wp-content\/uploads\/2022\/04\/survepesu.svg\" data-black=\"https:\/\/meremuuseum.ee\/jahisadam\/wp-content\/uploads\/2022\/05\/survepesu.svg\" data-normal=\"https:\/\/meremuuseum.ee\/jahisadam\/wp-content\/uploads\/2022\/04\/survepesu.svg\" width=\"28\" height=\"27\" alt=\"survepesu\" \/>\n\t\t\t\t\t\t<\/div>\n\t\t\t\t\t\t\t\t\t\t\t\t\t<span>Survepesur<\/span>\n\t\t\t\t\t\t\t\t\t\t\t<\/div>\n\t\t\t\t\t\t\t\t\t<div class=\"col col-12 col-sm-6 col-md-4 service d-flex align-items-center\">\n\t\t\t\t\t\t\t\t\t\t\t\t<div class=\"d-flex justify-content-center icon-wrap\">\n\t\t\t\t\t\t\t<img loading=\"lazy\" decoding=\"async\" class=\"default no-lazy\" src=\"https:\/\/meremuuseum.ee\/jahisadam\/wp-content\/uploads\/2022\/04\/wifi.svg\" data-black=\"https:\/\/meremuuseum.ee\/jahisadam\/wp-content\/uploads\/2022\/05\/wifi.svg\" data-normal=\"https:\/\/meremuuseum.ee\/jahisadam\/wp-content\/uploads\/2022\/04\/wifi.svg\" width=\"32\" height=\"26\" alt=\"wifi\" \/>\n\t\t\t\t\t\t<\/div>\n\t\t\t\t\t\t\t\t\t\t\t\t\t<span>WiFi<\/span>\n\t\t\t\t\t\t\t\t\t\t\t<\/div>\n\t\t\t\t\t\t\t\t\t<div class=\"col col-12 col-sm-6 col-md-4 service d-flex align-items-center\">\n\t\t\t\t\t\t\t\t\t\t\t\t<div class=\"d-flex justify-content-center icon-wrap\">\n\t\t\t\t\t\t\t<img loading=\"lazy\" decoding=\"async\" class=\"default no-lazy\" src=\"https:\/\/meremuuseum.ee\/jahisadam\/wp-content\/uploads\/2022\/04\/kohvik.svg\" data-black=\"https:\/\/meremuuseum.ee\/jahisadam\/wp-content\/uploads\/2022\/05\/kohvik.svg\" data-normal=\"https:\/\/meremuuseum.ee\/jahisadam\/wp-content\/uploads\/2022\/04\/kohvik.svg\" width=\"32\" height=\"31\" alt=\"kohvik\" \/>\n\t\t\t\t\t\t<\/div>\n\t\t\t\t\t\t\t\t\t\t\t\t\t<span>Kohvik<\/span>\n\t\t\t\t\t\t\t\t\t\t\t<\/div>\n\t\t\t\t\t\t\t\t\t<div class=\"col col-12 col-sm-6 col-md-4 service d-flex align-items-center\">\n\t\t\t\t\t\t\t\t\t\t\t\t<div class=\"d-flex justify-content-center icon-wrap\">\n\t\t\t\t\t\t\t<img loading=\"lazy\" decoding=\"async\" class=\"default no-lazy\" src=\"https:\/\/meremuuseum.ee\/jahisadam\/wp-content\/uploads\/2022\/04\/parkimine.svg\" data-black=\"https:\/\/meremuuseum.ee\/jahisadam\/wp-content\/uploads\/2022\/05\/parkimine.svg\" data-normal=\"https:\/\/meremuuseum.ee\/jahisadam\/wp-content\/uploads\/2022\/04\/parkimine.svg\" width=\"30\" height=\"30\" alt=\"parkimine\" \/>\n\t\t\t\t\t\t<\/div>\n\t\t\t\t\t\t\t\t\t\t\t\t\t<span>Parkimine (tasuline)<\/span>\n\t\t\t\t\t\t\t\t\t\t\t<\/div>\n\t\t\t\t\t\t\t<\/div>\n\t\t\t\t\t\t\t<div class=\"text-container\">\n\t\t\t\t<p>Jahisadama kliendile on sadamahoones 24h avatud WC ja pesuruum, kus on v\u00f5imalik kasutada pesumasinat ning kuivatit. Lisaks on saun, mille aknast avaneb lummav panoraamvaade linnale ja merele. Sadamahoone katusel asub suur terrass.<\/p>\n<p>K\u00f5ikidel kaidel on vesi ja elekter ning ujuvkaide ees asuvad lukustatud v\u00e4ravad. Sadamas on videovalve. \u00c4ra saab anda pilsivett ja pr\u00fcgi.<\/p>\n<p>Vabade kaikohtade ja lepingu osas palun kirjutada <a class=\"sc-1ko78hw-0 fiVZLH\" title=\"mailto:sadam@lennusadam.eu\" href=\"mailto:sadam@lennusadam.eu\" data-renderer-mark=\"true\">sadam@lennusadam.eu<\/a>.<\/p>\n\t\t\t<\/div>\n\t\t\t\t\t\t\t<div class=\"buttons d-flex flex-wrap\">\n\t\t\t\t\t\t\t\t\t\n\t\t\t\t\t<a href=\"https:\/\/meremuuseum.ee\/jahisadam\/teenused-ja-hinnad\/sadama-hinnakiri\/\" class=\"btn arrow\" target=\"_blank\">Vaata hinnakirja<\/a>\n\t\t\t\t\t\t\t\t\t\n\t\t\t\t\t<a href=\"https:\/\/meremuuseum.ee\/jahisadam\/teenused-ja-hinnad\/suvekohvik\/\" class=\"btn arrow\" target=\"_blank\">Suvekohvik<\/a>\n\t\t\t\t\t\t\t<\/div>\n\t\t\t\t\t<\/div>\n<\/div>\n\n<div id=\"services-block-block_626a7d2d8883a\" class=\"services-block\">\n\t<div class=\"container\">\n\t\t\t\t\t<h2>Kaikohad<\/h2>\n\t\t\t\t\t\t\t\t\t<div class=\"text-container\">\n\t\t\t\t<p>Lennusadamas on 6 ujuvkaid.<\/p>\n<p>A1, A2 ja A3 ujuvkaid on ilma sildumispoomideta, m\u00f5\u00f5tmetega 36 m x 5 m. Nendele saab silduda 15m kuni 50m alus.<\/p>\n<p>B1, B2 ja B3 ujuvkaid on sildumispoomidega. Kokku on kolmel kail 100 kohta 6m kuni 15m alustele.<\/p>\n<p>Lisaks on v\u00f5imalik suuremaid aluseid paigutada A ja B betoonkai \u00e4\u00e4rde.<\/p>\n<p>K\u00f5ikidel kaidel on olemas vesi, elekter ja valgustus. Ujuvkaide ees asuvad lukustatud v\u00e4ravad.<\/p>\n\t\t\t<\/div>\n\t\t\t\t\t\t\t<div class=\"buttons d-flex flex-wrap\">\n\t\t\t\t\t\t\t\t\t\n\t\t\t\t\t<a href=\"https:\/\/meremuuseum.ee\/jahisadam\/wp-content\/uploads\/2023\/02\/Sadama-kaart.pdf\" class=\"btn arrow\" target=\"_blank\">Vaata sadamaplaani<\/a>\n\t\t\t\t\t\t\t<\/div>\n\t\t\t\t\t<\/div>\n<\/div>\n\n<div id=\"services-block-block_63e4ac40d71fa\" class=\"services-block\">\n\t<div class=\"container\">\n\t\t\t\t\t<h2>Talvehoid<\/h2>\n\t\t\t\t\t\t\t\t\t<div class=\"text-container\">\n\t\t\t\t<p>Lennusadamas on talvel v\u00f5imalik alust hoida staapelplatsil, mis asub A kail.<\/p>\n\t\t\t<\/div>\n\t\t\t\t\t\t\t<\/div>\n<\/div>\n\n\n    <div id=\"full-width-image-block-block_6272263a75248\" class=\"full-width-image-block\">\n        <div class=\"container-fluid\">\n            <div class=\"image_wrapper\">\n                <img loading=\"lazy\" decoding=\"async\" class=\"image no-lazy\" src=\"https:\/\/meremuuseum.ee\/jahisadam\/wp-content\/uploads\/2023\/02\/jalusepilt-1-1-1.jpg\" width=\"1920\" height=\"1169\" alt=\"\">\n            <\/div>\n        <\/div>\n    <\/div>\n","protected":false},"excerpt":{"rendered":"","protected":false},"author":1,"featured_media":0,"parent":712,"menu_order":1,"comment_status":"closed","ping_status":"closed","template":"page-templates\/template-no-title.php","meta":{"footnotes":""},"class_list":["post-130","page","type-page","status-publish","hentry"],"acf":[],"yoast_head":"<!-- This site is optimized with the Yoast SEO plugin v23.2 - https:\/\/yoast.com\/wordpress\/plugins\/seo\/ -->\n<title>Sadamateenused - Lennusadama Jahisadam<\/title>\n<meta name=\"robots\" content=\"index, follow, max-snippet:-1, max-image-preview:large, max-video-preview:-1\" \/>\n<link rel=\"canonical\" href=\"https:\/\/meremuuseum.ee\/jahisadam\/teenused-ja-hinnad\/sadamateenused\/\" \/>\n<meta property=\"og:locale\" content=\"et_EE\" \/>\n<meta property=\"og:type\" content=\"article\" \/>\n<meta property=\"og:title\" content=\"Sadamateenused - Lennusadama Jahisadam\" \/>\n<meta property=\"og:url\" content=\"https:\/\/meremuuseum.ee\/jahisadam\/teenused-ja-hinnad\/sadamateenused\/\" \/>\n<meta property=\"og:site_name\" content=\"Lennusadama Jahisadam\" \/>\n<meta property=\"article:modified_time\" content=\"2024-05-27T09:44:28+00:00\" \/>\n<meta property=\"og:image\" content=\"https:\/\/meremuuseum.ee\/jahisadam\/wp-content\/uploads\/2022\/04\/favicon.png\" \/>\n\t<meta property=\"og:image:width\" content=\"512\" \/>\n\t<meta property=\"og:image:height\" content=\"522\" \/>\n\t<meta property=\"og:image:type\" content=\"image\/png\" \/>\n<meta name=\"twitter:card\" content=\"summary_large_image\" \/>\n<script type=\"application\/ld+json\" class=\"yoast-schema-graph\">{\"@context\":\"https:\/\/schema.org\",\"@graph\":[{\"@type\":\"WebPage\",\"@id\":\"https:\/\/meremuuseum.ee\/jahisadam\/teenused-ja-hinnad\/sadamateenused\/\",\"url\":\"https:\/\/meremuuseum.ee\/jahisadam\/teenused-ja-hinnad\/sadamateenused\/\",\"name\":\"Sadamateenused - Lennusadama Jahisadam\",\"isPartOf\":{\"@id\":\"https:\/\/meremuuseum.ee\/jahisadam\/#website\"},\"datePublished\":\"2022-04-19T11:22:14+00:00\",\"dateModified\":\"2024-05-27T09:44:28+00:00\",\"breadcrumb\":{\"@id\":\"https:\/\/meremuuseum.ee\/jahisadam\/teenused-ja-hinnad\/sadamateenused\/#breadcrumb\"},\"inLanguage\":\"et\",\"potentialAction\":[{\"@type\":\"ReadAction\",\"target\":[\"https:\/\/meremuuseum.ee\/jahisadam\/teenused-ja-hinnad\/sadamateenused\/\"]}]},{\"@type\":\"BreadcrumbList\",\"@id\":\"https:\/\/meremuuseum.ee\/jahisadam\/teenused-ja-hinnad\/sadamateenused\/#breadcrumb\",\"itemListElement\":[{\"@type\":\"ListItem\",\"position\":1,\"name\":\"Home\",\"item\":\"https:\/\/meremuuseum.ee\/jahisadam\/\"},{\"@type\":\"ListItem\",\"position\":2,\"name\":\"Teenused ja hinnad\",\"item\":\"https:\/\/meremuuseum.ee\/jahisadam\/teenused-ja-hinnad\/\"},{\"@type\":\"ListItem\",\"position\":3,\"name\":\"Sadamateenused\"}]},{\"@type\":\"WebSite\",\"@id\":\"https:\/\/meremuuseum.ee\/jahisadam\/#website\",\"url\":\"https:\/\/meremuuseum.ee\/jahisadam\/\",\"name\":\"Lennusadama Jahisadam\",\"description\":\"\",\"publisher\":{\"@id\":\"https:\/\/meremuuseum.ee\/jahisadam\/#organization\"},\"potentialAction\":[{\"@type\":\"SearchAction\",\"target\":{\"@type\":\"EntryPoint\",\"urlTemplate\":\"https:\/\/meremuuseum.ee\/jahisadam\/?s={search_term_string}\"},\"query-input\":\"required name=search_term_string\"}],\"inLanguage\":\"et\"},{\"@type\":\"Organization\",\"@id\":\"https:\/\/meremuuseum.ee\/jahisadam\/#organization\",\"name\":\"Lennusadama Jahisadam\",\"url\":\"https:\/\/meremuuseum.ee\/jahisadam\/\",\"logo\":{\"@type\":\"ImageObject\",\"inLanguage\":\"et\",\"@id\":\"https:\/\/meremuuseum.ee\/jahisadam\/#\/schema\/logo\/image\/\",\"url\":\"https:\/\/meremuuseum.ee\/jahisadam\/wp-content\/uploads\/2022\/04\/favicon.png\",\"contentUrl\":\"https:\/\/meremuuseum.ee\/jahisadam\/wp-content\/uploads\/2022\/04\/favicon.png\",\"width\":512,\"height\":522,\"caption\":\"Lennusadama Jahisadam\"},\"image\":{\"@id\":\"https:\/\/meremuuseum.ee\/jahisadam\/#\/schema\/logo\/image\/\"}}]}<\/script>\n<!-- \/ Yoast SEO plugin. -->","yoast_head_json":{"title":"Sadamateenused - Lennusadama Jahisadam","robots":{"index":"index","follow":"follow","max-snippet":"max-snippet:-1","max-image-preview":"max-image-preview:large","max-video-preview":"max-video-preview:-1"},"canonical":"https:\/\/meremuuseum.ee\/jahisadam\/teenused-ja-hinnad\/sadamateenused\/","og_locale":"et_EE","og_type":"article","og_title":"Sadamateenused - Lennusadama Jahisadam","og_url":"https:\/\/meremuuseum.ee\/jahisadam\/teenused-ja-hinnad\/sadamateenused\/","og_site_name":"Lennusadama Jahisadam","article_modified_time":"2024-05-27T09:44:28+00:00","og_image":[{"width":512,"height":522,"url":"https:\/\/meremuuseum.ee\/jahisadam\/wp-content\/uploads\/2022\/04\/favicon.png","type":"image\/png"}],"twitter_card":"summary_large_image","schema":{"@context":"https:\/\/schema.org","@graph":[{"@type":"WebPage","@id":"https:\/\/meremuuseum.ee\/jahisadam\/teenused-ja-hinnad\/sadamateenused\/","url":"https:\/\/meremuuseum.ee\/jahisadam\/teenused-ja-hinnad\/sadamateenused\/","name":"Sadamateenused - Lennusadama Jahisadam","isPartOf":{"@id":"https:\/\/meremuuseum.ee\/jahisadam\/#website"},"datePublished":"2022-04-19T11:22:14+00:00","dateModified":"2024-05-27T09:44:28+00:00","breadcrumb":{"@id":"https:\/\/meremuuseum.ee\/jahisadam\/teenused-ja-hinnad\/sadamateenused\/#breadcrumb"},"inLanguage":"et","potentialAction":[{"@type":"ReadAction","target":["https:\/\/meremuuseum.ee\/jahisadam\/teenused-ja-hinnad\/sadamateenused\/"]}]},{"@type":"BreadcrumbList","@id":"https:\/\/meremuuseum.ee\/jahisadam\/teenused-ja-hinnad\/sadamateenused\/#breadcrumb","itemListElement":[{"@type":"ListItem","position":1,"name":"Home","item":"https:\/\/meremuuseum.ee\/jahisadam\/"},{"@type":"ListItem","position":2,"name":"Teenused ja hinnad","item":"https:\/\/meremuuseum.ee\/jahisadam\/teenused-ja-hinnad\/"},{"@type":"ListItem","position":3,"name":"Sadamateenused"}]},{"@type":"WebSite","@id":"https:\/\/meremuuseum.ee\/jahisadam\/#website","url":"https:\/\/meremuuseum.ee\/jahisadam\/","name":"Lennusadama Jahisadam","description":"","publisher":{"@id":"https:\/\/meremuuseum.ee\/jahisadam\/#organization"},"potentialAction":[{"@type":"SearchAction","target":{"@type":"EntryPoint","urlTemplate":"https:\/\/meremuuseum.ee\/jahisadam\/?s={search_term_string}"},"query-input":"required name=search_term_string"}],"inLanguage":"et"},{"@type":"Organization","@id":"https:\/\/meremuuseum.ee\/jahisadam\/#organization","name":"Lennusadama Jahisadam","url":"https:\/\/meremuuseum.ee\/jahisadam\/","logo":{"@type":"ImageObject","inLanguage":"et","@id":"https:\/\/meremuuseum.ee\/jahisadam\/#\/schema\/logo\/image\/","url":"https:\/\/meremuuseum.ee\/jahisadam\/wp-content\/uploads\/2022\/04\/favicon.png","contentUrl":"https:\/\/meremuuseum.ee\/jahisadam\/wp-content\/uploads\/2022\/04\/favicon.png","width":512,"height":522,"caption":"Lennusadama Jahisadam"},"image":{"@id":"https:\/\/meremuuseum.ee\/jahisadam\/#\/schema\/logo\/image\/"}}]}},"_links":{"self":[{"href":"https:\/\/meremuuseum.ee\/jahisadam\/wp-json\/wp\/v2\/pages\/130"}],"collection":[{"href":"https:\/\/meremuuseum.ee\/jahisadam\/wp-json\/wp\/v2\/pages"}],"about":[{"href":"https:\/\/meremuuseum.ee\/jahisadam\/wp-json\/wp\/v2\/types\/page"}],"author":[{"embeddable":true,"href":"https:\/\/meremuuseum.ee\/jahisadam\/wp-json\/wp\/v2\/users\/1"}],"replies":[{"embeddable":true,"href":"https:\/\/meremuuseum.ee\/jahisadam\/wp-json\/wp\/v2\/comments?post=130"}],"version-history":[{"count":111,"href":"https:\/\/meremuuseum.ee\/jahisadam\/wp-json\/wp\/v2\/pages\/130\/revisions"}],"predecessor-version":[{"id":1631,"href":"https:\/\/meremuuseum.ee\/jahisadam\/wp-json\/wp\/v2\/pages\/130\/revisions\/1631"}],"up":[{"embeddable":true,"href":"https:\/\/meremuuseum.ee\/jahisadam\/wp-json\/wp\/v2\/pages\/712"}],"wp:attachment":[{"href":"https:\/\/meremuuseum.ee\/jahisadam\/wp-json\/wp\/v2\/media?parent=130"}],"curies":[{"name":"wp","href":"https:\/\/api.w.org\/{rel}","templated":true}]}}