{"id":120,"date":"2022-04-19T13:42:20","date_gmt":"2022-04-19T10:42:20","guid":{"rendered":"https:\/\/meremuuseum.ee\/jahisadam\/?page_id=120"},"modified":"2023-03-28T11:14:03","modified_gmt":"2023-03-28T08:14:03","slug":"sadamast-merele","status":"publish","type":"page","link":"https:\/\/meremuuseum.ee\/jahisadam\/sadamast-merele\/","title":{"rendered":"Sadamast merele"},"content":{"rendered":"\n<p>Lennusadama jahisadamast viivad merele ja mitmesse sihtkohta mitu p\u00f5nevat laeva.<\/p>\n\n\n\t<div id=\"text-image-rows-block-block_62693c0f75a75\" class=\"text-image-rows-block has_top_space has_bottom_space\">\n\t\t<div class=\"container\">\n\t\t\t\t\t\t\t\t\t\t\t<div class=\"row align-items-center \">\n\t\t\t\t\t<div class=\"col col-12 col-lg-6\">\n\t\t\t\t\t\t\t\t\t\t\t\t\t<h2>Purje\u00f5ppes\u00f5idud MT\u00dc Eesti Noorte Purje\u00f5ppeseltsiga<\/h2>\n\t\t\t\t\t\t\n\t\t\t\t\t\t\t\t\t\t\t\t\t<div class=\"text-wrap\">\n\t\t\t\t\t\t\t\t<p>Lennusadama A2 ujuvkailt teeb purje\u00f5ppejaht Vesta \u00f5ppes\u00f5ite Tallinna lahele ja kaugemale. MT\u00dc Eesti Noorte Purje\u00f5ppeselts \u00f5ppes\u00f5idud on m\u00f5eldud nii noortele kui hingelt noortele ning purjetama tulemiseks ei pea olema varasemat purjetamiskogemust. K\u00f5ik vajaliku \u00f5pib s\u00f5idu k\u00e4igus!<br \/>\n\u00d5petame inimesi merel!<\/p>\n\t\t\t\t\t\t\t<\/div>\n\t\t\t\t\t\t\n\t\t\t\t\t\t\n\t\t\t\t\t\t\t\t\t\t\t\t\t<div class=\"bottom_text_wrapper\">\n\t\t\t\t\t\t\t\t<p>Telefon: <a href=\"tel:+37253420206\">+37253420206<\/a><br \/>\nEmail: <a href=\"mailto:Info@staestonia.eu\">Info@staestonia.eu<\/a><br \/>\nKoduleht: <a href=\"http:\/\/www.staestonia.eu\/purjeope\" target=\"_blank\" rel=\"noopener\">http:\/\/www.staestonia.eu\/<\/a><\/p>\n\t\t\t\t\t\t\t<\/div>\n\t\t\t\t\t\t\t\t\t\t\t<\/div>\n\n\t\t\t\t\t<div class=\"col col-12 col-lg-6 image\">\n\t\t\t\t\t\t\t\t\t\t\t\t\t\t\t\t\t\t\t\t\t\t\t\t\t\t\t\t<div class=\"img-wrap\">\n\t\t\t\t\t\t\t\t\t<div class=\"image-container bg-center\" style=\"background-image: url(https:\/\/meremuuseum.ee\/jahisadam\/wp-content\/uploads\/2022\/04\/Rectangle-2-3-1.jpg);\"><\/div>\n\t\t\t\t\t\t\t\t<\/div>\n\t\t\t\t\t\t\t\t\t\t\t\t\t\t\t\t\t\t<\/div>\n\t\t\t\t<\/div>\n\t\t\t\t\t\t\t\t\t\t\t<div class=\"row align-items-center  flex-row-reverse\">\n\t\t\t\t\t<div class=\"col col-12 col-lg-6\">\n\t\t\t\t\t\t\t\t\t\t\t\t\t<h2>Meretakso<\/h2>\n\t\t\t\t\t\t\n\t\t\t\t\t\t\t\t\t\t\t\t\t<div class=\"text-wrap\">\n\t\t\t\t\t\t\t\t<p>Meretakso pakub s\u00f5ite Tallinna lahel ning transporti Aegnale ja Naissaarele. V\u00f5imalus tellida seiklusrohke s\u00fcnnip\u00e4evaprogramm, mis sisaldab ohutuse koolitust ja merele minekut.<br \/>\nLaevastikus on kolm kaatrit, millest kaks on kiirkaatrid.<\/p>\n\t\t\t\t\t\t\t<\/div>\n\t\t\t\t\t\t\n\t\t\t\t\t\t\n\t\t\t\t\t\t\t\t\t\t\t\t\t<div class=\"bottom_text_wrapper\">\n\t\t\t\t\t\t\t\t<p>Telefon: <a href=\"tel:+3725011416\">+3725011416<\/a><br \/>\nEmail: <a href=\"mailto:info@meretakso.ee\">info@meretakso.ee<\/a> v\u00f5i <a href=\"mailto:eestimeri@gmail.com\">eestimeri@gmail.com<\/a><br \/>\nKoduleht: <a href=\"http:\/\/meretakso.ee\/\" target=\"_blank\" rel=\"noopener\">http:\/\/meretakso.ee\/<\/a><\/p>\n\t\t\t\t\t\t\t<\/div>\n\t\t\t\t\t\t\t\t\t\t\t<\/div>\n\n\t\t\t\t\t<div class=\"col col-12 col-lg-6 image\">\n\t\t\t\t\t\t\t\t\t\t\t\t\t\t\t\t\t\t\t\t\t\t\t\t\t\t\t\t<div class=\"img-wrap\">\n\t\t\t\t\t\t\t\t\t<div class=\"image-container bg-center\" style=\"background-image: url(https:\/\/meremuuseum.ee\/jahisadam\/wp-content\/uploads\/2022\/06\/Gundel-30.04.2020_067-1-scaled.jpg);\"><\/div>\n\t\t\t\t\t\t\t\t<\/div>\n\t\t\t\t\t\t\t\t\t\t\t\t\t\t\t\t\t\t<\/div>\n\t\t\t\t<\/div>\n\t\t\t\t\t\t\t\t\t\t\t<div class=\"row align-items-center \">\n\t\t\t\t\t<div class=\"col col-12 col-lg-6\">\n\t\t\t\t\t\t\t\t\t\t\t\t\t<h2>Muff matkad<\/h2>\n\t\t\t\t\t\t\n\t\t\t\t\t\t\t\t\t\t\t\t\t<div class=\"text-wrap\">\n\t\t\t\t\t\t\t\t<p>Muff Matkad korraldab matkasid, s\u00fcnnip\u00e4evasid, \u00fcritusi meeskondadele, suvep\u00e4evasid, reise ja niisama r\u00e4ndamisi.<br \/>\n\u00dcritused saavad p\u00f5hiliselt alguse Tallinnast Lennusadamast, aga meid saab ka kaugemale ja pikemaid seiklusi korraldama.<br \/>\nMitmekesisust lisavad purjekas \u201cAlison\u201d, kajakid, supid, kaatrid jne. Lisaks viib Muff l\u00e4bi erineva sisuga koolitusi.<br \/>\nKui tekkis huvi, v\u00f5ta kindlasti \u00fchendust.<\/p>\n\t\t\t\t\t\t\t<\/div>\n\t\t\t\t\t\t\n\t\t\t\t\t\t\n\t\t\t\t\t\t\t\t\t\t\t\t\t<div class=\"bottom_text_wrapper\">\n\t\t\t\t\t\t\t\t<p>Telefon: <a href=\"tel:+3725154156\">+3725154156<\/a><br \/>\nEmail: <a href=\"mailto:info@muff.ee\">info@muff.ee<\/a><br \/>\nKoduleht: <a href=\"http:\/\/muff.ee\/\" target=\"_blank\" rel=\"noopener\">http:\/\/muff.ee\/<\/a><\/p>\n\t\t\t\t\t\t\t<\/div>\n\t\t\t\t\t\t\t\t\t\t\t<\/div>\n\n\t\t\t\t\t<div class=\"col col-12 col-lg-6 image\">\n\t\t\t\t\t\t\t\t\t\t\t\t\t\t\t\t\t\t\t\t\t\t\t\t\t\t\t\t<div class=\"img-wrap\">\n\t\t\t\t\t\t\t\t\t<div class=\"image-container bg-center\" style=\"background-image: url(https:\/\/meremuuseum.ee\/jahisadam\/wp-content\/uploads\/2023\/02\/Muff-Matkad-scaled.jpg);\"><\/div>\n\t\t\t\t\t\t\t\t<\/div>\n\t\t\t\t\t\t\t\t\t\t\t\t\t\t\t\t\t\t<\/div>\n\t\t\t\t<\/div>\n\t\t\t\t\t\t\t\t\t\t\t<div class=\"row align-items-center  flex-row-reverse\">\n\t\t\t\t\t<div class=\"col col-12 col-lg-6\">\n\t\t\t\t\t\t\t\t\t\t\t\t\t<h2>Windrose Cruising<\/h2>\n\t\t\t\t\t\t\n\t\t\t\t\t\t\t\t\t\t\t\t\t<div class=\"text-wrap\">\n\t\t\t\t\t\t\t\t<p>Maitseelamused purjede all, tellimuskruiisid ja personaalne purje\u00f5pe. Leia meid Lennusadama kailt B3.<\/p>\n\t\t\t\t\t\t\t<\/div>\n\t\t\t\t\t\t\n\t\t\t\t\t\t\n\t\t\t\t\t\t\t\t\t\t\t\t\t<div class=\"bottom_text_wrapper\">\n\t\t\t\t\t\t\t\t<p>Telefon: <a href=\"tel:+3725066628\">+3725066628<\/a><br \/>\nEmail: <a href=\"mailto:info@windrosecruising.ee\">info@windrosecruising.ee<\/a><br \/>\nKoduleht: <a href=\"https:\/\/windrosecruising.ee\" target=\"_blank\" rel=\"noopener\">https:\/\/windrosecruising.ee<\/a><br \/>\nFacebook:\u00a0<a href=\"https:\/\/www.facebook.com\/windrosecruising\" target=\"_blank\" rel=\"noopener\">Windrose Cruising<\/a><\/p>\n\t\t\t\t\t\t\t<\/div>\n\t\t\t\t\t\t\t\t\t\t\t<\/div>\n\n\t\t\t\t\t<div class=\"col col-12 col-lg-6 image\">\n\t\t\t\t\t\t\t\t\t\t\t\t\t\t\t\t\t\t\t\t\t\t\t\t\t\t\t\t<div class=\"img-wrap\">\n\t\t\t\t\t\t\t\t\t<div class=\"image-container bg-center\" style=\"background-image: url(https:\/\/meremuuseum.ee\/jahisadam\/wp-content\/uploads\/2022\/06\/Windrose-Cruising.jpg);\"><\/div>\n\t\t\t\t\t\t\t\t<\/div>\n\t\t\t\t\t\t\t\t\t\t\t\t\t\t\t\t\t\t<\/div>\n\t\t\t\t<\/div>\n\t\t\t\t\t\t\t\t\t\t\t<div class=\"row align-items-center \">\n\t\t\t\t\t<div class=\"col col-12 col-lg-6\">\n\t\t\t\t\t\t\t\t\t\t\t\t\t<h2>Sail United MT\u00dc<\/h2>\n\t\t\t\t\t\t\n\t\t\t\t\t\t\t\t\t\t\t\t\t<div class=\"text-wrap\">\n\t\t\t\t\t\t\t\t<p>Korraldame l\u00fchemaid s\u00f5ite ja purjetamiskoolitust Tallinna lahel, pikemaid \u00f5ppes\u00f5ite avamerel, m\u00f5nusaid ja seikluslikke merematku.<\/p>\n\t\t\t\t\t\t\t<\/div>\n\t\t\t\t\t\t\n\t\t\t\t\t\t\n\t\t\t\t\t\t\t\t\t\t\t\t\t<div class=\"bottom_text_wrapper\">\n\t\t\t\t\t\t\t\t<p>Email: <a href=\"mailto:info@sailunited.ee\" target=\"_blank\" rel=\"noopener\">info@sailunited.ee<\/a><br \/>\nKoduleht: <a href=\"https:\/\/sailunited.ee \" target=\"_blank\" rel=\"noopener\">https:\/\/sailunited.ee <\/a><br \/>\nFacebook: <a href=\"https:\/\/www.facebook.com\/SailUnited.MTU\/?ref=page_internal\">Sail United MT\u00dc<\/a><\/p>\n\t\t\t\t\t\t\t<\/div>\n\t\t\t\t\t\t\t\t\t\t\t<\/div>\n\n\t\t\t\t\t<div class=\"col col-12 col-lg-6 image\">\n\t\t\t\t\t\t\t\t\t\t\t\t\t\t\t\t\t\t\t\t\t\t\t\t\t\t\t\t<div class=\"img-wrap\">\n\t\t\t\t\t\t\t\t\t<div class=\"image-container bg-center\" style=\"background-image: url(https:\/\/meremuuseum.ee\/jahisadam\/wp-content\/uploads\/2023\/02\/Sail-united.jpeg);\"><\/div>\n\t\t\t\t\t\t\t\t<\/div>\n\t\t\t\t\t\t\t\t\t\t\t\t\t\t\t\t\t\t<\/div>\n\t\t\t\t<\/div>\n\t\t\t\t\t<\/div>\n\t<\/div>\n","protected":false},"excerpt":{"rendered":"Lennusadama jahisadamast viivad merele ja mitmesse sihtkohta mitu p\u00f5nevat laeva.","protected":false},"author":1,"featured_media":0,"parent":0,"menu_order":4,"comment_status":"closed","ping_status":"closed","template":"","meta":{"footnotes":""},"class_list":["post-120","page","type-page","status-publish","hentry"],"acf":[],"yoast_head":"<!-- This site is optimized with the Yoast SEO plugin v23.2 - https:\/\/yoast.com\/wordpress\/plugins\/seo\/ -->\n<title>Sadamast merele - Lennusadama Jahisadam<\/title>\n<meta name=\"robots\" content=\"index, follow, max-snippet:-1, max-image-preview:large, max-video-preview:-1\" \/>\n<link rel=\"canonical\" href=\"https:\/\/meremuuseum.ee\/jahisadam\/sadamast-merele\/\" \/>\n<meta property=\"og:locale\" content=\"et_EE\" \/>\n<meta property=\"og:type\" content=\"article\" \/>\n<meta property=\"og:title\" content=\"Sadamast merele - Lennusadama Jahisadam\" \/>\n<meta property=\"og:description\" content=\"Lennusadama jahisadamast viivad merele ja mitmesse sihtkohta mitu p\u00f5nevat laeva.\" \/>\n<meta property=\"og:url\" content=\"https:\/\/meremuuseum.ee\/jahisadam\/sadamast-merele\/\" \/>\n<meta property=\"og:site_name\" content=\"Lennusadama Jahisadam\" \/>\n<meta property=\"article:modified_time\" content=\"2023-03-28T08:14:03+00:00\" \/>\n<meta property=\"og:image\" content=\"https:\/\/meremuuseum.ee\/jahisadam\/wp-content\/uploads\/2022\/04\/favicon.png\" \/>\n\t<meta property=\"og:image:width\" content=\"512\" \/>\n\t<meta property=\"og:image:height\" content=\"522\" \/>\n\t<meta property=\"og:image:type\" content=\"image\/png\" \/>\n<meta name=\"twitter:card\" content=\"summary_large_image\" \/>\n<script type=\"application\/ld+json\" class=\"yoast-schema-graph\">{\"@context\":\"https:\/\/schema.org\",\"@graph\":[{\"@type\":\"WebPage\",\"@id\":\"https:\/\/meremuuseum.ee\/jahisadam\/sadamast-merele\/\",\"url\":\"https:\/\/meremuuseum.ee\/jahisadam\/sadamast-merele\/\",\"name\":\"Sadamast merele - Lennusadama Jahisadam\",\"isPartOf\":{\"@id\":\"https:\/\/meremuuseum.ee\/jahisadam\/#website\"},\"datePublished\":\"2022-04-19T10:42:20+00:00\",\"dateModified\":\"2023-03-28T08:14:03+00:00\",\"breadcrumb\":{\"@id\":\"https:\/\/meremuuseum.ee\/jahisadam\/sadamast-merele\/#breadcrumb\"},\"inLanguage\":\"et\",\"potentialAction\":[{\"@type\":\"ReadAction\",\"target\":[\"https:\/\/meremuuseum.ee\/jahisadam\/sadamast-merele\/\"]}]},{\"@type\":\"BreadcrumbList\",\"@id\":\"https:\/\/meremuuseum.ee\/jahisadam\/sadamast-merele\/#breadcrumb\",\"itemListElement\":[{\"@type\":\"ListItem\",\"position\":1,\"name\":\"Home\",\"item\":\"https:\/\/meremuuseum.ee\/jahisadam\/\"},{\"@type\":\"ListItem\",\"position\":2,\"name\":\"Sadamast merele\"}]},{\"@type\":\"WebSite\",\"@id\":\"https:\/\/meremuuseum.ee\/jahisadam\/#website\",\"url\":\"https:\/\/meremuuseum.ee\/jahisadam\/\",\"name\":\"Lennusadama Jahisadam\",\"description\":\"\",\"publisher\":{\"@id\":\"https:\/\/meremuuseum.ee\/jahisadam\/#organization\"},\"potentialAction\":[{\"@type\":\"SearchAction\",\"target\":{\"@type\":\"EntryPoint\",\"urlTemplate\":\"https:\/\/meremuuseum.ee\/jahisadam\/?s={search_term_string}\"},\"query-input\":\"required name=search_term_string\"}],\"inLanguage\":\"et\"},{\"@type\":\"Organization\",\"@id\":\"https:\/\/meremuuseum.ee\/jahisadam\/#organization\",\"name\":\"Lennusadama Jahisadam\",\"url\":\"https:\/\/meremuuseum.ee\/jahisadam\/\",\"logo\":{\"@type\":\"ImageObject\",\"inLanguage\":\"et\",\"@id\":\"https:\/\/meremuuseum.ee\/jahisadam\/#\/schema\/logo\/image\/\",\"url\":\"https:\/\/meremuuseum.ee\/jahisadam\/wp-content\/uploads\/2022\/04\/favicon.png\",\"contentUrl\":\"https:\/\/meremuuseum.ee\/jahisadam\/wp-content\/uploads\/2022\/04\/favicon.png\",\"width\":512,\"height\":522,\"caption\":\"Lennusadama Jahisadam\"},\"image\":{\"@id\":\"https:\/\/meremuuseum.ee\/jahisadam\/#\/schema\/logo\/image\/\"}}]}<\/script>\n<!-- \/ Yoast SEO plugin. -->","yoast_head_json":{"title":"Sadamast merele - Lennusadama Jahisadam","robots":{"index":"index","follow":"follow","max-snippet":"max-snippet:-1","max-image-preview":"max-image-preview:large","max-video-preview":"max-video-preview:-1"},"canonical":"https:\/\/meremuuseum.ee\/jahisadam\/sadamast-merele\/","og_locale":"et_EE","og_type":"article","og_title":"Sadamast merele - Lennusadama Jahisadam","og_description":"Lennusadama jahisadamast viivad merele ja mitmesse sihtkohta mitu p\u00f5nevat laeva.","og_url":"https:\/\/meremuuseum.ee\/jahisadam\/sadamast-merele\/","og_site_name":"Lennusadama Jahisadam","article_modified_time":"2023-03-28T08:14:03+00:00","og_image":[{"width":512,"height":522,"url":"https:\/\/meremuuseum.ee\/jahisadam\/wp-content\/uploads\/2022\/04\/favicon.png","type":"image\/png"}],"twitter_card":"summary_large_image","schema":{"@context":"https:\/\/schema.org","@graph":[{"@type":"WebPage","@id":"https:\/\/meremuuseum.ee\/jahisadam\/sadamast-merele\/","url":"https:\/\/meremuuseum.ee\/jahisadam\/sadamast-merele\/","name":"Sadamast merele - Lennusadama Jahisadam","isPartOf":{"@id":"https:\/\/meremuuseum.ee\/jahisadam\/#website"},"datePublished":"2022-04-19T10:42:20+00:00","dateModified":"2023-03-28T08:14:03+00:00","breadcrumb":{"@id":"https:\/\/meremuuseum.ee\/jahisadam\/sadamast-merele\/#breadcrumb"},"inLanguage":"et","potentialAction":[{"@type":"ReadAction","target":["https:\/\/meremuuseum.ee\/jahisadam\/sadamast-merele\/"]}]},{"@type":"BreadcrumbList","@id":"https:\/\/meremuuseum.ee\/jahisadam\/sadamast-merele\/#breadcrumb","itemListElement":[{"@type":"ListItem","position":1,"name":"Home","item":"https:\/\/meremuuseum.ee\/jahisadam\/"},{"@type":"ListItem","position":2,"name":"Sadamast merele"}]},{"@type":"WebSite","@id":"https:\/\/meremuuseum.ee\/jahisadam\/#website","url":"https:\/\/meremuuseum.ee\/jahisadam\/","name":"Lennusadama Jahisadam","description":"","publisher":{"@id":"https:\/\/meremuuseum.ee\/jahisadam\/#organization"},"potentialAction":[{"@type":"SearchAction","target":{"@type":"EntryPoint","urlTemplate":"https:\/\/meremuuseum.ee\/jahisadam\/?s={search_term_string}"},"query-input":"required name=search_term_string"}],"inLanguage":"et"},{"@type":"Organization","@id":"https:\/\/meremuuseum.ee\/jahisadam\/#organization","name":"Lennusadama Jahisadam","url":"https:\/\/meremuuseum.ee\/jahisadam\/","logo":{"@type":"ImageObject","inLanguage":"et","@id":"https:\/\/meremuuseum.ee\/jahisadam\/#\/schema\/logo\/image\/","url":"https:\/\/meremuuseum.ee\/jahisadam\/wp-content\/uploads\/2022\/04\/favicon.png","contentUrl":"https:\/\/meremuuseum.ee\/jahisadam\/wp-content\/uploads\/2022\/04\/favicon.png","width":512,"height":522,"caption":"Lennusadama Jahisadam"},"image":{"@id":"https:\/\/meremuuseum.ee\/jahisadam\/#\/schema\/logo\/image\/"}}]}},"_links":{"self":[{"href":"https:\/\/meremuuseum.ee\/jahisadam\/wp-json\/wp\/v2\/pages\/120"}],"collection":[{"href":"https:\/\/meremuuseum.ee\/jahisadam\/wp-json\/wp\/v2\/pages"}],"about":[{"href":"https:\/\/meremuuseum.ee\/jahisadam\/wp-json\/wp\/v2\/types\/page"}],"author":[{"embeddable":true,"href":"https:\/\/meremuuseum.ee\/jahisadam\/wp-json\/wp\/v2\/users\/1"}],"replies":[{"embeddable":true,"href":"https:\/\/meremuuseum.ee\/jahisadam\/wp-json\/wp\/v2\/comments?post=120"}],"version-history":[{"count":78,"href":"https:\/\/meremuuseum.ee\/jahisadam\/wp-json\/wp\/v2\/pages\/120\/revisions"}],"predecessor-version":[{"id":1406,"href":"https:\/\/meremuuseum.ee\/jahisadam\/wp-json\/wp\/v2\/pages\/120\/revisions\/1406"}],"wp:attachment":[{"href":"https:\/\/meremuuseum.ee\/jahisadam\/wp-json\/wp\/v2\/media?parent=120"}],"curies":[{"name":"wp","href":"https:\/\/api.w.org\/{rel}","templated":true}]}}