{"id":112,"date":"2022-04-19T13:40:45","date_gmt":"2022-04-19T10:40:45","guid":{"rendered":"https:\/\/meremuuseum.ee\/jahisadam\/?page_id=112"},"modified":"2023-03-28T11:11:57","modified_gmt":"2023-03-28T08:11:57","slug":"projektid","status":"publish","type":"page","link":"https:\/\/meremuuseum.ee\/jahisadam\/jahisadam\/projektid\/","title":{"rendered":"Projektid"},"content":{"rendered":"\t<div id=\"projects-block-block_62692d9e6f6dc\" class=\"projects-block\">\n\t\t<div class=\"container\">\n\t\t\t\t\t\t\t\t\t<div class=\"project\">\n\t\t\t\t\t\t\t\t\t<img loading=\"lazy\" decoding=\"async\" src=\"https:\/\/meremuuseum.ee\/jahisadam\/wp-content\/uploads\/2022\/04\/Bitmap1.png\" width=\"480\" height=\"143\" alt=\"\" \/>\n\t\t\t\t\t\t\t\t\t\t\t\t\t<div class=\"text-container\">\n\t\t\t\t\t\t<h3>TEENUSTE ARENDUSPROJEKT<\/h3>\n<p>Projekti \u201cLennusadama arendamine kvaliteetset teenust pakkuvaks v\u00e4ikesadamaks\u201d eesm\u00e4rk on arendada Lennusadama v\u00f5imekust v\u00f5tta vastu rohkem k\u00fclalisaluseid ja pakkuda neile suuremas mahus ja kvaliteetsemaid teenuseid.<\/p>\n<p>Projekti tulemusel on arendatud Lennusadama teenuseid, pakkudes k\u00fclalisalustele senisest kvaliteetsemat ja mitmek\u00fclgsemat sadamateenust. Luues v\u00f5imalused v\u00f5tta vastu suuremas mahus k\u00fclalisaluseid, pakutakse Tallinnasse saabuvatele alustele t\u00e4iendavat motivatsiooni Eesti k\u00fclastamiseks.<\/p>\n<p>Lennusadama missiooniks on merekultuuri arendamine, mist\u00f5ttu pakume k\u00fclalistele palju enamat kui lihtsalt maabumispaika. Oleme ainulaadne kultuurikeskus, mis innustab lisaks Tallinnale k\u00fclastama paljusid teisi Eesti sadamaid, kuna meie tegevuse fookuses on Eesti merekultuuri v\u00f5imaluste tutvustamine laiemalt. Lennusadam on rahvusvaheliselt tugev br\u00e4nd, mis on konkurentsieeliseks nii Eestis kui l\u00e4hiriikides. Lennusadama tugevusteks on soodne asukoht ja turundusv\u00f5imekus. T\u00e4nu projektile saame pakkuda senisest turvalisemat ja kvaliteetsemat teenust nii k\u00fclalistele kui ka p\u00fcsiklientidele. Uute teenuste pakkumine, sh. edaspidiselt plaanitav tankla ja rattarent, suurendab ka kohalike v\u00e4ike- ja keskmise suurusega ettev\u00f5tete t\u00f6\u00f6h\u00f5ivet.<\/p>\n<p>Projekti toetab perioodil 15.01.2018 \u2013 15.10.2018 Euroopa Liidu Regionaalarengu fond summas 87 978 eurot.<\/p>\n\t\t\t\t\t<\/div>\n\t\t\t\t\t\t\t<\/div>\n\t\t\t\t\t\t\t\t\t<div class=\"project\">\n\t\t\t\t\t\t\t\t\t<img loading=\"lazy\" decoding=\"async\" src=\"https:\/\/meremuuseum.ee\/jahisadam\/wp-content\/uploads\/2022\/04\/Bitmap2.png\" width=\"480\" height=\"124\" alt=\"\" \/>\n\t\t\t\t\t\t\t\t\t\t\t\t\t<div class=\"text-container\">\n\t\t\t\t\t\t<h3>PROJEKT \u201c30 MIILI\u201d<\/h3>\n<p>30 MILES projekti raames parandatakse v\u00e4ikesadamate taset ning nende pakutavaid teenuseid. Hetkel pole v\u00e4ikesadamate v\u00f5rgustikku, mis pakuks heal tasemel teenuseid ja kaikohti mereturistidele. V\u00e4ikesadamad muudavad iga piirkonna atraktiivsemaks, nii ongi projekti idee luua v\u00e4ikesadamate v\u00f5rgustik iga 30 meremiili tagant. Samuti j\u00e4rgitakse keskkonna j\u00e4tkusuutlikkust k\u00f5ikides plaanides, soovitustes, kontseptsioonides ja investeeringutes.<\/p>\n<p>Projekti arenduste tulemusena t\u00f5useb 12 v\u00e4ikesadama teenuste tase Soome lahe idaosas. Need sadamad moodustavad uue ringi, mis moodustab terviku, mis omakorda on paadituristidele p\u00f5nev. Teenuste info sadamates nagu ka juurdep\u00e4\u00e4su info on selgelt saadaval k\u00f5igile. Parendused sadamates toovad uut ettev\u00f5tlust ja \u00e4ratavad t\u00e4helepanu investorite seas, mis omakorda ahvatleb rohkem k\u00fclalisi sellesse piirkonda.<\/p>\n<p>30 MILES projekti partnerid Soomes on Kotka Maritime Research Association Merikotka, Kymenlaakso University of Applied Science, University of Helsinki, Cursor Oy and Posintra Oy. Eesti poolelt on partnerid Ida-Viru Ettev\u00f5tlus Keskus, Eisma Sadam, Viimsi omavalitsus, Eesti Meremuuseum, Narva linna Arendus- ja Majandusosakond ning Narva-J\u00f5esuu omavalitsus.<\/p>\n<p>Assotsieerunud partnerid on L\u00e4\u00e4ne-Viru maavalitsus ja Soome Purjetajate ja Paadiomanike F\u00f6deratsioon Soomest.<\/p>\n<p>30MILES on rahastatud Interreg Central Baltic 2014-2020 Programme and Regional Council of Southwest Finland. Osaliselt on see projekt rahastatud Soome ja Eesti orgnisatsioonide poolt, kes on sellesse projekti kaasatud.<\/p>\n<p>Projekti kogumaksumus on 3,3 miljonit eurot ja teostusperioodiks 1.9.2015-31.5.2018.<\/p>\n<p>Rohkem infot: the Interreg Central Baltic 2014-2020 Programme (<a href=\"http:\/\/centralbaltic.eu\/programme\">http:\/\/centralbaltic.eu\/programme<\/a>)<\/p>\n\t\t\t\t\t<\/div>\n\t\t\t\t\t\t\t<\/div>\n\t\t\t\t\t<\/div>\n\t<\/div>\n","protected":false},"excerpt":{"rendered":"","protected":false},"author":1,"featured_media":0,"parent":108,"menu_order":28,"comment_status":"closed","ping_status":"closed","template":"","meta":{"footnotes":""},"class_list":["post-112","page","type-page","status-publish","hentry"],"acf":[],"yoast_head":"<!-- This site is optimized with the Yoast SEO plugin v23.2 - https:\/\/yoast.com\/wordpress\/plugins\/seo\/ -->\n<title>Projektid - Lennusadama Jahisadam<\/title>\n<meta name=\"robots\" content=\"index, follow, max-snippet:-1, max-image-preview:large, max-video-preview:-1\" \/>\n<link rel=\"canonical\" href=\"https:\/\/meremuuseum.ee\/jahisadam\/jahisadam\/projektid\/\" \/>\n<meta property=\"og:locale\" content=\"et_EE\" \/>\n<meta property=\"og:type\" content=\"article\" \/>\n<meta property=\"og:title\" content=\"Projektid - Lennusadama Jahisadam\" \/>\n<meta property=\"og:url\" content=\"https:\/\/meremuuseum.ee\/jahisadam\/jahisadam\/projektid\/\" \/>\n<meta property=\"og:site_name\" content=\"Lennusadama Jahisadam\" \/>\n<meta property=\"article:modified_time\" content=\"2023-03-28T08:11:57+00:00\" \/>\n<meta property=\"og:image\" content=\"https:\/\/meremuuseum.ee\/jahisadam\/wp-content\/uploads\/2022\/04\/favicon.png\" \/>\n\t<meta property=\"og:image:width\" content=\"512\" \/>\n\t<meta property=\"og:image:height\" content=\"522\" \/>\n\t<meta property=\"og:image:type\" content=\"image\/png\" \/>\n<meta name=\"twitter:card\" content=\"summary_large_image\" \/>\n<script type=\"application\/ld+json\" class=\"yoast-schema-graph\">{\"@context\":\"https:\/\/schema.org\",\"@graph\":[{\"@type\":\"WebPage\",\"@id\":\"https:\/\/meremuuseum.ee\/jahisadam\/jahisadam\/projektid\/\",\"url\":\"https:\/\/meremuuseum.ee\/jahisadam\/jahisadam\/projektid\/\",\"name\":\"Projektid - Lennusadama Jahisadam\",\"isPartOf\":{\"@id\":\"https:\/\/meremuuseum.ee\/jahisadam\/#website\"},\"datePublished\":\"2022-04-19T10:40:45+00:00\",\"dateModified\":\"2023-03-28T08:11:57+00:00\",\"breadcrumb\":{\"@id\":\"https:\/\/meremuuseum.ee\/jahisadam\/jahisadam\/projektid\/#breadcrumb\"},\"inLanguage\":\"et\",\"potentialAction\":[{\"@type\":\"ReadAction\",\"target\":[\"https:\/\/meremuuseum.ee\/jahisadam\/jahisadam\/projektid\/\"]}]},{\"@type\":\"BreadcrumbList\",\"@id\":\"https:\/\/meremuuseum.ee\/jahisadam\/jahisadam\/projektid\/#breadcrumb\",\"itemListElement\":[{\"@type\":\"ListItem\",\"position\":1,\"name\":\"Home\",\"item\":\"https:\/\/meremuuseum.ee\/jahisadam\/\"},{\"@type\":\"ListItem\",\"position\":2,\"name\":\"Jahisadam\",\"item\":\"https:\/\/meremuuseum.ee\/jahisadam\/jahisadam\/\"},{\"@type\":\"ListItem\",\"position\":3,\"name\":\"Projektid\"}]},{\"@type\":\"WebSite\",\"@id\":\"https:\/\/meremuuseum.ee\/jahisadam\/#website\",\"url\":\"https:\/\/meremuuseum.ee\/jahisadam\/\",\"name\":\"Lennusadama Jahisadam\",\"description\":\"\",\"publisher\":{\"@id\":\"https:\/\/meremuuseum.ee\/jahisadam\/#organization\"},\"potentialAction\":[{\"@type\":\"SearchAction\",\"target\":{\"@type\":\"EntryPoint\",\"urlTemplate\":\"https:\/\/meremuuseum.ee\/jahisadam\/?s={search_term_string}\"},\"query-input\":\"required name=search_term_string\"}],\"inLanguage\":\"et\"},{\"@type\":\"Organization\",\"@id\":\"https:\/\/meremuuseum.ee\/jahisadam\/#organization\",\"name\":\"Lennusadama Jahisadam\",\"url\":\"https:\/\/meremuuseum.ee\/jahisadam\/\",\"logo\":{\"@type\":\"ImageObject\",\"inLanguage\":\"et\",\"@id\":\"https:\/\/meremuuseum.ee\/jahisadam\/#\/schema\/logo\/image\/\",\"url\":\"https:\/\/meremuuseum.ee\/jahisadam\/wp-content\/uploads\/2022\/04\/favicon.png\",\"contentUrl\":\"https:\/\/meremuuseum.ee\/jahisadam\/wp-content\/uploads\/2022\/04\/favicon.png\",\"width\":512,\"height\":522,\"caption\":\"Lennusadama Jahisadam\"},\"image\":{\"@id\":\"https:\/\/meremuuseum.ee\/jahisadam\/#\/schema\/logo\/image\/\"}}]}<\/script>\n<!-- \/ Yoast SEO plugin. -->","yoast_head_json":{"title":"Projektid - Lennusadama Jahisadam","robots":{"index":"index","follow":"follow","max-snippet":"max-snippet:-1","max-image-preview":"max-image-preview:large","max-video-preview":"max-video-preview:-1"},"canonical":"https:\/\/meremuuseum.ee\/jahisadam\/jahisadam\/projektid\/","og_locale":"et_EE","og_type":"article","og_title":"Projektid - Lennusadama Jahisadam","og_url":"https:\/\/meremuuseum.ee\/jahisadam\/jahisadam\/projektid\/","og_site_name":"Lennusadama Jahisadam","article_modified_time":"2023-03-28T08:11:57+00:00","og_image":[{"width":512,"height":522,"url":"https:\/\/meremuuseum.ee\/jahisadam\/wp-content\/uploads\/2022\/04\/favicon.png","type":"image\/png"}],"twitter_card":"summary_large_image","schema":{"@context":"https:\/\/schema.org","@graph":[{"@type":"WebPage","@id":"https:\/\/meremuuseum.ee\/jahisadam\/jahisadam\/projektid\/","url":"https:\/\/meremuuseum.ee\/jahisadam\/jahisadam\/projektid\/","name":"Projektid - Lennusadama Jahisadam","isPartOf":{"@id":"https:\/\/meremuuseum.ee\/jahisadam\/#website"},"datePublished":"2022-04-19T10:40:45+00:00","dateModified":"2023-03-28T08:11:57+00:00","breadcrumb":{"@id":"https:\/\/meremuuseum.ee\/jahisadam\/jahisadam\/projektid\/#breadcrumb"},"inLanguage":"et","potentialAction":[{"@type":"ReadAction","target":["https:\/\/meremuuseum.ee\/jahisadam\/jahisadam\/projektid\/"]}]},{"@type":"BreadcrumbList","@id":"https:\/\/meremuuseum.ee\/jahisadam\/jahisadam\/projektid\/#breadcrumb","itemListElement":[{"@type":"ListItem","position":1,"name":"Home","item":"https:\/\/meremuuseum.ee\/jahisadam\/"},{"@type":"ListItem","position":2,"name":"Jahisadam","item":"https:\/\/meremuuseum.ee\/jahisadam\/jahisadam\/"},{"@type":"ListItem","position":3,"name":"Projektid"}]},{"@type":"WebSite","@id":"https:\/\/meremuuseum.ee\/jahisadam\/#website","url":"https:\/\/meremuuseum.ee\/jahisadam\/","name":"Lennusadama Jahisadam","description":"","publisher":{"@id":"https:\/\/meremuuseum.ee\/jahisadam\/#organization"},"potentialAction":[{"@type":"SearchAction","target":{"@type":"EntryPoint","urlTemplate":"https:\/\/meremuuseum.ee\/jahisadam\/?s={search_term_string}"},"query-input":"required name=search_term_string"}],"inLanguage":"et"},{"@type":"Organization","@id":"https:\/\/meremuuseum.ee\/jahisadam\/#organization","name":"Lennusadama Jahisadam","url":"https:\/\/meremuuseum.ee\/jahisadam\/","logo":{"@type":"ImageObject","inLanguage":"et","@id":"https:\/\/meremuuseum.ee\/jahisadam\/#\/schema\/logo\/image\/","url":"https:\/\/meremuuseum.ee\/jahisadam\/wp-content\/uploads\/2022\/04\/favicon.png","contentUrl":"https:\/\/meremuuseum.ee\/jahisadam\/wp-content\/uploads\/2022\/04\/favicon.png","width":512,"height":522,"caption":"Lennusadama Jahisadam"},"image":{"@id":"https:\/\/meremuuseum.ee\/jahisadam\/#\/schema\/logo\/image\/"}}]}},"_links":{"self":[{"href":"https:\/\/meremuuseum.ee\/jahisadam\/wp-json\/wp\/v2\/pages\/112"}],"collection":[{"href":"https:\/\/meremuuseum.ee\/jahisadam\/wp-json\/wp\/v2\/pages"}],"about":[{"href":"https:\/\/meremuuseum.ee\/jahisadam\/wp-json\/wp\/v2\/types\/page"}],"author":[{"embeddable":true,"href":"https:\/\/meremuuseum.ee\/jahisadam\/wp-json\/wp\/v2\/users\/1"}],"replies":[{"embeddable":true,"href":"https:\/\/meremuuseum.ee\/jahisadam\/wp-json\/wp\/v2\/comments?post=112"}],"version-history":[{"count":12,"href":"https:\/\/meremuuseum.ee\/jahisadam\/wp-json\/wp\/v2\/pages\/112\/revisions"}],"predecessor-version":[{"id":1401,"href":"https:\/\/meremuuseum.ee\/jahisadam\/wp-json\/wp\/v2\/pages\/112\/revisions\/1401"}],"up":[{"embeddable":true,"href":"https:\/\/meremuuseum.ee\/jahisadam\/wp-json\/wp\/v2\/pages\/108"}],"wp:attachment":[{"href":"https:\/\/meremuuseum.ee\/jahisadam\/wp-json\/wp\/v2\/media?parent=112"}],"curies":[{"name":"wp","href":"https:\/\/api.w.org\/{rel}","templated":true}]}}