{"id":110,"date":"2022-04-19T13:40:33","date_gmt":"2022-04-19T10:40:33","guid":{"rendered":"https:\/\/meremuuseum.ee\/jahisadam\/?page_id=110"},"modified":"2023-03-22T11:13:44","modified_gmt":"2023-03-22T08:13:44","slug":"jahisadamast","status":"publish","type":"page","link":"https:\/\/meremuuseum.ee\/jahisadam\/jahisadam\/jahisadamast\/","title":{"rendered":"Jahisadamast"},"content":{"rendered":"\t<div id=\"about-harbour-block-block_6269375e580cd\" class=\"about-harbour-block\">\n\t\t<div class=\"container\">\n\t\t\t<div class=\"text-container\">\n\t\t\t\t<p>Lennusadamas tegutseb jahisadam, mille tegevust korraldab Eesti Meremuuseum. Lennusadam asub Tallinna lahe l\u00e4\u00e4nek\u00fcljel koordinaatidel <span>59\u00b027,2\u2032 N ja 24\u00b044,1\u2032 E<\/span>.<\/p>\n<p>Akvatooriumi pindala on 182 200 m2 ja see on kaitstud muuliga. Lennusadamas on kokku 11 kaid, sealhulgas 6 ujuvkaid.<\/p>\n<p>Lisaks v\u00e4ikealustele on sadam koduks ka meie muuseumilaevadele, kellest v\u00e4\u00e4rikaim on 100 aasta vanune j\u00e4\u00e4murdja Suur T\u00f5ll. Harrastusalustele on jahisadamas 100 kaikohta. Lisaks 13-20 kohta suurtematele alustele.<\/p>\n\t\t\t<\/div>\n\t\t\t\t\t\t\t<div class=\"contacts\">\n\t\t\t\t\t\t\t\t\t\t\t\t\t\t\t\t<div class=\"contact\">\n\t\t\t\t\t\t\t\t\t\t\t\t\t\t\t\t\t\t\t\t<\/div>\n\t\t\t\t\t\t\t\t\t<\/div>\n\t\t\t\t\t<\/div>\n\t<\/div>\n\n\n<div id=\"contact-list-block-block_6268196ee4e46\" class=\"contact-list-block\">\n\t<div class=\"contact\">\n\t\t<div class=\"container\">\n\t\t\t<div class=\"row justify-content-center align-items-center\">\n\t\t\t\t\n                    <div class=\"col col-12 col-sm-auto d-flex align-items-center\">\n            <div class=\"d-flex justify-content-center justify-content-lg-start image-wrap\">\n                <img loading=\"lazy\" decoding=\"async\" src=\"https:\/\/meremuuseum.ee\/jahisadam\/wp-content\/uploads\/2022\/04\/Mail.svg\" data-black=\"https:\/\/meremuuseum.ee\/jahisadam\/wp-content\/uploads\/2022\/05\/Mail.svg\" data-normal=\"https:\/\/meremuuseum.ee\/jahisadam\/wp-content\/uploads\/2022\/04\/Mail.svg\" width=\"50\" height=\"36\" alt=\"Mail\" \/>\n            <\/div>\n            <span>SADAM@LENNUSADAM.EU<\/span>\n        <\/div>\n                    <div class=\"col col-12 col-sm-auto d-flex align-items-center\">\n            <div class=\"d-flex justify-content-center justify-content-lg-start image-wrap\">\n                <img loading=\"lazy\" decoding=\"async\" src=\"https:\/\/meremuuseum.ee\/jahisadam\/wp-content\/uploads\/2022\/04\/Phone.svg\" data-black=\"https:\/\/meremuuseum.ee\/jahisadam\/wp-content\/uploads\/2022\/05\/Phone.svg\" data-normal=\"https:\/\/meremuuseum.ee\/jahisadam\/wp-content\/uploads\/2022\/04\/Phone.svg\" width=\"41\" height=\"50\" alt=\"Phone\" \/>\n            <\/div>\n            <span>+372 502 2877<\/span>\n        <\/div>\n                    <div class=\"col col-12 col-sm-auto d-flex align-items-center\">\n            <div class=\"d-flex justify-content-center justify-content-lg-start image-wrap\">\n                <img loading=\"lazy\" decoding=\"async\" src=\"https:\/\/meremuuseum.ee\/jahisadam\/wp-content\/uploads\/2022\/04\/Group-37.svg\" data-black=\"https:\/\/meremuuseum.ee\/jahisadam\/wp-content\/uploads\/2022\/05\/Group-37.svg\" data-normal=\"https:\/\/meremuuseum.ee\/jahisadam\/wp-content\/uploads\/2022\/04\/Group-37.svg\" width=\"31\" height=\"62\" alt=\"Group 37\" \/>\n            <\/div>\n            <span>VHF 74<\/span>\n        <\/div>\n    \t\t\t<\/div>\n\t\t<\/div>\n\t<\/div>\n<\/div>\n\n\t<div id=\"gallery-slider-block-block_6267f3b183cb2\" class=\"gallery-slider-block\">\n        \t\t<div class=\"swiper gallery-swiper\">\n            <div class=\"swiper-wrapper\">\n                                    \t\t\t\t\t<div class=\"swiper-slide bg-center\" style=\"background-image: url(https:\/\/meremuuseum.ee\/jahisadam\/wp-content\/uploads\/2023\/02\/jalusepilt-1.jpg)\">\n\t\t\t\t\t\t<div class=\"gallery-slide-overlay\"><\/div>\n\t\t\t\t\t<\/div>\n                                    \t\t\t\t\t<div class=\"swiper-slide bg-center\" style=\"background-image: url(https:\/\/meremuuseum.ee\/jahisadam\/wp-content\/uploads\/2022\/04\/Rectangle-Copy-12.jpg)\">\n\t\t\t\t\t\t<div class=\"gallery-slide-overlay\"><\/div>\n\t\t\t\t\t<\/div>\n                                    \t\t\t\t\t<div class=\"swiper-slide bg-center\" style=\"background-image: url(https:\/\/meremuuseum.ee\/jahisadam\/wp-content\/uploads\/2022\/04\/Group-25.jpg)\">\n\t\t\t\t\t\t<div class=\"gallery-slide-overlay\"><\/div>\n\t\t\t\t\t<\/div>\n                                    \t\t\t\t\t<div class=\"swiper-slide bg-center\" style=\"background-image: url(https:\/\/meremuuseum.ee\/jahisadam\/wp-content\/uploads\/2022\/04\/Group-40-1.jpg)\">\n\t\t\t\t\t\t<div class=\"gallery-slide-overlay\"><\/div>\n\t\t\t\t\t<\/div>\n                            <\/div>\n            <div class=\"swiper-button-prev\">\n                <img loading=\"lazy\" decoding=\"async\" class=\"default\" data-black=\"https:\/\/meremuuseum.ee\/jahisadam\/wp-content\/themes\/jahisadam\/images\/icons\/swiper-arrow_yellow.svg\" data-normal=\"https:\/\/meremuuseum.ee\/jahisadam\/wp-content\/themes\/jahisadam\/images\/icons\/swiper-arrow.svg\" src=\"https:\/\/meremuuseum.ee\/jahisadam\/wp-content\/themes\/jahisadam\/images\/icons\/swiper-arrow.svg\" width=\"37\" height=\"71\" alt=\"arrow left\" \/>\n            <\/div>\n            <div class=\"swiper-button-next\">\n                <img loading=\"lazy\" decoding=\"async\" class=\"default\" data-black=\"https:\/\/meremuuseum.ee\/jahisadam\/wp-content\/themes\/jahisadam\/images\/icons\/swiper-arrow_yellow.svg\" data-normal=\"https:\/\/meremuuseum.ee\/jahisadam\/wp-content\/themes\/jahisadam\/images\/icons\/swiper-arrow.svg\" src=\"https:\/\/meremuuseum.ee\/jahisadam\/wp-content\/themes\/jahisadam\/images\/icons\/swiper-arrow.svg\" width=\"37\" height=\"71\" alt=\"arrow right\" \/>\n            <\/div>\n            <div class=\"swiper-pagination\"><\/div>\n        <\/div>\n\t<\/div>\n\n\n<div id=\"map-image-block-block_62667781b2c2f\" class=\"map-image-block\">\n\t\t\t<div class=\"d-flex d-lg-block justify-content-center justify-content-lg-start image-container\">\n\t\t\t<img loading=\"lazy\" decoding=\"async\" src=\"https:\/\/meremuuseum.ee\/jahisadam\/wp-content\/uploads\/2022\/04\/Group-25.jpg\" class=\"map\" width=\"2400\" height=\"996\" alt=\"\">\n\n\t\t\t\t\t\t\t<div class=\"d-flex pin-container\" style=\"top: 64%; left: 50.2%;\">\n\t\t\t\t\t\n\t\t\t\t\t<div class=\"d-flex flex-column align-items-center pin\">\n\t\t\t\t\t\t<img loading=\"lazy\" decoding=\"async\" src=\"https:\/\/meremuuseum.ee\/jahisadam\/wp-content\/uploads\/2022\/04\/pin.svg\" class=\"map-pin\" data-black=\"https:\/\/meremuuseum.ee\/jahisadam\/wp-content\/uploads\/2022\/05\/pin.svg\" data-normal=\"https:\/\/meremuuseum.ee\/jahisadam\/wp-content\/uploads\/2022\/04\/pin.svg\" width=\"264\" height=\"54\" alt=\"map pin\">\n\t\t\t\t\t\t<div class=\"line\"><\/div>\n\t\t\t\t\t\t<div class=\"circle\"><\/div>\n\t\t\t\t\t<\/div>\n\n\t\t\t\t\t\t\t\t\t<\/div>\n\t\t\t\t\t<\/div>\n\t\n\t\t\t<div class=\"d-flex flex-wrap flex-lg-nowrap justify-content-center buttons top\">\n\t\t\t\t\t\t\t\t<a href=\"https:\/\/gis.vta.ee\/nutimeri\/\" class=\"btn arrow\" target=\"_blank\">Nutimeri kaardilahendused<\/a>\n\t\t\t\t\t\t\t\t<a href=\"https:\/\/meremuuseum.ee\/jahisadam\/wp-content\/uploads\/2022\/06\/Jahisadam_kaart_A4_prev.pdf\" class=\"btn arrow\" target=\"_blank\">Sadama plaan<\/a>\n\t\t\t\t\t\t\t\t<a href=\"https:\/\/goo.gl\/maps\/NQFRSdHqggJHnUK78\" class=\"btn arrow\" target=\"_blank\">Vaata Google Mapsis<\/a>\n\t\t\t\t<\/div>\n\t\t<div class=\"d-block d-lg-none mobile-overlay\"><\/div>\n<\/div>","protected":false},"excerpt":{"rendered":"Lennusadamas tegutseb jahisadam, mille tegevust korraldab Eesti Meremuuseum. Lennusadam asub Tallinna lahe l\u00e4\u00e4nek\u00fcljel koordinaatidel <span class=\"wave\">59\u00b027,2\u2032 N ja 24\u00b044,1\u2032 E<\/span>.","protected":false},"author":1,"featured_media":0,"parent":108,"menu_order":26,"comment_status":"closed","ping_status":"closed","template":"","meta":{"footnotes":""},"class_list":["post-110","page","type-page","status-publish","hentry"],"acf":[],"yoast_head":"<!-- This site is optimized with the Yoast SEO plugin v23.2 - https:\/\/yoast.com\/wordpress\/plugins\/seo\/ -->\n<title>Jahisadamast - Lennusadama Jahisadam<\/title>\n<meta name=\"robots\" content=\"index, follow, max-snippet:-1, max-image-preview:large, max-video-preview:-1\" \/>\n<link rel=\"canonical\" href=\"https:\/\/meremuuseum.ee\/jahisadam\/jahisadam\/jahisadamast\/\" \/>\n<meta property=\"og:locale\" content=\"et_EE\" \/>\n<meta property=\"og:type\" content=\"article\" \/>\n<meta property=\"og:title\" content=\"Jahisadamast - Lennusadama Jahisadam\" \/>\n<meta property=\"og:description\" content=\"Lennusadamas tegutseb jahisadam, mille tegevust korraldab Eesti Meremuuseum. Lennusadam asub Tallinna lahe l\u00e4\u00e4nek\u00fcljel koordinaatidel 59\u00b027,2\u2032 N ja 24\u00b044,1\u2032 E.\" \/>\n<meta property=\"og:url\" content=\"https:\/\/meremuuseum.ee\/jahisadam\/jahisadam\/jahisadamast\/\" \/>\n<meta property=\"og:site_name\" content=\"Lennusadama Jahisadam\" \/>\n<meta property=\"article:modified_time\" content=\"2023-03-22T08:13:44+00:00\" \/>\n<meta property=\"og:image\" content=\"https:\/\/meremuuseum.ee\/jahisadam\/wp-content\/uploads\/2022\/04\/favicon.png\" \/>\n\t<meta property=\"og:image:width\" content=\"512\" \/>\n\t<meta property=\"og:image:height\" content=\"522\" \/>\n\t<meta property=\"og:image:type\" content=\"image\/png\" \/>\n<meta name=\"twitter:card\" content=\"summary_large_image\" \/>\n<script type=\"application\/ld+json\" class=\"yoast-schema-graph\">{\"@context\":\"https:\/\/schema.org\",\"@graph\":[{\"@type\":\"WebPage\",\"@id\":\"https:\/\/meremuuseum.ee\/jahisadam\/jahisadam\/jahisadamast\/\",\"url\":\"https:\/\/meremuuseum.ee\/jahisadam\/jahisadam\/jahisadamast\/\",\"name\":\"Jahisadamast - Lennusadama Jahisadam\",\"isPartOf\":{\"@id\":\"https:\/\/meremuuseum.ee\/jahisadam\/#website\"},\"datePublished\":\"2022-04-19T10:40:33+00:00\",\"dateModified\":\"2023-03-22T08:13:44+00:00\",\"breadcrumb\":{\"@id\":\"https:\/\/meremuuseum.ee\/jahisadam\/jahisadam\/jahisadamast\/#breadcrumb\"},\"inLanguage\":\"et\",\"potentialAction\":[{\"@type\":\"ReadAction\",\"target\":[\"https:\/\/meremuuseum.ee\/jahisadam\/jahisadam\/jahisadamast\/\"]}]},{\"@type\":\"BreadcrumbList\",\"@id\":\"https:\/\/meremuuseum.ee\/jahisadam\/jahisadam\/jahisadamast\/#breadcrumb\",\"itemListElement\":[{\"@type\":\"ListItem\",\"position\":1,\"name\":\"Home\",\"item\":\"https:\/\/meremuuseum.ee\/jahisadam\/\"},{\"@type\":\"ListItem\",\"position\":2,\"name\":\"Jahisadam\",\"item\":\"https:\/\/meremuuseum.ee\/jahisadam\/jahisadam\/\"},{\"@type\":\"ListItem\",\"position\":3,\"name\":\"Jahisadamast\"}]},{\"@type\":\"WebSite\",\"@id\":\"https:\/\/meremuuseum.ee\/jahisadam\/#website\",\"url\":\"https:\/\/meremuuseum.ee\/jahisadam\/\",\"name\":\"Lennusadama Jahisadam\",\"description\":\"\",\"publisher\":{\"@id\":\"https:\/\/meremuuseum.ee\/jahisadam\/#organization\"},\"potentialAction\":[{\"@type\":\"SearchAction\",\"target\":{\"@type\":\"EntryPoint\",\"urlTemplate\":\"https:\/\/meremuuseum.ee\/jahisadam\/?s={search_term_string}\"},\"query-input\":\"required name=search_term_string\"}],\"inLanguage\":\"et\"},{\"@type\":\"Organization\",\"@id\":\"https:\/\/meremuuseum.ee\/jahisadam\/#organization\",\"name\":\"Lennusadama Jahisadam\",\"url\":\"https:\/\/meremuuseum.ee\/jahisadam\/\",\"logo\":{\"@type\":\"ImageObject\",\"inLanguage\":\"et\",\"@id\":\"https:\/\/meremuuseum.ee\/jahisadam\/#\/schema\/logo\/image\/\",\"url\":\"https:\/\/meremuuseum.ee\/jahisadam\/wp-content\/uploads\/2022\/04\/favicon.png\",\"contentUrl\":\"https:\/\/meremuuseum.ee\/jahisadam\/wp-content\/uploads\/2022\/04\/favicon.png\",\"width\":512,\"height\":522,\"caption\":\"Lennusadama Jahisadam\"},\"image\":{\"@id\":\"https:\/\/meremuuseum.ee\/jahisadam\/#\/schema\/logo\/image\/\"}}]}<\/script>\n<!-- \/ Yoast SEO plugin. -->","yoast_head_json":{"title":"Jahisadamast - Lennusadama Jahisadam","robots":{"index":"index","follow":"follow","max-snippet":"max-snippet:-1","max-image-preview":"max-image-preview:large","max-video-preview":"max-video-preview:-1"},"canonical":"https:\/\/meremuuseum.ee\/jahisadam\/jahisadam\/jahisadamast\/","og_locale":"et_EE","og_type":"article","og_title":"Jahisadamast - Lennusadama Jahisadam","og_description":"Lennusadamas tegutseb jahisadam, mille tegevust korraldab Eesti Meremuuseum. Lennusadam asub Tallinna lahe l\u00e4\u00e4nek\u00fcljel koordinaatidel 59\u00b027,2\u2032 N ja 24\u00b044,1\u2032 E.","og_url":"https:\/\/meremuuseum.ee\/jahisadam\/jahisadam\/jahisadamast\/","og_site_name":"Lennusadama Jahisadam","article_modified_time":"2023-03-22T08:13:44+00:00","og_image":[{"width":512,"height":522,"url":"https:\/\/meremuuseum.ee\/jahisadam\/wp-content\/uploads\/2022\/04\/favicon.png","type":"image\/png"}],"twitter_card":"summary_large_image","schema":{"@context":"https:\/\/schema.org","@graph":[{"@type":"WebPage","@id":"https:\/\/meremuuseum.ee\/jahisadam\/jahisadam\/jahisadamast\/","url":"https:\/\/meremuuseum.ee\/jahisadam\/jahisadam\/jahisadamast\/","name":"Jahisadamast - Lennusadama Jahisadam","isPartOf":{"@id":"https:\/\/meremuuseum.ee\/jahisadam\/#website"},"datePublished":"2022-04-19T10:40:33+00:00","dateModified":"2023-03-22T08:13:44+00:00","breadcrumb":{"@id":"https:\/\/meremuuseum.ee\/jahisadam\/jahisadam\/jahisadamast\/#breadcrumb"},"inLanguage":"et","potentialAction":[{"@type":"ReadAction","target":["https:\/\/meremuuseum.ee\/jahisadam\/jahisadam\/jahisadamast\/"]}]},{"@type":"BreadcrumbList","@id":"https:\/\/meremuuseum.ee\/jahisadam\/jahisadam\/jahisadamast\/#breadcrumb","itemListElement":[{"@type":"ListItem","position":1,"name":"Home","item":"https:\/\/meremuuseum.ee\/jahisadam\/"},{"@type":"ListItem","position":2,"name":"Jahisadam","item":"https:\/\/meremuuseum.ee\/jahisadam\/jahisadam\/"},{"@type":"ListItem","position":3,"name":"Jahisadamast"}]},{"@type":"WebSite","@id":"https:\/\/meremuuseum.ee\/jahisadam\/#website","url":"https:\/\/meremuuseum.ee\/jahisadam\/","name":"Lennusadama Jahisadam","description":"","publisher":{"@id":"https:\/\/meremuuseum.ee\/jahisadam\/#organization"},"potentialAction":[{"@type":"SearchAction","target":{"@type":"EntryPoint","urlTemplate":"https:\/\/meremuuseum.ee\/jahisadam\/?s={search_term_string}"},"query-input":"required name=search_term_string"}],"inLanguage":"et"},{"@type":"Organization","@id":"https:\/\/meremuuseum.ee\/jahisadam\/#organization","name":"Lennusadama Jahisadam","url":"https:\/\/meremuuseum.ee\/jahisadam\/","logo":{"@type":"ImageObject","inLanguage":"et","@id":"https:\/\/meremuuseum.ee\/jahisadam\/#\/schema\/logo\/image\/","url":"https:\/\/meremuuseum.ee\/jahisadam\/wp-content\/uploads\/2022\/04\/favicon.png","contentUrl":"https:\/\/meremuuseum.ee\/jahisadam\/wp-content\/uploads\/2022\/04\/favicon.png","width":512,"height":522,"caption":"Lennusadama Jahisadam"},"image":{"@id":"https:\/\/meremuuseum.ee\/jahisadam\/#\/schema\/logo\/image\/"}}]}},"_links":{"self":[{"href":"https:\/\/meremuuseum.ee\/jahisadam\/wp-json\/wp\/v2\/pages\/110"}],"collection":[{"href":"https:\/\/meremuuseum.ee\/jahisadam\/wp-json\/wp\/v2\/pages"}],"about":[{"href":"https:\/\/meremuuseum.ee\/jahisadam\/wp-json\/wp\/v2\/types\/page"}],"author":[{"embeddable":true,"href":"https:\/\/meremuuseum.ee\/jahisadam\/wp-json\/wp\/v2\/users\/1"}],"replies":[{"embeddable":true,"href":"https:\/\/meremuuseum.ee\/jahisadam\/wp-json\/wp\/v2\/comments?post=110"}],"version-history":[{"count":82,"href":"https:\/\/meremuuseum.ee\/jahisadam\/wp-json\/wp\/v2\/pages\/110\/revisions"}],"predecessor-version":[{"id":1474,"href":"https:\/\/meremuuseum.ee\/jahisadam\/wp-json\/wp\/v2\/pages\/110\/revisions\/1474"}],"up":[{"embeddable":true,"href":"https:\/\/meremuuseum.ee\/jahisadam\/wp-json\/wp\/v2\/pages\/108"}],"wp:attachment":[{"href":"https:\/\/meremuuseum.ee\/jahisadam\/wp-json\/wp\/v2\/media?parent=110"}],"curies":[{"name":"wp","href":"https:\/\/api.w.org\/{rel}","templated":true}]}}