{"id":1490,"date":"2022-04-19T13:41:05","date_gmt":"2022-04-19T10:41:05","guid":{"rendered":"https:\/\/meremuuseum.ee\/jahisadam\/jahisadam\/kuhu-minna\/"},"modified":"2023-04-18T16:38:47","modified_gmt":"2023-04-18T13:38:47","slug":"kuhu-minna","status":"publish","type":"page","link":"https:\/\/meremuuseum.ee\/jahisadam\/fi\/jahisadam\/kuhu-minna\/","title":{"rendered":"Minne menn\u00e4"},"content":{"rendered":"\t<div id=\"text-image-rows-block-block_6269138226356\" class=\"text-image-rows-block\">\n\t\t<div class=\"container\">\n\t\t\t\t\t\t\t\t\t\t\t<div class=\"row align-items-center \">\n\t\t\t\t\t<div class=\"col col-12 col-lg-6\">\n\t\t\t\t\t\t\t\t\t\t\t\t\t<h2>Viron merimuseo<\/h2>\n\t\t\t\t\t\t\n\t\t\t\t\t\t\t\t\t\t\t\t\t<div class=\"text-wrap\">\n\t\t\t\t\t\t\t\t<p>Lentosatamassa sijaitsee toinen Viron merimuseon kahdesta pysyv\u00e4st\u00e4 n\u00e4yttelyst\u00e4, jota pidet\u00e4\u00e4n my\u00f6s Pohjois-Euroopan hienoimpana. 1900-luvun merenkulkutekniikan, jonka keski\u00f6ss\u00e4 on aito sukellusvene Lembit, lis\u00e4ksi museossa on kausin\u00e4yttelyit\u00e4. Viron merimuseon toinen pysyv\u00e4 n\u00e4yttely sijaitsee vanhankaupungin laidalla Paksu Margareeta -tykkitornissa. Siell\u00e4 sijaitseva museo uudistettiin perusteellisesti vuosina 2018\u20132019, ja se kertoo nyt Viron tarinan merenkulkuvaltiona keskiajalta nykyp\u00e4iv\u00e4\u00e4n. N\u00e4yttelyss\u00e4 n\u00e4kee Euroopassa ainutlaatuisen keskiaikaisen laivan hylyn ja museon runsaan laivamallikokoelman. K\u00e4velymatka Lentosatamasta Paksuun Margareetaan kest\u00e4\u00e4 noin 15 minuuttia.<\/p>\n\t\t\t\t\t\t\t<\/div>\n\t\t\t\t\t\t\n\t\t\t\t\t\t\t\t\t\t\t\t\t<div class=\"buttons d-flex flex-wrap align-items-start\">\n\t\t\t\t\t\t\t\t\t\t\t\t\t\t\t\t\t\n\t\t\t\t\t\t\t\t\t<a href=\"https:\/\/meremuuseum.ee\/\" class=\"btn arrow\" target=\"_blank\">Lue lis\u00e4\u00e4<\/a>\n\t\t\t\t\t\t\t\t\t\t\t\t\t\t\t<\/div>\n\t\t\t\t\t\t\n\t\t\t\t\t\t\t\t\t\t\t<\/div>\n\n\t\t\t\t\t<div class=\"col col-12 col-lg-6 image\">\n\t\t\t\t\t\t\t\t\t\t\t\t\t\t\t\t\t\t\t\t\t\t\t\t\t\t\t\t<div class=\"img-wrap\">\n\t\t\t\t\t\t\t\t\t<div class=\"image-container bg-center\" style=\"background-image: url(https:\/\/meremuuseum.ee\/jahisadam\/wp-content\/uploads\/2022\/04\/Group-14.jpg);\"><\/div>\n\t\t\t\t\t\t\t\t<\/div>\n\t\t\t\t\t\t\t\t\t\t\t\t\t\t\t\t\t\t<\/div>\n\t\t\t\t<\/div>\n\t\t\t\t\t\t\t\t\t\t\t<div class=\"row align-items-center  flex-row-reverse\">\n\t\t\t\t\t<div class=\"col col-12 col-lg-6\">\n\t\t\t\t\t\t\t\t\t\t\t\t\t<h2>Kalamaja<\/h2>\n\t\t\t\t\t\t\n\t\t\t\t\t\t\t\t\t\t\t\t\t<div class=\"text-wrap\">\n\t\t\t\t\t\t\t\t<p>Lentosataman v\u00e4litt\u00f6m\u00e4ss\u00e4 l\u00e4heisyydess\u00e4 sijaitsevat satavuotias merilinnoitus Patarei ja Noblessnerin alue, ja hieman kauempana Kalamajan luova kaupunki gallerioineen ja kahviloineen.<\/p>\n\t\t\t\t\t\t\t<\/div>\n\t\t\t\t\t\t\n\t\t\t\t\t\t\t\t\t\t\t\t\t<div class=\"buttons d-flex flex-wrap align-items-start\">\n\t\t\t\t\t\t\t\t\t\t\t\t\t\t\t\t\t\n\t\t\t\t\t\t\t\t\t<a href=\"https:\/\/www.visittallinn.ee\/est\/k%C3%BClastaja\/mida-teha\/piirkonnad\/kalamaja\" class=\"btn arrow\" target=\"_blank\">Lue lis\u00e4\u00e4<\/a>\n\t\t\t\t\t\t\t\t\t\t\t\t\t\t\t<\/div>\n\t\t\t\t\t\t\n\t\t\t\t\t\t\t\t\t\t\t<\/div>\n\n\t\t\t\t\t<div class=\"col col-12 col-lg-6 image\">\n\t\t\t\t\t\t\t\t\t\t\t\t\t\t\t\t\t\t\t\t\t\t\t\t\t\t\t\t<div class=\"img-wrap\">\n\t\t\t\t\t\t\t\t\t<div class=\"image-container bg-center\" style=\"background-image: url(https:\/\/meremuuseum.ee\/jahisadam\/wp-content\/uploads\/2022\/04\/Rectangle-2-Copy-8.jpg);\"><\/div>\n\t\t\t\t\t\t\t\t<\/div>\n\t\t\t\t\t\t\t\t\t\t\t\t\t\t\t\t\t\t<\/div>\n\t\t\t\t<\/div>\n\t\t\t\t\t\t\t\t\t\t\t<div class=\"row align-items-center \">\n\t\t\t\t\t<div class=\"col col-12 col-lg-6\">\n\t\t\t\t\t\t\t\t\t\t\t\t\t<h2>Luonto<\/h2>\n\t\t\t\t\t\t\n\t\t\t\t\t\t\t\t\t\t\t\t\t<div class=\"text-wrap\">\n\t\t\t\t\t\t\t\t<p>Paljassaaren niemimaalla sijaitsee koko Euroopassa t\u00e4rke\u00e4 lintualue. Ota mukaan kiikarit lintutorneihin tutustumiseksi ja rantapyyhe virkist\u00e4v\u00e4\u00e4n uintiin viereisell\u00e4 Pikakarin rannalla. RMK on luonut rannikkoalueille lis\u00e4ksi useita mielenkiintoisia vaellusreittej\u00e4 ja lev\u00e4hdysalueita.<\/p>\n\t\t\t\t\t\t\t<\/div>\n\t\t\t\t\t\t\n\t\t\t\t\t\t\t\t\t\t\t\t\t<div class=\"buttons d-flex flex-wrap align-items-start\">\n\t\t\t\t\t\t\t\t\t\t\t\t\t\t\t\t\t\n\t\t\t\t\t\t\t\t\t<a href=\"https:\/\/citynature.eu\/et\/ala\/paljassaare\/\" class=\"btn arrow\" target=\"_blank\">Vaata l\u00e4hemalt<\/a>\n\t\t\t\t\t\t\t\t\t\t\t\t\t\t\t<\/div>\n\t\t\t\t\t\t\n\t\t\t\t\t\t\t\t\t\t\t<\/div>\n\n\t\t\t\t\t<div class=\"col col-12 col-lg-6 image\">\n\t\t\t\t\t\t\t\t\t\t\t\t\t\t\t\t\t\t\t\t\t\t\t\t\t\t\t\t<div class=\"img-wrap\">\n\t\t\t\t\t\t\t\t\t<div class=\"image-container bg-center\" style=\"background-image: url(https:\/\/meremuuseum.ee\/jahisadam\/wp-content\/uploads\/2022\/04\/Rectangle-2-Copy-7.jpg);\"><\/div>\n\t\t\t\t\t\t\t\t<\/div>\n\t\t\t\t\t\t\t\t\t\t\t\t\t\t\t\t\t\t<\/div>\n\t\t\t\t<\/div>\n\t\t\t\t\t\t\t\t\t\t\t<div class=\"row align-items-center  flex-row-reverse\">\n\t\t\t\t\t<div class=\"col col-12 col-lg-6\">\n\t\t\t\t\t\t\t\t\t\t\t\t\t<h2>Viron pienet satamat<\/h2>\n\t\t\t\t\t\t\n\t\t\t\t\t\t\t\t\t\t\t\t\t<div class=\"text-wrap\">\n\t\t\t\t\t\t\t\t<p>Viron pienet satamat ja vesiurheilumahdollisuudet l\u00f6yd\u00e4t t\u00e4\u00e4lt\u00e4.<\/p>\n\t\t\t\t\t\t\t<\/div>\n\t\t\t\t\t\t\n\t\t\t\t\t\t\t\t\t\t\t\t\t<div class=\"buttons d-flex flex-wrap align-items-start\">\n\t\t\t\t\t\t\t\t\t\t\t\t\t\t\t\t\t\n\t\t\t\t\t\t\t\t\t<a href=\"https:\/\/gis.vta.ee\/nutimeri\/\" class=\"btn arrow\" target=\"_blank\">Piensatamien kartta<\/a>\n\t\t\t\t\t\t\t\t\t\t\t\t\t\t\t\t\t\n\t\t\t\t\t\t\t\t\t<a href=\"https:\/\/meremuuseum.ee\/jahisadam\/fi\/sadamast-merele\/\" class=\"btn arrow\" target=\"_blank\">Satamasta merelle<\/a>\n\t\t\t\t\t\t\t\t\t\t\t\t\t\t\t<\/div>\n\t\t\t\t\t\t\n\t\t\t\t\t\t\t\t\t\t\t<\/div>\n\n\t\t\t\t\t<div class=\"col col-12 col-lg-6 image\">\n\t\t\t\t\t\t\t\t\t\t\t\t\t\t\t\t\t\t\t\t\t\t\t\t\t\t\t\t<div class=\"img-wrap\">\n\t\t\t\t\t\t\t\t\t<div class=\"image-container bg-center\" style=\"background-image: url(https:\/\/meremuuseum.ee\/jahisadam\/wp-content\/uploads\/2022\/04\/Rectangle-2-Copy-9.jpg);\"><\/div>\n\t\t\t\t\t\t\t\t<\/div>\n\t\t\t\t\t\t\t\t\t\t\t\t\t\t\t\t\t\t<\/div>\n\t\t\t\t<\/div>\n\t\t\t\t\t<\/div>\n\t<\/div>\n","protected":false},"excerpt":{"rendered":"","protected":false},"author":1,"featured_media":0,"parent":1466,"menu_order":34,"comment_status":"closed","ping_status":"closed","template":"","meta":{"footnotes":""},"class_list":["post-1490","page","type-page","status-publish","hentry"],"acf":[],"yoast_head":"<!-- This site is optimized with the Yoast SEO plugin v23.2 - https:\/\/yoast.com\/wordpress\/plugins\/seo\/ -->\n<title>Minne menn\u00e4 - Lennusadama Jahisadam<\/title>\n<meta name=\"robots\" content=\"index, follow, max-snippet:-1, max-image-preview:large, max-video-preview:-1\" \/>\n<link rel=\"canonical\" href=\"https:\/\/meremuuseum.ee\/jahisadam\/fi\/jahisadam\/kuhu-minna\/\" \/>\n<meta property=\"og:locale\" content=\"fi_FI\" \/>\n<meta property=\"og:type\" content=\"article\" \/>\n<meta property=\"og:title\" content=\"Minne menn\u00e4 - Lennusadama Jahisadam\" \/>\n<meta property=\"og:url\" content=\"https:\/\/meremuuseum.ee\/jahisadam\/fi\/jahisadam\/kuhu-minna\/\" \/>\n<meta property=\"og:site_name\" content=\"Lennusadama Jahisadam\" \/>\n<meta property=\"article:modified_time\" content=\"2023-04-18T13:38:47+00:00\" \/>\n<meta property=\"og:image\" content=\"https:\/\/meremuuseum.ee\/jahisadam\/wp-content\/uploads\/2022\/04\/favicon.png\" \/>\n\t<meta property=\"og:image:width\" content=\"512\" \/>\n\t<meta property=\"og:image:height\" content=\"522\" \/>\n\t<meta property=\"og:image:type\" content=\"image\/png\" \/>\n<meta name=\"twitter:card\" content=\"summary_large_image\" \/>\n<script type=\"application\/ld+json\" class=\"yoast-schema-graph\">{\"@context\":\"https:\/\/schema.org\",\"@graph\":[{\"@type\":\"WebPage\",\"@id\":\"https:\/\/meremuuseum.ee\/jahisadam\/fi\/jahisadam\/kuhu-minna\/\",\"url\":\"https:\/\/meremuuseum.ee\/jahisadam\/fi\/jahisadam\/kuhu-minna\/\",\"name\":\"Minne menn\u00e4 - Lennusadama Jahisadam\",\"isPartOf\":{\"@id\":\"https:\/\/meremuuseum.ee\/jahisadam\/#website\"},\"datePublished\":\"2022-04-19T10:41:05+00:00\",\"dateModified\":\"2023-04-18T13:38:47+00:00\",\"breadcrumb\":{\"@id\":\"https:\/\/meremuuseum.ee\/jahisadam\/fi\/jahisadam\/kuhu-minna\/#breadcrumb\"},\"inLanguage\":\"fi\",\"potentialAction\":[{\"@type\":\"ReadAction\",\"target\":[\"https:\/\/meremuuseum.ee\/jahisadam\/fi\/jahisadam\/kuhu-minna\/\"]}]},{\"@type\":\"BreadcrumbList\",\"@id\":\"https:\/\/meremuuseum.ee\/jahisadam\/fi\/jahisadam\/kuhu-minna\/#breadcrumb\",\"itemListElement\":[{\"@type\":\"ListItem\",\"position\":1,\"name\":\"Home\",\"item\":\"https:\/\/meremuuseum.ee\/jahisadam\/fi\/\"},{\"@type\":\"ListItem\",\"position\":2,\"name\":\"Venesatama\",\"item\":\"https:\/\/meremuuseum.ee\/jahisadam\/fi\/jahisadam\/\"},{\"@type\":\"ListItem\",\"position\":3,\"name\":\"Minne menn\u00e4\"}]},{\"@type\":\"WebSite\",\"@id\":\"https:\/\/meremuuseum.ee\/jahisadam\/#website\",\"url\":\"https:\/\/meremuuseum.ee\/jahisadam\/\",\"name\":\"Lennusadama Jahisadam\",\"description\":\"\",\"publisher\":{\"@id\":\"https:\/\/meremuuseum.ee\/jahisadam\/#organization\"},\"potentialAction\":[{\"@type\":\"SearchAction\",\"target\":{\"@type\":\"EntryPoint\",\"urlTemplate\":\"https:\/\/meremuuseum.ee\/jahisadam\/?s={search_term_string}\"},\"query-input\":\"required name=search_term_string\"}],\"inLanguage\":\"fi\"},{\"@type\":\"Organization\",\"@id\":\"https:\/\/meremuuseum.ee\/jahisadam\/#organization\",\"name\":\"Lennusadama Jahisadam\",\"url\":\"https:\/\/meremuuseum.ee\/jahisadam\/\",\"logo\":{\"@type\":\"ImageObject\",\"inLanguage\":\"fi\",\"@id\":\"https:\/\/meremuuseum.ee\/jahisadam\/#\/schema\/logo\/image\/\",\"url\":\"https:\/\/meremuuseum.ee\/jahisadam\/wp-content\/uploads\/2022\/04\/favicon.png\",\"contentUrl\":\"https:\/\/meremuuseum.ee\/jahisadam\/wp-content\/uploads\/2022\/04\/favicon.png\",\"width\":512,\"height\":522,\"caption\":\"Lennusadama Jahisadam\"},\"image\":{\"@id\":\"https:\/\/meremuuseum.ee\/jahisadam\/#\/schema\/logo\/image\/\"}}]}<\/script>\n<!-- \/ Yoast SEO plugin. -->","yoast_head_json":{"title":"Minne menn\u00e4 - Lennusadama Jahisadam","robots":{"index":"index","follow":"follow","max-snippet":"max-snippet:-1","max-image-preview":"max-image-preview:large","max-video-preview":"max-video-preview:-1"},"canonical":"https:\/\/meremuuseum.ee\/jahisadam\/fi\/jahisadam\/kuhu-minna\/","og_locale":"fi_FI","og_type":"article","og_title":"Minne menn\u00e4 - Lennusadama Jahisadam","og_url":"https:\/\/meremuuseum.ee\/jahisadam\/fi\/jahisadam\/kuhu-minna\/","og_site_name":"Lennusadama Jahisadam","article_modified_time":"2023-04-18T13:38:47+00:00","og_image":[{"width":512,"height":522,"url":"https:\/\/meremuuseum.ee\/jahisadam\/wp-content\/uploads\/2022\/04\/favicon.png","type":"image\/png"}],"twitter_card":"summary_large_image","schema":{"@context":"https:\/\/schema.org","@graph":[{"@type":"WebPage","@id":"https:\/\/meremuuseum.ee\/jahisadam\/fi\/jahisadam\/kuhu-minna\/","url":"https:\/\/meremuuseum.ee\/jahisadam\/fi\/jahisadam\/kuhu-minna\/","name":"Minne menn\u00e4 - Lennusadama Jahisadam","isPartOf":{"@id":"https:\/\/meremuuseum.ee\/jahisadam\/#website"},"datePublished":"2022-04-19T10:41:05+00:00","dateModified":"2023-04-18T13:38:47+00:00","breadcrumb":{"@id":"https:\/\/meremuuseum.ee\/jahisadam\/fi\/jahisadam\/kuhu-minna\/#breadcrumb"},"inLanguage":"fi","potentialAction":[{"@type":"ReadAction","target":["https:\/\/meremuuseum.ee\/jahisadam\/fi\/jahisadam\/kuhu-minna\/"]}]},{"@type":"BreadcrumbList","@id":"https:\/\/meremuuseum.ee\/jahisadam\/fi\/jahisadam\/kuhu-minna\/#breadcrumb","itemListElement":[{"@type":"ListItem","position":1,"name":"Home","item":"https:\/\/meremuuseum.ee\/jahisadam\/fi\/"},{"@type":"ListItem","position":2,"name":"Venesatama","item":"https:\/\/meremuuseum.ee\/jahisadam\/fi\/jahisadam\/"},{"@type":"ListItem","position":3,"name":"Minne menn\u00e4"}]},{"@type":"WebSite","@id":"https:\/\/meremuuseum.ee\/jahisadam\/#website","url":"https:\/\/meremuuseum.ee\/jahisadam\/","name":"Lennusadama Jahisadam","description":"","publisher":{"@id":"https:\/\/meremuuseum.ee\/jahisadam\/#organization"},"potentialAction":[{"@type":"SearchAction","target":{"@type":"EntryPoint","urlTemplate":"https:\/\/meremuuseum.ee\/jahisadam\/?s={search_term_string}"},"query-input":"required name=search_term_string"}],"inLanguage":"fi"},{"@type":"Organization","@id":"https:\/\/meremuuseum.ee\/jahisadam\/#organization","name":"Lennusadama Jahisadam","url":"https:\/\/meremuuseum.ee\/jahisadam\/","logo":{"@type":"ImageObject","inLanguage":"fi","@id":"https:\/\/meremuuseum.ee\/jahisadam\/#\/schema\/logo\/image\/","url":"https:\/\/meremuuseum.ee\/jahisadam\/wp-content\/uploads\/2022\/04\/favicon.png","contentUrl":"https:\/\/meremuuseum.ee\/jahisadam\/wp-content\/uploads\/2022\/04\/favicon.png","width":512,"height":522,"caption":"Lennusadama Jahisadam"},"image":{"@id":"https:\/\/meremuuseum.ee\/jahisadam\/#\/schema\/logo\/image\/"}}]}},"_links":{"self":[{"href":"https:\/\/meremuuseum.ee\/jahisadam\/fi\/wp-json\/wp\/v2\/pages\/1490"}],"collection":[{"href":"https:\/\/meremuuseum.ee\/jahisadam\/fi\/wp-json\/wp\/v2\/pages"}],"about":[{"href":"https:\/\/meremuuseum.ee\/jahisadam\/fi\/wp-json\/wp\/v2\/types\/page"}],"author":[{"embeddable":true,"href":"https:\/\/meremuuseum.ee\/jahisadam\/fi\/wp-json\/wp\/v2\/users\/1"}],"replies":[{"embeddable":true,"href":"https:\/\/meremuuseum.ee\/jahisadam\/fi\/wp-json\/wp\/v2\/comments?post=1490"}],"version-history":[{"count":5,"href":"https:\/\/meremuuseum.ee\/jahisadam\/fi\/wp-json\/wp\/v2\/pages\/1490\/revisions"}],"predecessor-version":[{"id":1497,"href":"https:\/\/meremuuseum.ee\/jahisadam\/fi\/wp-json\/wp\/v2\/pages\/1490\/revisions\/1497"}],"up":[{"embeddable":true,"href":"https:\/\/meremuuseum.ee\/jahisadam\/fi\/wp-json\/wp\/v2\/pages\/1466"}],"wp:attachment":[{"href":"https:\/\/meremuuseum.ee\/jahisadam\/fi\/wp-json\/wp\/v2\/media?parent=1490"}],"curies":[{"name":"wp","href":"https:\/\/api.w.org\/{rel}","templated":true}]}}