{"id":1486,"date":"2023-03-13T11:38:19","date_gmt":"2023-03-13T08:38:19","guid":{"rendered":"https:\/\/meremuuseum.ee\/jahisadam\/jahisadam\/sinilipp\/"},"modified":"2023-04-18T16:28:15","modified_gmt":"2023-04-18T13:28:15","slug":"sinilipp","status":"publish","type":"page","link":"https:\/\/meremuuseum.ee\/jahisadam\/fi\/jahisadam\/sinilipp\/","title":{"rendered":"Sinilippu"},"content":{"rendered":"\n<p><a href=\"\/?page_id=1292#Keskkonnapohimotted\">Keskkonnap\u00f5him\u00f5tted<br><\/a><a href=\"\/?page_id=1292#Keskkonnaalased-kaitumisjuhised\">Keskkonnaalased k\u00e4itumisjuhised<\/a><\/p>\n\n\n\n<p>Sinilippu on kansainv\u00e4lisesti tunnustettu laatumerkki satamalle, matkailualukselle, huviveneelle tai uimarannalle. Sinilippu-ohjelmalla edistet\u00e4\u00e4n rantojen ja satamien kest\u00e4v\u00e4\u00e4 kehityst\u00e4 erityisesti nelj\u00e4ss\u00e4 luokassa: veden laatu, ymp\u00e4rist\u00f6njohtaminen, ymp\u00e4rist\u00f6koulutus ja -tieto sek\u00e4 turvallisuus.<br><br>Jos ranta tai satama on saanut sinisen lipun, se tarkoittaa, ett\u00e4 vesi on hyv\u00e4laatuista, ranta on puhdas ja siisti, siell\u00e4 on turvallista ja puhdasta juomavett\u00e4 on saatavilla. N\u00e4iden vaatimusten noudattamatta j\u00e4tt\u00e4minen voi johtaa lipun k\u00e4ytt\u00f6oikeuden perumiseen. Sinilippu my\u00f6nnet\u00e4\u00e4n yhdeksi kaudeksi.<br><br>Sinilippu-ohjelma on ollut k\u00e4yt\u00f6ss\u00e4 koko Euroopassa vuodesta 1987 ja Euroopan ulkopuolella vuodesta 2001.<br><br>Sinilippu on k\u00e4yt\u00f6ss\u00e4 l\u00e4hes 50 maassa yli 4600 rannalla tai satamassa. Virossa siniset liput nostettiin ensimm\u00e4isen kerran Baltian maissa vuonna 1994 P\u00e4rnun purjehdusseurassa ja Tallinnassa Piritan satamassa. Sinilippu on liehunut P\u00e4rnun, Stroomin sek\u00e4 Pikakarin rannalla ja P\u00fchaj\u00e4rven uimarannalla sek\u00e4 aiemmin Roomassaaren, Lohusalun ja Kuressaaren satamissa.<br><br><strong>Kaudesta 2021 alkaen sinilippuja liehuu Piritan ja Pikakarin rannoilla. Satamista sinilippumerkin saivat Lentosataman venesatama, K\u00e4rdlan satama ja Orjakun satama.<\/strong><br><br>Jokaisen ihmisen panos on t\u00e4rke\u00e4 ymp\u00e4rist\u00f6n suojelussa ja sinilipun saamisessa. Jos vierailet rannalla tai satamassa, voit auttaa suojelemaan ymp\u00e4rist\u00f6\u00e4 lajittelemalla roskat oikeisiin astioihin, k\u00e4ytt\u00e4m\u00e4ll\u00e4 virallisia k\u00e4ym\u00e4l\u00f6it\u00e4 ja pesumahdollisuuksia sek\u00e4 s\u00e4\u00e4st\u00e4m\u00e4ll\u00e4 puhdasta vett\u00e4.<\/p>\n\n\n\n<p><br>Sinilipun my\u00f6nt\u00e4\u00e4 Foundation for Environmental Education (FEE), ja sit\u00e4 hallinnoi paikallinen j\u00e4rjest\u00f6. Virossa Sinilippu-hakemuksia tarkastelee ja kriteerien t\u00e4ytt\u00e4mist\u00e4 valvoo Viron vesipelastusyhdistys (MT\u00dc Eesti Vetelp\u00e4\u00e4ste Selts) ( <a href=\"http:\/\/www.evps.ee\/\">www.evps.ee<\/a> ). <\/p>\n\n\n\n<p><strong>Sinilippu huviveneiden tai veneiden omistajille<\/strong><\/p>\n\n\n\n<p>Sinilippu-ohjelma on avoin my\u00f6s muille kuin kaupallisten alusten tai veneiden omistajille, jotka toimivat ymp\u00e4rist\u00f6tietoisesti ja ymp\u00e4rist\u00f6\u00e4 suojelevasti.<\/p>\n\n\n\n<p><br>Osallistuaksesi ohjelmaan sinun on otettava yhteytt\u00e4 sataman toimistoon. Sielt\u00e4 saat ohjelman periaatteet, jotka on allekirjoitettava ja toimitettava Viron vesipelastusyhdistykseen, joka rekister\u00f6i ne ja my\u00f6nt\u00e4\u00e4 lipun. Lis\u00e4tietoa l\u00f6ytyy verkkosivulta <a href=\"http:\/\/www.sinilipp.ee\/\">www.sinilipp.ee<\/a>. <br><br>Lentosataman venesataman yhteystiedot:<br>Puh: +372 502 2877<br>S\u00e4hk\u00f6postiosoite: <a href=\"mailto:sadam@lennusadam.eu\">sadam@lennusadam.eu<\/a> <br><br>MT\u00dc Eesti Vetelp\u00e4\u00e4ste Seltsin yhteystiedot:<br>S\u00e4hk\u00f6postiosoite: <a href=\"mailto:info@evps.ee\">info@evps.ee<\/a><br><a href=\"http:\/\/www.sinilipp.ee\/\">www.sinilipp.ee<\/a> <\/p>\n\n\n\n<p><strong>Sinilippu matkustajalauttojen omistajille<\/strong><\/p>\n\n\n\n<p>Sinilipu programmis saab osaleda ka turismindusega tegelev ettev\u00f5te oma laevadega. Lipu saamiseks tuleb t\u00e4ita kriteeriume, mis jagunevad viide kategooriasse: keskkonnajuhtimine, Sinilippu-ohjelmaan voivat osallistua my\u00f6s matkailualan yritykset aluksineen. Lipun saamiseksi on t\u00e4ytett\u00e4v\u00e4 kriteerit, jotka jakautuvat viiteen luokkaan: ymp\u00e4rist\u00f6johtaminen, ymp\u00e4rist\u00f6koulutus ja -tieto, turvallisuus ja palvelut, sosiaalinen vastuu sek\u00e4 vastuullinen suhtautuminen ja toiminta luonnossa. <br><br>RohLis\u00e4tietoa antaa ja hakemuksia k\u00e4sittelee MT\u00dc Eesti Vetelp\u00e4\u00e4ste Selts.<\/p>\n\n\n\n<h2 class=\"wp-block-heading\" id=\"Keskkonnapohimotted\"><strong>Ymp\u00e4rist\u00f6politiikka<\/strong><\/h2>\n\n\n\n<p><strong>LENTOSATAMAN VENESATAMAN YMP\u00c4RIST\u00d6POLITIIKKA<\/strong><\/p>\n\n\n\n<p>Lennusadama jahisaLentosataman venesatama on ottanut teht\u00e4v\u00e4kseen minimoida toimintansa ymp\u00e4rist\u00f6vaikutuksia seuraavasti:<\/p>\n\n\n\n<ul class=\"wp-block-list\"><li>Noudatamme venesataman toimintaan liittyv\u00e4\u00e4 ymp\u00e4rist\u00f6lains\u00e4\u00e4d\u00e4nt\u00f6\u00e4 ja sovellamme mahdollisuuksien mukaan lains\u00e4\u00e4d\u00e4nn\u00f6n v\u00e4himm\u00e4isvaatimuksia parempia k\u00e4yt\u00e4nt\u00f6j\u00e4<\/li><li>Varmistamme, ett\u00e4 vesikulkuneuvojen tankkaaminen tapahtuu turvallisesti ja vastuullisesti vuotojen ja saastumisen est\u00e4miseksi. Kaikissa turvaveneiss\u00e4 on saastumisentorjuntapakkaus. Kaikki turvaveneen kuljettajat koulutetaan k\u00e4ytt\u00e4m\u00e4\u00e4n saastumisentorjuntapakkauksia ja heid\u00e4t perehdytet\u00e4\u00e4n hyviin tankkausk\u00e4yt\u00e4nt\u00f6ihin.<\/li><li>Minimoimme s\u00e4hk\u00f6nkulutuksen kaikessa toiminnassamme. Esimerkiksi valojen sammuttaminen ja vanhojen lamppujen vaihtaminen energiatehokkaisiin lamppuihin.<\/li><li>V\u00e4henn\u00e4mme veden k\u00e4yt\u00f6n minimiin kaikessa toiminnassamme. Esimerkiksi letkuihin on asennettu itselaukaisimella varustetut suuttimet, ja hanat suljetaan, kun niit\u00e4 ei k\u00e4ytet\u00e4.<\/li><li>V\u00e4henn\u00e4mme syntyv\u00e4n j\u00e4tteen m\u00e4\u00e4r\u00e4\u00e4. Esimerkiksi tulostamme ja monistamme vain silloin, kun se on v\u00e4ltt\u00e4m\u00e4t\u00f6nt\u00e4, ja tulostamme kaksipuolisesti.<\/li><li>K\u00e4yt\u00e4mme mahdollisuuksien mukaan viestinn\u00e4ss\u00e4 ja mainostamisessa s\u00e4hk\u00f6postia painetun materiaalin sijaan.Kierr\u00e4t\u00e4mme mahdollisimman paljon j\u00e4tett\u00e4, ja alueella on riitt\u00e4v\u00e4sti selke\u00e4sti merkittyj\u00e4 j\u00e4teastioita. Suurten tapahtumien aikana tuomme paikalle lis\u00e4\u00e4 j\u00e4te- ja kierr\u00e4tysastioita.<\/li><li>Asennamme vaarallisten j\u00e4tteiden h\u00e4vitt\u00e4miseen soveltuvat s\u00e4ili\u00f6t.<\/li><li>J\u00e4rjest\u00e4mme tapahtumia mahdollisimman kest\u00e4v\u00e4ll\u00e4 tavalla.<\/li><li>Annamme j\u00e4senillemme asiaankuuluvaa ymp\u00e4rist\u00f6tietoa, kuten sopimusalueet, joilla ankkurointi on kielletty, herk\u00e4t kasvuymp\u00e4rist\u00f6t ja lajit.<\/li><li>Edist\u00e4mme verkkosivujemme ja ilmoitustaulujemme avulla ymp\u00e4rist\u00f6n kest\u00e4vyytt\u00e4 j\u00e4seniemme ja vierailijoidemme keskuudessa ja tiedotamme ymp\u00e4rist\u00f6tavoitteistamme.<\/li><li>Kun hankimme uusia tuotteita, otamme huomioon tavarantoimittajiemme ymp\u00e4rist\u00f6taustan. N\u00e4in haluamme kannustaa muita organisaatioita omaksumaan kest\u00e4v\u00e4n kehityksen periaatteen omassa toiminnassaan.Mittaamme edistymist\u00e4mme ja tarkistamme ymp\u00e4rist\u00f6politiikkamme vuosittain.<\/li><li>Mittaamme edistymist\u00e4mme ja tarkistamme ymp\u00e4rist\u00f6politiikkamme vuosittain.<\/li><\/ul>\n\n\n\n<h2 class=\"wp-block-heading\" id=\"Keskkonnaalased-kaitumisjuhised\"><strong>Ymp\u00e4rist\u00f6\u00f6n liittyv\u00e4t k\u00e4ytt\u00e4ytymisohjeet<\/strong><\/h2>\n\n\n\n<p><strong>KESKKONNAALASED K\u00c4ITUMISJUHISED<\/strong><\/p>\n\n\n\n<p>Kaikkien laiturin k\u00e4ytt\u00e4jien ja Lentosataman venesataman vierailijoiden on noudatettava seuraavia yksinkertaisia s\u00e4\u00e4nt\u00f6j\u00e4 ymp\u00e4rist\u00f6n suojelemiseksi:<\/p>\n\n\n\n<ul class=\"wp-block-list\"><li>Lennusadama jahisadama liikmetelt eeldatakse sadama ruumides ja merel austust keskkLentosataman venesataman j\u00e4senten odotetaan kunnioittavan ymp\u00e4rist\u00f6\u00e4, mukaan lukien el\u00e4imet ja kasvit, sataman tiloissa ja merell\u00e4.<\/li><li>Kaikki vaaralliset j\u00e4tteet on toimitettava asianmukaisesti, turvallisesti ja vastuullisesti venesataman vaarallisten j\u00e4tteiden s\u00e4ilytyspaikkaan.<\/li><li>Kotitalousj\u00e4tteet ja kierr\u00e4tett\u00e4v\u00e4t j\u00e4tteet on laitettava venesataman alueella oleviin roska-astioihin ja -s\u00e4ili\u00f6ihin. Roskien heitt\u00e4minen mereen on kielletty.<\/li><li>Kaikkien venesataman k\u00e4ytt\u00e4jien on varmistettava, ettei heid\u00e4n toimintansa aiheuta saastumista eik\u00e4 vahingoita luontoa.<\/li><li>J\u00e4te- ja viem\u00e4rivett\u00e4 ei saa p\u00e4\u00e4st\u00e4\u00e4 veteen venesatamassa eik\u00e4 12 meripeninkulman s\u00e4teell\u00e4 Viron rannikosta. \u00d6ljyinen pilssivesi on pumpattava venesatamassa olevaan siirrett\u00e4v\u00e4\u00e4n s\u00e4ili\u00f6\u00f6n ja h\u00e4vitett\u00e4v\u00e4 asianmukaisesti.<\/li><li>Vesikulkuneuvon korjaamisessa ja pesemisess\u00e4 on k\u00e4ytett\u00e4v\u00e4 kaikkia varotoimia ymp\u00e4rist\u00f6n suojelemiseksi saasteilta. K\u00e4yt\u00e4 vesikulkuneuvon pesuun vain ymp\u00e4rist\u00f6yst\u00e4v\u00e4llisi\u00e4 tuotteita.<\/li><li>Laiturin k\u00e4ytt\u00e4jien ja vierailijoiden on noudatettava kaikkia ymp\u00e4rist\u00f6s\u00e4\u00e4nt\u00f6j\u00e4 ja ilmoitettava laittomasta toiminnasta asianomaisille viranomaisille.<\/li><li>Lentosataman venesataman meriymp\u00e4rist\u00f6n suojelemiseksi pyyd\u00e4mme sinua olemaan valppaana ja ilmoittamaan kaikenlaisista s\u00e4\u00e4nt\u00f6rikkomuksista venesatamalle.<\/li><\/ul>\n\n\n\n<div style=\"height:100px\" aria-hidden=\"true\" class=\"wp-block-spacer\"><\/div>\n","protected":false},"excerpt":{"rendered":"Keskkonnap\u00f5him\u00f5ttedKeskkonnaalased k\u00e4itumisjuhised Sinilippu on kansainv\u00e4lisesti tunnustettu laatumerkki satamalle, matkailualukselle, huviveneelle tai uimarannalle. Sinilippu-ohjelmalla edistet\u00e4\u00e4n rantojen ja satamien kest\u00e4v\u00e4\u00e4 kehityst\u00e4 erityisesti nelj\u00e4ss\u00e4 luokassa: veden laatu, ymp\u00e4rist\u00f6njohtaminen, ymp\u00e4rist\u00f6koulutus ja -tieto sek\u00e4 turvallisuus. Jos ranta tai satama on saanut sinisen lipun, se tarkoittaa, ett\u00e4 vesi on hyv\u00e4laatuista, ranta on puhdas ja siisti, siell\u00e4 on turvallista ja puhdasta juomavett\u00e4 [&hellip;]","protected":false},"author":1,"featured_media":0,"parent":1466,"menu_order":31,"comment_status":"closed","ping_status":"closed","template":"","meta":{"footnotes":""},"class_list":["post-1486","page","type-page","status-publish","hentry"],"acf":[],"yoast_head":"<!-- This site is optimized with the Yoast SEO plugin v23.2 - https:\/\/yoast.com\/wordpress\/plugins\/seo\/ -->\n<title>Sinilippu - Lennusadama Jahisadam<\/title>\n<meta name=\"robots\" content=\"index, follow, max-snippet:-1, max-image-preview:large, max-video-preview:-1\" \/>\n<link rel=\"canonical\" href=\"https:\/\/meremuuseum.ee\/jahisadam\/fi\/jahisadam\/sinilipp\/\" \/>\n<meta property=\"og:locale\" content=\"fi_FI\" \/>\n<meta property=\"og:type\" content=\"article\" \/>\n<meta property=\"og:title\" content=\"Sinilippu - Lennusadama Jahisadam\" \/>\n<meta property=\"og:description\" content=\"Keskkonnap\u00f5him\u00f5ttedKeskkonnaalased k\u00e4itumisjuhised Sinilippu on kansainv\u00e4lisesti tunnustettu laatumerkki satamalle, matkailualukselle, huviveneelle tai uimarannalle. Sinilippu-ohjelmalla edistet\u00e4\u00e4n rantojen ja satamien kest\u00e4v\u00e4\u00e4 kehityst\u00e4 erityisesti nelj\u00e4ss\u00e4 luokassa: veden laatu, ymp\u00e4rist\u00f6njohtaminen, ymp\u00e4rist\u00f6koulutus ja -tieto sek\u00e4 turvallisuus. Jos ranta tai satama on saanut sinisen lipun, se tarkoittaa, ett\u00e4 vesi on hyv\u00e4laatuista, ranta on puhdas ja siisti, siell\u00e4 on turvallista ja puhdasta juomavett\u00e4 [&hellip;]\" \/>\n<meta property=\"og:url\" content=\"https:\/\/meremuuseum.ee\/jahisadam\/fi\/jahisadam\/sinilipp\/\" \/>\n<meta property=\"og:site_name\" content=\"Lennusadama Jahisadam\" \/>\n<meta property=\"article:modified_time\" content=\"2023-04-18T13:28:15+00:00\" \/>\n<meta property=\"og:image\" content=\"https:\/\/meremuuseum.ee\/jahisadam\/wp-content\/uploads\/2022\/04\/favicon.png\" \/>\n\t<meta property=\"og:image:width\" content=\"512\" \/>\n\t<meta property=\"og:image:height\" content=\"522\" \/>\n\t<meta property=\"og:image:type\" content=\"image\/png\" \/>\n<meta name=\"twitter:card\" content=\"summary_large_image\" \/>\n<meta name=\"twitter:label1\" content=\"Arvioitu lukuaika\" \/>\n\t<meta name=\"twitter:data1\" content=\"5 minuuttia\" \/>\n<script type=\"application\/ld+json\" class=\"yoast-schema-graph\">{\"@context\":\"https:\/\/schema.org\",\"@graph\":[{\"@type\":\"WebPage\",\"@id\":\"https:\/\/meremuuseum.ee\/jahisadam\/fi\/jahisadam\/sinilipp\/\",\"url\":\"https:\/\/meremuuseum.ee\/jahisadam\/fi\/jahisadam\/sinilipp\/\",\"name\":\"Sinilippu - Lennusadama Jahisadam\",\"isPartOf\":{\"@id\":\"https:\/\/meremuuseum.ee\/jahisadam\/#website\"},\"datePublished\":\"2023-03-13T08:38:19+00:00\",\"dateModified\":\"2023-04-18T13:28:15+00:00\",\"breadcrumb\":{\"@id\":\"https:\/\/meremuuseum.ee\/jahisadam\/fi\/jahisadam\/sinilipp\/#breadcrumb\"},\"inLanguage\":\"fi\",\"potentialAction\":[{\"@type\":\"ReadAction\",\"target\":[\"https:\/\/meremuuseum.ee\/jahisadam\/fi\/jahisadam\/sinilipp\/\"]}]},{\"@type\":\"BreadcrumbList\",\"@id\":\"https:\/\/meremuuseum.ee\/jahisadam\/fi\/jahisadam\/sinilipp\/#breadcrumb\",\"itemListElement\":[{\"@type\":\"ListItem\",\"position\":1,\"name\":\"Home\",\"item\":\"https:\/\/meremuuseum.ee\/jahisadam\/fi\/\"},{\"@type\":\"ListItem\",\"position\":2,\"name\":\"Venesatama\",\"item\":\"https:\/\/meremuuseum.ee\/jahisadam\/fi\/jahisadam\/\"},{\"@type\":\"ListItem\",\"position\":3,\"name\":\"Sinilippu\"}]},{\"@type\":\"WebSite\",\"@id\":\"https:\/\/meremuuseum.ee\/jahisadam\/#website\",\"url\":\"https:\/\/meremuuseum.ee\/jahisadam\/\",\"name\":\"Lennusadama Jahisadam\",\"description\":\"\",\"publisher\":{\"@id\":\"https:\/\/meremuuseum.ee\/jahisadam\/#organization\"},\"potentialAction\":[{\"@type\":\"SearchAction\",\"target\":{\"@type\":\"EntryPoint\",\"urlTemplate\":\"https:\/\/meremuuseum.ee\/jahisadam\/?s={search_term_string}\"},\"query-input\":\"required name=search_term_string\"}],\"inLanguage\":\"fi\"},{\"@type\":\"Organization\",\"@id\":\"https:\/\/meremuuseum.ee\/jahisadam\/#organization\",\"name\":\"Lennusadama Jahisadam\",\"url\":\"https:\/\/meremuuseum.ee\/jahisadam\/\",\"logo\":{\"@type\":\"ImageObject\",\"inLanguage\":\"fi\",\"@id\":\"https:\/\/meremuuseum.ee\/jahisadam\/#\/schema\/logo\/image\/\",\"url\":\"https:\/\/meremuuseum.ee\/jahisadam\/wp-content\/uploads\/2022\/04\/favicon.png\",\"contentUrl\":\"https:\/\/meremuuseum.ee\/jahisadam\/wp-content\/uploads\/2022\/04\/favicon.png\",\"width\":512,\"height\":522,\"caption\":\"Lennusadama Jahisadam\"},\"image\":{\"@id\":\"https:\/\/meremuuseum.ee\/jahisadam\/#\/schema\/logo\/image\/\"}}]}<\/script>\n<!-- \/ Yoast SEO plugin. -->","yoast_head_json":{"title":"Sinilippu - Lennusadama Jahisadam","robots":{"index":"index","follow":"follow","max-snippet":"max-snippet:-1","max-image-preview":"max-image-preview:large","max-video-preview":"max-video-preview:-1"},"canonical":"https:\/\/meremuuseum.ee\/jahisadam\/fi\/jahisadam\/sinilipp\/","og_locale":"fi_FI","og_type":"article","og_title":"Sinilippu - Lennusadama Jahisadam","og_description":"Keskkonnap\u00f5him\u00f5ttedKeskkonnaalased k\u00e4itumisjuhised Sinilippu on kansainv\u00e4lisesti tunnustettu laatumerkki satamalle, matkailualukselle, huviveneelle tai uimarannalle. Sinilippu-ohjelmalla edistet\u00e4\u00e4n rantojen ja satamien kest\u00e4v\u00e4\u00e4 kehityst\u00e4 erityisesti nelj\u00e4ss\u00e4 luokassa: veden laatu, ymp\u00e4rist\u00f6njohtaminen, ymp\u00e4rist\u00f6koulutus ja -tieto sek\u00e4 turvallisuus. Jos ranta tai satama on saanut sinisen lipun, se tarkoittaa, ett\u00e4 vesi on hyv\u00e4laatuista, ranta on puhdas ja siisti, siell\u00e4 on turvallista ja puhdasta juomavett\u00e4 [&hellip;]","og_url":"https:\/\/meremuuseum.ee\/jahisadam\/fi\/jahisadam\/sinilipp\/","og_site_name":"Lennusadama Jahisadam","article_modified_time":"2023-04-18T13:28:15+00:00","og_image":[{"width":512,"height":522,"url":"https:\/\/meremuuseum.ee\/jahisadam\/wp-content\/uploads\/2022\/04\/favicon.png","type":"image\/png"}],"twitter_card":"summary_large_image","twitter_misc":{"Arvioitu lukuaika":"5 minuuttia"},"schema":{"@context":"https:\/\/schema.org","@graph":[{"@type":"WebPage","@id":"https:\/\/meremuuseum.ee\/jahisadam\/fi\/jahisadam\/sinilipp\/","url":"https:\/\/meremuuseum.ee\/jahisadam\/fi\/jahisadam\/sinilipp\/","name":"Sinilippu - Lennusadama Jahisadam","isPartOf":{"@id":"https:\/\/meremuuseum.ee\/jahisadam\/#website"},"datePublished":"2023-03-13T08:38:19+00:00","dateModified":"2023-04-18T13:28:15+00:00","breadcrumb":{"@id":"https:\/\/meremuuseum.ee\/jahisadam\/fi\/jahisadam\/sinilipp\/#breadcrumb"},"inLanguage":"fi","potentialAction":[{"@type":"ReadAction","target":["https:\/\/meremuuseum.ee\/jahisadam\/fi\/jahisadam\/sinilipp\/"]}]},{"@type":"BreadcrumbList","@id":"https:\/\/meremuuseum.ee\/jahisadam\/fi\/jahisadam\/sinilipp\/#breadcrumb","itemListElement":[{"@type":"ListItem","position":1,"name":"Home","item":"https:\/\/meremuuseum.ee\/jahisadam\/fi\/"},{"@type":"ListItem","position":2,"name":"Venesatama","item":"https:\/\/meremuuseum.ee\/jahisadam\/fi\/jahisadam\/"},{"@type":"ListItem","position":3,"name":"Sinilippu"}]},{"@type":"WebSite","@id":"https:\/\/meremuuseum.ee\/jahisadam\/#website","url":"https:\/\/meremuuseum.ee\/jahisadam\/","name":"Lennusadama Jahisadam","description":"","publisher":{"@id":"https:\/\/meremuuseum.ee\/jahisadam\/#organization"},"potentialAction":[{"@type":"SearchAction","target":{"@type":"EntryPoint","urlTemplate":"https:\/\/meremuuseum.ee\/jahisadam\/?s={search_term_string}"},"query-input":"required name=search_term_string"}],"inLanguage":"fi"},{"@type":"Organization","@id":"https:\/\/meremuuseum.ee\/jahisadam\/#organization","name":"Lennusadama Jahisadam","url":"https:\/\/meremuuseum.ee\/jahisadam\/","logo":{"@type":"ImageObject","inLanguage":"fi","@id":"https:\/\/meremuuseum.ee\/jahisadam\/#\/schema\/logo\/image\/","url":"https:\/\/meremuuseum.ee\/jahisadam\/wp-content\/uploads\/2022\/04\/favicon.png","contentUrl":"https:\/\/meremuuseum.ee\/jahisadam\/wp-content\/uploads\/2022\/04\/favicon.png","width":512,"height":522,"caption":"Lennusadama Jahisadam"},"image":{"@id":"https:\/\/meremuuseum.ee\/jahisadam\/#\/schema\/logo\/image\/"}}]}},"_links":{"self":[{"href":"https:\/\/meremuuseum.ee\/jahisadam\/fi\/wp-json\/wp\/v2\/pages\/1486"}],"collection":[{"href":"https:\/\/meremuuseum.ee\/jahisadam\/fi\/wp-json\/wp\/v2\/pages"}],"about":[{"href":"https:\/\/meremuuseum.ee\/jahisadam\/fi\/wp-json\/wp\/v2\/types\/page"}],"author":[{"embeddable":true,"href":"https:\/\/meremuuseum.ee\/jahisadam\/fi\/wp-json\/wp\/v2\/users\/1"}],"replies":[{"embeddable":true,"href":"https:\/\/meremuuseum.ee\/jahisadam\/fi\/wp-json\/wp\/v2\/comments?post=1486"}],"version-history":[{"count":1,"href":"https:\/\/meremuuseum.ee\/jahisadam\/fi\/wp-json\/wp\/v2\/pages\/1486\/revisions"}],"predecessor-version":[{"id":1488,"href":"https:\/\/meremuuseum.ee\/jahisadam\/fi\/wp-json\/wp\/v2\/pages\/1486\/revisions\/1488"}],"up":[{"embeddable":true,"href":"https:\/\/meremuuseum.ee\/jahisadam\/fi\/wp-json\/wp\/v2\/pages\/1466"}],"wp:attachment":[{"href":"https:\/\/meremuuseum.ee\/jahisadam\/fi\/wp-json\/wp\/v2\/media?parent=1486"}],"curies":[{"name":"wp","href":"https:\/\/api.w.org\/{rel}","templated":true}]}}