{"id":1459,"date":"2022-04-19T13:41:57","date_gmt":"2022-04-19T10:41:57","guid":{"rendered":"https:\/\/meremuuseum.ee\/jahisadam\/kontakt\/"},"modified":"2023-08-11T14:18:15","modified_gmt":"2023-08-11T11:18:15","slug":"kontakt","status":"publish","type":"page","link":"https:\/\/meremuuseum.ee\/jahisadam\/fi\/kontakt\/","title":{"rendered":"Yhteystiedot"},"content":{"rendered":"\t<div id=\"contact-block-block_626a3c646590a\" class=\"contact-block\">\n\t\t<div class=\"container\">\n\t\t\t<div class=\"row\">\n\t\t\t\t<div class=\"text col col-lg-6 col-12\">\n\t\t\t\t\t\t\t\t\t\t\t<h1>Yhteystiedot<\/h1>\n\t\t\t\t\t\n\t\t\t\t\t\n\t\t\t\t\t\t\t\t\t\t\t<div class=\"contacts row\">\n\t\t\t\t\t\t\t\t\t\t\t\t\t\t\t\t\t\t\t\t\t\t\t<div class=\"contact col col-sm-6 col-12\">\n\t\t\t\t\t\t\t\t\t<div class=\"image_wrapper\">\n\t\t\t\t\t\t\t\t\t\t<img loading=\"lazy\" decoding=\"async\" src=\"https:\/\/meremuuseum.ee\/jahisadam\/wp-content\/uploads\/2022\/04\/1-2.jpg\" width=\"430\" height=\"430\" alt=\"1 (2)\" \/>\n\t\t\t\t\t\t\t\t\t<\/div>\n\t\t\t\t\t\t\t\t\t<div class=\"contact_text\">\n\t\t\t\t\t\t\t\t\t\t<p><strong>Lauri V\u00e4insalu<\/strong><\/p>\n<p>Venesataman p\u00e4\u00e4llikk\u00f6<br \/>\n+372 502 2877<br \/>\n<a href=\"mailto:lauri@lennusadam.eu\">lauri@lennusadam.eu<\/a><\/p>\n\t\t\t\t\t\t\t\t\t<\/div>\n\t\t\t\t\t\t\t\t<\/div>\n\t\t\t\t\t\t\t\t\t\t\t\t\t\t\t\t\t\t\t\t\t\t\t<div class=\"contact col col-sm-6 col-12\">\n\t\t\t\t\t\t\t\t\t<div class=\"image_wrapper\">\n\t\t\t\t\t\t\t\t\t\t<img loading=\"lazy\" decoding=\"async\" src=\"https:\/\/meremuuseum.ee\/jahisadam\/wp-content\/uploads\/2023\/03\/tuuker3a-464x480-1.webp\" width=\"464\" height=\"480\" alt=\"tuuker3a-464&#215;480-1\" \/>\n\t\t\t\t\t\t\t\t\t<\/div>\n\t\t\t\t\t\t\t\t\t<div class=\"contact_text\">\n\t\t\t\t\t\t\t\t\t\t<p><strong>Siiri Pajo<\/strong><\/p>\n<p>Venesataman vahtimestari<br \/>\n+372 502 2877<br \/>\n<a href=\"mailto: siiri.pajo@lennusadam.eu\"> siiri.pajo@lennusadam.eu<\/a><\/p>\n\t\t\t\t\t\t\t\t\t<\/div>\n\t\t\t\t\t\t\t\t<\/div>\n\t\t\t\t\t\t\t\t\t\t\t\t\t<\/div>\n\t\t\t\t\t\t\t\t\t<\/div>\n\t\t\t\t<div class=\"contacts_list col col-lg-6 col-12\">\n\t\t\t\t\t\t\t\t\t\t\t<div class=\"col_wrapper d-flex justify-content-center\">\n\t\t\t\t\t\t\t<div class=\"col_container d-flex justify-content-center align-items-center flex-lg-column justify-content-lg-start align-items-lg-start flex-wrap\">\n\t\t\t\t\t\t\t\t\t\t\t\t\t\t\t\t\t\t\t\t\t\t\t\t\t\t<div class=\"contact col col-12 col-sm-auto d-flex align-items-center\">\n\t\t\t\t\t\t\t\t\t\t<div class=\"image_wrapper\">\n\t\t\t\t\t\t\t\t\t\t\t<img loading=\"lazy\" decoding=\"async\" class=\"no-lazy\" src=\"https:\/\/meremuuseum.ee\/jahisadam\/wp-content\/uploads\/2022\/04\/Mail.svg\" width=\"50\" height=\"36\" alt=\"Mail\" data-black=\"https:\/\/meremuuseum.ee\/jahisadam\/wp-content\/uploads\/2022\/05\/Mail.svg\" data-normal=\"https:\/\/meremuuseum.ee\/jahisadam\/wp-content\/uploads\/2022\/04\/Mail.svg\" \/>\n\t\t\t\t\t\t\t\t\t\t<\/div>\n\t\t\t\t\t\t\t\t\t\t<span>SADAM@LENNUSADAM.EU<\/span>\n\t\t\t\t\t\t\t\t\t<\/div>\n\t\t\t\t\t\t\t\t\t\t\t\t\t\t\t\t\t\t\t\t\t\t\t\t\t\t<div class=\"contact col col-12 col-sm-auto d-flex align-items-center\">\n\t\t\t\t\t\t\t\t\t\t<div class=\"image_wrapper\">\n\t\t\t\t\t\t\t\t\t\t\t<img loading=\"lazy\" decoding=\"async\" class=\"no-lazy\" src=\"https:\/\/meremuuseum.ee\/jahisadam\/wp-content\/uploads\/2022\/04\/Phone.svg\" width=\"41\" height=\"50\" alt=\"Phone\" data-black=\"https:\/\/meremuuseum.ee\/jahisadam\/wp-content\/uploads\/2022\/05\/Phone.svg\" data-normal=\"https:\/\/meremuuseum.ee\/jahisadam\/wp-content\/uploads\/2022\/04\/Phone.svg\" \/>\n\t\t\t\t\t\t\t\t\t\t<\/div>\n\t\t\t\t\t\t\t\t\t\t<span>+372 502 2877<\/span>\n\t\t\t\t\t\t\t\t\t<\/div>\n\t\t\t\t\t\t\t\t\t\t\t\t\t\t\t\t\t\t\t\t\t\t\t\t\t\t<div class=\"contact col col-12 col-sm-auto d-flex align-items-center\">\n\t\t\t\t\t\t\t\t\t\t<div class=\"image_wrapper\">\n\t\t\t\t\t\t\t\t\t\t\t<img loading=\"lazy\" decoding=\"async\" class=\"no-lazy\" src=\"https:\/\/meremuuseum.ee\/jahisadam\/wp-content\/uploads\/2022\/04\/Group-37.svg\" width=\"31\" height=\"62\" alt=\"Group 37\" data-black=\"https:\/\/meremuuseum.ee\/jahisadam\/wp-content\/uploads\/2022\/05\/Group-37.svg\" data-normal=\"https:\/\/meremuuseum.ee\/jahisadam\/wp-content\/uploads\/2022\/04\/Group-37.svg\" \/>\n\t\t\t\t\t\t\t\t\t\t<\/div>\n\t\t\t\t\t\t\t\t\t\t<span>VHF 74<\/span>\n\t\t\t\t\t\t\t\t\t<\/div>\n\t\t\t\t\t\t\t\t\t\t\t\t\t\t\t<\/div>\n\t\t\t\t\t\t<\/div>\n\t\t\t\t\t\t\t\t\t<\/div>\n\t\t\t<\/div>\n\t\t<\/div>\n\t<\/div>\n","protected":false},"excerpt":{"rendered":"","protected":false},"author":1,"featured_media":0,"parent":0,"menu_order":21,"comment_status":"closed","ping_status":"closed","template":"page-templates\/template-contact.php","meta":{"footnotes":""},"class_list":["post-1459","page","type-page","status-publish","hentry"],"acf":[],"yoast_head":"<!-- This site is optimized with the Yoast SEO plugin v23.2 - https:\/\/yoast.com\/wordpress\/plugins\/seo\/ -->\n<title>Yhteystiedot - Lennusadama Jahisadam<\/title>\n<meta name=\"robots\" content=\"index, follow, max-snippet:-1, max-image-preview:large, max-video-preview:-1\" \/>\n<link rel=\"canonical\" href=\"https:\/\/meremuuseum.ee\/jahisadam\/fi\/kontakt\/\" \/>\n<meta property=\"og:locale\" content=\"fi_FI\" \/>\n<meta property=\"og:type\" content=\"article\" \/>\n<meta property=\"og:title\" content=\"Yhteystiedot - Lennusadama Jahisadam\" \/>\n<meta property=\"og:url\" content=\"https:\/\/meremuuseum.ee\/jahisadam\/fi\/kontakt\/\" \/>\n<meta property=\"og:site_name\" content=\"Lennusadama Jahisadam\" \/>\n<meta property=\"article:modified_time\" content=\"2023-08-11T11:18:15+00:00\" \/>\n<meta property=\"og:image\" content=\"https:\/\/meremuuseum.ee\/jahisadam\/wp-content\/uploads\/2022\/04\/favicon.png\" \/>\n\t<meta property=\"og:image:width\" content=\"512\" \/>\n\t<meta property=\"og:image:height\" content=\"522\" \/>\n\t<meta property=\"og:image:type\" content=\"image\/png\" \/>\n<meta name=\"twitter:card\" content=\"summary_large_image\" \/>\n<script type=\"application\/ld+json\" class=\"yoast-schema-graph\">{\"@context\":\"https:\/\/schema.org\",\"@graph\":[{\"@type\":\"WebPage\",\"@id\":\"https:\/\/meremuuseum.ee\/jahisadam\/fi\/kontakt\/\",\"url\":\"https:\/\/meremuuseum.ee\/jahisadam\/fi\/kontakt\/\",\"name\":\"Yhteystiedot - Lennusadama Jahisadam\",\"isPartOf\":{\"@id\":\"https:\/\/meremuuseum.ee\/jahisadam\/#website\"},\"datePublished\":\"2022-04-19T10:41:57+00:00\",\"dateModified\":\"2023-08-11T11:18:15+00:00\",\"breadcrumb\":{\"@id\":\"https:\/\/meremuuseum.ee\/jahisadam\/fi\/kontakt\/#breadcrumb\"},\"inLanguage\":\"fi\",\"potentialAction\":[{\"@type\":\"ReadAction\",\"target\":[\"https:\/\/meremuuseum.ee\/jahisadam\/fi\/kontakt\/\"]}]},{\"@type\":\"BreadcrumbList\",\"@id\":\"https:\/\/meremuuseum.ee\/jahisadam\/fi\/kontakt\/#breadcrumb\",\"itemListElement\":[{\"@type\":\"ListItem\",\"position\":1,\"name\":\"Home\",\"item\":\"https:\/\/meremuuseum.ee\/jahisadam\/fi\/\"},{\"@type\":\"ListItem\",\"position\":2,\"name\":\"Yhteystiedot\"}]},{\"@type\":\"WebSite\",\"@id\":\"https:\/\/meremuuseum.ee\/jahisadam\/#website\",\"url\":\"https:\/\/meremuuseum.ee\/jahisadam\/\",\"name\":\"Lennusadama Jahisadam\",\"description\":\"\",\"publisher\":{\"@id\":\"https:\/\/meremuuseum.ee\/jahisadam\/#organization\"},\"potentialAction\":[{\"@type\":\"SearchAction\",\"target\":{\"@type\":\"EntryPoint\",\"urlTemplate\":\"https:\/\/meremuuseum.ee\/jahisadam\/?s={search_term_string}\"},\"query-input\":\"required name=search_term_string\"}],\"inLanguage\":\"fi\"},{\"@type\":\"Organization\",\"@id\":\"https:\/\/meremuuseum.ee\/jahisadam\/#organization\",\"name\":\"Lennusadama Jahisadam\",\"url\":\"https:\/\/meremuuseum.ee\/jahisadam\/\",\"logo\":{\"@type\":\"ImageObject\",\"inLanguage\":\"fi\",\"@id\":\"https:\/\/meremuuseum.ee\/jahisadam\/#\/schema\/logo\/image\/\",\"url\":\"https:\/\/meremuuseum.ee\/jahisadam\/wp-content\/uploads\/2022\/04\/favicon.png\",\"contentUrl\":\"https:\/\/meremuuseum.ee\/jahisadam\/wp-content\/uploads\/2022\/04\/favicon.png\",\"width\":512,\"height\":522,\"caption\":\"Lennusadama Jahisadam\"},\"image\":{\"@id\":\"https:\/\/meremuuseum.ee\/jahisadam\/#\/schema\/logo\/image\/\"}}]}<\/script>\n<!-- \/ Yoast SEO plugin. -->","yoast_head_json":{"title":"Yhteystiedot - Lennusadama Jahisadam","robots":{"index":"index","follow":"follow","max-snippet":"max-snippet:-1","max-image-preview":"max-image-preview:large","max-video-preview":"max-video-preview:-1"},"canonical":"https:\/\/meremuuseum.ee\/jahisadam\/fi\/kontakt\/","og_locale":"fi_FI","og_type":"article","og_title":"Yhteystiedot - Lennusadama Jahisadam","og_url":"https:\/\/meremuuseum.ee\/jahisadam\/fi\/kontakt\/","og_site_name":"Lennusadama Jahisadam","article_modified_time":"2023-08-11T11:18:15+00:00","og_image":[{"width":512,"height":522,"url":"https:\/\/meremuuseum.ee\/jahisadam\/wp-content\/uploads\/2022\/04\/favicon.png","type":"image\/png"}],"twitter_card":"summary_large_image","schema":{"@context":"https:\/\/schema.org","@graph":[{"@type":"WebPage","@id":"https:\/\/meremuuseum.ee\/jahisadam\/fi\/kontakt\/","url":"https:\/\/meremuuseum.ee\/jahisadam\/fi\/kontakt\/","name":"Yhteystiedot - Lennusadama Jahisadam","isPartOf":{"@id":"https:\/\/meremuuseum.ee\/jahisadam\/#website"},"datePublished":"2022-04-19T10:41:57+00:00","dateModified":"2023-08-11T11:18:15+00:00","breadcrumb":{"@id":"https:\/\/meremuuseum.ee\/jahisadam\/fi\/kontakt\/#breadcrumb"},"inLanguage":"fi","potentialAction":[{"@type":"ReadAction","target":["https:\/\/meremuuseum.ee\/jahisadam\/fi\/kontakt\/"]}]},{"@type":"BreadcrumbList","@id":"https:\/\/meremuuseum.ee\/jahisadam\/fi\/kontakt\/#breadcrumb","itemListElement":[{"@type":"ListItem","position":1,"name":"Home","item":"https:\/\/meremuuseum.ee\/jahisadam\/fi\/"},{"@type":"ListItem","position":2,"name":"Yhteystiedot"}]},{"@type":"WebSite","@id":"https:\/\/meremuuseum.ee\/jahisadam\/#website","url":"https:\/\/meremuuseum.ee\/jahisadam\/","name":"Lennusadama Jahisadam","description":"","publisher":{"@id":"https:\/\/meremuuseum.ee\/jahisadam\/#organization"},"potentialAction":[{"@type":"SearchAction","target":{"@type":"EntryPoint","urlTemplate":"https:\/\/meremuuseum.ee\/jahisadam\/?s={search_term_string}"},"query-input":"required name=search_term_string"}],"inLanguage":"fi"},{"@type":"Organization","@id":"https:\/\/meremuuseum.ee\/jahisadam\/#organization","name":"Lennusadama Jahisadam","url":"https:\/\/meremuuseum.ee\/jahisadam\/","logo":{"@type":"ImageObject","inLanguage":"fi","@id":"https:\/\/meremuuseum.ee\/jahisadam\/#\/schema\/logo\/image\/","url":"https:\/\/meremuuseum.ee\/jahisadam\/wp-content\/uploads\/2022\/04\/favicon.png","contentUrl":"https:\/\/meremuuseum.ee\/jahisadam\/wp-content\/uploads\/2022\/04\/favicon.png","width":512,"height":522,"caption":"Lennusadama Jahisadam"},"image":{"@id":"https:\/\/meremuuseum.ee\/jahisadam\/#\/schema\/logo\/image\/"}}]}},"_links":{"self":[{"href":"https:\/\/meremuuseum.ee\/jahisadam\/fi\/wp-json\/wp\/v2\/pages\/1459"}],"collection":[{"href":"https:\/\/meremuuseum.ee\/jahisadam\/fi\/wp-json\/wp\/v2\/pages"}],"about":[{"href":"https:\/\/meremuuseum.ee\/jahisadam\/fi\/wp-json\/wp\/v2\/types\/page"}],"author":[{"embeddable":true,"href":"https:\/\/meremuuseum.ee\/jahisadam\/fi\/wp-json\/wp\/v2\/users\/1"}],"replies":[{"embeddable":true,"href":"https:\/\/meremuuseum.ee\/jahisadam\/fi\/wp-json\/wp\/v2\/comments?post=1459"}],"version-history":[{"count":6,"href":"https:\/\/meremuuseum.ee\/jahisadam\/fi\/wp-json\/wp\/v2\/pages\/1459\/revisions"}],"predecessor-version":[{"id":1593,"href":"https:\/\/meremuuseum.ee\/jahisadam\/fi\/wp-json\/wp\/v2\/pages\/1459\/revisions\/1593"}],"wp:attachment":[{"href":"https:\/\/meremuuseum.ee\/jahisadam\/fi\/wp-json\/wp\/v2\/media?parent=1459"}],"curies":[{"name":"wp","href":"https:\/\/api.w.org\/{rel}","templated":true}]}}