{"id":1442,"date":"2022-04-19T13:42:20","date_gmt":"2022-04-19T10:42:20","guid":{"rendered":"https:\/\/meremuuseum.ee\/jahisadam\/sadamast-merele\/"},"modified":"2023-04-18T13:53:27","modified_gmt":"2023-04-18T10:53:27","slug":"sadamast-merele","status":"publish","type":"page","link":"https:\/\/meremuuseum.ee\/jahisadam\/fi\/sadamast-merele\/","title":{"rendered":"Satamasta merelle"},"content":{"rendered":"\n<p>LLentosataman venesatamasta l\u00e4htee merelle ja useisiin eri kohteisiin monia kiinnostavia laivoja.<\/p>\n\n\n\t<div id=\"text-image-rows-block-block_62693c0f75a75\" class=\"text-image-rows-block has_top_space has_bottom_space\">\n\t\t<div class=\"container\">\n\t\t\t\t\t\t\t\t\t\t\t<div class=\"row align-items-center \">\n\t\t\t\t\t<div class=\"col col-12 col-lg-6\">\n\t\t\t\t\t\t\t\t\t\t\t\t\t<h2>Purjehdustunnit MT\u00dc Eesti Noorte Purje\u00f5ppeseltsin kanssa<\/h2>\n\t\t\t\t\t\t\n\t\t\t\t\t\t\t\t\t\t\t\t\t<div class=\"text-wrap\">\n\t\t\t\t\t\t\t\t<p>Purjehduskoulutusvene Vesta tekee Lentosataman kelluvasta A2-laiturista purjehduskoulutusmatkoja Tallinnanlahdelle ja kauemmas. MT\u00dc Eesti Noorte Purje\u00f5ppeseltsin purjehduskurssit on tarkoitettu nuorille ja nuorenmielisille, eik\u00e4 purjehtimaan tulijalla tarvitse olla aiempaa purjehduskokemusta. Opit kaiken tarvittavan matkan aikana!<br \/>\nOpetamme ihmisi\u00e4 merell\u00e4!<\/p>\n\t\t\t\t\t\t\t<\/div>\n\t\t\t\t\t\t\n\t\t\t\t\t\t\n\t\t\t\t\t\t\t\t\t\t\t\t\t<div class=\"bottom_text_wrapper\">\n\t\t\t\t\t\t\t\t<p>Puhelinnumero: <a href=\"tel:+37253420206\">+37253420206<\/a><br \/>\nS\u00e4hk\u00f6postiosoite: <a href=\"mailto:Info@staestonia.eu\">Info@staestonia.eu<\/a><br \/>\nKotisivu: <a href=\"http:\/\/www.staestonia.eu\/purjeope\" target=\"_blank\" rel=\"noopener\">http:\/\/www.staestonia.eu\/<\/a><\/p>\n\t\t\t\t\t\t\t<\/div>\n\t\t\t\t\t\t\t\t\t\t\t<\/div>\n\n\t\t\t\t\t<div class=\"col col-12 col-lg-6 image\">\n\t\t\t\t\t\t\t\t\t\t\t\t\t\t\t\t\t\t\t\t\t\t\t\t\t\t\t\t<div class=\"img-wrap\">\n\t\t\t\t\t\t\t\t\t<div class=\"image-container bg-center\" style=\"background-image: url(https:\/\/meremuuseum.ee\/jahisadam\/wp-content\/uploads\/2022\/04\/Rectangle-2-3-1.jpg);\"><\/div>\n\t\t\t\t\t\t\t\t<\/div>\n\t\t\t\t\t\t\t\t\t\t\t\t\t\t\t\t\t\t<\/div>\n\t\t\t\t<\/div>\n\t\t\t\t\t\t\t\t\t\t\t<div class=\"row align-items-center  flex-row-reverse\">\n\t\t\t\t\t<div class=\"col col-12 col-lg-6\">\n\t\t\t\t\t\t\t\t\t\t\t\t\t<h2>Meritaksi<\/h2>\n\t\t\t\t\t\t\n\t\t\t\t\t\t\t\t\t\t\t\t\t<div class=\"text-wrap\">\n\t\t\t\t\t\t\t\t<p>Meritaksi tarjoaa matkoja Tallinnanlahdella ja kuljetusta Aegnaan ja Naissaareen.<br \/>\nLaivastossa on kolme alusta, joista kaksi on pikaveneit\u00e4.<\/p>\n\t\t\t\t\t\t\t<\/div>\n\t\t\t\t\t\t\n\t\t\t\t\t\t\n\t\t\t\t\t\t\t\t\t\t\t\t\t<div class=\"bottom_text_wrapper\">\n\t\t\t\t\t\t\t\t<p>Puhelinnumero: <a href=\"tel:+3725011416\">+3725011416<\/a><br \/>\nS\u00e4hk\u00f6postiosoite: <a href=\"mailto:info@meretakso.ee\">info@meretakso.ee<\/a> tai <a href=\"mailto:eestimeri@gmail.com\">eestimeri@gmail.com<\/a><br \/>\nKotisivu: <a href=\"http:\/\/meretakso.ee\/\" target=\"_blank\" rel=\"noopener\">http:\/\/meretakso.ee\/<\/a><\/p>\n\t\t\t\t\t\t\t<\/div>\n\t\t\t\t\t\t\t\t\t\t\t<\/div>\n\n\t\t\t\t\t<div class=\"col col-12 col-lg-6 image\">\n\t\t\t\t\t\t\t\t\t\t\t\t\t\t\t\t\t\t\t\t\t\t\t\t\t\t\t\t<div class=\"img-wrap\">\n\t\t\t\t\t\t\t\t\t<div class=\"image-container bg-center\" style=\"background-image: url(https:\/\/meremuuseum.ee\/jahisadam\/wp-content\/uploads\/2022\/06\/Gundel-30.04.2020_067-1-scaled.jpg);\"><\/div>\n\t\t\t\t\t\t\t\t<\/div>\n\t\t\t\t\t\t\t\t\t\t\t\t\t\t\t\t\t\t<\/div>\n\t\t\t\t<\/div>\n\t\t\t\t\t\t\t\t\t\t\t<div class=\"row align-items-center \">\n\t\t\t\t\t<div class=\"col col-12 col-lg-6\">\n\t\t\t\t\t\t\t\t\t\t\t\t\t<h2>Muff matkad<\/h2>\n\t\t\t\t\t\t\n\t\t\t\t\t\t\t\t\t\t\t\t\t<div class=\"text-wrap\">\n\t\t\t\t\t\t\t\t<p>Muff Matkad j\u00e4rjest\u00e4\u00e4 retki\u00e4, syntym\u00e4p\u00e4ivi\u00e4, tiimitapahtumia, kes\u00e4p\u00e4ivi\u00e4, matkoja ja muuten vaan seikkailuja.<br \/>\nTapahtumat alkavat p\u00e4\u00e4asiassa Tallinnan Lentosatamasta, mutta voimme j\u00e4rjest\u00e4\u00e4 my\u00f6s kauemmas kohdistuvia pidempi\u00e4 seikkailuja.<br \/>\nMonipuolisuutta lis\u00e4\u00e4v\u00e4t purjevene Alison, kajakit, supit, veneet jne. Lis\u00e4ksi Muff j\u00e4rjest\u00e4\u00e4 sis\u00e4ll\u00f6lt\u00e4\u00e4n erilaisia koulutuksia.<br \/>\nJos kiinnostuit, ota meihin yhteytt\u00e4.<\/p>\n\t\t\t\t\t\t\t<\/div>\n\t\t\t\t\t\t\n\t\t\t\t\t\t\n\t\t\t\t\t\t\t\t\t\t\t\t\t<div class=\"bottom_text_wrapper\">\n\t\t\t\t\t\t\t\t<p>Puhelinnumero: <a href=\"tel:+3725154156\">+3725154156<\/a><br \/>\nS\u00e4hk\u00f6postiosoite: <a href=\"mailto:info@muff.ee\">info@muff.ee<\/a><br \/>\nKotisivu: <a href=\"http:\/\/muff.ee\/\" target=\"_blank\" rel=\"noopener\">http:\/\/muff.ee\/<\/a><\/p>\n\t\t\t\t\t\t\t<\/div>\n\t\t\t\t\t\t\t\t\t\t\t<\/div>\n\n\t\t\t\t\t<div class=\"col col-12 col-lg-6 image\">\n\t\t\t\t\t\t\t\t\t\t\t\t\t\t\t\t\t\t\t\t\t\t\t\t\t\t\t\t<div class=\"img-wrap\">\n\t\t\t\t\t\t\t\t\t<div class=\"image-container bg-center\" style=\"background-image: url(https:\/\/meremuuseum.ee\/jahisadam\/wp-content\/uploads\/2023\/02\/Muff-Matkad-scaled.jpg);\"><\/div>\n\t\t\t\t\t\t\t\t<\/div>\n\t\t\t\t\t\t\t\t\t\t\t\t\t\t\t\t\t\t<\/div>\n\t\t\t\t<\/div>\n\t\t\t\t\t\t\t\t\t\t\t<div class=\"row align-items-center  flex-row-reverse\">\n\t\t\t\t\t<div class=\"col col-12 col-lg-6\">\n\t\t\t\t\t\t\t\t\t\t\t\t\t<h2>Windrose Cruising<\/h2>\n\t\t\t\t\t\t\n\t\t\t\t\t\t\t\t\t\t\t\t\t<div class=\"text-wrap\">\n\t\t\t\t\t\t\t\t<p>Purjevene Windrose tarjoaa tilausmatkoja ja purjehdusopetusta Tallinnanlahdella. L\u00f6yd\u00e4t meid\u00e4t Lentosataman laiturista B3.<\/p>\n\t\t\t\t\t\t\t<\/div>\n\t\t\t\t\t\t\n\t\t\t\t\t\t\n\t\t\t\t\t\t\t\t\t\t\t\t\t<div class=\"bottom_text_wrapper\">\n\t\t\t\t\t\t\t\t<p>Puhelinnumero: <a href=\"tel:+3725066628\">+3725066628<\/a><br \/>\nS\u00e4hk\u00f6postiosoite: <a href=\"mailto:info@windrosecruising.ee\">info@windrosecruising.ee<\/a><br \/>\nKotisivu: <a href=\"https:\/\/windrosecruising.ee\" target=\"_blank\" rel=\"noopener\">https:\/\/windrosecruising.ee<\/a><br \/>\nFacebook:\u00a0<a href=\"https:\/\/www.facebook.com\/windrosecruising\" target=\"_blank\" rel=\"noopener\">Windrose Cruising<\/a><\/p>\n\t\t\t\t\t\t\t<\/div>\n\t\t\t\t\t\t\t\t\t\t\t<\/div>\n\n\t\t\t\t\t<div class=\"col col-12 col-lg-6 image\">\n\t\t\t\t\t\t\t\t\t\t\t\t\t\t\t\t\t\t\t\t\t\t\t\t\t\t\t\t<div class=\"img-wrap\">\n\t\t\t\t\t\t\t\t\t<div class=\"image-container bg-center\" style=\"background-image: url(https:\/\/meremuuseum.ee\/jahisadam\/wp-content\/uploads\/2022\/06\/Windrose-Cruising.jpg);\"><\/div>\n\t\t\t\t\t\t\t\t<\/div>\n\t\t\t\t\t\t\t\t\t\t\t\t\t\t\t\t\t\t<\/div>\n\t\t\t\t<\/div>\n\t\t\t\t\t\t\t\t\t\t\t<div class=\"row align-items-center \">\n\t\t\t\t\t<div class=\"col col-12 col-lg-6\">\n\t\t\t\t\t\t\t\t\t\t\t\t\t<h2>Sail United MT\u00dc<\/h2>\n\t\t\t\t\t\t\n\t\t\t\t\t\t\t\t\t\t\t\t\t<div class=\"text-wrap\">\n\t\t\t\t\t\t\t\t<p>J\u00e4rjest\u00e4mme lyhyempi\u00e4 matkoja ja purjehduskoulutusta Tallinnanlahdella, pidempi\u00e4 opetusmatkoja avomerell\u00e4 sek\u00e4 hauskoja ja seikkailullisia meriretki\u00e4.<\/p>\n\t\t\t\t\t\t\t<\/div>\n\t\t\t\t\t\t\n\t\t\t\t\t\t\n\t\t\t\t\t\t\t\t\t\t\t\t\t<div class=\"bottom_text_wrapper\">\n\t\t\t\t\t\t\t\t<p>Puhelinnumero: <a href=\"mailto:info@sailunited.ee\" target=\"_blank\" rel=\"noopener\">info@sailunited.ee<\/a><br \/>\nKotisivu: <a href=\"https:\/\/sailunited.ee \" target=\"_blank\" rel=\"noopener\">https:\/\/sailunited.ee <\/a><br \/>\nFacebook: <a href=\"https:\/\/www.facebook.com\/SailUnited.MTU\/?ref=page_internal\">Sail United MT\u00dc<\/a><\/p>\n\t\t\t\t\t\t\t<\/div>\n\t\t\t\t\t\t\t\t\t\t\t<\/div>\n\n\t\t\t\t\t<div class=\"col col-12 col-lg-6 image\">\n\t\t\t\t\t\t\t\t\t\t\t\t\t\t\t\t\t\t\t\t\t\t\t\t\t\t\t\t<div class=\"img-wrap\">\n\t\t\t\t\t\t\t\t\t<div class=\"image-container bg-center\" style=\"background-image: url(https:\/\/meremuuseum.ee\/jahisadam\/wp-content\/uploads\/2023\/02\/Sail-united.jpeg);\"><\/div>\n\t\t\t\t\t\t\t\t<\/div>\n\t\t\t\t\t\t\t\t\t\t\t\t\t\t\t\t\t\t<\/div>\n\t\t\t\t<\/div>\n\t\t\t\t\t<\/div>\n\t<\/div>\n","protected":false},"excerpt":{"rendered":"Lennusadama jahisadamast viivad merele ja mitmesse sihtkohta mitu p\u00f5nevat laeva.","protected":false},"author":1,"featured_media":0,"parent":0,"menu_order":4,"comment_status":"closed","ping_status":"closed","template":"","meta":{"footnotes":""},"class_list":["post-1442","page","type-page","status-publish","hentry"],"acf":[],"yoast_head":"<!-- This site is optimized with the Yoast SEO plugin v23.2 - https:\/\/yoast.com\/wordpress\/plugins\/seo\/ -->\n<title>Satamasta merelle - Lennusadama Jahisadam<\/title>\n<meta name=\"robots\" content=\"index, follow, max-snippet:-1, max-image-preview:large, max-video-preview:-1\" \/>\n<link rel=\"canonical\" href=\"https:\/\/meremuuseum.ee\/jahisadam\/fi\/sadamast-merele\/\" \/>\n<meta property=\"og:locale\" content=\"fi_FI\" \/>\n<meta property=\"og:type\" content=\"article\" \/>\n<meta property=\"og:title\" content=\"Satamasta merelle - Lennusadama Jahisadam\" \/>\n<meta property=\"og:description\" content=\"Lennusadama jahisadamast viivad merele ja mitmesse sihtkohta mitu p\u00f5nevat laeva.\" \/>\n<meta property=\"og:url\" content=\"https:\/\/meremuuseum.ee\/jahisadam\/fi\/sadamast-merele\/\" \/>\n<meta property=\"og:site_name\" content=\"Lennusadama Jahisadam\" \/>\n<meta property=\"article:modified_time\" content=\"2023-04-18T10:53:27+00:00\" \/>\n<meta property=\"og:image\" content=\"https:\/\/meremuuseum.ee\/jahisadam\/wp-content\/uploads\/2022\/04\/favicon.png\" \/>\n\t<meta property=\"og:image:width\" content=\"512\" \/>\n\t<meta property=\"og:image:height\" content=\"522\" \/>\n\t<meta property=\"og:image:type\" content=\"image\/png\" \/>\n<meta name=\"twitter:card\" content=\"summary_large_image\" \/>\n<script type=\"application\/ld+json\" class=\"yoast-schema-graph\">{\"@context\":\"https:\/\/schema.org\",\"@graph\":[{\"@type\":\"WebPage\",\"@id\":\"https:\/\/meremuuseum.ee\/jahisadam\/fi\/sadamast-merele\/\",\"url\":\"https:\/\/meremuuseum.ee\/jahisadam\/fi\/sadamast-merele\/\",\"name\":\"Satamasta merelle - Lennusadama Jahisadam\",\"isPartOf\":{\"@id\":\"https:\/\/meremuuseum.ee\/jahisadam\/#website\"},\"datePublished\":\"2022-04-19T10:42:20+00:00\",\"dateModified\":\"2023-04-18T10:53:27+00:00\",\"breadcrumb\":{\"@id\":\"https:\/\/meremuuseum.ee\/jahisadam\/fi\/sadamast-merele\/#breadcrumb\"},\"inLanguage\":\"fi\",\"potentialAction\":[{\"@type\":\"ReadAction\",\"target\":[\"https:\/\/meremuuseum.ee\/jahisadam\/fi\/sadamast-merele\/\"]}]},{\"@type\":\"BreadcrumbList\",\"@id\":\"https:\/\/meremuuseum.ee\/jahisadam\/fi\/sadamast-merele\/#breadcrumb\",\"itemListElement\":[{\"@type\":\"ListItem\",\"position\":1,\"name\":\"Home\",\"item\":\"https:\/\/meremuuseum.ee\/jahisadam\/fi\/\"},{\"@type\":\"ListItem\",\"position\":2,\"name\":\"Satamasta merelle\"}]},{\"@type\":\"WebSite\",\"@id\":\"https:\/\/meremuuseum.ee\/jahisadam\/#website\",\"url\":\"https:\/\/meremuuseum.ee\/jahisadam\/\",\"name\":\"Lennusadama Jahisadam\",\"description\":\"\",\"publisher\":{\"@id\":\"https:\/\/meremuuseum.ee\/jahisadam\/#organization\"},\"potentialAction\":[{\"@type\":\"SearchAction\",\"target\":{\"@type\":\"EntryPoint\",\"urlTemplate\":\"https:\/\/meremuuseum.ee\/jahisadam\/?s={search_term_string}\"},\"query-input\":\"required name=search_term_string\"}],\"inLanguage\":\"fi\"},{\"@type\":\"Organization\",\"@id\":\"https:\/\/meremuuseum.ee\/jahisadam\/#organization\",\"name\":\"Lennusadama Jahisadam\",\"url\":\"https:\/\/meremuuseum.ee\/jahisadam\/\",\"logo\":{\"@type\":\"ImageObject\",\"inLanguage\":\"fi\",\"@id\":\"https:\/\/meremuuseum.ee\/jahisadam\/#\/schema\/logo\/image\/\",\"url\":\"https:\/\/meremuuseum.ee\/jahisadam\/wp-content\/uploads\/2022\/04\/favicon.png\",\"contentUrl\":\"https:\/\/meremuuseum.ee\/jahisadam\/wp-content\/uploads\/2022\/04\/favicon.png\",\"width\":512,\"height\":522,\"caption\":\"Lennusadama Jahisadam\"},\"image\":{\"@id\":\"https:\/\/meremuuseum.ee\/jahisadam\/#\/schema\/logo\/image\/\"}}]}<\/script>\n<!-- \/ Yoast SEO plugin. -->","yoast_head_json":{"title":"Satamasta merelle - Lennusadama Jahisadam","robots":{"index":"index","follow":"follow","max-snippet":"max-snippet:-1","max-image-preview":"max-image-preview:large","max-video-preview":"max-video-preview:-1"},"canonical":"https:\/\/meremuuseum.ee\/jahisadam\/fi\/sadamast-merele\/","og_locale":"fi_FI","og_type":"article","og_title":"Satamasta merelle - Lennusadama Jahisadam","og_description":"Lennusadama jahisadamast viivad merele ja mitmesse sihtkohta mitu p\u00f5nevat laeva.","og_url":"https:\/\/meremuuseum.ee\/jahisadam\/fi\/sadamast-merele\/","og_site_name":"Lennusadama Jahisadam","article_modified_time":"2023-04-18T10:53:27+00:00","og_image":[{"width":512,"height":522,"url":"https:\/\/meremuuseum.ee\/jahisadam\/wp-content\/uploads\/2022\/04\/favicon.png","type":"image\/png"}],"twitter_card":"summary_large_image","schema":{"@context":"https:\/\/schema.org","@graph":[{"@type":"WebPage","@id":"https:\/\/meremuuseum.ee\/jahisadam\/fi\/sadamast-merele\/","url":"https:\/\/meremuuseum.ee\/jahisadam\/fi\/sadamast-merele\/","name":"Satamasta merelle - Lennusadama Jahisadam","isPartOf":{"@id":"https:\/\/meremuuseum.ee\/jahisadam\/#website"},"datePublished":"2022-04-19T10:42:20+00:00","dateModified":"2023-04-18T10:53:27+00:00","breadcrumb":{"@id":"https:\/\/meremuuseum.ee\/jahisadam\/fi\/sadamast-merele\/#breadcrumb"},"inLanguage":"fi","potentialAction":[{"@type":"ReadAction","target":["https:\/\/meremuuseum.ee\/jahisadam\/fi\/sadamast-merele\/"]}]},{"@type":"BreadcrumbList","@id":"https:\/\/meremuuseum.ee\/jahisadam\/fi\/sadamast-merele\/#breadcrumb","itemListElement":[{"@type":"ListItem","position":1,"name":"Home","item":"https:\/\/meremuuseum.ee\/jahisadam\/fi\/"},{"@type":"ListItem","position":2,"name":"Satamasta merelle"}]},{"@type":"WebSite","@id":"https:\/\/meremuuseum.ee\/jahisadam\/#website","url":"https:\/\/meremuuseum.ee\/jahisadam\/","name":"Lennusadama Jahisadam","description":"","publisher":{"@id":"https:\/\/meremuuseum.ee\/jahisadam\/#organization"},"potentialAction":[{"@type":"SearchAction","target":{"@type":"EntryPoint","urlTemplate":"https:\/\/meremuuseum.ee\/jahisadam\/?s={search_term_string}"},"query-input":"required name=search_term_string"}],"inLanguage":"fi"},{"@type":"Organization","@id":"https:\/\/meremuuseum.ee\/jahisadam\/#organization","name":"Lennusadama Jahisadam","url":"https:\/\/meremuuseum.ee\/jahisadam\/","logo":{"@type":"ImageObject","inLanguage":"fi","@id":"https:\/\/meremuuseum.ee\/jahisadam\/#\/schema\/logo\/image\/","url":"https:\/\/meremuuseum.ee\/jahisadam\/wp-content\/uploads\/2022\/04\/favicon.png","contentUrl":"https:\/\/meremuuseum.ee\/jahisadam\/wp-content\/uploads\/2022\/04\/favicon.png","width":512,"height":522,"caption":"Lennusadama Jahisadam"},"image":{"@id":"https:\/\/meremuuseum.ee\/jahisadam\/#\/schema\/logo\/image\/"}}]}},"_links":{"self":[{"href":"https:\/\/meremuuseum.ee\/jahisadam\/fi\/wp-json\/wp\/v2\/pages\/1442"}],"collection":[{"href":"https:\/\/meremuuseum.ee\/jahisadam\/fi\/wp-json\/wp\/v2\/pages"}],"about":[{"href":"https:\/\/meremuuseum.ee\/jahisadam\/fi\/wp-json\/wp\/v2\/types\/page"}],"author":[{"embeddable":true,"href":"https:\/\/meremuuseum.ee\/jahisadam\/fi\/wp-json\/wp\/v2\/users\/1"}],"replies":[{"embeddable":true,"href":"https:\/\/meremuuseum.ee\/jahisadam\/fi\/wp-json\/wp\/v2\/comments?post=1442"}],"version-history":[{"count":6,"href":"https:\/\/meremuuseum.ee\/jahisadam\/fi\/wp-json\/wp\/v2\/pages\/1442\/revisions"}],"predecessor-version":[{"id":1451,"href":"https:\/\/meremuuseum.ee\/jahisadam\/fi\/wp-json\/wp\/v2\/pages\/1442\/revisions\/1451"}],"wp:attachment":[{"href":"https:\/\/meremuuseum.ee\/jahisadam\/fi\/wp-json\/wp\/v2\/media?parent=1442"}],"curies":[{"name":"wp","href":"https:\/\/api.w.org\/{rel}","templated":true}]}}