{"id":1437,"date":"2022-04-29T13:06:11","date_gmt":"2022-04-29T10:06:11","guid":{"rendered":"https:\/\/meremuuseum.ee\/jahisadam\/teenused-ja-hinnad\/suvekohvik\/"},"modified":"2025-07-20T01:12:09","modified_gmt":"2025-07-19T22:12:09","slug":"suvekohvik","status":"publish","type":"page","link":"https:\/\/meremuuseum.ee\/jahisadam\/fi\/teenused-ja-hinnad\/suvekohvik\/","title":{"rendered":"Kes\u00e4kahvila"},"content":{"rendered":"\t<div id=\"cafe-block-block_626bbb352fddd\" class=\"cafe-block\">\n\t\t<div class=\"container\">\n\t\t\t<div class=\"row\">\n\t\t\t\t<div class=\"text col col-md-9 col-12\">\n\t\t\t\t\t\t\t\t\t\t\t<h1>Kes\u00e4kahvila<\/h1>\n\t\t\t\t\t\n\t\t\t\t\t\t\t\t\t\t\t<div class=\"text_wrapper\">\n\t\t\t\t\t\t\t<p data-start=\"64\" data-end=\"194\">L\u00f6yd\u00e4t upean n\u00e4k\u00f6alan ja herkullisen ruokalistan Jahisataman kes\u00e4kahvilan venesataman B-laiturin p\u00e4\u00e4st\u00e4, satamatoimiston vierest\u00e4.<\/p>\n<p data-start=\"196\" data-end=\"489\">Ruokalistalta l\u00f6yd\u00e4t laavakivigrilliss\u00e4 valmistettuja hampurilaisia, herkullisia italialaistyylisi\u00e4 pizzoja sek\u00e4 erilaisia street food -henkisi\u00e4 makuel\u00e4myksi\u00e4, j\u00e4\u00e4tel\u00f6\u00e4 ja sek\u00e4 kylmi\u00e4 ett\u00e4 kuumia juomia.<br data-start=\"399\" data-end=\"402\" \/>Tule nauttimaan rennosta kes\u00e4tunnelmasta tai nappaa herkullinen annos mukaan veneeseen.<\/p>\n<p data-start=\"491\" data-end=\"711\">Kahvila on avoinna kes\u00e4kuukausina p\u00e4ivitt\u00e4in klo 12 alkaen \u2013 s\u00e4\u00e4n mukaan. Sateisella, kylm\u00e4ll\u00e4 tai hyvin tuulisella s\u00e4\u00e4ll\u00e4 saatamme olla suljettuja, mutta l\u00e4mpim\u00e4ll\u00e4 ja tyynell\u00e4 s\u00e4\u00e4ll\u00e4 olemme avoinna pitk\u00e4\u00e4n iltaan asti.<\/p>\n<p data-start=\"713\" data-end=\"819\">Ajankohtaisimman ja tarkimman tiedon aukioloajoista saat sosiaalisesta mediastamme tai soittamalla meille.<\/p>\n<p data-start=\"821\" data-end=\"919\">Tilaa ruokaa etuk\u00e4teen \/ varaa p\u00f6yt\u00e4 \/ kysy aukioloajoista \/ tutustu ruokalistaan: +372 58 6600 23<\/p>\n<p data-start=\"921\" data-end=\"1120\">Muita kysymyksi\u00e4 tai erikoistapahtumia varten voit kirjoittaa meille osoitteeseen <a class=\"cursor-pointer\" rel=\"noopener\" data-start=\"1003\" data-end=\"1035\">jahisadamakohvik@marucatering.ee<\/a>, l\u00e4hett\u00e4\u00e4 viestin Facebookissa tai Instagramissa tai soittaa numeroon +372 5770 2885<\/p>\n<p><a href=\"https:\/\/goo.gl\/maps\/jT2mprCpATE1Z4Cy5\" target=\"\u201d_blank\u201d\">Katso kahvilan sijainti t\u00e4\u00e4lt\u00e4<\/a><\/p>\n\t\t\t\t\t\t<\/div>\n\t\t\t\t\t\t\t\t\t<\/div>\n\t\t\t<\/div>\n\t\t<\/div>\n\t\t\t\t\t<div class=\"open-hours\">\n\t\t\t\t<div class=\"container\">\n\t\t\t\t\t<div class=\"row justify-content-between\">\n\t\t\t\t\t\t\t\t\t\t\t\t\t\t\t\t\t\t\t\t<div class=\"col col-12 col-lg-auto d-flex time\">\n\t\t\t\t\t\t\t\t<span class=\"day\">Tule pizzoille!<\/span>E-P 12:00-\t\t\t\t\t\t\t<\/div>\n\t\t\t\t\t\t\t\t\t\t\t<\/div>\n\t\t\t\t<\/div>\n\t\t\t<\/div>\n\t\t\t\t\t\t\t<div class=\"contacts-section\">\n\t\t\t\t<div class=\"container\">\n\t\t\t\t\t<div class=\"row\">\n\t\t\t\t\t\t<div class=\"col col-12 col-lg-6 contacts\">\n\t\t\t\t\t\t\t<div class=\"row\">\n\t\t\t\t\t\t\t\t\t\t\t\t\t\t\t\t\t<h2 class=\"col col-12\">Yhteystiedot<\/h2>\n\t\t\t\t\t\t\t\t\t\t\t\t\t\t\t\t\t\t\t\t\t\t\t\t\t\t\t\t\t\t\t\t\t\t\t\t\t\t\t\t\t<\/div>\n\t\t\t\t\t\t<\/div>\n\t\t\t\t\t\t\t\t\t\t\t\t\t<div class=\"col col-12 col-lg-6 d-flex flex-column align-items-left align-items-lg-end justify-content-center social\">\n\t\t\t\t\t\t\t\t\t\t\t\t\t\t\t\t\t\t\t\t\t\t\t\t\t<a href=\"https:\/\/www.facebook.com\/minimarusuvekohvik\" target=\u201d_blank\u201d class=\"d-flex align-items-center\">\n\t\t\t\t\t\t\t\t\t\t\t\t\t\t\t\t\t\t\t\t\t<img loading=\"lazy\" decoding=\"async\" class=\"default\" src=\"https:\/\/meremuuseum.ee\/jahisadam\/wp-content\/uploads\/2022\/04\/Facebook.svg\" data-black=\"https:\/\/meremuuseum.ee\/jahisadam\/wp-content\/uploads\/2022\/05\/Facebook.svg\" data-normal=\"https:\/\/meremuuseum.ee\/jahisadam\/wp-content\/uploads\/2022\/04\/Facebook.svg\" width=\"38\" height=\"38\" alt=\"Facebook\" \/>\n\t\t\t\t\t\t\t\t\t\t\t\t\t\t\t\t\t\t\t\tMini-Maru -kes\u00e4kahvila\t\t\t\t\t\t\t\t\t<\/a>\n\t\t\t\t\t\t\t\t\t\t\t\t\t\t\t<\/div>\n\t\t\t\t\t\t\t\t\t\t\t<\/div>\n\t\t\t\t<\/div>\n\t\t\t<\/div>\n\t\t\t<\/div>\n\n\n\t<div id=\"gallery-slider-block-block_626bb8d36f92c\" class=\"gallery-slider-block\">\n                    <h2>Galerii<\/h2>\n        \t\t<div class=\"swiper gallery-swiper\">\n            <div class=\"swiper-wrapper\">\n                                    \t\t\t\t\t<div class=\"swiper-slide bg-center\" style=\"background-image: url(https:\/\/meremuuseum.ee\/jahisadam\/wp-content\/uploads\/2025\/07\/IMG_2404-scaled.jpeg)\">\n\t\t\t\t\t\t<div class=\"gallery-slide-overlay\"><\/div>\n\t\t\t\t\t<\/div>\n                                    \t\t\t\t\t<div class=\"swiper-slide bg-center\" style=\"background-image: url(https:\/\/meremuuseum.ee\/jahisadam\/wp-content\/uploads\/2025\/07\/IMG_2402.jpeg)\">\n\t\t\t\t\t\t<div class=\"gallery-slide-overlay\"><\/div>\n\t\t\t\t\t<\/div>\n                                    \t\t\t\t\t<div class=\"swiper-slide bg-center\" style=\"background-image: url(https:\/\/meremuuseum.ee\/jahisadam\/wp-content\/uploads\/2025\/07\/DJI_20250629141606_0107_D-copy-scaled.jpg)\">\n\t\t\t\t\t\t<div class=\"gallery-slide-overlay\"><\/div>\n\t\t\t\t\t<\/div>\n                                    \t\t\t\t\t<div class=\"swiper-slide bg-center\" style=\"background-image: url(https:\/\/meremuuseum.ee\/jahisadam\/wp-content\/uploads\/2025\/07\/DJI_20250629142545_0135_D-copy-scaled.jpg)\">\n\t\t\t\t\t\t<div class=\"gallery-slide-overlay\"><\/div>\n\t\t\t\t\t<\/div>\n                                    \t\t\t\t\t<div class=\"swiper-slide bg-center\" style=\"background-image: url(https:\/\/meremuuseum.ee\/jahisadam\/wp-content\/uploads\/2025\/07\/DJI_20250629141933_0118_D-copy-scaled.jpg)\">\n\t\t\t\t\t\t<div class=\"gallery-slide-overlay\"><\/div>\n\t\t\t\t\t<\/div>\n                                    \t\t\t\t\t<div class=\"swiper-slide bg-center\" style=\"background-image: url(https:\/\/meremuuseum.ee\/jahisadam\/wp-content\/uploads\/2025\/07\/DJI_20250629141733_0115_D-copy-scaled.jpg)\">\n\t\t\t\t\t\t<div class=\"gallery-slide-overlay\"><\/div>\n\t\t\t\t\t<\/div>\n                                    \t\t\t\t\t<div class=\"swiper-slide bg-center\" style=\"background-image: url(https:\/\/meremuuseum.ee\/jahisadam\/wp-content\/uploads\/2025\/07\/DJI_20250629141619_0109_D-copy-scaled.jpg)\">\n\t\t\t\t\t\t<div class=\"gallery-slide-overlay\"><\/div>\n\t\t\t\t\t<\/div>\n                                    \t\t\t\t\t<div class=\"swiper-slide bg-center\" style=\"background-image: url(https:\/\/meremuuseum.ee\/jahisadam\/wp-content\/uploads\/2025\/07\/DJI_20250629142322_0132_D-copy-scaled.jpg)\">\n\t\t\t\t\t\t<div class=\"gallery-slide-overlay\"><\/div>\n\t\t\t\t\t<\/div>\n                                    \t\t\t\t\t<div class=\"swiper-slide bg-center\" style=\"background-image: url(https:\/\/meremuuseum.ee\/jahisadam\/wp-content\/uploads\/2025\/07\/DJI_20250629142310_0131_D-copy-scaled.jpg)\">\n\t\t\t\t\t\t<div class=\"gallery-slide-overlay\"><\/div>\n\t\t\t\t\t<\/div>\n                                    \t\t\t\t\t<div class=\"swiper-slide bg-center\" style=\"background-image: url(https:\/\/meremuuseum.ee\/jahisadam\/wp-content\/uploads\/2025\/07\/DJI_20250629142301_0130_D-copy-scaled.jpg)\">\n\t\t\t\t\t\t<div class=\"gallery-slide-overlay\"><\/div>\n\t\t\t\t\t<\/div>\n                                    \t\t\t\t\t<div class=\"swiper-slide bg-center\" style=\"background-image: url(https:\/\/meremuuseum.ee\/jahisadam\/wp-content\/uploads\/2025\/07\/DJI_20250629142250_0127_D-copy-scaled.jpg)\">\n\t\t\t\t\t\t<div class=\"gallery-slide-overlay\"><\/div>\n\t\t\t\t\t<\/div>\n                                    \t\t\t\t\t<div class=\"swiper-slide bg-center\" style=\"background-image: url(https:\/\/meremuuseum.ee\/jahisadam\/wp-content\/uploads\/2025\/07\/DJI_20250629141953_0120_D-copy-scaled.jpg)\">\n\t\t\t\t\t\t<div class=\"gallery-slide-overlay\"><\/div>\n\t\t\t\t\t<\/div>\n                            <\/div>\n            <div class=\"swiper-button-prev\">\n                <img loading=\"lazy\" decoding=\"async\" class=\"default\" data-black=\"https:\/\/meremuuseum.ee\/jahisadam\/wp-content\/themes\/jahisadam\/images\/icons\/swiper-arrow_yellow.svg\" data-normal=\"https:\/\/meremuuseum.ee\/jahisadam\/wp-content\/themes\/jahisadam\/images\/icons\/swiper-arrow.svg\" src=\"https:\/\/meremuuseum.ee\/jahisadam\/wp-content\/themes\/jahisadam\/images\/icons\/swiper-arrow.svg\" width=\"37\" height=\"71\" alt=\"arrow left\" \/>\n            <\/div>\n            <div class=\"swiper-button-next\">\n                <img loading=\"lazy\" decoding=\"async\" class=\"default\" data-black=\"https:\/\/meremuuseum.ee\/jahisadam\/wp-content\/themes\/jahisadam\/images\/icons\/swiper-arrow_yellow.svg\" data-normal=\"https:\/\/meremuuseum.ee\/jahisadam\/wp-content\/themes\/jahisadam\/images\/icons\/swiper-arrow.svg\" src=\"https:\/\/meremuuseum.ee\/jahisadam\/wp-content\/themes\/jahisadam\/images\/icons\/swiper-arrow.svg\" width=\"37\" height=\"71\" alt=\"arrow right\" \/>\n            <\/div>\n            <div class=\"swiper-pagination\"><\/div>\n        <\/div>\n\t<\/div>\n","protected":false},"excerpt":{"rendered":"","protected":false},"author":1,"featured_media":0,"parent":1410,"menu_order":3,"comment_status":"closed","ping_status":"closed","template":"page-templates\/template-no-title.php","meta":{"footnotes":""},"class_list":["post-1437","page","type-page","status-publish","hentry"],"acf":[],"yoast_head":"<!-- This site is optimized with the Yoast SEO plugin v23.2 - https:\/\/yoast.com\/wordpress\/plugins\/seo\/ -->\n<title>Kes\u00e4kahvila - Lennusadama Jahisadam<\/title>\n<meta name=\"robots\" content=\"index, follow, max-snippet:-1, max-image-preview:large, max-video-preview:-1\" \/>\n<link rel=\"canonical\" href=\"https:\/\/meremuuseum.ee\/jahisadam\/fi\/teenused-ja-hinnad\/suvekohvik\/\" \/>\n<meta property=\"og:locale\" content=\"fi_FI\" \/>\n<meta property=\"og:type\" content=\"article\" \/>\n<meta property=\"og:title\" content=\"Kes\u00e4kahvila - Lennusadama Jahisadam\" \/>\n<meta property=\"og:url\" content=\"https:\/\/meremuuseum.ee\/jahisadam\/fi\/teenused-ja-hinnad\/suvekohvik\/\" \/>\n<meta property=\"og:site_name\" content=\"Lennusadama Jahisadam\" \/>\n<meta property=\"article:modified_time\" content=\"2025-07-19T22:12:09+00:00\" \/>\n<meta property=\"og:image\" content=\"https:\/\/meremuuseum.ee\/jahisadam\/wp-content\/uploads\/2022\/04\/favicon.png\" \/>\n\t<meta property=\"og:image:width\" content=\"512\" \/>\n\t<meta property=\"og:image:height\" content=\"522\" \/>\n\t<meta property=\"og:image:type\" content=\"image\/png\" \/>\n<meta name=\"twitter:card\" content=\"summary_large_image\" \/>\n<script type=\"application\/ld+json\" class=\"yoast-schema-graph\">{\"@context\":\"https:\/\/schema.org\",\"@graph\":[{\"@type\":\"WebPage\",\"@id\":\"https:\/\/meremuuseum.ee\/jahisadam\/fi\/teenused-ja-hinnad\/suvekohvik\/\",\"url\":\"https:\/\/meremuuseum.ee\/jahisadam\/fi\/teenused-ja-hinnad\/suvekohvik\/\",\"name\":\"Kes\u00e4kahvila - Lennusadama Jahisadam\",\"isPartOf\":{\"@id\":\"https:\/\/meremuuseum.ee\/jahisadam\/#website\"},\"datePublished\":\"2022-04-29T10:06:11+00:00\",\"dateModified\":\"2025-07-19T22:12:09+00:00\",\"breadcrumb\":{\"@id\":\"https:\/\/meremuuseum.ee\/jahisadam\/fi\/teenused-ja-hinnad\/suvekohvik\/#breadcrumb\"},\"inLanguage\":\"fi\",\"potentialAction\":[{\"@type\":\"ReadAction\",\"target\":[\"https:\/\/meremuuseum.ee\/jahisadam\/fi\/teenused-ja-hinnad\/suvekohvik\/\"]}]},{\"@type\":\"BreadcrumbList\",\"@id\":\"https:\/\/meremuuseum.ee\/jahisadam\/fi\/teenused-ja-hinnad\/suvekohvik\/#breadcrumb\",\"itemListElement\":[{\"@type\":\"ListItem\",\"position\":1,\"name\":\"Home\",\"item\":\"https:\/\/meremuuseum.ee\/jahisadam\/fi\/\"},{\"@type\":\"ListItem\",\"position\":2,\"name\":\"Palvelut ja hinnat\",\"item\":\"https:\/\/meremuuseum.ee\/jahisadam\/fi\/teenused-ja-hinnad\/\"},{\"@type\":\"ListItem\",\"position\":3,\"name\":\"Kes\u00e4kahvila\"}]},{\"@type\":\"WebSite\",\"@id\":\"https:\/\/meremuuseum.ee\/jahisadam\/#website\",\"url\":\"https:\/\/meremuuseum.ee\/jahisadam\/\",\"name\":\"Lennusadama Jahisadam\",\"description\":\"\",\"publisher\":{\"@id\":\"https:\/\/meremuuseum.ee\/jahisadam\/#organization\"},\"potentialAction\":[{\"@type\":\"SearchAction\",\"target\":{\"@type\":\"EntryPoint\",\"urlTemplate\":\"https:\/\/meremuuseum.ee\/jahisadam\/?s={search_term_string}\"},\"query-input\":\"required name=search_term_string\"}],\"inLanguage\":\"fi\"},{\"@type\":\"Organization\",\"@id\":\"https:\/\/meremuuseum.ee\/jahisadam\/#organization\",\"name\":\"Lennusadama Jahisadam\",\"url\":\"https:\/\/meremuuseum.ee\/jahisadam\/\",\"logo\":{\"@type\":\"ImageObject\",\"inLanguage\":\"fi\",\"@id\":\"https:\/\/meremuuseum.ee\/jahisadam\/#\/schema\/logo\/image\/\",\"url\":\"https:\/\/meremuuseum.ee\/jahisadam\/wp-content\/uploads\/2022\/04\/favicon.png\",\"contentUrl\":\"https:\/\/meremuuseum.ee\/jahisadam\/wp-content\/uploads\/2022\/04\/favicon.png\",\"width\":512,\"height\":522,\"caption\":\"Lennusadama Jahisadam\"},\"image\":{\"@id\":\"https:\/\/meremuuseum.ee\/jahisadam\/#\/schema\/logo\/image\/\"}}]}<\/script>\n<!-- \/ Yoast SEO plugin. -->","yoast_head_json":{"title":"Kes\u00e4kahvila - Lennusadama Jahisadam","robots":{"index":"index","follow":"follow","max-snippet":"max-snippet:-1","max-image-preview":"max-image-preview:large","max-video-preview":"max-video-preview:-1"},"canonical":"https:\/\/meremuuseum.ee\/jahisadam\/fi\/teenused-ja-hinnad\/suvekohvik\/","og_locale":"fi_FI","og_type":"article","og_title":"Kes\u00e4kahvila - Lennusadama Jahisadam","og_url":"https:\/\/meremuuseum.ee\/jahisadam\/fi\/teenused-ja-hinnad\/suvekohvik\/","og_site_name":"Lennusadama Jahisadam","article_modified_time":"2025-07-19T22:12:09+00:00","og_image":[{"width":512,"height":522,"url":"https:\/\/meremuuseum.ee\/jahisadam\/wp-content\/uploads\/2022\/04\/favicon.png","type":"image\/png"}],"twitter_card":"summary_large_image","schema":{"@context":"https:\/\/schema.org","@graph":[{"@type":"WebPage","@id":"https:\/\/meremuuseum.ee\/jahisadam\/fi\/teenused-ja-hinnad\/suvekohvik\/","url":"https:\/\/meremuuseum.ee\/jahisadam\/fi\/teenused-ja-hinnad\/suvekohvik\/","name":"Kes\u00e4kahvila - Lennusadama Jahisadam","isPartOf":{"@id":"https:\/\/meremuuseum.ee\/jahisadam\/#website"},"datePublished":"2022-04-29T10:06:11+00:00","dateModified":"2025-07-19T22:12:09+00:00","breadcrumb":{"@id":"https:\/\/meremuuseum.ee\/jahisadam\/fi\/teenused-ja-hinnad\/suvekohvik\/#breadcrumb"},"inLanguage":"fi","potentialAction":[{"@type":"ReadAction","target":["https:\/\/meremuuseum.ee\/jahisadam\/fi\/teenused-ja-hinnad\/suvekohvik\/"]}]},{"@type":"BreadcrumbList","@id":"https:\/\/meremuuseum.ee\/jahisadam\/fi\/teenused-ja-hinnad\/suvekohvik\/#breadcrumb","itemListElement":[{"@type":"ListItem","position":1,"name":"Home","item":"https:\/\/meremuuseum.ee\/jahisadam\/fi\/"},{"@type":"ListItem","position":2,"name":"Palvelut ja hinnat","item":"https:\/\/meremuuseum.ee\/jahisadam\/fi\/teenused-ja-hinnad\/"},{"@type":"ListItem","position":3,"name":"Kes\u00e4kahvila"}]},{"@type":"WebSite","@id":"https:\/\/meremuuseum.ee\/jahisadam\/#website","url":"https:\/\/meremuuseum.ee\/jahisadam\/","name":"Lennusadama Jahisadam","description":"","publisher":{"@id":"https:\/\/meremuuseum.ee\/jahisadam\/#organization"},"potentialAction":[{"@type":"SearchAction","target":{"@type":"EntryPoint","urlTemplate":"https:\/\/meremuuseum.ee\/jahisadam\/?s={search_term_string}"},"query-input":"required name=search_term_string"}],"inLanguage":"fi"},{"@type":"Organization","@id":"https:\/\/meremuuseum.ee\/jahisadam\/#organization","name":"Lennusadama Jahisadam","url":"https:\/\/meremuuseum.ee\/jahisadam\/","logo":{"@type":"ImageObject","inLanguage":"fi","@id":"https:\/\/meremuuseum.ee\/jahisadam\/#\/schema\/logo\/image\/","url":"https:\/\/meremuuseum.ee\/jahisadam\/wp-content\/uploads\/2022\/04\/favicon.png","contentUrl":"https:\/\/meremuuseum.ee\/jahisadam\/wp-content\/uploads\/2022\/04\/favicon.png","width":512,"height":522,"caption":"Lennusadama Jahisadam"},"image":{"@id":"https:\/\/meremuuseum.ee\/jahisadam\/#\/schema\/logo\/image\/"}}]}},"_links":{"self":[{"href":"https:\/\/meremuuseum.ee\/jahisadam\/fi\/wp-json\/wp\/v2\/pages\/1437"}],"collection":[{"href":"https:\/\/meremuuseum.ee\/jahisadam\/fi\/wp-json\/wp\/v2\/pages"}],"about":[{"href":"https:\/\/meremuuseum.ee\/jahisadam\/fi\/wp-json\/wp\/v2\/types\/page"}],"author":[{"embeddable":true,"href":"https:\/\/meremuuseum.ee\/jahisadam\/fi\/wp-json\/wp\/v2\/users\/1"}],"replies":[{"embeddable":true,"href":"https:\/\/meremuuseum.ee\/jahisadam\/fi\/wp-json\/wp\/v2\/comments?post=1437"}],"version-history":[{"count":11,"href":"https:\/\/meremuuseum.ee\/jahisadam\/fi\/wp-json\/wp\/v2\/pages\/1437\/revisions"}],"predecessor-version":[{"id":1781,"href":"https:\/\/meremuuseum.ee\/jahisadam\/fi\/wp-json\/wp\/v2\/pages\/1437\/revisions\/1781"}],"up":[{"embeddable":true,"href":"https:\/\/meremuuseum.ee\/jahisadam\/fi\/wp-json\/wp\/v2\/pages\/1410"}],"wp:attachment":[{"href":"https:\/\/meremuuseum.ee\/jahisadam\/fi\/wp-json\/wp\/v2\/media?parent=1437"}],"curies":[{"name":"wp","href":"https:\/\/api.w.org\/{rel}","templated":true}]}}