{"id":1425,"date":"2022-04-19T14:22:14","date_gmt":"2022-04-19T11:22:14","guid":{"rendered":"https:\/\/meremuuseum.ee\/jahisadam\/?page_id=1425"},"modified":"2024-05-27T12:43:50","modified_gmt":"2024-05-27T09:43:50","slug":"satamapalvelut","status":"publish","type":"page","link":"https:\/\/meremuuseum.ee\/jahisadam\/fi\/teenused-ja-hinnad\/satamapalvelut\/","title":{"rendered":"Satamapalvelut"},"content":{"rendered":"<div id=\"services-block-block_626a7a32ac09c\" class=\"services-block\">\n\t<div class=\"container\">\n\t\t\t\t\t<h2>Satamapalvelut<\/h2>\n\t\t\t\t\t\t\t<div class=\"row services\">\n\t\t\t\t\t\t\t\t\t<div class=\"col col-12 col-sm-6 col-md-4 service d-flex align-items-center\">\n\t\t\t\t\t\t\t\t\t\t\t\t<div class=\"d-flex justify-content-center icon-wrap\">\n\t\t\t\t\t\t\t<img loading=\"lazy\" decoding=\"async\" class=\"default no-lazy\" src=\"https:\/\/meremuuseum.ee\/jahisadam\/wp-content\/uploads\/2022\/04\/elekter.svg\" data-black=\"https:\/\/meremuuseum.ee\/jahisadam\/wp-content\/uploads\/2022\/05\/elekter.svg\" data-normal=\"https:\/\/meremuuseum.ee\/jahisadam\/wp-content\/uploads\/2022\/04\/elekter.svg\" width=\"23\" height=\"32\" alt=\"elekter\" \/>\n\t\t\t\t\t\t<\/div>\n\t\t\t\t\t\t\t\t\t\t\t\t\t<span>S\u00e4hk\u00f6 220V<\/span>\n\t\t\t\t\t\t\t\t\t\t\t<\/div>\n\t\t\t\t\t\t\t\t\t<div class=\"col col-12 col-sm-6 col-md-4 service d-flex align-items-center\">\n\t\t\t\t\t\t\t\t\t\t\t\t<div class=\"d-flex justify-content-center icon-wrap\">\n\t\t\t\t\t\t\t<img loading=\"lazy\" decoding=\"async\" class=\"default no-lazy\" src=\"https:\/\/meremuuseum.ee\/jahisadam\/wp-content\/uploads\/2022\/04\/vesi.svg\" data-black=\"https:\/\/meremuuseum.ee\/jahisadam\/wp-content\/uploads\/2022\/05\/vesi.svg\" data-normal=\"https:\/\/meremuuseum.ee\/jahisadam\/wp-content\/uploads\/2022\/04\/vesi.svg\" width=\"24\" height=\"31\" alt=\"vesi\" \/>\n\t\t\t\t\t\t<\/div>\n\t\t\t\t\t\t\t\t\t\t\t\t\t<span>Vesi<\/span>\n\t\t\t\t\t\t\t\t\t\t\t<\/div>\n\t\t\t\t\t\t\t\t\t<div class=\"col col-12 col-sm-6 col-md-4 service d-flex align-items-center\">\n\t\t\t\t\t\t\t\t\t\t\t\t<div class=\"d-flex justify-content-center icon-wrap\">\n\t\t\t\t\t\t\t<img loading=\"lazy\" decoding=\"async\" class=\"default no-lazy\" src=\"https:\/\/meremuuseum.ee\/jahisadam\/wp-content\/uploads\/2022\/04\/saun.svg\" data-black=\"https:\/\/meremuuseum.ee\/jahisadam\/wp-content\/uploads\/2022\/05\/saun.svg\" data-normal=\"https:\/\/meremuuseum.ee\/jahisadam\/wp-content\/uploads\/2022\/04\/saun.svg\" width=\"14\" height=\"32\" alt=\"saun\" \/>\n\t\t\t\t\t\t<\/div>\n\t\t\t\t\t\t\t\t\t\t\t\t\t<span>Sauna<\/span>\n\t\t\t\t\t\t\t\t\t\t\t<\/div>\n\t\t\t\t\t\t\t\t\t<div class=\"col col-12 col-sm-6 col-md-4 service d-flex align-items-center\">\n\t\t\t\t\t\t\t\t\t\t\t\t<div class=\"d-flex justify-content-center icon-wrap\">\n\t\t\t\t\t\t\t<img loading=\"lazy\" decoding=\"async\" class=\"default no-lazy\" src=\"https:\/\/meremuuseum.ee\/jahisadam\/wp-content\/uploads\/2022\/04\/duss.svg\" data-black=\"https:\/\/meremuuseum.ee\/jahisadam\/wp-content\/uploads\/2022\/05\/duss.svg\" data-normal=\"https:\/\/meremuuseum.ee\/jahisadam\/wp-content\/uploads\/2022\/04\/duss.svg\" width=\"29\" height=\"28\" alt=\"duss\" \/>\n\t\t\t\t\t\t<\/div>\n\t\t\t\t\t\t\t\t\t\t\t\t\t<span>Suihku<\/span>\n\t\t\t\t\t\t\t\t\t\t\t<\/div>\n\t\t\t\t\t\t\t\t\t<div class=\"col col-12 col-sm-6 col-md-4 service d-flex align-items-center\">\n\t\t\t\t\t\t\t\t\t\t\t\t<div class=\"d-flex justify-content-center icon-wrap\">\n\t\t\t\t\t\t\t<img loading=\"lazy\" decoding=\"async\" class=\"default no-lazy\" src=\"https:\/\/meremuuseum.ee\/jahisadam\/wp-content\/uploads\/2022\/04\/wc.svg\" data-black=\"https:\/\/meremuuseum.ee\/jahisadam\/wp-content\/uploads\/2022\/05\/wc.svg\" data-normal=\"https:\/\/meremuuseum.ee\/jahisadam\/wp-content\/uploads\/2022\/04\/wc.svg\" width=\"37\" height=\"35\" alt=\"wc\" \/>\n\t\t\t\t\t\t<\/div>\n\t\t\t\t\t\t\t\t\t\t\t\t\t<span>WC<\/span>\n\t\t\t\t\t\t\t\t\t\t\t<\/div>\n\t\t\t\t\t\t\t\t\t<div class=\"col col-12 col-sm-6 col-md-4 service d-flex align-items-center\">\n\t\t\t\t\t\t\t\t\t\t\t\t<div class=\"d-flex justify-content-center icon-wrap\">\n\t\t\t\t\t\t\t<img loading=\"lazy\" decoding=\"async\" class=\"default no-lazy\" src=\"https:\/\/meremuuseum.ee\/jahisadam\/wp-content\/uploads\/2022\/04\/pesumasin.svg\" data-black=\"https:\/\/meremuuseum.ee\/jahisadam\/wp-content\/uploads\/2022\/05\/pesumasin.svg\" data-normal=\"https:\/\/meremuuseum.ee\/jahisadam\/wp-content\/uploads\/2022\/04\/pesumasin.svg\" width=\"28\" height=\"33\" alt=\"pesumasin\" \/>\n\t\t\t\t\t\t<\/div>\n\t\t\t\t\t\t\t\t\t\t\t\t\t<span>Pesukone ja kuivausrumpu<\/span>\n\t\t\t\t\t\t\t\t\t\t\t<\/div>\n\t\t\t\t\t\t\t\t\t<div class=\"col col-12 col-sm-6 col-md-4 service d-flex align-items-center\">\n\t\t\t\t\t\t\t\t\t\t\t\t<div class=\"d-flex justify-content-center icon-wrap\">\n\t\t\t\t\t\t\t<img loading=\"lazy\" decoding=\"async\" class=\"default no-lazy\" src=\"https:\/\/meremuuseum.ee\/jahisadam\/wp-content\/uploads\/2022\/04\/Group-13.svg\" data-black=\"https:\/\/meremuuseum.ee\/jahisadam\/wp-content\/uploads\/2022\/05\/Group-13.svg\" data-normal=\"https:\/\/meremuuseum.ee\/jahisadam\/wp-content\/uploads\/2022\/04\/Group-13.svg\" width=\"33\" height=\"26\" alt=\"Group 13\" \/>\n\t\t\t\t\t\t<\/div>\n\t\t\t\t\t\t\t\t\t\t\t\t\t<span>\u201dFollow me\u201d -palvelu<\/span>\n\t\t\t\t\t\t\t\t\t\t\t<\/div>\n\t\t\t\t\t\t\t\t\t<div class=\"col col-12 col-sm-6 col-md-4 service d-flex align-items-center\">\n\t\t\t\t\t\t\t\t\t\t\t\t<div class=\"d-flex justify-content-center icon-wrap\">\n\t\t\t\t\t\t\t<img loading=\"lazy\" decoding=\"async\" class=\"default no-lazy\" src=\"https:\/\/meremuuseum.ee\/jahisadam\/wp-content\/uploads\/2022\/04\/jaatmed.svg\" data-black=\"https:\/\/meremuuseum.ee\/jahisadam\/wp-content\/uploads\/2022\/05\/jaatmed.svg\" data-normal=\"https:\/\/meremuuseum.ee\/jahisadam\/wp-content\/uploads\/2022\/04\/jaatmed.svg\" width=\"43\" height=\"43\" alt=\"jaatmed\" \/>\n\t\t\t\t\t\t<\/div>\n\t\t\t\t\t\t\t\t\t\t\t\t\t<span>Vaarallisten j\u00e4tteiden vastaanottaminen<\/span>\n\t\t\t\t\t\t\t\t\t\t\t<\/div>\n\t\t\t\t\t\t\t\t\t<div class=\"col col-12 col-sm-6 col-md-4 service d-flex align-items-center\">\n\t\t\t\t\t\t\t\t\t\t\t\t<div class=\"d-flex justify-content-center icon-wrap\">\n\t\t\t\t\t\t\t<img loading=\"lazy\" decoding=\"async\" class=\"default no-lazy\" src=\"https:\/\/meremuuseum.ee\/jahisadam\/wp-content\/uploads\/2022\/04\/prygi.svg\" data-black=\"https:\/\/meremuuseum.ee\/jahisadam\/wp-content\/uploads\/2022\/05\/prygi.svg\" data-normal=\"https:\/\/meremuuseum.ee\/jahisadam\/wp-content\/uploads\/2022\/04\/prygi.svg\" width=\"30\" height=\"32\" alt=\"prygi\" \/>\n\t\t\t\t\t\t<\/div>\n\t\t\t\t\t\t\t\t\t\t\t\t\t<span>Lajitellun talousj\u00e4tteen vastaanottaminen<\/span>\n\t\t\t\t\t\t\t\t\t\t\t<\/div>\n\t\t\t\t\t\t\t\t\t<div class=\"col col-12 col-sm-6 col-md-4 service d-flex align-items-center\">\n\t\t\t\t\t\t\t\t\t\t\t\t<div class=\"d-flex justify-content-center icon-wrap\">\n\t\t\t\t\t\t\t<img loading=\"lazy\" decoding=\"async\" class=\"default no-lazy\" src=\"https:\/\/meremuuseum.ee\/jahisadam\/wp-content\/uploads\/2022\/04\/talvehoid.svg\" data-black=\"https:\/\/meremuuseum.ee\/jahisadam\/wp-content\/uploads\/2022\/05\/talvehoid.svg\" data-normal=\"https:\/\/meremuuseum.ee\/jahisadam\/wp-content\/uploads\/2022\/04\/talvehoid.svg\" width=\"29\" height=\"32\" alt=\"talvehoid\" \/>\n\t\t\t\t\t\t<\/div>\n\t\t\t\t\t\t\t\t\t\t\t\t\t<span>Talvis\u00e4ilytys<\/span>\n\t\t\t\t\t\t\t\t\t\t\t<\/div>\n\t\t\t\t\t\t\t\t\t<div class=\"col col-12 col-sm-6 col-md-4 service d-flex align-items-center\">\n\t\t\t\t\t\t\t\t\t\t\t\t<div class=\"d-flex justify-content-center icon-wrap\">\n\t\t\t\t\t\t\t<img loading=\"lazy\" decoding=\"async\" class=\"default no-lazy\" src=\"https:\/\/meremuuseum.ee\/jahisadam\/wp-content\/uploads\/2022\/04\/videovalve.svg\" data-black=\"https:\/\/meremuuseum.ee\/jahisadam\/wp-content\/uploads\/2022\/05\/videovalve.svg\" data-normal=\"https:\/\/meremuuseum.ee\/jahisadam\/wp-content\/uploads\/2022\/04\/videovalve.svg\" width=\"35\" height=\"26\" alt=\"videovalve\" \/>\n\t\t\t\t\t\t<\/div>\n\t\t\t\t\t\t\t\t\t\t\t\t\t<span>Videovalvonta<\/span>\n\t\t\t\t\t\t\t\t\t\t\t<\/div>\n\t\t\t\t\t\t\t\t\t<div class=\"col col-12 col-sm-6 col-md-4 service d-flex align-items-center\">\n\t\t\t\t\t\t\t\t\t\t\t\t<div class=\"d-flex justify-content-center icon-wrap\">\n\t\t\t\t\t\t\t<img loading=\"lazy\" decoding=\"async\" class=\"default no-lazy\" src=\"https:\/\/meremuuseum.ee\/jahisadam\/wp-content\/uploads\/2022\/04\/varavad.svg\" data-black=\"https:\/\/meremuuseum.ee\/jahisadam\/wp-content\/uploads\/2022\/05\/varavad.svg\" data-normal=\"https:\/\/meremuuseum.ee\/jahisadam\/wp-content\/uploads\/2022\/04\/varavad.svg\" width=\"32\" height=\"16\" alt=\"varavad\" \/>\n\t\t\t\t\t\t<\/div>\n\t\t\t\t\t\t\t\t\t\t\t\t\t<span>Lukitut portit<\/span>\n\t\t\t\t\t\t\t\t\t\t\t<\/div>\n\t\t\t\t\t\t\t\t\t<div class=\"col col-12 col-sm-6 col-md-4 service d-flex align-items-center\">\n\t\t\t\t\t\t\t\t\t\t\t\t<div class=\"d-flex justify-content-center icon-wrap\">\n\t\t\t\t\t\t\t<img loading=\"lazy\" decoding=\"async\" class=\"default no-lazy\" src=\"https:\/\/meremuuseum.ee\/jahisadam\/wp-content\/uploads\/2022\/04\/survepesu.svg\" data-black=\"https:\/\/meremuuseum.ee\/jahisadam\/wp-content\/uploads\/2022\/05\/survepesu.svg\" data-normal=\"https:\/\/meremuuseum.ee\/jahisadam\/wp-content\/uploads\/2022\/04\/survepesu.svg\" width=\"28\" height=\"27\" alt=\"survepesu\" \/>\n\t\t\t\t\t\t<\/div>\n\t\t\t\t\t\t\t\t\t\t\t\t\t<span>Painepesuri<\/span>\n\t\t\t\t\t\t\t\t\t\t\t<\/div>\n\t\t\t\t\t\t\t\t\t<div class=\"col col-12 col-sm-6 col-md-4 service d-flex align-items-center\">\n\t\t\t\t\t\t\t\t\t\t\t\t<div class=\"d-flex justify-content-center icon-wrap\">\n\t\t\t\t\t\t\t<img loading=\"lazy\" decoding=\"async\" class=\"default no-lazy\" src=\"https:\/\/meremuuseum.ee\/jahisadam\/wp-content\/uploads\/2022\/04\/wifi.svg\" data-black=\"https:\/\/meremuuseum.ee\/jahisadam\/wp-content\/uploads\/2022\/05\/wifi.svg\" data-normal=\"https:\/\/meremuuseum.ee\/jahisadam\/wp-content\/uploads\/2022\/04\/wifi.svg\" width=\"32\" height=\"26\" alt=\"wifi\" \/>\n\t\t\t\t\t\t<\/div>\n\t\t\t\t\t\t\t\t\t\t\t\t\t<span>WiFi<\/span>\n\t\t\t\t\t\t\t\t\t\t\t<\/div>\n\t\t\t\t\t\t\t\t\t<div class=\"col col-12 col-sm-6 col-md-4 service d-flex align-items-center\">\n\t\t\t\t\t\t\t\t\t\t\t\t<div class=\"d-flex justify-content-center icon-wrap\">\n\t\t\t\t\t\t\t<img loading=\"lazy\" decoding=\"async\" class=\"default no-lazy\" src=\"https:\/\/meremuuseum.ee\/jahisadam\/wp-content\/uploads\/2022\/04\/kohvik.svg\" data-black=\"https:\/\/meremuuseum.ee\/jahisadam\/wp-content\/uploads\/2022\/05\/kohvik.svg\" data-normal=\"https:\/\/meremuuseum.ee\/jahisadam\/wp-content\/uploads\/2022\/04\/kohvik.svg\" width=\"32\" height=\"31\" alt=\"kohvik\" \/>\n\t\t\t\t\t\t<\/div>\n\t\t\t\t\t\t\t\t\t\t\t\t\t<span>Kahvila<\/span>\n\t\t\t\t\t\t\t\t\t\t\t<\/div>\n\t\t\t\t\t\t\t\t\t<div class=\"col col-12 col-sm-6 col-md-4 service d-flex align-items-center\">\n\t\t\t\t\t\t\t\t\t\t\t\t<div class=\"d-flex justify-content-center icon-wrap\">\n\t\t\t\t\t\t\t<img loading=\"lazy\" decoding=\"async\" class=\"default no-lazy\" src=\"https:\/\/meremuuseum.ee\/jahisadam\/wp-content\/uploads\/2022\/04\/parkimine.svg\" data-black=\"https:\/\/meremuuseum.ee\/jahisadam\/wp-content\/uploads\/2022\/05\/parkimine.svg\" data-normal=\"https:\/\/meremuuseum.ee\/jahisadam\/wp-content\/uploads\/2022\/04\/parkimine.svg\" width=\"30\" height=\"30\" alt=\"parkimine\" \/>\n\t\t\t\t\t\t<\/div>\n\t\t\t\t\t\t\t\t\t\t\t\t\t<span>Pys\u00e4k\u00f6inti (maksullinen)<\/span>\n\t\t\t\t\t\t\t\t\t\t\t<\/div>\n\t\t\t\t\t\t\t<\/div>\n\t\t\t\t\t\t\t<div class=\"text-container\">\n\t\t\t\t<p>Venesataman asiakkaille on venesatamarakennuksessa 24 h avoinna oleva WC ja pesutupa, jossa on pesukoneen ja kuivausrummun k\u00e4ytt\u00f6mahdollisuus. Siell\u00e4 on my\u00f6s sauna, jonka ikkunasta avautuu lumoava panoraaman\u00e4kym\u00e4 kaupunkiin ja merelle. Satamarakennuksen katolla on suuri terassi.<\/p>\n<p>Kaikissa laitureissa on vesi ja s\u00e4hk\u00f6, ja kelluvien laitureiden edess\u00e4 on lukitut portit. Satamassa on videovalvonta. Roskien ja pilssiveden poisantaminen on mahdollista.<\/p>\n<p>Kirjoita vapaita laituripaikkoja ja sopimusta koskevissa asioissa  <a class=\"sc-1ko78hw-0 fiVZLH\" title=\"mailto:sadam@lennusadam.eu\" href=\"mailto:sadam@lennusadam.eu\" data-renderer-mark=\"true\">sadam@lennusadam.eu<\/a>.<\/p>\n\t\t\t<\/div>\n\t\t\t\t\t\t\t<div class=\"buttons d-flex flex-wrap\">\n\t\t\t\t\t\t\t\t\t\n\t\t\t\t\t<a href=\"https:\/\/meremuuseum.ee\/jahisadam\/teenused-ja-hinnad\/sadama-hinnakiri\/\" class=\"btn arrow\" target=\"_blank\">Tutustu hinnastoon<\/a>\n\t\t\t\t\t\t\t\t\t\n\t\t\t\t\t<a href=\"https:\/\/meremuuseum.ee\/jahisadam\/teenused-ja-hinnad\/suvekohvik\/\" class=\"btn arrow\" target=\"_blank\">Kes\u00e4kahvila<\/a>\n\t\t\t\t\t\t\t<\/div>\n\t\t\t\t\t<\/div>\n<\/div>\n\n<div id=\"services-block-block_626a7d2d8883a\" class=\"services-block\">\n\t<div class=\"container\">\n\t\t\t\t\t<h2>Laituripaikat<\/h2>\n\t\t\t\t\t\t\t\t\t<div class=\"text-container\">\n\t\t\t\t<p>Venesatamassa on 6 kelluvaa laituria.<\/p>\n<p>Kelluvissa A1-, A2- ja A3-laitureissa ei ole kiinnityspoijua, ja ne ovat kooltaan 36 m x 5 m. Niihin voidaan kiinnitt\u00e4\u00e4 alus, jonka koko on 15\u201350 m.<\/p>\n<p>Kelluvissa B1-, B2- ja B3-laitureissa on kiinnityspoijut. Kolmessa laiturissa on yhteens\u00e4 100 paikkaa 6\u201315-metrisille aluksille.<\/p>\n<p>Suurempia aluksia voidaan lis\u00e4ksi sijoittaa betonilaitureiden A ja B reunoille.<\/p>\n<p>Kaikilla laitureilla on vesi, s\u00e4hk\u00f6 ja valaistus. Kelluvien laiturien edess\u00e4 on lukitut portit.<\/p>\n\t\t\t<\/div>\n\t\t\t\t\t\t\t<div class=\"buttons d-flex flex-wrap\">\n\t\t\t\t\t\t\t\t\t\n\t\t\t\t\t<a href=\"https:\/\/meremuuseum.ee\/jahisadam\/wp-content\/uploads\/2023\/02\/Sadama-kaart.pdf\" class=\"btn arrow\" target=\"_blank\">Katso sataman karttaa<\/a>\n\t\t\t\t\t\t\t<\/div>\n\t\t\t\t\t<\/div>\n<\/div>\n\n<div id=\"services-block-block_63e4ac40d71fa\" class=\"services-block\">\n\t<div class=\"container\">\n\t\t\t\t\t<h2>Talvis\u00e4ilytys<\/h2>\n\t\t\t\t\t\t\t\t\t<div class=\"text-container\">\n\t\t\t\t<p>Lentosatamassa on mahdollista s\u00e4ilytt\u00e4\u00e4 alusta talvisin A-laiturilla sijaitsevalla veneenlaskupaikalla.<\/p>\n\t\t\t<\/div>\n\t\t\t\t\t\t\t<\/div>\n<\/div>\n\n\n    <div id=\"full-width-image-block-block_6272263a75248\" class=\"full-width-image-block\">\n        <div class=\"container-fluid\">\n            <div class=\"image_wrapper\">\n                <img loading=\"lazy\" decoding=\"async\" class=\"image no-lazy\" src=\"https:\/\/meremuuseum.ee\/jahisadam\/wp-content\/uploads\/2023\/02\/jalusepilt-1-1-1.jpg\" width=\"1920\" height=\"1169\" alt=\"\">\n            <\/div>\n        <\/div>\n    <\/div>\n","protected":false},"excerpt":{"rendered":"","protected":false},"author":1,"featured_media":0,"parent":1410,"menu_order":1,"comment_status":"closed","ping_status":"closed","template":"page-templates\/template-no-title.php","meta":{"footnotes":""},"class_list":["post-1425","page","type-page","status-publish","hentry"],"acf":[],"yoast_head":"<!-- This site is optimized with the Yoast SEO plugin v23.2 - https:\/\/yoast.com\/wordpress\/plugins\/seo\/ -->\n<title>Satamapalvelut - Lennusadama Jahisadam<\/title>\n<meta name=\"robots\" content=\"index, follow, max-snippet:-1, max-image-preview:large, max-video-preview:-1\" \/>\n<link rel=\"canonical\" href=\"https:\/\/meremuuseum.ee\/jahisadam\/fi\/teenused-ja-hinnad\/satamapalvelut\/\" \/>\n<meta property=\"og:locale\" content=\"fi_FI\" \/>\n<meta property=\"og:type\" content=\"article\" \/>\n<meta property=\"og:title\" content=\"Satamapalvelut - Lennusadama Jahisadam\" \/>\n<meta property=\"og:url\" content=\"https:\/\/meremuuseum.ee\/jahisadam\/fi\/teenused-ja-hinnad\/satamapalvelut\/\" \/>\n<meta property=\"og:site_name\" content=\"Lennusadama Jahisadam\" \/>\n<meta property=\"article:modified_time\" content=\"2024-05-27T09:43:50+00:00\" \/>\n<meta property=\"og:image\" content=\"https:\/\/meremuuseum.ee\/jahisadam\/wp-content\/uploads\/2022\/04\/favicon.png\" \/>\n\t<meta property=\"og:image:width\" content=\"512\" \/>\n\t<meta property=\"og:image:height\" content=\"522\" \/>\n\t<meta property=\"og:image:type\" content=\"image\/png\" \/>\n<meta name=\"twitter:card\" content=\"summary_large_image\" \/>\n<script type=\"application\/ld+json\" class=\"yoast-schema-graph\">{\"@context\":\"https:\/\/schema.org\",\"@graph\":[{\"@type\":\"WebPage\",\"@id\":\"https:\/\/meremuuseum.ee\/jahisadam\/fi\/teenused-ja-hinnad\/satamapalvelut\/\",\"url\":\"https:\/\/meremuuseum.ee\/jahisadam\/fi\/teenused-ja-hinnad\/satamapalvelut\/\",\"name\":\"Satamapalvelut - Lennusadama Jahisadam\",\"isPartOf\":{\"@id\":\"https:\/\/meremuuseum.ee\/jahisadam\/#website\"},\"datePublished\":\"2022-04-19T11:22:14+00:00\",\"dateModified\":\"2024-05-27T09:43:50+00:00\",\"breadcrumb\":{\"@id\":\"https:\/\/meremuuseum.ee\/jahisadam\/fi\/teenused-ja-hinnad\/satamapalvelut\/#breadcrumb\"},\"inLanguage\":\"fi\",\"potentialAction\":[{\"@type\":\"ReadAction\",\"target\":[\"https:\/\/meremuuseum.ee\/jahisadam\/fi\/teenused-ja-hinnad\/satamapalvelut\/\"]}]},{\"@type\":\"BreadcrumbList\",\"@id\":\"https:\/\/meremuuseum.ee\/jahisadam\/fi\/teenused-ja-hinnad\/satamapalvelut\/#breadcrumb\",\"itemListElement\":[{\"@type\":\"ListItem\",\"position\":1,\"name\":\"Home\",\"item\":\"https:\/\/meremuuseum.ee\/jahisadam\/fi\/\"},{\"@type\":\"ListItem\",\"position\":2,\"name\":\"Palvelut ja hinnat\",\"item\":\"https:\/\/meremuuseum.ee\/jahisadam\/fi\/teenused-ja-hinnad\/\"},{\"@type\":\"ListItem\",\"position\":3,\"name\":\"Satamapalvelut\"}]},{\"@type\":\"WebSite\",\"@id\":\"https:\/\/meremuuseum.ee\/jahisadam\/#website\",\"url\":\"https:\/\/meremuuseum.ee\/jahisadam\/\",\"name\":\"Lennusadama Jahisadam\",\"description\":\"\",\"publisher\":{\"@id\":\"https:\/\/meremuuseum.ee\/jahisadam\/#organization\"},\"potentialAction\":[{\"@type\":\"SearchAction\",\"target\":{\"@type\":\"EntryPoint\",\"urlTemplate\":\"https:\/\/meremuuseum.ee\/jahisadam\/?s={search_term_string}\"},\"query-input\":\"required name=search_term_string\"}],\"inLanguage\":\"fi\"},{\"@type\":\"Organization\",\"@id\":\"https:\/\/meremuuseum.ee\/jahisadam\/#organization\",\"name\":\"Lennusadama Jahisadam\",\"url\":\"https:\/\/meremuuseum.ee\/jahisadam\/\",\"logo\":{\"@type\":\"ImageObject\",\"inLanguage\":\"fi\",\"@id\":\"https:\/\/meremuuseum.ee\/jahisadam\/#\/schema\/logo\/image\/\",\"url\":\"https:\/\/meremuuseum.ee\/jahisadam\/wp-content\/uploads\/2022\/04\/favicon.png\",\"contentUrl\":\"https:\/\/meremuuseum.ee\/jahisadam\/wp-content\/uploads\/2022\/04\/favicon.png\",\"width\":512,\"height\":522,\"caption\":\"Lennusadama Jahisadam\"},\"image\":{\"@id\":\"https:\/\/meremuuseum.ee\/jahisadam\/#\/schema\/logo\/image\/\"}}]}<\/script>\n<!-- \/ Yoast SEO plugin. -->","yoast_head_json":{"title":"Satamapalvelut - Lennusadama Jahisadam","robots":{"index":"index","follow":"follow","max-snippet":"max-snippet:-1","max-image-preview":"max-image-preview:large","max-video-preview":"max-video-preview:-1"},"canonical":"https:\/\/meremuuseum.ee\/jahisadam\/fi\/teenused-ja-hinnad\/satamapalvelut\/","og_locale":"fi_FI","og_type":"article","og_title":"Satamapalvelut - Lennusadama Jahisadam","og_url":"https:\/\/meremuuseum.ee\/jahisadam\/fi\/teenused-ja-hinnad\/satamapalvelut\/","og_site_name":"Lennusadama Jahisadam","article_modified_time":"2024-05-27T09:43:50+00:00","og_image":[{"width":512,"height":522,"url":"https:\/\/meremuuseum.ee\/jahisadam\/wp-content\/uploads\/2022\/04\/favicon.png","type":"image\/png"}],"twitter_card":"summary_large_image","schema":{"@context":"https:\/\/schema.org","@graph":[{"@type":"WebPage","@id":"https:\/\/meremuuseum.ee\/jahisadam\/fi\/teenused-ja-hinnad\/satamapalvelut\/","url":"https:\/\/meremuuseum.ee\/jahisadam\/fi\/teenused-ja-hinnad\/satamapalvelut\/","name":"Satamapalvelut - Lennusadama Jahisadam","isPartOf":{"@id":"https:\/\/meremuuseum.ee\/jahisadam\/#website"},"datePublished":"2022-04-19T11:22:14+00:00","dateModified":"2024-05-27T09:43:50+00:00","breadcrumb":{"@id":"https:\/\/meremuuseum.ee\/jahisadam\/fi\/teenused-ja-hinnad\/satamapalvelut\/#breadcrumb"},"inLanguage":"fi","potentialAction":[{"@type":"ReadAction","target":["https:\/\/meremuuseum.ee\/jahisadam\/fi\/teenused-ja-hinnad\/satamapalvelut\/"]}]},{"@type":"BreadcrumbList","@id":"https:\/\/meremuuseum.ee\/jahisadam\/fi\/teenused-ja-hinnad\/satamapalvelut\/#breadcrumb","itemListElement":[{"@type":"ListItem","position":1,"name":"Home","item":"https:\/\/meremuuseum.ee\/jahisadam\/fi\/"},{"@type":"ListItem","position":2,"name":"Palvelut ja hinnat","item":"https:\/\/meremuuseum.ee\/jahisadam\/fi\/teenused-ja-hinnad\/"},{"@type":"ListItem","position":3,"name":"Satamapalvelut"}]},{"@type":"WebSite","@id":"https:\/\/meremuuseum.ee\/jahisadam\/#website","url":"https:\/\/meremuuseum.ee\/jahisadam\/","name":"Lennusadama Jahisadam","description":"","publisher":{"@id":"https:\/\/meremuuseum.ee\/jahisadam\/#organization"},"potentialAction":[{"@type":"SearchAction","target":{"@type":"EntryPoint","urlTemplate":"https:\/\/meremuuseum.ee\/jahisadam\/?s={search_term_string}"},"query-input":"required name=search_term_string"}],"inLanguage":"fi"},{"@type":"Organization","@id":"https:\/\/meremuuseum.ee\/jahisadam\/#organization","name":"Lennusadama Jahisadam","url":"https:\/\/meremuuseum.ee\/jahisadam\/","logo":{"@type":"ImageObject","inLanguage":"fi","@id":"https:\/\/meremuuseum.ee\/jahisadam\/#\/schema\/logo\/image\/","url":"https:\/\/meremuuseum.ee\/jahisadam\/wp-content\/uploads\/2022\/04\/favicon.png","contentUrl":"https:\/\/meremuuseum.ee\/jahisadam\/wp-content\/uploads\/2022\/04\/favicon.png","width":512,"height":522,"caption":"Lennusadama Jahisadam"},"image":{"@id":"https:\/\/meremuuseum.ee\/jahisadam\/#\/schema\/logo\/image\/"}}]}},"_links":{"self":[{"href":"https:\/\/meremuuseum.ee\/jahisadam\/fi\/wp-json\/wp\/v2\/pages\/1425"}],"collection":[{"href":"https:\/\/meremuuseum.ee\/jahisadam\/fi\/wp-json\/wp\/v2\/pages"}],"about":[{"href":"https:\/\/meremuuseum.ee\/jahisadam\/fi\/wp-json\/wp\/v2\/types\/page"}],"author":[{"embeddable":true,"href":"https:\/\/meremuuseum.ee\/jahisadam\/fi\/wp-json\/wp\/v2\/users\/1"}],"replies":[{"embeddable":true,"href":"https:\/\/meremuuseum.ee\/jahisadam\/fi\/wp-json\/wp\/v2\/comments?post=1425"}],"version-history":[{"count":4,"href":"https:\/\/meremuuseum.ee\/jahisadam\/fi\/wp-json\/wp\/v2\/pages\/1425\/revisions"}],"predecessor-version":[{"id":1629,"href":"https:\/\/meremuuseum.ee\/jahisadam\/fi\/wp-json\/wp\/v2\/pages\/1425\/revisions\/1629"}],"up":[{"embeddable":true,"href":"https:\/\/meremuuseum.ee\/jahisadam\/fi\/wp-json\/wp\/v2\/pages\/1410"}],"wp:attachment":[{"href":"https:\/\/meremuuseum.ee\/jahisadam\/fi\/wp-json\/wp\/v2\/media?parent=1425"}],"curies":[{"name":"wp","href":"https:\/\/api.w.org\/{rel}","templated":true}]}}