{"id":17527,"date":"2019-01-17T12:24:08","date_gmt":"2019-01-17T10:24:08","guid":{"rendered":"http:\/\/meremuuseum.ee\/paksmargareeta\/?page_id=17527"},"modified":"2020-01-15T15:14:16","modified_gmt":"2020-01-15T13:14:16","slug":"museokierrokset","status":"publish","type":"page","link":"https:\/\/meremuuseum.ee\/fi\/lapselle-ja-koululle\/museokierrokset\/","title":{"rendered":"Kierrokset"},"content":{"rendered":"<ul>\n<li class=\"western\"><strong>Kierros &#8221;Paksu Margareeta- t\u00e4ynn\u00e4 tarinoita&#8221;, 60 minuttia<\/strong><\/li>\n<li><strong>Koggi- Ensimm\u00e4isen kerran olemme saaneet mahdollisuuden keskiaikana Tallinnaan tavaroita toimittaneen ja kaupungin kehitykseen t\u00e4rke\u00e4n panoksensa antaneen laivatyypin, koggin, v\u00e4litt\u00f6m\u00e4\u00e4n tutkimiseen. 60 minuttia<\/strong><\/li>\n<\/ul>\n<p>Ryhm\u00e4n koko: 15 henkil\u00f6\u00e4<br \/>\nKielet: EST \/ RUS \/ FIN \/ ENG \/ GER<\/p>\n<p>Hinta: 35 \u20ac viroksi \/ 45 \u20ac vieraalla kielell\u00e4<br \/>\nLis\u00e4ksi veloitetaan museolipun hinta. Enint\u00e4\u00e4n 8-vuotiaat lapset ilmaiseksi.<\/p>\n<p>Tiedot ja varaus:\u00a0<a href=\"mailto:booking@meremuuseum.ee\">booking@meremuuseum.ee<\/a>, +372 6200 550\u00a0(Ma\u2013Pe 9\u201317)<\/p>\n<p class=\"western\"><span lang=\"fi-FI\">Tutustu Lentosataman <a href=\"https:\/\/meremuuseum.ee\/lennusadam\/fi\/lentosatama\/\" target=\"_blank\" rel=\"noopener noreferrer\">museokierroksiin<\/a> (suomeksi).<\/span><\/p>\n","protected":false},"excerpt":{"rendered":"Kierros &#8221;Paksu Margareeta- t\u00e4ynn\u00e4 tarinoita&#8221;, 60 minuttia Koggi- Ensimm\u00e4isen kerran olemme saaneet mahdollisuuden keskiaikana Tallinnaan tavaroita toimittaneen ja kaupungin kehitykseen t\u00e4rke\u00e4n panoksensa antaneen laivatyypin, koggin, v\u00e4litt\u00f6m\u00e4\u00e4n tutkimiseen. 60 minuttia Ryhm\u00e4n&#8230;","protected":false},"author":2,"featured_media":0,"parent":17513,"menu_order":1,"comment_status":"closed","ping_status":"closed","template":"","meta":{"_acf_changed":false,"advgb_blocks_editor_width":"","advgb_blocks_columns_visual_guide":"","footnotes":""},"class_list":["post-17527","page","type-page","status-publish","hentry"],"acf":[],"yoast_head":"<!-- This site is optimized with the Yoast SEO plugin v26.6 - https:\/\/yoast.com\/wordpress\/plugins\/seo\/ -->\n<title>Kierrokset - Meremuuseum<\/title>\n<meta name=\"robots\" content=\"index, follow, max-snippet:-1, max-image-preview:large, max-video-preview:-1\" \/>\n<link rel=\"canonical\" href=\"https:\/\/meremuuseum.ee\/fi\/lapselle-ja-koululle\/museokierrokset\/\" \/>\n<meta property=\"og:locale\" content=\"fi_FI\" \/>\n<meta property=\"og:type\" content=\"article\" \/>\n<meta property=\"og:title\" content=\"Kierrokset - Meremuuseum\" \/>\n<meta property=\"og:description\" content=\"Kierros &#8221;Paksu Margareeta- t\u00e4ynn\u00e4 tarinoita&#8221;, 60 minuttia Koggi- Ensimm\u00e4isen kerran olemme saaneet mahdollisuuden keskiaikana Tallinnaan tavaroita toimittaneen ja kaupungin kehitykseen t\u00e4rke\u00e4n panoksensa antaneen laivatyypin, koggin, v\u00e4litt\u00f6m\u00e4\u00e4n tutkimiseen. 60 minuttia Ryhm\u00e4n...\" \/>\n<meta property=\"og:url\" content=\"https:\/\/meremuuseum.ee\/fi\/lapselle-ja-koululle\/museokierrokset\/\" \/>\n<meta property=\"og:site_name\" content=\"Meremuuseum\" \/>\n<meta property=\"article:modified_time\" content=\"2020-01-15T13:14:16+00:00\" \/>\n<meta name=\"twitter:card\" content=\"summary_large_image\" \/>\n<script type=\"application\/ld+json\" class=\"yoast-schema-graph\">{\"@context\":\"https:\/\/schema.org\",\"@graph\":[{\"@type\":\"WebPage\",\"@id\":\"https:\/\/meremuuseum.ee\/fi\/lapselle-ja-koululle\/museokierrokset\/\",\"url\":\"https:\/\/meremuuseum.ee\/fi\/lapselle-ja-koululle\/museokierrokset\/\",\"name\":\"Kierrokset - Meremuuseum\",\"isPartOf\":{\"@id\":\"https:\/\/meremuuseum.ee\/#website\"},\"datePublished\":\"2019-01-17T10:24:08+00:00\",\"dateModified\":\"2020-01-15T13:14:16+00:00\",\"breadcrumb\":{\"@id\":\"https:\/\/meremuuseum.ee\/fi\/lapselle-ja-koululle\/museokierrokset\/#breadcrumb\"},\"inLanguage\":\"fi\",\"potentialAction\":[{\"@type\":\"ReadAction\",\"target\":[\"https:\/\/meremuuseum.ee\/fi\/lapselle-ja-koululle\/museokierrokset\/\"]}]},{\"@type\":\"BreadcrumbList\",\"@id\":\"https:\/\/meremuuseum.ee\/fi\/lapselle-ja-koululle\/museokierrokset\/#breadcrumb\",\"itemListElement\":[{\"@type\":\"ListItem\",\"position\":1,\"name\":\"Home\",\"item\":\"https:\/\/meremuuseum.ee\/fi\/\"},{\"@type\":\"ListItem\",\"position\":2,\"name\":\"Lapsille ja kouluille\",\"item\":\"https:\/\/meremuuseum.ee\/fi\/lapselle-ja-koululle\/\"},{\"@type\":\"ListItem\",\"position\":3,\"name\":\"Kierrokset\"}]},{\"@type\":\"WebSite\",\"@id\":\"https:\/\/meremuuseum.ee\/#website\",\"url\":\"https:\/\/meremuuseum.ee\/\",\"name\":\"Meremuuseum\",\"description\":\"\",\"potentialAction\":[{\"@type\":\"SearchAction\",\"target\":{\"@type\":\"EntryPoint\",\"urlTemplate\":\"https:\/\/meremuuseum.ee\/?s={search_term_string}\"},\"query-input\":{\"@type\":\"PropertyValueSpecification\",\"valueRequired\":true,\"valueName\":\"search_term_string\"}}],\"inLanguage\":\"fi\"}]}<\/script>\n<!-- \/ Yoast SEO plugin. -->","yoast_head_json":{"title":"Kierrokset - Meremuuseum","robots":{"index":"index","follow":"follow","max-snippet":"max-snippet:-1","max-image-preview":"max-image-preview:large","max-video-preview":"max-video-preview:-1"},"canonical":"https:\/\/meremuuseum.ee\/fi\/lapselle-ja-koululle\/museokierrokset\/","og_locale":"fi_FI","og_type":"article","og_title":"Kierrokset - Meremuuseum","og_description":"Kierros &#8221;Paksu Margareeta- t\u00e4ynn\u00e4 tarinoita&#8221;, 60 minuttia Koggi- Ensimm\u00e4isen kerran olemme saaneet mahdollisuuden keskiaikana Tallinnaan tavaroita toimittaneen ja kaupungin kehitykseen t\u00e4rke\u00e4n panoksensa antaneen laivatyypin, koggin, v\u00e4litt\u00f6m\u00e4\u00e4n tutkimiseen. 60 minuttia Ryhm\u00e4n...","og_url":"https:\/\/meremuuseum.ee\/fi\/lapselle-ja-koululle\/museokierrokset\/","og_site_name":"Meremuuseum","article_modified_time":"2020-01-15T13:14:16+00:00","twitter_card":"summary_large_image","schema":{"@context":"https:\/\/schema.org","@graph":[{"@type":"WebPage","@id":"https:\/\/meremuuseum.ee\/fi\/lapselle-ja-koululle\/museokierrokset\/","url":"https:\/\/meremuuseum.ee\/fi\/lapselle-ja-koululle\/museokierrokset\/","name":"Kierrokset - Meremuuseum","isPartOf":{"@id":"https:\/\/meremuuseum.ee\/#website"},"datePublished":"2019-01-17T10:24:08+00:00","dateModified":"2020-01-15T13:14:16+00:00","breadcrumb":{"@id":"https:\/\/meremuuseum.ee\/fi\/lapselle-ja-koululle\/museokierrokset\/#breadcrumb"},"inLanguage":"fi","potentialAction":[{"@type":"ReadAction","target":["https:\/\/meremuuseum.ee\/fi\/lapselle-ja-koululle\/museokierrokset\/"]}]},{"@type":"BreadcrumbList","@id":"https:\/\/meremuuseum.ee\/fi\/lapselle-ja-koululle\/museokierrokset\/#breadcrumb","itemListElement":[{"@type":"ListItem","position":1,"name":"Home","item":"https:\/\/meremuuseum.ee\/fi\/"},{"@type":"ListItem","position":2,"name":"Lapsille ja kouluille","item":"https:\/\/meremuuseum.ee\/fi\/lapselle-ja-koululle\/"},{"@type":"ListItem","position":3,"name":"Kierrokset"}]},{"@type":"WebSite","@id":"https:\/\/meremuuseum.ee\/#website","url":"https:\/\/meremuuseum.ee\/","name":"Meremuuseum","description":"","potentialAction":[{"@type":"SearchAction","target":{"@type":"EntryPoint","urlTemplate":"https:\/\/meremuuseum.ee\/?s={search_term_string}"},"query-input":{"@type":"PropertyValueSpecification","valueRequired":true,"valueName":"search_term_string"}}],"inLanguage":"fi"}]}},"coauthors":[],"author_meta":{"author_link":"https:\/\/meremuuseum.ee\/fi\/blog\/author\/reaktiiv-pm\/","display_name":"Reaktiiv Grupp"},"relative_dates":{"created":"Posted 7 vuotta ago","modified":"Updated 6 vuotta ago"},"absolute_dates":{"created":"Posted on 17. tammi 2019","modified":"Updated on 15. tammi 2020"},"absolute_dates_time":{"created":"Posted on 17. tammi 2019 12:24","modified":"Updated on 15. tammi 2020 15:14"},"featured_img_caption":"","featured_img":false,"series_order":"","_links":{"self":[{"href":"https:\/\/meremuuseum.ee\/fi\/wp-json\/wp\/v2\/pages\/17527","targetHints":{"allow":["GET"]}}],"collection":[{"href":"https:\/\/meremuuseum.ee\/fi\/wp-json\/wp\/v2\/pages"}],"about":[{"href":"https:\/\/meremuuseum.ee\/fi\/wp-json\/wp\/v2\/types\/page"}],"author":[{"embeddable":true,"href":"https:\/\/meremuuseum.ee\/fi\/wp-json\/wp\/v2\/users\/2"}],"replies":[{"embeddable":true,"href":"https:\/\/meremuuseum.ee\/fi\/wp-json\/wp\/v2\/comments?post=17527"}],"version-history":[{"count":5,"href":"https:\/\/meremuuseum.ee\/fi\/wp-json\/wp\/v2\/pages\/17527\/revisions"}],"predecessor-version":[{"id":19429,"href":"https:\/\/meremuuseum.ee\/fi\/wp-json\/wp\/v2\/pages\/17527\/revisions\/19429"}],"up":[{"embeddable":true,"href":"https:\/\/meremuuseum.ee\/fi\/wp-json\/wp\/v2\/pages\/17513"}],"wp:attachment":[{"href":"https:\/\/meremuuseum.ee\/fi\/wp-json\/wp\/v2\/media?parent=17527"}],"curies":[{"name":"wp","href":"https:\/\/api.w.org\/{rel}","templated":true}]}}