{"id":17516,"date":"2019-01-17T12:23:02","date_gmt":"2019-01-17T10:23:02","guid":{"rendered":"http:\/\/meremuuseum.ee\/paksmargareeta\/?page_id=17516"},"modified":"2020-01-15T15:13:04","modified_gmt":"2020-01-15T13:13:04","slug":"tutki-nayttelya","status":"publish","type":"page","link":"https:\/\/meremuuseum.ee\/fi\/lapselle-ja-koululle\/tutki-nayttelya\/","title":{"rendered":"Tutki n\u00e4yttely\u00e4"},"content":{"rendered":"<p class=\"western\"><span lang=\"fi-FI\">Ahoi, meriharrastaja!<\/span><\/p>\n<p class=\"western\"><span lang=\"fi-FI\"><b>Viron Merimuseo kutsuu sinut mukaan tutkimaan Viron merenkulun historiaa Paks Margareetan museo-vierailukeskuksessa.\u00a0<\/b><\/span><\/p>\n<p>T\u00e4m\u00e4 ei ole aivan perinteinen museo, vaan se rakennettiin jo melkein 500 vuotta sitten. Tuolloin se toimi kaupungin puolustuslinnakkeena, jossa valvottiin, etteiv\u00e4t kutsumattomat vieraat p\u00e4\u00e4sisi kaupunkiin. Tornia on uudistettu useampaan kertaan. Museossa n\u00e4kee vanhojen muurien raunioita. Paksun Margareetan tornin vierest\u00e4, Ison rantaportin kautta kuljetettiin laivoilla satamaan tuodut tavarat kaupunkiin.<\/p>\n<p class=\"western\"><span lang=\"fi-FI\"><b>Vanhin rahtialus<\/b><\/span><\/p>\n<p>Museossa n\u00e4kee vanhimman Virossa l\u00f6ydetyn, noin 700-vuotiaan aluksen hylyn. T\u00e4m\u00e4n muotoisia aluksia sanotaan koggiksi. T\u00e4llaiset koggit purjehtivat Pohjan- ja It\u00e4merell\u00e4. Hylyn lis\u00e4ksi on esille asetettu my\u00f6s sen sis\u00e4lt\u00e4 l\u00f6ytyneit\u00e4 esineit\u00e4, jotka n\u00e4ytt\u00e4v\u00e4t esimerkiksi, miten siihen aikaan aluksessa laitettiin ruokaa.<\/p>\n<p class=\"western\"><span lang=\"fi-FI\">Koggisalissa voit:<\/span><\/p>\n<ul>\n<li><span lang=\"fi-FI\">Tutkia, miten koggi rakennettiin<\/span><\/li>\n<li>saada selville, milt\u00e4 keskiaikainen Tallinnan satama poikkesi nykyisest\u00e4; millaisia tavaroita silloin kuljetettiin; miten m\u00e4\u00e4ri\u00e4 mitattiin ja kuinka arvokkaita tavarat olivat;<\/li>\n<li><span lang=\"fi-FI\">Kuunnella kauppiaiden tarinoita<\/span><\/li>\n<li><span lang=\"fi-FI\">Kokeilla keskiaikaisen sataman toiminnan ohjaamista.<\/span><\/li>\n<\/ul>\n<ul>\n<li><span lang=\"fi-FI\">Lataamalla ilmaisen sovelluksen, n\u00e4et, miten n\u00e4yttelyn koostajat esittelev\u00e4t kuutta asiaa koggi- ja purjevenesalissa. <\/span><\/li>\n<li><span lang=\"fi-FI\"> <a href=\"https:\/\/meremuuseum.ee\/fmapp\/\" target=\"_blank\" rel=\"noopener noreferrer\">Lataa sovellus t\u00e4st\u00e4<\/a><\/span><\/li>\n<\/ul>\n<p class=\"western\"><span lang=\"fi-FI\"><b>Purjelaivat odottivat tuulta<\/b><\/span><\/p>\n<p class=\"western\">Kun siirryt koggin luota eteenp\u00e4in, tulet purjeveneiden kerrokseen. Tunnistat sen heti, sill\u00e4 salissa on pystyss\u00e4 oikea masto valtavalla purjeella. Se kuului yli 80 vuotta sitten Saarenmaalla rakennettuun Triin-alukseen.<\/p>\n<p class=\"western\"><span lang=\"fi-FI\">Purjevenesalissa voit: <\/span><\/p>\n<ul>\n<li>tutkia oikeiden laivojen mukaan rakennettuja tarkkoja pienoismalleja. Mukana on my\u00f6s sen purjeveneen pienoismalli, jolla Saarenmaalla syntynyt tutkimusmatkailija Bellingshausen l\u00f6ysi Etel\u00e4mantereen. Saat tietoa my\u00f6s muiden virolaista syntyper\u00e4\u00e4 olevien tutkimusmatkailijoiden matkoista;<\/li>\n<li><span lang=\"fi-FI\">Seist\u00e4 aluksen ruorissa ja nostaa ankkurin<\/span><\/li>\n<li><span lang=\"fi-FI\">Tehd\u00e4 solmuja ja koota pienen purjelaivan. <\/span><\/li>\n<\/ul>\n<p class=\"western\"><span lang=\"fi-FI\"><b>H\u00f6yryalusten aikakausi<\/b><\/span><\/p>\n<p>Noin 200 vuotta sitten keksittiin h\u00f6yryn voimalla liikkuvat alukset. Silloin ei tarvinnut odotella suotuisia tuulia eik\u00e4 vet\u00e4\u00e4 purjeita yl\u00f6s, jotta alus p\u00e4\u00e4sisi liikkumaan. H\u00f6yryaluksilla kuljetettiin rahtia ja matkustajia. Tekniikan kehittyess\u00e4 alettiin rakentaa viel\u00e4kin vahvempitekoisia metallialuksia, jotka pystyiv\u00e4t murtamaan jopa j\u00e4\u00e4t\u00e4. N\u00e4in muutkin alukset p\u00e4\u00e4siv\u00e4t kulkemaan talvella. Aiemmin laivat tuli meren j\u00e4\u00e4tyess\u00e4 j\u00e4tt\u00e4\u00e4 satamaan.<\/p>\n<p class=\"western\"><span lang=\"fi-FI\">H\u00f6yryalussalissa voit:<\/span><\/p>\n<ul>\n<li><span lang=\"fi-FI\">Tutustua tavanomaisiin ja ik\u00e4\u00e4n kuin kahtia leikattuihin pienoismalleihin, joissa p\u00e4\u00e4see kurkistamaan aluksen sis\u00e4tiloihin;<\/span><\/li>\n<li><span lang=\"fi-FI\">Koota aluksen savupiipun logon;<\/span><\/li>\n<li><span lang=\"fi-FI\">Lastata ja purkaa rahtia satamassa. <\/span><\/li>\n<\/ul>\n<p class=\"western\"><span lang=\"fi-FI\"><b>Nykyaikaiset moottorialukset<\/b><\/span><\/p>\n<p>Nyky\u00e4\u00e4n isot matkustaja- ja rahtialukset sek\u00e4 pienemm\u00e4t saaristossa kulkevat lautat liikenn\u00f6iv\u00e4t moottoreiden voimin. Museon ylimm\u00e4ss\u00e4 kerroksessa on moottorialussali, jossa p\u00e4\u00e4set tutustumaan Viron suurimpiin rahti-, kalastus- ja matkustaja-aluksiin.<\/p>\n<p class=\"western\"><span lang=\"fi-FI\">Moottorialussalissa voit: <\/span><\/p>\n<ul>\n<li>oppia tuntemaan merenkulun s\u00e4\u00e4nt\u00f6j\u00e4 ja merkkej\u00e4;<\/li>\n<li><span lang=\"fi-FI\">Kuunnella merimiesten tarinoita el\u00e4m\u00e4st\u00e4 moottorialuksella; <\/span><\/li>\n<li><span lang=\"fi-FI\">Kokeilla itse, milt\u00e4 tuntuu rahdin lastaaminen konttisatamassa;<\/span><\/li>\n<li><span lang=\"fi-FI\">N\u00e4hd\u00e4 , milt\u00e4 n\u00e4ytt\u00e4\u00e4 ison matkustaja-aluksen kapteenin silta ja miten sielt\u00e4 ohjataan alusta.<\/span><\/li>\n<\/ul>\n<p class=\"western\"><span lang=\"fi-FI\"><br \/>\nJossa suuressa museossa olisi helpompaa liikkua, pyyd\u00e4 kassalta mukaan lasten ilmainen reittikartta! <\/span><\/p>\n<p class=\"western\"><span lang=\"fi-FI\">Kun l\u00e4hdet seuraavan kerran merimatkalle, tied\u00e4t jo melko hyvin, miten merenkulku on vuosien saatossa muuttunut. Tai ehk\u00e4p\u00e4 sinusta tulee seuraava laivanrakentaja tai kuuluisa kapteeni?<\/span><\/p>\n","protected":false},"excerpt":{"rendered":"Ahoi, meriharrastaja! Viron Merimuseo kutsuu sinut mukaan tutkimaan Viron merenkulun historiaa Paks Margareetan museo-vierailukeskuksessa.\u00a0 T\u00e4m\u00e4 ei ole aivan perinteinen museo, vaan se rakennettiin jo melkein 500 vuotta sitten. Tuolloin se&#8230;","protected":false},"author":2,"featured_media":0,"parent":17513,"menu_order":0,"comment_status":"closed","ping_status":"closed","template":"","meta":{"_acf_changed":false,"advgb_blocks_editor_width":"","advgb_blocks_columns_visual_guide":"","footnotes":""},"class_list":["post-17516","page","type-page","status-publish","hentry"],"acf":[],"yoast_head":"<!-- This site is optimized with the Yoast SEO plugin v26.6 - https:\/\/yoast.com\/wordpress\/plugins\/seo\/ -->\n<title>Tutki n\u00e4yttely\u00e4 - Meremuuseum<\/title>\n<meta name=\"robots\" content=\"index, follow, max-snippet:-1, max-image-preview:large, max-video-preview:-1\" \/>\n<link rel=\"canonical\" href=\"https:\/\/meremuuseum.ee\/fi\/lapselle-ja-koululle\/tutki-nayttelya\/\" \/>\n<meta property=\"og:locale\" content=\"fi_FI\" \/>\n<meta property=\"og:type\" content=\"article\" \/>\n<meta property=\"og:title\" content=\"Tutki n\u00e4yttely\u00e4 - Meremuuseum\" \/>\n<meta property=\"og:description\" content=\"Ahoi, meriharrastaja! Viron Merimuseo kutsuu sinut mukaan tutkimaan Viron merenkulun historiaa Paks Margareetan museo-vierailukeskuksessa.\u00a0 T\u00e4m\u00e4 ei ole aivan perinteinen museo, vaan se rakennettiin jo melkein 500 vuotta sitten. Tuolloin se...\" \/>\n<meta property=\"og:url\" content=\"https:\/\/meremuuseum.ee\/fi\/lapselle-ja-koululle\/tutki-nayttelya\/\" \/>\n<meta property=\"og:site_name\" content=\"Meremuuseum\" \/>\n<meta property=\"article:modified_time\" content=\"2020-01-15T13:13:04+00:00\" \/>\n<meta name=\"twitter:card\" content=\"summary_large_image\" \/>\n<meta name=\"twitter:label1\" content=\"Est. reading time\" \/>\n\t<meta name=\"twitter:data1\" content=\"2 minuuttia\" \/>\n<script type=\"application\/ld+json\" class=\"yoast-schema-graph\">{\"@context\":\"https:\/\/schema.org\",\"@graph\":[{\"@type\":\"WebPage\",\"@id\":\"https:\/\/meremuuseum.ee\/fi\/lapselle-ja-koululle\/tutki-nayttelya\/\",\"url\":\"https:\/\/meremuuseum.ee\/fi\/lapselle-ja-koululle\/tutki-nayttelya\/\",\"name\":\"Tutki n\u00e4yttely\u00e4 - Meremuuseum\",\"isPartOf\":{\"@id\":\"https:\/\/meremuuseum.ee\/#website\"},\"datePublished\":\"2019-01-17T10:23:02+00:00\",\"dateModified\":\"2020-01-15T13:13:04+00:00\",\"breadcrumb\":{\"@id\":\"https:\/\/meremuuseum.ee\/fi\/lapselle-ja-koululle\/tutki-nayttelya\/#breadcrumb\"},\"inLanguage\":\"fi\",\"potentialAction\":[{\"@type\":\"ReadAction\",\"target\":[\"https:\/\/meremuuseum.ee\/fi\/lapselle-ja-koululle\/tutki-nayttelya\/\"]}]},{\"@type\":\"BreadcrumbList\",\"@id\":\"https:\/\/meremuuseum.ee\/fi\/lapselle-ja-koululle\/tutki-nayttelya\/#breadcrumb\",\"itemListElement\":[{\"@type\":\"ListItem\",\"position\":1,\"name\":\"Home\",\"item\":\"https:\/\/meremuuseum.ee\/fi\/\"},{\"@type\":\"ListItem\",\"position\":2,\"name\":\"Lapsille ja kouluille\",\"item\":\"https:\/\/meremuuseum.ee\/fi\/lapselle-ja-koululle\/\"},{\"@type\":\"ListItem\",\"position\":3,\"name\":\"Tutki n\u00e4yttely\u00e4\"}]},{\"@type\":\"WebSite\",\"@id\":\"https:\/\/meremuuseum.ee\/#website\",\"url\":\"https:\/\/meremuuseum.ee\/\",\"name\":\"Meremuuseum\",\"description\":\"\",\"potentialAction\":[{\"@type\":\"SearchAction\",\"target\":{\"@type\":\"EntryPoint\",\"urlTemplate\":\"https:\/\/meremuuseum.ee\/?s={search_term_string}\"},\"query-input\":{\"@type\":\"PropertyValueSpecification\",\"valueRequired\":true,\"valueName\":\"search_term_string\"}}],\"inLanguage\":\"fi\"}]}<\/script>\n<!-- \/ Yoast SEO plugin. -->","yoast_head_json":{"title":"Tutki n\u00e4yttely\u00e4 - Meremuuseum","robots":{"index":"index","follow":"follow","max-snippet":"max-snippet:-1","max-image-preview":"max-image-preview:large","max-video-preview":"max-video-preview:-1"},"canonical":"https:\/\/meremuuseum.ee\/fi\/lapselle-ja-koululle\/tutki-nayttelya\/","og_locale":"fi_FI","og_type":"article","og_title":"Tutki n\u00e4yttely\u00e4 - Meremuuseum","og_description":"Ahoi, meriharrastaja! Viron Merimuseo kutsuu sinut mukaan tutkimaan Viron merenkulun historiaa Paks Margareetan museo-vierailukeskuksessa.\u00a0 T\u00e4m\u00e4 ei ole aivan perinteinen museo, vaan se rakennettiin jo melkein 500 vuotta sitten. Tuolloin se...","og_url":"https:\/\/meremuuseum.ee\/fi\/lapselle-ja-koululle\/tutki-nayttelya\/","og_site_name":"Meremuuseum","article_modified_time":"2020-01-15T13:13:04+00:00","twitter_card":"summary_large_image","twitter_misc":{"Est. reading time":"2 minuuttia"},"schema":{"@context":"https:\/\/schema.org","@graph":[{"@type":"WebPage","@id":"https:\/\/meremuuseum.ee\/fi\/lapselle-ja-koululle\/tutki-nayttelya\/","url":"https:\/\/meremuuseum.ee\/fi\/lapselle-ja-koululle\/tutki-nayttelya\/","name":"Tutki n\u00e4yttely\u00e4 - Meremuuseum","isPartOf":{"@id":"https:\/\/meremuuseum.ee\/#website"},"datePublished":"2019-01-17T10:23:02+00:00","dateModified":"2020-01-15T13:13:04+00:00","breadcrumb":{"@id":"https:\/\/meremuuseum.ee\/fi\/lapselle-ja-koululle\/tutki-nayttelya\/#breadcrumb"},"inLanguage":"fi","potentialAction":[{"@type":"ReadAction","target":["https:\/\/meremuuseum.ee\/fi\/lapselle-ja-koululle\/tutki-nayttelya\/"]}]},{"@type":"BreadcrumbList","@id":"https:\/\/meremuuseum.ee\/fi\/lapselle-ja-koululle\/tutki-nayttelya\/#breadcrumb","itemListElement":[{"@type":"ListItem","position":1,"name":"Home","item":"https:\/\/meremuuseum.ee\/fi\/"},{"@type":"ListItem","position":2,"name":"Lapsille ja kouluille","item":"https:\/\/meremuuseum.ee\/fi\/lapselle-ja-koululle\/"},{"@type":"ListItem","position":3,"name":"Tutki n\u00e4yttely\u00e4"}]},{"@type":"WebSite","@id":"https:\/\/meremuuseum.ee\/#website","url":"https:\/\/meremuuseum.ee\/","name":"Meremuuseum","description":"","potentialAction":[{"@type":"SearchAction","target":{"@type":"EntryPoint","urlTemplate":"https:\/\/meremuuseum.ee\/?s={search_term_string}"},"query-input":{"@type":"PropertyValueSpecification","valueRequired":true,"valueName":"search_term_string"}}],"inLanguage":"fi"}]}},"coauthors":[],"author_meta":{"author_link":"https:\/\/meremuuseum.ee\/fi\/blog\/author\/reaktiiv-pm\/","display_name":"Reaktiiv Grupp"},"relative_dates":{"created":"Posted 7 vuotta ago","modified":"Updated 6 vuotta ago"},"absolute_dates":{"created":"Posted on 17. tammi 2019","modified":"Updated on 15. tammi 2020"},"absolute_dates_time":{"created":"Posted on 17. tammi 2019 12:23","modified":"Updated on 15. tammi 2020 15:13"},"featured_img_caption":"","featured_img":false,"series_order":"","_links":{"self":[{"href":"https:\/\/meremuuseum.ee\/fi\/wp-json\/wp\/v2\/pages\/17516","targetHints":{"allow":["GET"]}}],"collection":[{"href":"https:\/\/meremuuseum.ee\/fi\/wp-json\/wp\/v2\/pages"}],"about":[{"href":"https:\/\/meremuuseum.ee\/fi\/wp-json\/wp\/v2\/types\/page"}],"author":[{"embeddable":true,"href":"https:\/\/meremuuseum.ee\/fi\/wp-json\/wp\/v2\/users\/2"}],"replies":[{"embeddable":true,"href":"https:\/\/meremuuseum.ee\/fi\/wp-json\/wp\/v2\/comments?post=17516"}],"version-history":[{"count":6,"href":"https:\/\/meremuuseum.ee\/fi\/wp-json\/wp\/v2\/pages\/17516\/revisions"}],"predecessor-version":[{"id":19428,"href":"https:\/\/meremuuseum.ee\/fi\/wp-json\/wp\/v2\/pages\/17516\/revisions\/19428"}],"up":[{"embeddable":true,"href":"https:\/\/meremuuseum.ee\/fi\/wp-json\/wp\/v2\/pages\/17513"}],"wp:attachment":[{"href":"https:\/\/meremuuseum.ee\/fi\/wp-json\/wp\/v2\/media?parent=17516"}],"curies":[{"name":"wp","href":"https:\/\/api.w.org\/{rel}","templated":true}]}}