{"id":17510,"date":"2019-01-04T11:20:22","date_gmt":"2019-01-04T09:20:22","guid":{"rendered":"http:\/\/meremuuseum.ee\/paksmargareeta\/vierailutiedot\/kontakt-ja-asukoht\/"},"modified":"2020-02-10T14:54:00","modified_gmt":"2020-02-10T12:54:00","slug":"yhteystiedot-ja-sijaint","status":"publish","type":"page","link":"https:\/\/meremuuseum.ee\/fi\/vierailutiedot\/yhteystiedot-ja-sijaint\/","title":{"rendered":"Yhteystiedot ja sijainti"},"content":{"rendered":"<p class=\"western\"><span lang=\"fi-FI\">Pikk 70, Tallinna<br \/>\nKassa: +372 6 733 092<br \/>\nKierrosten ja tapahtumien varaukset: +372 6 200 550, <a href=\"mailto:booking@meremuuseum.ee\">booking@meremuuseum.ee<\/a><br \/>\n<a href=\"https:\/\/meremuuseum.ee\/kontakt\/\" target=\"_blank\" rel=\"noopener noreferrer\">Kaikki yhteystiedot<\/a><\/span><\/p>\n<p class=\"western\"><span lang=\"fi-FI\">L\u00e4himm\u00e4t joukkoliikenteen pys\u00e4kit: Kanuti, Linnahall, P\u00f5hja pst.<br \/>\n<a href=\"https:\/\/transport.tallinn.ee\/#plan\" target=\"_blank\" rel=\"noopener noreferrer\">Katso linja-auto- ja raitiovaunureitit<\/a> <\/span><\/p>\n<p class=\"western\"><span lang=\"fi-FI\">L\u00e4hin pys\u00e4k\u00f6intialue: <a href=\"http:\/\/kaart.tallinn.ee\/Tallinn\/Show?REQUEST=Main&amp;BBOX=539603.7,6586651.3,545904.2,6590148.1&amp;LAYERS=1,1000&amp;STYLES=,&amp;lang=est&amp;WIDTH=1600&amp;HEIGHT=789\" target=\"_blank\" rel=\"noopener noreferrer\">V\u00e4ike Rannav\u00e4rav 6<\/a><br \/>\n<a href=\"https:\/\/www.tallinn.ee\/est\/otsing?sona=11151\" target=\"_blank\" rel=\"noopener noreferrer\">Pys\u00e4k\u00f6intij\u00e4rjestelyt Tallinnassa<\/a><\/span><\/p>\n<p class=\"western\"><span lang=\"fi-FI\">Maksuton pys\u00e4k\u00f6inti Lentosatamassa, joka sijaitsee 1,8 km et\u00e4isyydell\u00e4 Paksun Margareetan museo-vierailukeskuksesta. Nauti merin\u00e4k\u00f6alasta k\u00e4velem\u00e4ll\u00e4 pitkin beetapromenadia tai Kalaranna-katua. Kes\u00e4isin Lentosataman ja Paksun Margareetan v\u00e4lill\u00e4 liikenn\u00f6i <a href=\"https:\/\/www.facebook.com\/muuseumirong\" target=\"_blank\" rel=\"noopener noreferrer\">museojuna<\/a>.<\/span><\/p>\n<p class=\"western\"><a name=\"_Hlk534789497\"><\/a> <span lang=\"fi-FI\">V\u00e4limatkat:<br \/>\nRaekoja plats (Raatihuoneen tori) \u2013 Paks Margareeta 700 m<br \/>\nTallinnan sataman matkustajaterminaalit A, B, C \u2013 Paks Margareeta 800 m<br \/>\nTallinnan sataman matkustajaterminaali D \u2013 Paks Margareeta 1,3 km<br \/>\nTallinnan risteilysterminaali \u2013 Paks Margareeta 1,2 km<br \/>\nBalti jaam (Keskusrautatieasema) \u2013 Paks Margareeta 3,6 km<br \/>\nTallinna bussijaam (Tallinnan linja-autoasema)\u2013 Paks Margareeta 4,4 km<\/span><\/p>\n<div id=\"g-maps\"><\/div><script>var map;function initMap() {var mapPosition = new google.maps.LatLng(59.4424121,24.7492638);map = new google.maps.Map(document.getElementById(\"g-maps\"), {center: mapPosition,zoom: 17});var marker = new google.maps.Marker({position: mapPosition,});marker.setMap(map);}<\/script>\n","protected":false},"excerpt":{"rendered":"Pikk 70, Tallinna Kassa: +372 6 733 092 Kierrosten ja tapahtumien varaukset: +372 6 200 550, booking@meremuuseum.ee Kaikki yhteystiedot L\u00e4himm\u00e4t joukkoliikenteen pys\u00e4kit: Kanuti, Linnahall, P\u00f5hja pst. Katso linja-auto- ja raitiovaunureitit&#8230;","protected":false},"author":2,"featured_media":0,"parent":17470,"menu_order":4,"comment_status":"closed","ping_status":"closed","template":"","meta":{"_acf_changed":false,"advgb_blocks_editor_width":"","advgb_blocks_columns_visual_guide":"","footnotes":""},"class_list":["post-17510","page","type-page","status-publish","hentry"],"acf":[],"yoast_head":"<!-- This site is optimized with the Yoast SEO plugin v26.6 - https:\/\/yoast.com\/wordpress\/plugins\/seo\/ -->\n<title>Yhteystiedot ja sijainti - Meremuuseum<\/title>\n<meta name=\"robots\" content=\"index, follow, max-snippet:-1, max-image-preview:large, max-video-preview:-1\" \/>\n<link rel=\"canonical\" href=\"https:\/\/meremuuseum.ee\/fi\/vierailutiedot\/yhteystiedot-ja-sijaint\/\" \/>\n<meta property=\"og:locale\" content=\"fi_FI\" \/>\n<meta property=\"og:type\" content=\"article\" \/>\n<meta property=\"og:title\" content=\"Yhteystiedot ja sijainti - Meremuuseum\" \/>\n<meta property=\"og:description\" content=\"Pikk 70, Tallinna Kassa: +372 6 733 092 Kierrosten ja tapahtumien varaukset: +372 6 200 550, booking@meremuuseum.ee Kaikki yhteystiedot L\u00e4himm\u00e4t joukkoliikenteen pys\u00e4kit: Kanuti, Linnahall, P\u00f5hja pst. Katso linja-auto- ja raitiovaunureitit...\" \/>\n<meta property=\"og:url\" content=\"https:\/\/meremuuseum.ee\/fi\/vierailutiedot\/yhteystiedot-ja-sijaint\/\" \/>\n<meta property=\"og:site_name\" content=\"Meremuuseum\" \/>\n<meta property=\"article:modified_time\" content=\"2020-02-10T12:54:00+00:00\" \/>\n<meta name=\"twitter:card\" content=\"summary_large_image\" \/>\n<meta name=\"twitter:label1\" content=\"Est. reading time\" \/>\n\t<meta name=\"twitter:data1\" content=\"1 minuutti\" \/>\n<script type=\"application\/ld+json\" class=\"yoast-schema-graph\">{\"@context\":\"https:\/\/schema.org\",\"@graph\":[{\"@type\":\"WebPage\",\"@id\":\"https:\/\/meremuuseum.ee\/fi\/vierailutiedot\/yhteystiedot-ja-sijaint\/\",\"url\":\"https:\/\/meremuuseum.ee\/fi\/vierailutiedot\/yhteystiedot-ja-sijaint\/\",\"name\":\"Yhteystiedot ja sijainti - Meremuuseum\",\"isPartOf\":{\"@id\":\"https:\/\/meremuuseum.ee\/#website\"},\"datePublished\":\"2019-01-04T09:20:22+00:00\",\"dateModified\":\"2020-02-10T12:54:00+00:00\",\"breadcrumb\":{\"@id\":\"https:\/\/meremuuseum.ee\/fi\/vierailutiedot\/yhteystiedot-ja-sijaint\/#breadcrumb\"},\"inLanguage\":\"fi\",\"potentialAction\":[{\"@type\":\"ReadAction\",\"target\":[\"https:\/\/meremuuseum.ee\/fi\/vierailutiedot\/yhteystiedot-ja-sijaint\/\"]}]},{\"@type\":\"BreadcrumbList\",\"@id\":\"https:\/\/meremuuseum.ee\/fi\/vierailutiedot\/yhteystiedot-ja-sijaint\/#breadcrumb\",\"itemListElement\":[{\"@type\":\"ListItem\",\"position\":1,\"name\":\"Home\",\"item\":\"https:\/\/meremuuseum.ee\/fi\/\"},{\"@type\":\"ListItem\",\"position\":2,\"name\":\"Vierailut\",\"item\":\"https:\/\/meremuuseum.ee\/fi\/vierailutiedot\/\"},{\"@type\":\"ListItem\",\"position\":3,\"name\":\"Yhteystiedot ja sijainti\"}]},{\"@type\":\"WebSite\",\"@id\":\"https:\/\/meremuuseum.ee\/#website\",\"url\":\"https:\/\/meremuuseum.ee\/\",\"name\":\"Meremuuseum\",\"description\":\"\",\"potentialAction\":[{\"@type\":\"SearchAction\",\"target\":{\"@type\":\"EntryPoint\",\"urlTemplate\":\"https:\/\/meremuuseum.ee\/?s={search_term_string}\"},\"query-input\":{\"@type\":\"PropertyValueSpecification\",\"valueRequired\":true,\"valueName\":\"search_term_string\"}}],\"inLanguage\":\"fi\"}]}<\/script>\n<!-- \/ Yoast SEO plugin. -->","yoast_head_json":{"title":"Yhteystiedot ja sijainti - Meremuuseum","robots":{"index":"index","follow":"follow","max-snippet":"max-snippet:-1","max-image-preview":"max-image-preview:large","max-video-preview":"max-video-preview:-1"},"canonical":"https:\/\/meremuuseum.ee\/fi\/vierailutiedot\/yhteystiedot-ja-sijaint\/","og_locale":"fi_FI","og_type":"article","og_title":"Yhteystiedot ja sijainti - Meremuuseum","og_description":"Pikk 70, Tallinna Kassa: +372 6 733 092 Kierrosten ja tapahtumien varaukset: +372 6 200 550, booking@meremuuseum.ee Kaikki yhteystiedot L\u00e4himm\u00e4t joukkoliikenteen pys\u00e4kit: Kanuti, Linnahall, P\u00f5hja pst. Katso linja-auto- ja raitiovaunureitit...","og_url":"https:\/\/meremuuseum.ee\/fi\/vierailutiedot\/yhteystiedot-ja-sijaint\/","og_site_name":"Meremuuseum","article_modified_time":"2020-02-10T12:54:00+00:00","twitter_card":"summary_large_image","twitter_misc":{"Est. reading time":"1 minuutti"},"schema":{"@context":"https:\/\/schema.org","@graph":[{"@type":"WebPage","@id":"https:\/\/meremuuseum.ee\/fi\/vierailutiedot\/yhteystiedot-ja-sijaint\/","url":"https:\/\/meremuuseum.ee\/fi\/vierailutiedot\/yhteystiedot-ja-sijaint\/","name":"Yhteystiedot ja sijainti - Meremuuseum","isPartOf":{"@id":"https:\/\/meremuuseum.ee\/#website"},"datePublished":"2019-01-04T09:20:22+00:00","dateModified":"2020-02-10T12:54:00+00:00","breadcrumb":{"@id":"https:\/\/meremuuseum.ee\/fi\/vierailutiedot\/yhteystiedot-ja-sijaint\/#breadcrumb"},"inLanguage":"fi","potentialAction":[{"@type":"ReadAction","target":["https:\/\/meremuuseum.ee\/fi\/vierailutiedot\/yhteystiedot-ja-sijaint\/"]}]},{"@type":"BreadcrumbList","@id":"https:\/\/meremuuseum.ee\/fi\/vierailutiedot\/yhteystiedot-ja-sijaint\/#breadcrumb","itemListElement":[{"@type":"ListItem","position":1,"name":"Home","item":"https:\/\/meremuuseum.ee\/fi\/"},{"@type":"ListItem","position":2,"name":"Vierailut","item":"https:\/\/meremuuseum.ee\/fi\/vierailutiedot\/"},{"@type":"ListItem","position":3,"name":"Yhteystiedot ja sijainti"}]},{"@type":"WebSite","@id":"https:\/\/meremuuseum.ee\/#website","url":"https:\/\/meremuuseum.ee\/","name":"Meremuuseum","description":"","potentialAction":[{"@type":"SearchAction","target":{"@type":"EntryPoint","urlTemplate":"https:\/\/meremuuseum.ee\/?s={search_term_string}"},"query-input":{"@type":"PropertyValueSpecification","valueRequired":true,"valueName":"search_term_string"}}],"inLanguage":"fi"}]}},"coauthors":[],"author_meta":{"author_link":"https:\/\/meremuuseum.ee\/fi\/blog\/author\/reaktiiv-pm\/","display_name":"Reaktiiv Grupp"},"relative_dates":{"created":"Posted 7 vuotta ago","modified":"Updated 6 vuotta ago"},"absolute_dates":{"created":"Posted on 4. tammi 2019","modified":"Updated on 10. helmi 2020"},"absolute_dates_time":{"created":"Posted on 4. tammi 2019 11:20","modified":"Updated on 10. helmi 2020 14:54"},"featured_img_caption":"","featured_img":false,"series_order":"","_links":{"self":[{"href":"https:\/\/meremuuseum.ee\/fi\/wp-json\/wp\/v2\/pages\/17510","targetHints":{"allow":["GET"]}}],"collection":[{"href":"https:\/\/meremuuseum.ee\/fi\/wp-json\/wp\/v2\/pages"}],"about":[{"href":"https:\/\/meremuuseum.ee\/fi\/wp-json\/wp\/v2\/types\/page"}],"author":[{"embeddable":true,"href":"https:\/\/meremuuseum.ee\/fi\/wp-json\/wp\/v2\/users\/2"}],"replies":[{"embeddable":true,"href":"https:\/\/meremuuseum.ee\/fi\/wp-json\/wp\/v2\/comments?post=17510"}],"version-history":[{"count":6,"href":"https:\/\/meremuuseum.ee\/fi\/wp-json\/wp\/v2\/pages\/17510\/revisions"}],"predecessor-version":[{"id":19521,"href":"https:\/\/meremuuseum.ee\/fi\/wp-json\/wp\/v2\/pages\/17510\/revisions\/19521"}],"up":[{"embeddable":true,"href":"https:\/\/meremuuseum.ee\/fi\/wp-json\/wp\/v2\/pages\/17470"}],"wp:attachment":[{"href":"https:\/\/meremuuseum.ee\/fi\/wp-json\/wp\/v2\/media?parent=17510"}],"curies":[{"name":"wp","href":"https:\/\/api.w.org\/{rel}","templated":true}]}}