{"id":17483,"date":"2019-01-04T11:20:02","date_gmt":"2019-01-04T09:20:02","guid":{"rendered":"http:\/\/meremuuseum.ee\/paksmargareeta\/vierailutiedot\/piletihinnad\/"},"modified":"2020-01-15T14:45:25","modified_gmt":"2020-01-15T12:45:25","slug":"lippujen-hinnat","status":"publish","type":"page","link":"https:\/\/meremuuseum.ee\/fi\/vierailutiedot\/lippujen-hinnat\/","title":{"rendered":"Lippujen hinnat"},"content":{"rendered":"<div style=\"overflow-x:auto;\"><table style=\"height: 131px; width: 100%;\" width=\"100%\">\n<tbody>\n<tr style=\"border-style: solid; border-color: #707070;\">\n<td style=\"width: 170px; height: 59px; border-style: solid; border-color: #707070; text-align: center;\"><\/td>\n<td style=\"width: 149px; height: 59px; border-style: solid; border-color: #707070; text-align: center;\">\n<p class=\"western\">Normaali lippu<\/p>\n<\/td>\n<td style=\"width: 207px; height: 59px; border-style: solid; border-color: #707070; text-align: center;\">Koululainen, opiskelija, ITIC<\/td>\n<td style=\"width: 248px; height: 59px; border-style: solid; border-color: #707070; vertical-align: middle; text-align: center;\" valign=\"top\"><span lang=\"et-EE\">Perhelippu<\/span><sup><span lang=\"et-EE\">4<\/span><\/sup><\/td>\n<\/tr>\n<tr style=\"border-style: solid; border-color: #707070;\">\n<td style=\"width: 170px; height: 24px; border-style: solid; border-color: #707070; text-align: center;\"><span lang=\"et-EE\">Paksun Margareetan yksitt\u00e4islippu<\/span><sup><span lang=\"et-EE\">1<\/span><\/sup><\/td>\n<td style=\"width: 149px; height: 24px; border-style: solid; border-color: #707070; text-align: center;\"><span lang=\"et-EE\">10 \u20ac<\/span><\/td>\n<td style=\"width: 207px; height: 24px; border-style: solid; border-color: #707070; text-align: center;\"><span lang=\"et-EE\">5 \u20ac<\/span><\/td>\n<td style=\"width: 248px; height: 24px; border-style: solid; border-color: #707070; text-align: center;\"><span lang=\"et-EE\">20 \u20ac<\/span><\/td>\n<\/tr>\n<tr style=\"border-style: solid; border-color: #707070;\">\n<td style=\"width: 170px; height: 24px; border-style: solid; border-color: #707070; text-align: center;\"><span lang=\"et-EE\">Paksun Margareetan ja Lentosataman yhteislippu <\/span><sup><span lang=\"et-EE\">2<\/span><\/sup><\/td>\n<td style=\"width: 149px; height: 24px; border-style: solid; border-color: #707070; text-align: center;\"><span lang=\"et-EE\">20 \u20ac<\/span><\/td>\n<td style=\"width: 207px; height: 24px; border-style: solid; border-color: #707070; text-align: center;\"><span lang=\"et-EE\">10 \u20ac<\/span><\/td>\n<td style=\"width: 248px; height: 24px; border-style: solid; border-color: #707070; text-align: center;\"><span lang=\"et-EE\">40 \u20ac<\/span><\/td>\n<\/tr>\n<tr style=\"border-style: solid; border-color: #707070;\">\n<td style=\"width: 170px; height: 24px; border-style: solid; border-color: #707070; vertical-align: middle; text-align: center;\"><span lang=\"et-EE\">Paksun Margareetan ja Lentosataman vuosilippu<\/span><sup><span lang=\"et-EE\">3<\/span><\/sup><\/td>\n<td style=\"width: 149px; height: 24px; border-style: solid; border-color: #707070; text-align: center;\"><span lang=\"et-EE\">50 \u20ac<\/span><\/td>\n<td style=\"width: 207px; height: 24px; border-style: solid; border-color: #707070; text-align: center;\"><span lang=\"et-EE\">25 \u20ac<\/span><\/td>\n<td style=\"width: 248px; height: 24px; border-style: solid; border-color: #707070; text-align: center;\"><span lang=\"et-EE\">75 \u20ac<\/span><\/td>\n<\/tr>\n<\/tbody>\n<\/table><\/div>\n<p>&nbsp;<\/p>\n<ol>\n<li>Ryhmille (v\u00e4hint\u00e4\u00e4n 10 henge\u00e4) 10% alennus.<br \/>\nI\u00e4kk\u00e4ille (65+) keskiviikkoisin 50% halennus!<\/li>\n<\/ol>\n<ol start=\"2\">\n<li>Kertavierailu 7 p\u00e4iv\u00e4n sis\u00e4ll\u00e4 lipun ostop\u00e4iv\u00e4st\u00e4 alkaen.<\/li>\n<li><span lang=\"et-EE\">Rajaton vierailum\u00e4\u00e4r\u00e4 vuoden sis\u00e4ll\u00e4 lipun ostop\u00e4iv\u00e4st\u00e4 alkaen. <a href=\"https:\/\/meremuuseum.ee\/lennusadam\/fi\/lippujen-hinnat\/merimuseon-vuosilippu\/\" target=\"_blank\" rel=\"noopener noreferrer\">Katso<\/a> vuosilippuun liittyvi\u00e4 erikoistarjouksia ja alennuksia tarkemmin!<\/span><\/li>\n<li><span lang=\"et-EE\">Kaksi aikuista ja alle 18-vuotiaat lapset.<\/span><\/li>\n<\/ol>\n<p><span lang=\"et-EE\">Ilmainen p\u00e4\u00e4sy museoon:<\/span><\/p>\n<ul>\n<li><span lang=\"et-EE\">0-8-vuotiaat lapset;<\/span><\/li>\n<li><span lang=\"et-EE\">0-16-vuotias vammainen lapsi (todistuksella) ja h\u00e4nen tukihenkil\u00f6ns\u00e4;<\/span><\/li>\n<li><span lang=\"et-EE\">Vaikeavammainen v\u00e4hint\u00e4\u00e4n 16-vuotias henkil\u00f6 (todistuksella) ja h\u00e4nen tukihenkil\u00f6ns\u00e4;<\/span><\/li>\n<li><span lang=\"et-EE\">Neuvostoaikaisten sortotoimien kohteena olleet henkil\u00f6t (todistuksella);<\/span><\/li>\n<li><span lang=\"et-EE\">virolaiset sotilaat ja asepalveluksessa olevat henkil\u00f6t sotilaspuvussa;<\/span><\/li>\n<li><span lang=\"et-EE\">Viron merimuseon viralliset oppaat;<\/span><\/li>\n<li><span lang=\"et-EE\">Viron museoty\u00f6ntekij\u00e4t ty\u00f6todistuksella;<\/span><\/li>\n<li><span lang=\"et-EE\">ICOM-kortin omistajat;<\/span><\/li>\n<li><span lang=\"et-EE\">lehdist\u00f6kortin omistajat;<\/span><\/li>\n<li><span lang=\"et-EE\">Tallinn Cardin omistajat;<\/span><\/li>\n<li><span lang=\"et-EE\">WFTGA CULTOUR CARD:in omistajat;<\/span><\/li>\n<li>museotuntiin osallistuvien mukana olevat opettajat (1 aikuinen jokaista kuutta alle kouluik\u00e4ist\u00e4 ja jokaista 10 koululaista kohti);<\/li>\n<li><span lang=\"et-EE\">Ryhm\u00e4n mukana olevat linja-autonkuljettajat (kaksi kuljettajaa ryhm\u00e4\u00e4 kohtaan).<\/span><\/li>\n<\/ul>\n","protected":false},"excerpt":{"rendered":"Normaali lippu Koululainen, opiskelija, ITIC Perhelippu4 Paksun Margareetan yksitt\u00e4islippu1 10 \u20ac 5 \u20ac 20 \u20ac Paksun Margareetan ja Lentosataman yhteislippu 2 20 \u20ac 10 \u20ac 40 \u20ac Paksun Margareetan ja&#8230;","protected":false},"author":2,"featured_media":0,"parent":17470,"menu_order":1,"comment_status":"closed","ping_status":"closed","template":"","meta":{"_acf_changed":false,"advgb_blocks_editor_width":"","advgb_blocks_columns_visual_guide":"","footnotes":""},"class_list":["post-17483","page","type-page","status-publish","hentry"],"acf":[],"yoast_head":"<!-- This site is optimized with the Yoast SEO plugin v26.6 - https:\/\/yoast.com\/wordpress\/plugins\/seo\/ -->\n<title>Lippujen hinnat - Meremuuseum<\/title>\n<meta name=\"robots\" content=\"index, follow, max-snippet:-1, max-image-preview:large, max-video-preview:-1\" \/>\n<link rel=\"canonical\" href=\"https:\/\/meremuuseum.ee\/fi\/vierailutiedot\/lippujen-hinnat\/\" \/>\n<meta property=\"og:locale\" content=\"fi_FI\" \/>\n<meta property=\"og:type\" content=\"article\" \/>\n<meta property=\"og:title\" content=\"Lippujen hinnat - Meremuuseum\" \/>\n<meta property=\"og:description\" content=\"Normaali lippu Koululainen, opiskelija, ITIC Perhelippu4 Paksun Margareetan yksitt\u00e4islippu1 10 \u20ac 5 \u20ac 20 \u20ac Paksun Margareetan ja Lentosataman yhteislippu 2 20 \u20ac 10 \u20ac 40 \u20ac Paksun Margareetan ja...\" \/>\n<meta property=\"og:url\" content=\"https:\/\/meremuuseum.ee\/fi\/vierailutiedot\/lippujen-hinnat\/\" \/>\n<meta property=\"og:site_name\" content=\"Meremuuseum\" \/>\n<meta property=\"article:modified_time\" content=\"2020-01-15T12:45:25+00:00\" \/>\n<meta name=\"twitter:card\" content=\"summary_large_image\" \/>\n<meta name=\"twitter:label1\" content=\"Est. reading time\" \/>\n\t<meta name=\"twitter:data1\" content=\"1 minuutti\" \/>\n<script type=\"application\/ld+json\" class=\"yoast-schema-graph\">{\"@context\":\"https:\/\/schema.org\",\"@graph\":[{\"@type\":\"WebPage\",\"@id\":\"https:\/\/meremuuseum.ee\/fi\/vierailutiedot\/lippujen-hinnat\/\",\"url\":\"https:\/\/meremuuseum.ee\/fi\/vierailutiedot\/lippujen-hinnat\/\",\"name\":\"Lippujen hinnat - Meremuuseum\",\"isPartOf\":{\"@id\":\"https:\/\/meremuuseum.ee\/#website\"},\"datePublished\":\"2019-01-04T09:20:02+00:00\",\"dateModified\":\"2020-01-15T12:45:25+00:00\",\"breadcrumb\":{\"@id\":\"https:\/\/meremuuseum.ee\/fi\/vierailutiedot\/lippujen-hinnat\/#breadcrumb\"},\"inLanguage\":\"fi\",\"potentialAction\":[{\"@type\":\"ReadAction\",\"target\":[\"https:\/\/meremuuseum.ee\/fi\/vierailutiedot\/lippujen-hinnat\/\"]}]},{\"@type\":\"BreadcrumbList\",\"@id\":\"https:\/\/meremuuseum.ee\/fi\/vierailutiedot\/lippujen-hinnat\/#breadcrumb\",\"itemListElement\":[{\"@type\":\"ListItem\",\"position\":1,\"name\":\"Home\",\"item\":\"https:\/\/meremuuseum.ee\/fi\/\"},{\"@type\":\"ListItem\",\"position\":2,\"name\":\"Vierailut\",\"item\":\"https:\/\/meremuuseum.ee\/fi\/vierailutiedot\/\"},{\"@type\":\"ListItem\",\"position\":3,\"name\":\"Lippujen hinnat\"}]},{\"@type\":\"WebSite\",\"@id\":\"https:\/\/meremuuseum.ee\/#website\",\"url\":\"https:\/\/meremuuseum.ee\/\",\"name\":\"Meremuuseum\",\"description\":\"\",\"potentialAction\":[{\"@type\":\"SearchAction\",\"target\":{\"@type\":\"EntryPoint\",\"urlTemplate\":\"https:\/\/meremuuseum.ee\/?s={search_term_string}\"},\"query-input\":{\"@type\":\"PropertyValueSpecification\",\"valueRequired\":true,\"valueName\":\"search_term_string\"}}],\"inLanguage\":\"fi\"}]}<\/script>\n<!-- \/ Yoast SEO plugin. -->","yoast_head_json":{"title":"Lippujen hinnat - Meremuuseum","robots":{"index":"index","follow":"follow","max-snippet":"max-snippet:-1","max-image-preview":"max-image-preview:large","max-video-preview":"max-video-preview:-1"},"canonical":"https:\/\/meremuuseum.ee\/fi\/vierailutiedot\/lippujen-hinnat\/","og_locale":"fi_FI","og_type":"article","og_title":"Lippujen hinnat - Meremuuseum","og_description":"Normaali lippu Koululainen, opiskelija, ITIC Perhelippu4 Paksun Margareetan yksitt\u00e4islippu1 10 \u20ac 5 \u20ac 20 \u20ac Paksun Margareetan ja Lentosataman yhteislippu 2 20 \u20ac 10 \u20ac 40 \u20ac Paksun Margareetan ja...","og_url":"https:\/\/meremuuseum.ee\/fi\/vierailutiedot\/lippujen-hinnat\/","og_site_name":"Meremuuseum","article_modified_time":"2020-01-15T12:45:25+00:00","twitter_card":"summary_large_image","twitter_misc":{"Est. reading time":"1 minuutti"},"schema":{"@context":"https:\/\/schema.org","@graph":[{"@type":"WebPage","@id":"https:\/\/meremuuseum.ee\/fi\/vierailutiedot\/lippujen-hinnat\/","url":"https:\/\/meremuuseum.ee\/fi\/vierailutiedot\/lippujen-hinnat\/","name":"Lippujen hinnat - Meremuuseum","isPartOf":{"@id":"https:\/\/meremuuseum.ee\/#website"},"datePublished":"2019-01-04T09:20:02+00:00","dateModified":"2020-01-15T12:45:25+00:00","breadcrumb":{"@id":"https:\/\/meremuuseum.ee\/fi\/vierailutiedot\/lippujen-hinnat\/#breadcrumb"},"inLanguage":"fi","potentialAction":[{"@type":"ReadAction","target":["https:\/\/meremuuseum.ee\/fi\/vierailutiedot\/lippujen-hinnat\/"]}]},{"@type":"BreadcrumbList","@id":"https:\/\/meremuuseum.ee\/fi\/vierailutiedot\/lippujen-hinnat\/#breadcrumb","itemListElement":[{"@type":"ListItem","position":1,"name":"Home","item":"https:\/\/meremuuseum.ee\/fi\/"},{"@type":"ListItem","position":2,"name":"Vierailut","item":"https:\/\/meremuuseum.ee\/fi\/vierailutiedot\/"},{"@type":"ListItem","position":3,"name":"Lippujen hinnat"}]},{"@type":"WebSite","@id":"https:\/\/meremuuseum.ee\/#website","url":"https:\/\/meremuuseum.ee\/","name":"Meremuuseum","description":"","potentialAction":[{"@type":"SearchAction","target":{"@type":"EntryPoint","urlTemplate":"https:\/\/meremuuseum.ee\/?s={search_term_string}"},"query-input":{"@type":"PropertyValueSpecification","valueRequired":true,"valueName":"search_term_string"}}],"inLanguage":"fi"}]}},"coauthors":[],"author_meta":{"author_link":"https:\/\/meremuuseum.ee\/fi\/blog\/author\/reaktiiv-pm\/","display_name":"Reaktiiv Grupp"},"relative_dates":{"created":"Posted 7 vuotta ago","modified":"Updated 6 vuotta ago"},"absolute_dates":{"created":"Posted on 4. tammi 2019","modified":"Updated on 15. tammi 2020"},"absolute_dates_time":{"created":"Posted on 4. tammi 2019 11:20","modified":"Updated on 15. tammi 2020 14:45"},"featured_img_caption":"","featured_img":false,"series_order":"","_links":{"self":[{"href":"https:\/\/meremuuseum.ee\/fi\/wp-json\/wp\/v2\/pages\/17483","targetHints":{"allow":["GET"]}}],"collection":[{"href":"https:\/\/meremuuseum.ee\/fi\/wp-json\/wp\/v2\/pages"}],"about":[{"href":"https:\/\/meremuuseum.ee\/fi\/wp-json\/wp\/v2\/types\/page"}],"author":[{"embeddable":true,"href":"https:\/\/meremuuseum.ee\/fi\/wp-json\/wp\/v2\/users\/2"}],"replies":[{"embeddable":true,"href":"https:\/\/meremuuseum.ee\/fi\/wp-json\/wp\/v2\/comments?post=17483"}],"version-history":[{"count":9,"href":"https:\/\/meremuuseum.ee\/fi\/wp-json\/wp\/v2\/pages\/17483\/revisions"}],"predecessor-version":[{"id":19420,"href":"https:\/\/meremuuseum.ee\/fi\/wp-json\/wp\/v2\/pages\/17483\/revisions\/19420"}],"up":[{"embeddable":true,"href":"https:\/\/meremuuseum.ee\/fi\/wp-json\/wp\/v2\/pages\/17470"}],"wp:attachment":[{"href":"https:\/\/meremuuseum.ee\/fi\/wp-json\/wp\/v2\/media?parent=17483"}],"curies":[{"name":"wp","href":"https:\/\/api.w.org\/{rel}","templated":true}]}}